{"id":27,"date":"2014-09-17T16:24:03","date_gmt":"2014-09-17T16:24:03","guid":{"rendered":"http:\/\/agora.xtec.cat\/cfavilafrancadelpenedes\/?page_id=27"},"modified":"2026-02-02T20:55:19","modified_gmt":"2026-02-02T19:55:19","slug":"historia","status":"publish","type":"page","link":"https:\/\/agora.xtec.cat\/cfavilafrancadelpenedes\/el-centre\/historia\/","title":{"rendered":"La nostra traject\u00f2ria"},"content":{"rendered":"<h4><span style=\"color: #333333;\">Nova ubicaci\u00f3 de la Seu el curs acad\u00e8mic 2024-2025: dins l&#8217;INS Alt Pened\u00e8s<\/span><\/h4>\n<p style=\"text-align: justify;\">El centre de formaci\u00f3 d\u2019adults de Vilafranca, <a href=\"https:\/\/aplicacions.gestioeducativa.gencat.cat\/e13_fdc\/mapaEscolar.do?centre=08062092\"><em>CFA Vilafranca del Pened\u00e8s<\/em><\/a>, \u00e9s actualment l\u2019\u00fanic centre de formaci\u00f3 d\u2019adults de la comarca de l\u2019Alt Pened\u00e8s de titularitat p\u00fablica que dep\u00e8n directament del Departament d\u2019Educaci\u00f3 i Formaci\u00f3 Professional de la Generalitat de Catalunya. Aleshores anomenat <em>EPA (Ense\u00f1anza permanente de adultos) Escola Estalella i Graells<\/em>\u00a0 va comen\u00e7ar la seva activitat el curs 1976-1977, aleshores ubicat a l\u2019edifici del <em>CEIP Dr. Estalella i Graells<\/em>, on va exercir la seva tasca educativa fins al curs 2005-2006, moment en qu\u00e8 es va traslladar a l\u2019<em>INS Eugeni d\u2019Ors<\/em>, on va funcionar fins al curs 2023-2024. La data de creaci\u00f3 del <em>CFA Vilafranca del Pened\u00e8s<\/em> data del 19-1-1989. <strong>Actualment ens trobareu dins l&#8217;<em>INS Alt Pened\u00e8s<\/em>, <\/strong>des d&#8217;on pretenem seguir sent un centre de refer\u00e8ncia per als estudis postobligatoris i d&#8217;ensenyaments d\u2019adults al llarg de la vida.<\/p>\n<p style=\"text-align: justify;\">Des del curs 2013-2014 l\u2019AFA de Sant Sadurn\u00ed d&#8217;Anoia (08062067) va passar a formar part del CFA Vilafranca del Pened\u00e8s i es van fusionar en un sol centre amb dues seus amb un mateix codi de centre (08062092) . Des de llavors, la seva oferta educativa s\u2019ha consolidat en ensenyaments inicials (lleng\u00fces i formaci\u00f3 instrumental) i transprofessionals (inform\u00e0tica COMPETIC i angl\u00e8s)<\/p>\n<h4>Subseu a Sant Sadurn\u00ed d&#8217;Anoia: al costat de l&#8217;Arxiu municipal, C. de l&#8217;Ensenyan\u00e7a, 8.<\/h4>\n<p style=\"text-align: justify;\">Finalment, el dia 9 de setembre de 2021 es va efectuar el trasllat a la nova ubicaci\u00f3 al bell mig del municipi, just darrere la nova Biblioteca p\u00fablica Ramon Bosch de Noya. Enguany el centre d\u2019adults obre en horari de tarda i vespre, a fi de poder atendre un major nombre d\u2019alumnat. Esperem poder anar adaptant-nos a les necessitats dels nostres estudiants i poder posar-nos d\u2019acord amb el Departament d\u2019Educaci\u00f3 perqu\u00e8 el nou centre rebi l\u2019equipament que necessita per aquest nou espai. Aquest desembre 2024 est\u00e0 previst que s&#8217;instal\u00b7lin dos panells digitals que aviat podran gaudir tant estudiants com professorat.<\/p>\n","protected":false},"excerpt":{"rendered":"<p>Nova ubicaci\u00f3 de la Seu el curs acad\u00e8mic 2024-2025: dins l&#8217;INS Alt Pened\u00e8s El centre de formaci\u00f3 d\u2019adults de Vilafranca, CFA Vilafranca del Pened\u00e8s, \u00e9s actualment l\u2019\u00fanic centre de formaci\u00f3 d\u2019adults de la comarca de l\u2019Alt Pened\u00e8s de titularitat p\u00fablica que dep\u00e8n directament del Departament d\u2019Educaci\u00f3 i Formaci\u00f3 Professional de la Generalitat de Catalunya. Aleshores [&hellip;]<\/p>\n","protected":false},"author":1,"featured_media":0,"parent":261,"menu_order":20,"comment_status":"closed","ping_status":"closed","template":"","meta":{"_bbp_topic_count":0,"_bbp_reply_count":0,"_bbp_total_topic_count":0,"_bbp_total_reply_count":0,"_bbp_voice_count":0,"_bbp_anonymous_reply_count":0,"_bbp_topic_count_hidden":0,"_bbp_reply_count_hidden":0,"_bbp_forum_subforum_count":0,"site-sidebar-layout":"default","site-content-layout":"","ast-site-content-layout":"default","site-content-style":"default","site-sidebar-style":"default","ast-global-header-display":"","ast-banner-title-visibility":"","ast-main-header-display":"","ast-hfb-above-header-display":"","ast-hfb-below-header-display":"","ast-hfb-mobile-header-display":"","site-post-title":"","ast-breadcrumbs-content":"","ast-featured-img":"","footer-sml-layout":"","theme-transparent-header-meta":"","adv-header-id-meta":"","stick-header-meta":"","header-above-stick-meta":"","header-main-stick-meta":"","header-below-stick-meta":"","astra-migrate-meta-layouts":"set","ast-page-background-enabled":"default","ast-page-background-meta":{"desktop":{"background-color":"var(--ast-global-color-4)","background-image":"","background-repeat":"repeat","background-position":"center center","background-size":"auto","background-attachment":"scroll","background-type":"","background-media":"","overlay-type":"","overlay-color":"","overlay-opacity":"","overlay-gradient":""},"tablet":{"background-color":"","background-image":"","background-repeat":"repeat","background-position":"center center","background-size":"auto","background-attachment":"scroll","background-type":"","background-media":"","overlay-type":"","overlay-color":"","overlay-opacity":"","overlay-gradient":""},"mobile":{"background-color":"","background-image":"","background-repeat":"repeat","background-position":"center center","background-size":"auto","background-attachment":"scroll","background-type":"","background-media":"","overlay-type":"","overlay-color":"","overlay-opacity":"","overlay-gradient":""}},"ast-content-background-meta":{"desktop":{"background-color":"var(--ast-global-color-5)","background-image":"","background-repeat":"repeat","background-position":"center center","background-size":"auto","background-attachment":"scroll","background-type":"","background-media":"","overlay-type":"","overlay-color":"","overlay-opacity":"","overlay-gradient":""},"tablet":{"background-color":"var(--ast-global-color-5)","background-image":"","background-repeat":"repeat","background-position":"center center","background-size":"auto","background-attachment":"scroll","background-type":"","background-media":"","overlay-type":"","overlay-color":"","overlay-opacity":"","overlay-gradient":""},"mobile":{"background-color":"var(--ast-global-color-5)","background-image":"","background-repeat":"repeat","background-position":"center center","background-size":"auto","background-attachment":"scroll","background-type":"","background-media":"","overlay-type":"","overlay-color":"","overlay-opacity":"","overlay-gradient":""}},"footnotes":""},"class_list":["post-27","page","type-page","status-publish","hentry"],"post_mailing_queue_ids":[],"_links":{"self":[{"href":"https:\/\/agora.xtec.cat\/cfavilafrancadelpenedes\/wp-json\/wp\/v2\/pages\/27","targetHints":{"allow":["GET"]}}],"collection":[{"href":"https:\/\/agora.xtec.cat\/cfavilafrancadelpenedes\/wp-json\/wp\/v2\/pages"}],"about":[{"href":"https:\/\/agora.xtec.cat\/cfavilafrancadelpenedes\/wp-json\/wp\/v2\/types\/page"}],"author":[{"embeddable":true,"href":"https:\/\/agora.xtec.cat\/cfavilafrancadelpenedes\/wp-json\/wp\/v2\/users\/1"}],"replies":[{"embeddable":true,"href":"https:\/\/agora.xtec.cat\/cfavilafrancadelpenedes\/wp-json\/wp\/v2\/comments?post=27"}],"version-history":[{"count":6,"href":"https:\/\/agora.xtec.cat\/cfavilafrancadelpenedes\/wp-json\/wp\/v2\/pages\/27\/revisions"}],"predecessor-version":[{"id":4326,"href":"https:\/\/agora.xtec.cat\/cfavilafrancadelpenedes\/wp-json\/wp\/v2\/pages\/27\/revisions\/4326"}],"up":[{"embeddable":true,"href":"https:\/\/agora.xtec.cat\/cfavilafrancadelpenedes\/wp-json\/wp\/v2\/pages\/261"}],"wp:attachment":[{"href":"https:\/\/agora.xtec.cat\/cfavilafrancadelpenedes\/wp-json\/wp\/v2\/media?parent=27"}],"curies":[{"name":"wp","href":"https:\/\/api.w.org\/{rel}","templated":true}]}}