{"id":265,"date":"2015-01-27T17:28:56","date_gmt":"2015-01-27T16:28:56","guid":{"rendered":"http:\/\/agora.xtec.cat\/cfavilafrancadelpenedes\/?page_id=265"},"modified":"2026-04-16T12:18:21","modified_gmt":"2026-04-16T10:18:21","slug":"organitzacio-interna","status":"publish","type":"page","link":"https:\/\/agora.xtec.cat\/cfavilafrancadelpenedes\/el-centre\/organitzacio-interna\/","title":{"rendered":"L&#8217;equip docent"},"content":{"rendered":"<table style=\"height: 854px; width: 95.2523%; border-collapse: collapse;\">\n<thead>\n<tr style=\"height: 32px;\">\n<td style=\"width: 27.7331%; background-color: #fb5b1c; height: 38px; vertical-align: middle; text-align: center;\" colspan=\"2\">\n<h5><span style=\"color: #ffffff;\">ORGANITZACI\u00d3 INTERNA<\/span><\/h5>\n<\/td>\n<td style=\"width: 28.9614%; background-color: #fb5b1c; height: 38px; vertical-align: middle; text-align: center;\">\n<h5><span style=\"color: #ffffff;\">C\u00c0RREC<\/span><\/h5>\n<\/td>\n<td style=\"width: 35.8534%; background-color: #fb5b1c; height: 38px; vertical-align: middle; text-align: center;\">\n<h5><span style=\"color: #ffffff;\">COS I ESPECIALITAT<\/span><\/h5>\n<\/td>\n<td style=\"width: 42.6204%; background-color: #fb5b1c; vertical-align: middle; height: 38px; text-align: center;\">\n<h5><span style=\"color: #ffffff;\">SEU<\/span><\/h5>\n<\/td>\n<\/tr>\n<\/thead>\n<tbody>\n<tr style=\"height: 5px;\">\n<td style=\"background-color: #faf5f5; height: 118px; text-align: center; width: 9.35374%;\" rowspan=\"3\"><strong>Equip Directiu<\/strong><strong><br \/><\/strong><\/td>\n<td style=\"width: 18.3794%; height: 52px; text-align: left;\">M\u00f2nica Garcia Soler<\/td>\n<td style=\"width: 28.9614%; height: 52px; text-align: left;\">\u00a0Directora<\/td>\n<td style=\"width: 35.8534%; height: 52px; text-align: left;\">Professora de l&#8217;\u00e0mbit de la comunicaci\u00f3: <span style=\"background-color: #ffffff;\">especialitat en angl\u00e8s<\/span><\/td>\n<td style=\"width: 42.6204%; height: 52px; text-align: left;\">Vilafranca<\/td>\n<\/tr>\n<tr style=\"height: 5px;\">\n<td style=\"width: 18.3794%; height: 20px; text-align: left;\">Ra\u00fcl \u00c1lvarez Mill\u00e1n<\/td>\n<td style=\"width: 28.9614%; height: 20px; text-align: left;\">\u00a0Cap d&#8217;estudis<\/td>\n<td style=\"width: 35.8534%; height: 20px; text-align: left;\">Professor de l&#8217;\u00e0mbit cient\u00edfic i tecnol\u00f2gic<\/td>\n<td style=\"width: 42.6204%; height: 20px; text-align: left;\">Vilafranca<\/td>\n<\/tr>\n<tr style=\"height: 22px;\">\n<td style=\"width: 18.3794%; text-align: left; height: 46px;\">S\u00edlvia Requena Lebr\u00f3n<\/td>\n<td style=\"width: 28.9614%; text-align: left; height: 46px;\"><span style=\"background-color: #ffffff;\">\u00a0Secret\u00e0ria acad\u00e8mica<\/span><\/td>\n<td style=\"width: 35.8534%; text-align: left; height: 46px;\">\n<p><span class=\"gI\"><span data-hovercard-id=\"ngasco2@xtec.cat\" data-hovercard-owner-id=\"121\">Professora de l&#8217;\u00e0mbit social: especialitat en hist\u00f2ria. Coordinadora COCOBE<\/span><\/span><\/p>\n<\/td>\n<td style=\"width: 42.6204%; text-align: left; height: 46px;\">Vilafranca<\/td>\n<\/tr>\n<tr style=\"height: 32px;\">\n<td style=\"width: 9.35374%; height: 219px; text-align: center;\" rowspan=\"7\"><strong>Professorat<\/strong><strong>\u00a0<\/strong><br \/><strong>\u00a0<\/strong><br \/><strong>\u00a0<\/strong><br \/><strong>\u00a0<\/strong><\/td>\n<td style=\"width: 18.3794%; height: 32px; text-align: left;\">\u00c0ngels Alonso Mata<\/td>\n<td style=\"width: 28.9614%; height: 32px; text-align: left;\">\u00a0Tutora de grup<\/td>\n<td style=\"width: 35.8534%; height: 32px; text-align: left;\"><span class=\"gI\"><span data-hovercard-id=\"ngasco2@xtec.cat\" data-hovercard-owner-id=\"121\">Professora de l&#8217;\u00e0mbit de la comunicaci\u00f3\u00a0<\/span><\/span><\/td>\n<td style=\"width: 42.6204%; height: 32px; text-align: left;\">Vilafranca<\/td>\n<\/tr>\n<tr style=\"height: 30px;\">\n<td style=\"width: 18.3794%; height: 17px; text-align: left;\">Eva Ort\u00ed Grimau<\/td>\n<td style=\"width: 28.9614%; height: 17px; text-align: left;\">\u00a0Coordinadora d&#8217;ensenyaments inicials<\/td>\n<td style=\"width: 35.8534%; height: 17px; text-align: left;\">Mestra de prim\u00e0ria, especialista en audici\u00f3 i llenguatge i angl\u00e8s<\/td>\n<td style=\"width: 42.6204%; height: 17px; text-align: left;\">Vilafranca<\/td>\n<\/tr>\n<tr style=\"height: 32px;\">\n<td style=\"width: 18.3794%; text-align: left; height: 32px;\">Jordi Peleato Garcia<\/td>\n<td style=\"width: 28.9614%; text-align: left; height: 32px;\">\u00a0Coordinador d&#8217;ensenyaments b\u00e0sics<\/td>\n<td style=\"width: 35.8534%; text-align: left; height: 32px;\"><span class=\"gI\"><span data-hovercard-id=\"ngasco2@xtec.cat\" data-hovercard-owner-id=\"121\">Professor de l&#8217;\u00e0mbit de la comunicaci\u00f3: especialitat en llengua castellana i literatura<\/span><\/span><\/td>\n<td style=\"width: 42.6204%; text-align: left; height: 32px;\">Vilafranca<\/td>\n<\/tr>\n<tr style=\"height: 32px;\">\n<td style=\"width: 18.3794%; height: 32px; text-align: left;\">S\u00f2nia Penya Fabr\u00e9<\/td>\n<td style=\"width: 28.9614%; height: 32px; text-align: left;\">\u00a0Coordinadora de les proves d&#8217;acc\u00e9s per\u00a0 \u00a0a CFGS i per a la universitat +25\/45<\/td>\n<td style=\"width: 35.8534%; height: 32px; text-align: left;\"><span style=\"background-color: #ffffff;\">Professora de l&#8217;\u00e0mbit de la comunicaci\u00f3: especialitat en angl\u00e8s i franc\u00e8s<\/span><\/td>\n<td style=\"width: 42.6204%; height: 32px; text-align: left;\">Vilafranca<\/td>\n<\/tr>\n<tr style=\"height: 48px;\">\n<td style=\"width: 18.3794%; text-align: left; height: 10px;\">\n<p>Ignasi Moncl\u00fas L\u00f3pez<\/p>\n<\/td>\n<td style=\"width: 28.9614%; text-align: left; height: 10px;\">Tutor de grup<\/td>\n<td style=\"width: 35.8534%; text-align: left; height: 10px;\">Mestre de prim\u00e0ria: especialista en m\u00fasica<\/td>\n<td style=\"width: 42.6204%; text-align: left; height: 10px;\">Vilafranca<\/td>\n<\/tr>\n<tr style=\"height: 30px;\">\n<td style=\"width: 18.3794%; height: 48px; text-align: left;\">Claudio Gonz\u00e1lez Luque<\/td>\n<td style=\"width: 28.9614%; height: 48px; text-align: left;\">\u00a0Tutor de grup<\/td>\n<td style=\"width: 35.8534%; height: 48px; text-align: left;\">Mestre de prim\u00e0ria, especialista en\u00a0 angl\u00e8s<\/td>\n<td style=\"width: 42.6204%; height: 48px; text-align: left;\"><span style=\"background-color: #ffffff;\">Sant Sadurn\u00ed d&#8217;Anoia<\/span><\/td>\n<\/tr>\n<tr style=\"height: 30px;\">\n<td class=\"t-Report-cell\" style=\"width: 18.3794%; height: 48px;\" headers=\"NOM_USUARI\">Carlos Jim\u00e9nez Arcas<\/td>\n<td class=\"t-Report-cell\" style=\"width: 28.9614%; height: 48px;\" headers=\"COGNOM1_USUARI\">\u00a0Coordinador\u00a0 ensenyaments\u00a0 \u00a0transprofessionals\u00a0<\/td>\n<td class=\"t-Report-cell\" style=\"width: 35.8534%; height: 48px;\" headers=\"COGNOM2_USUARI\">Mestre de prim\u00e0ria, especialista en\u00a0 angl\u00e8s<\/td>\n<td style=\"width: 42.6204%; height: 48px; text-align: left;\">\u00a0<span style=\"background-color: #ffffff;\">Sant Sadurn\u00ed d&#8217;Anoia<\/span><\/td>\n<\/tr>\n<tr style=\"height: 32px;\">\n<td style=\"width: 9.35374%; background-color: #faf5f5; text-align: center; height: 55px;\" rowspan=\"2\">\n<p><strong>PAS<\/strong><strong><br \/><\/strong><\/p>\n<\/td>\n<td style=\"width: 18.3794%; text-align: left; height: 32px;\">\n<p><span class=\"gI\"><span data-hovercard-id=\"lpellej1@xtec.cat\" data-hovercard-owner-id=\"121\">Laura Pellejero <\/span><\/span><span class=\"gI\"><span data-hovercard-id=\"lpellej1@xtec.cat\" data-hovercard-owner-id=\"121\">Garcia-Castro<\/span><\/span><\/p>\n<\/td>\n<td style=\"width: 28.9614%; text-align: left; height: 55px;\" rowspan=\"2\">\u00a0Secretaria administrativa<\/td>\n<td style=\"width: 35.8534%; text-align: left; height: 55px;\" rowspan=\"2\">Horari d&#8217;atenci\u00f3 de la secretaria de 17:00 a 18:00<\/td>\n<td style=\"width: 42.6204%; text-align: left; height: 55px;\" rowspan=\"2\">Vilafranca<\/td>\n<\/tr>\n<tr style=\"height: 23px;\">\n<td style=\"width: 18.3794%; text-align: left; height: 23px;\"><span class=\"gI\"><span data-hovercard-id=\"lpellej1@xtec.cat\" data-hovercard-owner-id=\"121\">Raquel Mata Moreno<\/span><\/span><\/td>\n<\/tr>\n<\/tbody>\n<\/table>\n\n\n<p><\/p>\n","protected":false},"excerpt":{"rendered":"<p>ORGANITZACI\u00d3 INTERNA C\u00c0RREC COS I ESPECIALITAT SEU Equip Directiu M\u00f2nica Garcia Soler \u00a0Directora Professora de l&#8217;\u00e0mbit de la comunicaci\u00f3: especialitat en angl\u00e8s Vilafranca Ra\u00fcl \u00c1lvarez Mill\u00e1n \u00a0Cap d&#8217;estudis Professor de l&#8217;\u00e0mbit cient\u00edfic i tecnol\u00f2gic Vilafranca S\u00edlvia Requena Lebr\u00f3n \u00a0Secret\u00e0ria acad\u00e8mica Professora de l&#8217;\u00e0mbit social: especialitat en hist\u00f2ria. Coordinadora COCOBE Vilafranca Professorat\u00a0\u00a0\u00a0\u00a0 \u00c0ngels Alonso Mata \u00a0Tutora [&hellip;]<\/p>\n","protected":false},"author":1,"featured_media":0,"parent":261,"menu_order":40,"comment_status":"closed","ping_status":"closed","template":"","meta":{"_bbp_topic_count":0,"_bbp_reply_count":0,"_bbp_total_topic_count":0,"_bbp_total_reply_count":0,"_bbp_voice_count":0,"_bbp_anonymous_reply_count":0,"_bbp_topic_count_hidden":0,"_bbp_reply_count_hidden":0,"_bbp_forum_subforum_count":0,"site-sidebar-layout":"default","site-content-layout":"","ast-site-content-layout":"default","site-content-style":"default","site-sidebar-style":"default","ast-global-header-display":"","ast-banner-title-visibility":"","ast-main-header-display":"","ast-hfb-above-header-display":"","ast-hfb-below-header-display":"","ast-hfb-mobile-header-display":"","site-post-title":"","ast-breadcrumbs-content":"","ast-featured-img":"","footer-sml-layout":"","theme-transparent-header-meta":"","adv-header-id-meta":"","stick-header-meta":"","header-above-stick-meta":"","header-main-stick-meta":"","header-below-stick-meta":"","astra-migrate-meta-layouts":"set","ast-page-background-enabled":"default","ast-page-background-meta":{"desktop":{"background-color":"var(--ast-global-color-4)","background-image":"","background-repeat":"repeat","background-position":"center center","background-size":"auto","background-attachment":"scroll","background-type":"","background-media":"","overlay-type":"","overlay-color":"","overlay-opacity":"","overlay-gradient":""},"tablet":{"background-color":"","background-image":"","background-repeat":"repeat","background-position":"center center","background-size":"auto","background-attachment":"scroll","background-type":"","background-media":"","overlay-type":"","overlay-color":"","overlay-opacity":"","overlay-gradient":""},"mobile":{"background-color":"","background-image":"","background-repeat":"repeat","background-position":"center center","background-size":"auto","background-attachment":"scroll","background-type":"","background-media":"","overlay-type":"","overlay-color":"","overlay-opacity":"","overlay-gradient":""}},"ast-content-background-meta":{"desktop":{"background-color":"var(--ast-global-color-5)","background-image":"","background-repeat":"repeat","background-position":"center center","background-size":"auto","background-attachment":"scroll","background-type":"","background-media":"","overlay-type":"","overlay-color":"","overlay-opacity":"","overlay-gradient":""},"tablet":{"background-color":"var(--ast-global-color-5)","background-image":"","background-repeat":"repeat","background-position":"center center","background-size":"auto","background-attachment":"scroll","background-type":"","background-media":"","overlay-type":"","overlay-color":"","overlay-opacity":"","overlay-gradient":""},"mobile":{"background-color":"var(--ast-global-color-5)","background-image":"","background-repeat":"repeat","background-position":"center center","background-size":"auto","background-attachment":"scroll","background-type":"","background-media":"","overlay-type":"","overlay-color":"","overlay-opacity":"","overlay-gradient":""}},"footnotes":""},"class_list":["post-265","page","type-page","status-publish","hentry"],"post_mailing_queue_ids":[],"_links":{"self":[{"href":"https:\/\/agora.xtec.cat\/cfavilafrancadelpenedes\/wp-json\/wp\/v2\/pages\/265","targetHints":{"allow":["GET"]}}],"collection":[{"href":"https:\/\/agora.xtec.cat\/cfavilafrancadelpenedes\/wp-json\/wp\/v2\/pages"}],"about":[{"href":"https:\/\/agora.xtec.cat\/cfavilafrancadelpenedes\/wp-json\/wp\/v2\/types\/page"}],"author":[{"embeddable":true,"href":"https:\/\/agora.xtec.cat\/cfavilafrancadelpenedes\/wp-json\/wp\/v2\/users\/1"}],"replies":[{"embeddable":true,"href":"https:\/\/agora.xtec.cat\/cfavilafrancadelpenedes\/wp-json\/wp\/v2\/comments?post=265"}],"version-history":[{"count":5,"href":"https:\/\/agora.xtec.cat\/cfavilafrancadelpenedes\/wp-json\/wp\/v2\/pages\/265\/revisions"}],"predecessor-version":[{"id":4341,"href":"https:\/\/agora.xtec.cat\/cfavilafrancadelpenedes\/wp-json\/wp\/v2\/pages\/265\/revisions\/4341"}],"up":[{"embeddable":true,"href":"https:\/\/agora.xtec.cat\/cfavilafrancadelpenedes\/wp-json\/wp\/v2\/pages\/261"}],"wp:attachment":[{"href":"https:\/\/agora.xtec.cat\/cfavilafrancadelpenedes\/wp-json\/wp\/v2\/media?parent=265"}],"curies":[{"name":"wp","href":"https:\/\/api.w.org\/{rel}","templated":true}]}}