{"id":2548,"date":"2023-12-05T18:59:28","date_gmt":"2023-12-05T17:59:28","guid":{"rendered":"https:\/\/agora.xtec.cat\/cfavilafrancadelpenedes\/?page_id=2548"},"modified":"2025-11-17T09:24:31","modified_gmt":"2025-11-17T08:24:31","slug":"consell-escolar-2023","status":"publish","type":"page","link":"https:\/\/agora.xtec.cat\/cfavilafrancadelpenedes\/consell-escolar-2023\/","title":{"rendered":"Consell Escolar 2025"},"content":{"rendered":"<h3>Funcions del Consell Escolar<\/h3>\n<h4>Normativa de refer\u00e8ncia (Decret 102\/2010, article 27 i article 46)<\/h4>\n<h4>Article 27<\/h4>\n<p>Consell escolar<\/p>\n<p>1. El consell escolar \u00e9s l&#8217;\u00f2rgan col\u00b7legiat de participaci\u00f3 de la comunitat escolar en el govern del centre.<br \/>\n2. Corresponen al consell escolar les facultats establertes, respectivament per a centres p\u00fablics i privats concertats, als articles 148 i 152 de la Llei d&#8217;educaci\u00f3.<br \/>\n3. El centre determina la composici\u00f3 del consell escolar en les normes d&#8217;organitzaci\u00f3 i funcionament, d&#8217;acord amb el projecte educatiu i respectant la legislaci\u00f3 vigent. El reglament del consell escolar, un cop aprovat per aquest, s&#8217;integra en les normes d&#8217;organitzaci\u00f3 i funcionament del centre.<br \/>\n4. Els i les representants de l&#8217;alumnat s&#8217;escullen a partir del primer curs d&#8217;educaci\u00f3 secund\u00e0ria obligat\u00f2ria.<br \/>\n5. En els centres espec\u00edfics d&#8217;educaci\u00f3 especial i en els que tinguin unitats d&#8217;educaci\u00f3 especial tamb\u00e9 \u00e9s membre del consell escolar un o una representant del personal d&#8217;atenci\u00f3 educativa. La representaci\u00f3 d&#8217;aquest personal no t\u00e9 la consideraci\u00f3 de representaci\u00f3 del professorat als efectes de determinar la composici\u00f3 del consell escolar.<br \/>\n6. En els centres que imparteixen cicles formatius de dues o m\u00e9s fam\u00edlies professionals, o en qu\u00e8 almenys el 25% de l&#8217;alumnat est\u00e0 cursant ensenyaments de formaci\u00f3 professional o d&#8217;arts pl\u00e0stiques i disseny, ensenyaments de grau mitj\u00e0 de m\u00fasica o de dansa o ensenyaments art\u00edstics superiors, es pot incorporar a les sessions del consell escolar una persona proposada per les institucions empresarials o laborals presents en l&#8217;\u00e0mbit d&#8217;acci\u00f3 del centre, d&#8217;acord amb les seves normes d&#8217;organitzaci\u00f3 i funcionament, amb veu i sense vot.<br \/>\n7. Un cop constitu\u00eft, el consell escolar del centre ha de designar una persona que impulsi mesures educatives de foment de la igualtat real i efectiva entre homes i dones.<\/p>\n<h4>Article 46<\/h4>\n<p>Consell escolar. Funcionament<\/p>\n<p>1. Les funcions del consell escolar s\u00f3n les que estableix l&#8217;article 148.3 de la Llei d&#8217;educaci\u00f3. A m\u00e9s, li correspon vetllar i donar suport a l&#8217;equip directiu per al compliment de la programaci\u00f3 anual del centre i del projecte de direcci\u00f3 el qual, en el marc del projecte educatiu del centre, vincula l&#8217;acci\u00f3 del conjunt d&#8217;\u00f2rgans de govern unipersonals i col\u00b7legiats d&#8217;acord amb l&#8217;article 144.4 de la Llei d&#8217;educaci\u00f3.<br \/>\n2. El consell escolar ha d&#8217;aprovar les seves normes de funcionament. En all\u00f2 que no estigui previst s&#8217;han d&#8217;aplicar les normes reguladores dels \u00f2rgans col\u00b7legiats de l&#8217;Administraci\u00f3 de la Generalitat.<br \/>\n3. El consell escolar del centre es reuneix preceptivament una vegada al trimestre i sempre que el convoca el director o directora del centre o ho sol\u00b7licita al menys un ter\u00e7 de les seves persones membres. A m\u00e9s, s&#8217;ha de fer una reuni\u00f3 a principi de curs i una altra a la seva finalitzaci\u00f3.<br \/>\n4. Les decisions del consell escolar es prenen normalment per consens. Si no \u00e9s possible arribar-hi, la decisi\u00f3 s&#8217;adopta per majoria de les persones membres presents, llevat dels casos en qu\u00e8 la normativa determini una altra majoria qualificada.<br \/>\n5. La convocat\u00f2ria de les reunions s&#8217;ha de trametre per la presid\u00e8ncia del consell amb una antelaci\u00f3 m\u00ednima de 48 hores, juntament amb la documentaci\u00f3 que hagi de ser objecte de debat, i, si escau, d&#8217;aprovaci\u00f3. El consell escolar es pot reunir d&#8217;urg\u00e8ncia, sense termini m\u00ednim per a la tramesa de la convocat\u00f2ria, si totes les persones membres hi estan d&#8217;acord.<br \/>\n6. Quan en l&#8217;ordre del dia s&#8217;incloguin temes o q\u00fcestions relacionades amb l&#8217;activitat normal del centre que estiguin sota la tutela o responsabilitat immediata d&#8217;alguna persona membre de la comunitat educativa que no sigui membre del consell escolar, se&#8217;l podr\u00e0 convocar a la sessi\u00f3 per tal que informi sobre el tema o q\u00fcesti\u00f3 corresponent.<\/p>\n","protected":false},"excerpt":{"rendered":"<p>Funcions del Consell Escolar Normativa de refer\u00e8ncia (Decret 102\/2010, article 27 i article 46) Article 27 Consell escolar 1. El consell escolar \u00e9s l&#8217;\u00f2rgan col\u00b7legiat de participaci\u00f3 de la comunitat escolar en el govern del centre. 2. Corresponen al consell escolar les facultats establertes, respectivament per a centres p\u00fablics i privats concertats, als articles 148 [&hellip;]<\/p>\n","protected":false},"author":1,"featured_media":0,"parent":0,"menu_order":0,"comment_status":"closed","ping_status":"closed","template":"","meta":{"_bbp_topic_count":0,"_bbp_reply_count":0,"_bbp_total_topic_count":0,"_bbp_total_reply_count":0,"_bbp_voice_count":0,"_bbp_anonymous_reply_count":0,"_bbp_topic_count_hidden":0,"_bbp_reply_count_hidden":0,"_bbp_forum_subforum_count":0,"site-sidebar-layout":"default","site-content-layout":"","ast-site-content-layout":"default","site-content-style":"default","site-sidebar-style":"default","ast-global-header-display":"","ast-banner-title-visibility":"","ast-main-header-display":"","ast-hfb-above-header-display":"","ast-hfb-below-header-display":"","ast-hfb-mobile-header-display":"","site-post-title":"","ast-breadcrumbs-content":"","ast-featured-img":"","footer-sml-layout":"","theme-transparent-header-meta":"","adv-header-id-meta":"","stick-header-meta":"","header-above-stick-meta":"","header-main-stick-meta":"","header-below-stick-meta":"","astra-migrate-meta-layouts":"set","ast-page-background-enabled":"default","ast-page-background-meta":{"desktop":{"background-color":"var(--ast-global-color-4)","background-image":"","background-repeat":"repeat","background-position":"center center","background-size":"auto","background-attachment":"scroll","background-type":"","background-media":"","overlay-type":"","overlay-color":"","overlay-opacity":"","overlay-gradient":""},"tablet":{"background-color":"","background-image":"","background-repeat":"repeat","background-position":"center center","background-size":"auto","background-attachment":"scroll","background-type":"","background-media":"","overlay-type":"","overlay-color":"","overlay-opacity":"","overlay-gradient":""},"mobile":{"background-color":"","background-image":"","background-repeat":"repeat","background-position":"center center","background-size":"auto","background-attachment":"scroll","background-type":"","background-media":"","overlay-type":"","overlay-color":"","overlay-opacity":"","overlay-gradient":""}},"ast-content-background-meta":{"desktop":{"background-color":"var(--ast-global-color-5)","background-image":"","background-repeat":"repeat","background-position":"center center","background-size":"auto","background-attachment":"scroll","background-type":"","background-media":"","overlay-type":"","overlay-color":"","overlay-opacity":"","overlay-gradient":""},"tablet":{"background-color":"var(--ast-global-color-5)","background-image":"","background-repeat":"repeat","background-position":"center center","background-size":"auto","background-attachment":"scroll","background-type":"","background-media":"","overlay-type":"","overlay-color":"","overlay-opacity":"","overlay-gradient":""},"mobile":{"background-color":"var(--ast-global-color-5)","background-image":"","background-repeat":"repeat","background-position":"center center","background-size":"auto","background-attachment":"scroll","background-type":"","background-media":"","overlay-type":"","overlay-color":"","overlay-opacity":"","overlay-gradient":""}},"footnotes":""},"class_list":["post-2548","page","type-page","status-publish","hentry"],"post_mailing_queue_ids":[],"_links":{"self":[{"href":"https:\/\/agora.xtec.cat\/cfavilafrancadelpenedes\/wp-json\/wp\/v2\/pages\/2548","targetHints":{"allow":["GET"]}}],"collection":[{"href":"https:\/\/agora.xtec.cat\/cfavilafrancadelpenedes\/wp-json\/wp\/v2\/pages"}],"about":[{"href":"https:\/\/agora.xtec.cat\/cfavilafrancadelpenedes\/wp-json\/wp\/v2\/types\/page"}],"author":[{"embeddable":true,"href":"https:\/\/agora.xtec.cat\/cfavilafrancadelpenedes\/wp-json\/wp\/v2\/users\/1"}],"replies":[{"embeddable":true,"href":"https:\/\/agora.xtec.cat\/cfavilafrancadelpenedes\/wp-json\/wp\/v2\/comments?post=2548"}],"version-history":[{"count":6,"href":"https:\/\/agora.xtec.cat\/cfavilafrancadelpenedes\/wp-json\/wp\/v2\/pages\/2548\/revisions"}],"predecessor-version":[{"id":4206,"href":"https:\/\/agora.xtec.cat\/cfavilafrancadelpenedes\/wp-json\/wp\/v2\/pages\/2548\/revisions\/4206"}],"wp:attachment":[{"href":"https:\/\/agora.xtec.cat\/cfavilafrancadelpenedes\/wp-json\/wp\/v2\/media?parent=2548"}],"curies":[{"name":"wp","href":"https:\/\/api.w.org\/{rel}","templated":true}]}}