{"id":2451,"date":"2023-10-30T19:43:39","date_gmt":"2023-10-30T18:43:39","guid":{"rendered":"https:\/\/agora.xtec.cat\/cfavilafrancadelpenedes\/?page_id=2451"},"modified":"2025-03-27T08:41:24","modified_gmt":"2025-03-27T07:41:24","slug":"asseguranca-escolar-obligatoria","status":"publish","type":"page","link":"https:\/\/agora.xtec.cat\/cfavilafrancadelpenedes\/asseguranca-escolar-obligatoria\/","title":{"rendered":"Asseguran\u00e7a escolar obligat\u00f2ria"},"content":{"rendered":"\n<h3 class=\"wp-block-heading\">Informaci\u00f3:<\/h3>\n\n\n\n<figure class=\"wp-block-image aligncenter size-full\"><a href=\"https:\/\/agora.xtec.cat\/cfavilafrancadelpenedes\/wp-content\/uploads\/usu2121\/2025\/03\/image.avif\"><img loading=\"lazy\" decoding=\"async\" width=\"588\" height=\"669\" src=\"https:\/\/agora.xtec.cat\/cfavilafrancadelpenedes\/wp-content\/uploads\/usu2121\/2025\/03\/image.avif\" alt=\"\" class=\"wp-image-3646\"\/><\/a><\/figure>\n\n\n\n<div class=\"wp-block-getwid-accordion has-icon-left\" data-active-element=\"none\">\n<div class=\"wp-block-getwid-accordion__header-wrapper\"><span class=\"wp-block-getwid-accordion__header\"><a href=\"#\"><span class=\"wp-block-getwid-accordion__header-title\"><strong>Informaci\u00f3 General<\/strong><\/span><span class=\"wp-block-getwid-accordion__icon is-active\"><i class=\"fas fa-plus\"><\/i><\/span><span class=\"wp-block-getwid-accordion__icon is-passive\"><i class=\"fas fa-minus\"><\/i><\/span><\/a><\/span><\/div><div class=\"wp-block-getwid-accordion__content-wrapper\"><div class=\"wp-block-getwid-accordion__content\">\n<figure class=\"wp-block-table\"><table><tbody><tr><th><br>Objecte:<\/th><td>\u00c9s una&nbsp;<strong>Asseguran\u00e7a que protegeix els estudiants<\/strong>, menors de 28 anys, que cursin estudis oficials des de&nbsp; 3r d\u2019&nbsp;Educaci\u00f3 Secund\u00e0ria Obligat\u00f2ria (ESO) fins al final del 3r cicle universitari,&nbsp; mitjan\u00e7ant prestacions sanit\u00e0ries i econ\u00f2miques, en cas de malaltia&nbsp;, accident escolar&nbsp;i infortuni familiar.<\/td><\/tr><tr><th>Causants:<\/th><td>L\u2019<strong>estudiant<\/strong>.<\/td><\/tr><tr><th>Prestacions:<\/th><td><strong>Accident escolar<\/strong>: Assist\u00e8ncia m\u00e8dica i farmac\u00e8utica, indemnitzacions econ\u00f2miques per incapacitat i despeses de sepeli<strong>.<\/strong><strong>Malaltia<\/strong>: Assist\u00e8ncia m\u00e8dica, assist\u00e8ncia&nbsp;farmac\u00e8utica i&nbsp;despeses de sepeli.&nbsp;Inclou la cirurgia general, neuropsiquiatria, tocologia, tuberculosi pulmonar i \u00f2ssia. En determinats casos es poden atorgar prestacions de fisioter\u00e0pia, radioter\u00e0pia i cobaltoter\u00e0pia.<strong>Infortuni familiar<\/strong>: Prestaci\u00f3 econ\u00f2mica per&nbsp;defunci\u00f3 del cap de fam\u00edlia o&nbsp; ru\u00efna familiar.<\/td><\/tr><tr><th>Beneficiaris:<\/th><td>El beneficiari de les prestacions de l&#8217;Asseguran\u00e7a Escolar \u00e9s l\u2019<strong>estudiant<\/strong>, excepte en les indemnitzacions per defunci\u00f3 per accident o malaltia en qu\u00e8 seran els familiars.<a href=\"https:\/\/www.seg-social.es\/wps\/portal\/wss\/internet\/Trabajadores\/PrestacionesPensionesTrabajadores\/28622\/28623#28626\">M\u00e9s informaci\u00f3&nbsp;sobre beneficiaris<\/a><\/td><\/tr><tr><th>Requisits:<\/th><td>Tenir menys de 28 anys, ser espanyol o estranger amb resid\u00e8ncia legal a Espanya.<br>Estar matriculat en els estudis compresos en l&#8217;asseguran\u00e7a i haver-ne abonat la quota.Acreditar un any d&#8217;asseguran\u00e7a.Aquest \u00faltim requisit no s&#8217;exigeix per a les prestacions derivades d&#8217;accident escolar, infortuni familiar i tocologia, ni als estudiants que l&#8217;any anterior hagin cursat 2n d&#8217;ESO, educaci\u00f3 especial o que hagin continuat els seus estudis a l&#8217;estranger.<a href=\"https:\/\/www.seg-social.es\/wps\/portal\/wss\/internet\/Trabajadores\/PrestacionesPensionesTrabajadores\/28622\/28623#28630\">M\u00e9s informaci\u00f3&nbsp;sobre els requisits&nbsp;<\/a><\/td><\/tr><tr><th>Quanties\/pagaments\/efectes:<\/th><td>Diverses&nbsp;<a href=\"https:\/\/www.seg-social.es\/wps\/portal\/wss\/internet\/Trabajadores\/PrestacionesPensionesTrabajadores\/28622\/28635\">quanties<\/a>&nbsp;segons la prestaci\u00f3.El pagament de les prestacions econ\u00f2miques pot ser&nbsp;<strong>pagament directe<\/strong>&nbsp;a l&#8217;entitat financera que tingui assignada la Direcci\u00f3 Provincial de l\u2019INSS&nbsp;&nbsp;<strong>o per transfer\u00e8ncia<\/strong>&nbsp;a l&#8217;entitat financera que s\u2019hagi triat en la sol\u00b7licitud.<\/td><\/tr><tr><th>Durada:<\/th><td>Depenent de la classe de prestaci\u00f3,&nbsp; la durada varia.<\/td><\/tr><tr><th>Terminis:<\/th><td>El termini per sol\u00b7licitar&nbsp;les prestacions derivades d&#8217;accident escolar \u00e9s d\u2019&nbsp;un any.El termini per sol\u00b7licitar&nbsp; despeses de sepeli, infortuni familiar&nbsp;&nbsp;i altres prestacions econ\u00f2miques \u00e9s&nbsp;de&nbsp;cinc anys.El reconeixement o la denegaci\u00f3 de les prestacions de l&#8217;Asseguran\u00e7a Escolar es resoldran i notificaran en un termini m\u00e0xim de&nbsp;90 dies.<\/td><\/tr><tr><th>Denegaci\u00f3 \/ Extinci\u00f3:<\/th><td>El Director Provincial de l&#8217;INSS dictar\u00e0 resoluci\u00f3 concedint o denegant la prestaci\u00f3 sol\u00b7licitada.<\/td><\/tr><tr><th>Impresos:<\/th><td><a href=\"https:\/\/www.seg-social.es\/wps\/portal\/wss\/internet\/Pensionistas\/Servicios\/34887\/40968\/41107\">Sol\u00b7licitud de prestaci\u00f3 de l\u2019asseguran\u00e7a escolar<\/a>.<\/td><\/tr><tr><th>Documentaci\u00f3:<\/th><td>DNI&nbsp; o llibre de fam\u00edlia.&nbsp;Document acreditatiu de la identitat,&nbsp;per als estrangers&nbsp;Estudiants no universitaris: Certificat del centre d&#8217;estudisEstudiants universitaris: Resguard de l&#8217;impr\u00e8s de matr\u00edculaDocumentaci\u00f3 espec\u00edfica per&nbsp; cada prestaci\u00f3&nbsp;&nbsp;<br><a href=\"https:\/\/www.seg-social.es\/wps\/portal\/wss\/internet\/Trabajadores\/PrestacionesPensionesTrabajadores\/28622\/28851#28854\">M\u00e9s informaci\u00f3&nbsp;sobre documentaci\u00f3<\/a><\/td><\/tr><tr><th>On es pot tramitar:<\/th><td>A qualsevol dels&nbsp;<a href=\"https:\/\/www.seg-social.es\/wps\/portal\/wss\/internet\/OficinaSeguridadSocial\/\" target=\"_blank\" rel=\"noreferrer noopener\">centres d\u2019atenci\u00f3 i informaci\u00f3 de la Seguretat Social<\/a>.<\/td><\/tr><tr><th>Entitat competent:<\/th><td>El reconeixement del dret&nbsp;i el pagament de les prestacions \u00e9s compet\u00e8ncia de la Direcci\u00f3 Provincial de l\u2019&nbsp;<a href=\"https:\/\/www.seg-social.es\/wps\/portal\/wss\/internet\/OficinaSeguridadSocial\/\" target=\"_blank\" rel=\"noreferrer noopener\">Institut Nacional de la Seguretat Social (INSS)<\/a>&nbsp;on s&#8217;hagi presentat la sol\u00b7licitud. En el cas de prestacions sanit\u00e0ries ser\u00e0 competent la Direcci\u00f3 Provincial de l&#8217;INSS de la prov\u00edncia on s&#8217;hagi prestat l&#8217;assist\u00e8ncia sanit\u00e0ria.<\/td><\/tr><tr><th>Altres dades d&#8217;inter\u00e8s:<\/th><td><a href=\"https:\/\/www.seg-social.es\/wps\/portal\/wss\/internet\/Trabajadores\/PrestacionesPensionesTrabajadores\/28622\/28641\">Incompatibilitats.<\/a><br><a href=\"https:\/\/www.seg-social.es\/wps\/portal\/wss\/internet\/Trabajadores\/PrestacionesPensionesTrabajadores\/28622\/28635\/28650\">Prestacions per accident escolar.<\/a><br><a href=\"https:\/\/www.seg-social.es\/wps\/portal\/wss\/internet\/Trabajadores\/PrestacionesPensionesTrabajadores\/28622\/28635\/28653\">Prestacions per malaltia.<\/a><br><a href=\"https:\/\/www.seg-social.es\/wps\/portal\/wss\/internet\/Trabajadores\/PrestacionesPensionesTrabajadores\/28622\/28635\/28656\">Prestacions per infortuni familiar.<\/a><a href=\"https:\/\/www.seg-social.es\/wps\/portal\/wss\/internet\/FAQ\/48581\/48766\">Preguntes m\u00e9s freq\u00fcents.<\/a><\/td><\/tr><\/tbody><\/table><\/figure>\n<\/div><\/div>\n\n\n\n<div class=\"wp-block-getwid-accordion__header-wrapper\"><span class=\"wp-block-getwid-accordion__header\"><a href=\"#\"><span class=\"wp-block-getwid-accordion__header-title\"><strong>Amplia informaci\u00f3<\/strong><\/span><span class=\"wp-block-getwid-accordion__icon is-active\"><i class=\"fas fa-plus\"><\/i><\/span><span class=\"wp-block-getwid-accordion__icon is-passive\"><i class=\"fas fa-minus\"><\/i><\/span><\/a><\/span><\/div><div class=\"wp-block-getwid-accordion__content-wrapper\"><div class=\"wp-block-getwid-accordion__content\">\n<ul class=\"wp-block-list\">\n<li><a href=\"https:\/\/www.seg-social.es\/wps\/portal\/wss\/internet\/Trabajadores\/PrestacionesPensionesTrabajadores\/28622\/28623\">Beneficiaris i requisits<\/a><\/li>\n\n\n\n<li><a href=\"https:\/\/www.seg-social.es\/wps\/portal\/wss\/internet\/Trabajadores\/PrestacionesPensionesTrabajadores\/28622\/7631f3e5-5a90-4152-a76e-2867f19635a8?changeLanguage=ca\" target=\"_blank\" rel=\"noreferrer noopener\">Centres m\u00e8dics col\u00b7laboradors amb l\u2019asseguran\u00e7a escolar<\/a><\/li>\n\n\n\n<li><a href=\"https:\/\/www.seg-social.es\/wps\/portal\/wss\/internet\/Trabajadores\/PrestacionesPensionesTrabajadores\/28622\/28871\" target=\"_blank\" rel=\"noreferrer noopener\">Riscos coberts<\/a><\/li>\n\n\n\n<li><a href=\"https:\/\/www.seg-social.es\/wps\/portal\/wss\/internet\/Trabajadores\/PrestacionesPensionesTrabajadores\/28622\/28635\" target=\"_blank\" rel=\"noreferrer noopener\">Prestacions<\/a><\/li>\n\n\n\n<li><a href=\"https:\/\/www.seg-social.es\/wps\/portal\/wss\/internet\/Trabajadores\/PrestacionesPensionesTrabajadores\/28622\/28641\" target=\"_blank\" rel=\"noreferrer noopener\">Incompatibilitats<\/a><\/li>\n\n\n\n<li><a href=\"https:\/\/www.seg-social.es\/wps\/portal\/wss\/internet\/Trabajadores\/PrestacionesPensionesTrabajadores\/28622\/28851\" target=\"_blank\" rel=\"noreferrer noopener\">Gesti\u00f3 \/ Sol\u00b7licituds<\/a><\/li>\n\n\n\n<li><a href=\"https:\/\/www.seg-social.es\/wps\/portal\/wss\/internet\/Normativa?categoria1=2010&amp;categoria2=3040\" target=\"_blank\" rel=\"noreferrer noopener\">Normativa b\u00e0sica<\/a><\/li>\n<\/ul>\n<\/div><\/div>\n<\/div>\n\n\n\n<hr class=\"wp-block-separator has-alpha-channel-opacity\"\/>\n","protected":false},"excerpt":{"rendered":"<p>Informaci\u00f3:<\/p>\n","protected":false},"author":1,"featured_media":0,"parent":0,"menu_order":0,"comment_status":"closed","ping_status":"closed","template":"","meta":{"_bbp_topic_count":0,"_bbp_reply_count":0,"_bbp_total_topic_count":0,"_bbp_total_reply_count":0,"_bbp_voice_count":0,"_bbp_anonymous_reply_count":0,"_bbp_topic_count_hidden":0,"_bbp_reply_count_hidden":0,"_bbp_forum_subforum_count":0,"site-sidebar-layout":"default","site-content-layout":"","ast-site-content-layout":"default","site-content-style":"default","site-sidebar-style":"default","ast-global-header-display":"","ast-banner-title-visibility":"","ast-main-header-display":"","ast-hfb-above-header-display":"","ast-hfb-below-header-display":"","ast-hfb-mobile-header-display":"","site-post-title":"","ast-breadcrumbs-content":"","ast-featured-img":"","footer-sml-layout":"","theme-transparent-header-meta":"","adv-header-id-meta":"","stick-header-meta":"","header-above-stick-meta":"","header-main-stick-meta":"","header-below-stick-meta":"","astra-migrate-meta-layouts":"set","ast-page-background-enabled":"default","ast-page-background-meta":{"desktop":{"background-color":"var(--ast-global-color-4)","background-image":"","background-repeat":"repeat","background-position":"center center","background-size":"auto","background-attachment":"scroll","background-type":"","background-media":"","overlay-type":"","overlay-color":"","overlay-opacity":"","overlay-gradient":""},"tablet":{"background-color":"","background-image":"","background-repeat":"repeat","background-position":"center center","background-size":"auto","background-attachment":"scroll","background-type":"","background-media":"","overlay-type":"","overlay-color":"","overlay-opacity":"","overlay-gradient":""},"mobile":{"background-color":"","background-image":"","background-repeat":"repeat","background-position":"center center","background-size":"auto","background-attachment":"scroll","background-type":"","background-media":"","overlay-type":"","overlay-color":"","overlay-opacity":"","overlay-gradient":""}},"ast-content-background-meta":{"desktop":{"background-color":"var(--ast-global-color-5)","background-image":"","background-repeat":"repeat","background-position":"center center","background-size":"auto","background-attachment":"scroll","background-type":"","background-media":"","overlay-type":"","overlay-color":"","overlay-opacity":"","overlay-gradient":""},"tablet":{"background-color":"var(--ast-global-color-5)","background-image":"","background-repeat":"repeat","background-position":"center center","background-size":"auto","background-attachment":"scroll","background-type":"","background-media":"","overlay-type":"","overlay-color":"","overlay-opacity":"","overlay-gradient":""},"mobile":{"background-color":"var(--ast-global-color-5)","background-image":"","background-repeat":"repeat","background-position":"center center","background-size":"auto","background-attachment":"scroll","background-type":"","background-media":"","overlay-type":"","overlay-color":"","overlay-opacity":"","overlay-gradient":""}},"footnotes":""},"class_list":["post-2451","page","type-page","status-publish","hentry"],"post_mailing_queue_ids":[],"_links":{"self":[{"href":"https:\/\/agora.xtec.cat\/cfavilafrancadelpenedes\/wp-json\/wp\/v2\/pages\/2451","targetHints":{"allow":["GET"]}}],"collection":[{"href":"https:\/\/agora.xtec.cat\/cfavilafrancadelpenedes\/wp-json\/wp\/v2\/pages"}],"about":[{"href":"https:\/\/agora.xtec.cat\/cfavilafrancadelpenedes\/wp-json\/wp\/v2\/types\/page"}],"author":[{"embeddable":true,"href":"https:\/\/agora.xtec.cat\/cfavilafrancadelpenedes\/wp-json\/wp\/v2\/users\/1"}],"replies":[{"embeddable":true,"href":"https:\/\/agora.xtec.cat\/cfavilafrancadelpenedes\/wp-json\/wp\/v2\/comments?post=2451"}],"version-history":[{"count":6,"href":"https:\/\/agora.xtec.cat\/cfavilafrancadelpenedes\/wp-json\/wp\/v2\/pages\/2451\/revisions"}],"predecessor-version":[{"id":3651,"href":"https:\/\/agora.xtec.cat\/cfavilafrancadelpenedes\/wp-json\/wp\/v2\/pages\/2451\/revisions\/3651"}],"wp:attachment":[{"href":"https:\/\/agora.xtec.cat\/cfavilafrancadelpenedes\/wp-json\/wp\/v2\/media?parent=2451"}],"curies":[{"name":"wp","href":"https:\/\/api.w.org\/{rel}","templated":true}]}}