{"id":2414,"date":"2023-10-27T17:22:34","date_gmt":"2023-10-27T15:22:34","guid":{"rendered":"https:\/\/agora.xtec.cat\/cfavilafrancadelpenedes\/?page_id=2414"},"modified":"2026-03-18T15:26:35","modified_gmt":"2026-03-18T14:26:35","slug":"eleccions-al-consell-escolar-2023","status":"publish","type":"page","link":"https:\/\/agora.xtec.cat\/cfavilafrancadelpenedes\/eleccions-al-consell-escolar-2023\/","title":{"rendered":"Consell Escolar"},"content":{"rendered":"<table style=\"width: 67.75%;\" border=\"0\" cellspacing=\"0\">\n<colgroup width=\"551\"><\/colgroup>\n<colgroup width=\"464\"><\/colgroup>\n<tbody>\n<tr>\n<td style=\"width: 27.4167%;\" align=\"left\" valign=\"top\" height=\"17\" data-sheets-value=\"{ &quot;1&quot;: 2, &quot;2&quot;: &quot;Director\\\/a:&quot;}\"><b><span style=\"font-family: Liberation Serif;\">Directora:<\/span><\/b><\/td>\n<td style=\"width: 40.1667%;\" align=\"left\" valign=\"top\" data-sheets-value=\"{ &quot;1&quot;: 2, &quot;2&quot;: &quot;M\u00f2nica Garcia Soler&quot;}\"><span style=\"font-family: Liberation Serif;\">M\u00f2nica Garcia Soler<\/span><\/td>\n<\/tr>\n<tr>\n<td style=\"width: 27.4167%;\" align=\"left\" valign=\"top\" height=\"17\" data-sheets-value=\"{ &quot;1&quot;: 2, &quot;2&quot;: &quot;Cap d'estudis: &quot;}\"><b><span style=\"font-family: Liberation Serif;\">Cap d&#8217;estudis: <\/span><\/b><\/td>\n<td style=\"width: 40.1667%;\" align=\"left\" valign=\"top\" data-sheets-value=\"{ &quot;1&quot;: 2, &quot;2&quot;: &quot;Ra\u00fcl \u00c1lvarez Mill\u00e1n&quot;}\"><span style=\"font-family: Liberation Serif;\">Ra\u00fcl \u00c1lvarez Mill\u00e1n<\/span><\/td>\n<\/tr>\n<tr>\n<td style=\"width: 27.4167%;\" align=\"left\" valign=\"top\" height=\"17\" data-sheets-value=\"{ &quot;1&quot;: 2, &quot;2&quot;: &quot;Secretari&quot;}\"><b><span style=\"font-family: Liberation Serif;\">Secretari:<\/span><\/b><\/td>\n<td style=\"width: 40.1667%;\" align=\"left\" valign=\"top\" data-sheets-value=\"{ &quot;1&quot;: 2, &quot;2&quot;: &quot;Ignasi Moncl\u00fas L\u00f3pez&quot;}\"><\/td>\n<\/tr>\n<tr>\n<td style=\"width: 27.4167%;\" align=\"left\" valign=\"top\" height=\"17\" data-sheets-value=\"{ &quot;1&quot;: 2, &quot;2&quot;: &quot;Sector PAS&quot;}\"><b><span style=\"font-family: Liberation Serif;\">Sector PAS<\/span><\/b><\/td>\n<td style=\"width: 40.1667%;\" align=\"left\" valign=\"top\" data-sheets-value=\"{ &quot;1&quot;: 2, &quot;2&quot;: &quot;Laura Pellejero Garcia de Castro&quot;}\"><span style=\"font-family: Liberation Serif;\">Laura Pellejero Garcia de Castro<\/span><\/td>\n<\/tr>\n<tr>\n<td style=\"width: 27.4167%;\" align=\"left\" valign=\"top\" height=\"17\" data-sheets-value=\"{ &quot;1&quot;: 2, &quot;2&quot;: &quot;Representant Ajuntament&quot;}\"><b><span style=\"font-family: Liberation Serif;\">Representant Ajuntament<\/span><\/b><\/td>\n<td style=\"width: 40.1667%;\" align=\"left\" valign=\"top\" data-sheets-value=\"{ &quot;1&quot;: 2, &quot;2&quot;: &quot;Montserrat Mu\u00f1oz Retamal&quot;}\"><span style=\"font-family: Liberation Serif;\">Montserrat Mu\u00f1oz Retamal<\/span><\/td>\n<\/tr>\n<tr>\n<td style=\"width: 27.4167%;\" align=\"left\" valign=\"top\" height=\"17\" data-sheets-value=\"{ &quot;1&quot;: 2, &quot;2&quot;: &quot;Sector Alumnat&quot;}\"><b><span style=\"font-family: Liberation Serif;\">Sector Alumnat<\/span><\/b><\/td>\n<td style=\"width: 40.1667%;\" align=\"left\" valign=\"top\" data-sheets-value=\"{ &quot;1&quot;: 2, &quot;2&quot;: &quot;Abdelkarim Boudra&quot;}\"><span style=\"font-family: Liberation Serif;\">Abdelkarim Boudra<\/span><\/td>\n<\/tr>\n<tr>\n<td style=\"width: 27.4167%;\" align=\"left\" valign=\"top\" height=\"17\" data-sheets-value=\"{ &quot;1&quot;: 2, &quot;2&quot;: &quot;Sector Alumnat&quot;}\"><b><span style=\"font-family: Liberation Serif;\">Sector Alumnat<\/span><\/b><\/td>\n<td style=\"width: 40.1667%;\" align=\"left\" valign=\"top\" data-sheets-value=\"{ &quot;1&quot;: 2, &quot;2&quot;: &quot;Anastasia M\u00e1rquez M\u00e1rquez&quot;}\"><span style=\"font-family: Liberation Serif;\">Anastasia M\u00e1rquez M\u00e1rquez<\/span><\/td>\n<\/tr>\n<tr>\n<td style=\"width: 27.4167%;\" align=\"left\" valign=\"top\" height=\"17\" data-sheets-value=\"{ &quot;1&quot;: 2, &quot;2&quot;: &quot;Sector Alumnat&quot;}\"><b><span style=\"font-family: Liberation Serif;\">Sector Alumnat<\/span><\/b><\/td>\n<td style=\"width: 40.1667%;\" align=\"left\" valign=\"top\" data-sheets-value=\"{ &quot;1&quot;: 2, &quot;2&quot;: &quot;Fatima Ouahda&quot;}\"><span style=\"font-family: Liberation Serif;\">Fatima Ouahda<\/span><\/td>\n<\/tr>\n<tr>\n<td style=\"width: 27.4167%;\" align=\"left\" valign=\"top\" height=\"17\" data-sheets-value=\"{ &quot;1&quot;: 2, &quot;2&quot;: &quot;Sector Alumnat&quot;}\"><b><span style=\"font-family: Liberation Serif;\">Sector Alumnat<\/span><\/b><\/td>\n<td style=\"width: 40.1667%;\" align=\"left\" valign=\"top\" data-sheets-value=\"{ &quot;1&quot;: 2, &quot;2&quot;: &quot;Natalia Matiashchuk&quot;}\"><span style=\"font-family: Liberation Serif;\">Natalia Matiashchuk<\/span><\/td>\n<\/tr>\n<tr>\n<td style=\"width: 27.4167%;\" align=\"left\" valign=\"top\" height=\"17\" data-sheets-value=\"{ &quot;1&quot;: 2, &quot;2&quot;: &quot;Sector Alumnat&quot;}\"><b><span style=\"font-family: Liberation Serif;\">Sector Alumnat<\/span><\/b><\/td>\n<td style=\"width: 40.1667%;\" align=\"left\" valign=\"top\" data-sheets-value=\"{ &quot;1&quot;: 2, &quot;2&quot;: &quot;Pilar Castillo Jim\u00e9nez&quot;}\"><span style=\"font-family: Liberation Serif;\">Pilar Castillo Jim\u00e9nez<\/span><\/td>\n<\/tr>\n<tr>\n<td style=\"width: 27.4167%;\" align=\"left\" valign=\"top\" height=\"17\" data-sheets-value=\"{ &quot;1&quot;: 2, &quot;2&quot;: &quot;Sector Professorat&quot;}\"><b><span style=\"font-family: Liberation Serif;\">Sector Professorat<\/span><\/b><\/td>\n<td style=\"width: 40.1667%;\" align=\"left\" valign=\"top\" data-sheets-value=\"{ &quot;1&quot;: 2, &quot;2&quot;: &quot;Carlos Jimenez Arcas&quot;}\"><span style=\"font-family: Liberation Serif;\">Carlos Jimenez Arcas<\/span><\/td>\n<\/tr>\n<tr>\n<td style=\"width: 27.4167%;\" align=\"left\" valign=\"top\" height=\"17\" data-sheets-value=\"{ &quot;1&quot;: 2, &quot;2&quot;: &quot;Sector Professorat&quot;}\"><b><span style=\"font-family: Liberation Serif;\">Sector Professorat<\/span><\/b><\/td>\n<td style=\"width: 40.1667%;\" align=\"left\" valign=\"top\" data-sheets-value=\"{ &quot;1&quot;: 2, &quot;2&quot;: &quot;Eva Ort\u00ed Grimau&quot;}\"><span style=\"font-family: Liberation Serif;\">Eva Ort\u00ed Grimau<\/span><\/td>\n<\/tr>\n<tr>\n<td style=\"width: 27.4167%;\" align=\"left\" valign=\"top\" height=\"17\" data-sheets-value=\"{ &quot;1&quot;: 2, &quot;2&quot;: &quot;Sector Professorat&quot;}\"><b><span style=\"font-family: Liberation Serif;\">Sector Professorat<\/span><\/b><\/td>\n<td style=\"width: 40.1667%;\" align=\"left\" valign=\"top\" data-sheets-value=\"{ &quot;1&quot;: 2, &quot;2&quot;: &quot;Jorge Peleato Garcia&quot;}\"><span style=\"font-family: Liberation Serif;\">Jorge Peleato Garcia<\/span><\/td>\n<\/tr>\n<tr>\n<td style=\"width: 27.4167%;\" align=\"left\" valign=\"top\" height=\"17\" data-sheets-value=\"{ &quot;1&quot;: 2, &quot;2&quot;: &quot;Sector Professorat&quot;}\"><b><span style=\"font-family: Liberation Serif;\">Sector Professorat<\/span><\/b><\/td>\n<td style=\"width: 40.1667%;\" align=\"left\" valign=\"top\" data-sheets-value=\"{ &quot;1&quot;: 2, &quot;2&quot;: &quot;Silvia Requena Lebr\u00f3n&quot;}\"><span style=\"font-family: Liberation Serif;\">Silvia Requena Lebr\u00f3n<\/span><\/td>\n<\/tr>\n<tr>\n<td style=\"width: 27.4167%;\" align=\"left\" valign=\"top\" height=\"17\" data-sheets-value=\"{ &quot;1&quot;: 2, &quot;2&quot;: &quot;Sector Professorat&quot;}\"><b><span style=\"font-family: Liberation Serif;\">Sector Professorat<\/span><\/b><\/td>\n<td style=\"width: 40.1667%;\" align=\"left\" valign=\"top\" data-sheets-value=\"{ &quot;1&quot;: 2, &quot;2&quot;: &quot;S\u00f2nia Penya Fabr\u00e9&quot;}\"><span style=\"font-family: Liberation Serif;\">S\u00f2nia Penya Fabr\u00e9<\/span><\/td>\n<\/tr>\n<\/tbody>\n<\/table>\n<div class=\"panel-heading\">\n<h2><\/h2>\n<h2><\/h2>\n<h2><\/h2>\n<h2><\/h2>\n<h2 class=\"panel-title\"><a class=\"\" href=\"http:\/\/ensenyament.gencat.cat\/ca\/arees-actuacio\/centres-serveis-educatius\/centres\/consells-escolars-centres\/centres-publics\/#bloc1\" data-toggle=\"collapse\" data-parent=\"#acordio_distribuidora\">Funcions<\/a><\/h2>\n<\/div>\n<div id=\"bloc1\" class=\"panel-collapse collapse in\">\n<div class=\"col-xs-12\">\n<div class=\"cos_bloc basic_text_peq pd-15\">\n<p>Corresponen al consell escolar les funcions seg\u00fcents:<\/p>\n<ul>\n<li>Aprovar el projecte educatiu i les modificacions corresponents per una majoria de tres cinquenes parts dels membres.<\/li>\n<li>Aprovar la programaci\u00f3 general anual del centre i avaluar-ne el desenvolupament i els resultats.<\/li>\n<li>Aprovar les propostes d&#8217;acords de corresponsabilitat, convenis i altres acords de col\u00b7laboraci\u00f3 del centre amb entitats o institucions.<\/li>\n<li>Aprovar les normes d&#8217;organitzaci\u00f3 i funcionament i les modificacions corresponents.<\/li>\n<li>Aprovar la carta de comprom\u00eds educatiu.<\/li>\n<li>Aprovar el pressupost del centre i el rendiment de comptes.<\/li>\n<li>Intervenir en el procediment d&#8217;admissi\u00f3 d&#8217;alumnes.<\/li>\n<li>Participar en el procediment de selecci\u00f3 i en la proposta de cessament del director o directora.<\/li>\n<li>Intervenir en la resoluci\u00f3 dels conflictes i, si escau, revisar les sancions als alumnes.<\/li>\n<li>Aprovar les directrius per a la programaci\u00f3 d&#8217;activitats escolars complement\u00e0ries i d&#8217;activitats extraescolars, i avaluar-ne el desenvolupament.<\/li>\n<li>Participar en les an\u00e0lisis i les avaluacions del funcionament general del centre i con\u00e8ixer l&#8217;evoluci\u00f3 del rendiment escolar.<\/li>\n<li>Aprovar els criteris de col\u00b7laboraci\u00f3 amb altres centres i amb l&#8217;entorn.<\/li>\n<li>Qualsevol altra que li sigui atribu\u00efda per les normes legals o reglament\u00e0ries.<\/li>\n<\/ul>\n<p><a class=\"\" style=\"font-family: Poppins, sans-serif; font-size: 2.22222rem; font-weight: 600; background-color: rgba(0, 0, 0, 0);\" href=\"http:\/\/ensenyament.gencat.cat\/ca\/arees-actuacio\/centres-serveis-educatius\/centres\/consells-escolars-centres\/centres-publics\/#bloc2\" data-toggle=\"collapse\" data-parent=\"#acordio_distribuidora\">Composici\u00f3 en els centres p\u00fablics<\/a><\/p>\n<div id=\"bloc2\" class=\"panel-collapse collapse in\">\n<div class=\"col-xs-12\">\n<div class=\"cos_bloc basic_text_peq pd-15\">\n<ol>\n<li>El consell escolar d\u2019un centre p\u00fablic est\u00e0 integrat per:\n<ul>\n<li>El director o directora, que el presideix.<\/li>\n<li>El cap o la cap d\u2019estudis.<\/li>\n<li>Un o una representant de l\u2019ajuntament de la localitat on es troba situat el centre.<\/li>\n<li>El secretari o secret\u00e0ria del centre que assisteix amb veu i sense vot i exerceix la secretaria del consell.<\/li>\n<li>Els i les representants del professorat s\u2019elegeixen pel claustre.<\/li>\n<li>Els i les representants de l\u2019alumnat i dels pares i mares o tutors, elegits respectivament per ells i entre ells.<\/li>\n<li>Un o una representant del personal d\u2019administraci\u00f3 i serveis, elegit per i entre aquest personal.<\/li>\n<li>En els centres espec\u00edfics d\u2019educaci\u00f3 especial i en els que tinguin unitats d\u2019educaci\u00f3 especial tamb\u00e9 \u00e9s membre del consell escolar un o una representant del personal d\u2019atenci\u00f3 educativa. La representaci\u00f3 d\u2019aquest personal no t\u00e9 la consideraci\u00f3 de representaci\u00f3 del professorat als efectes de determinar la composici\u00f3 del consell escolar.<\/li>\n<\/ul>\n<\/li>\n<li>El nombre de representants del professorat no pot ser inferior a un ter\u00e7 del total de membres del consell, elegits pel claustre i en representaci\u00f3 d\u2019aquest.<\/li>\n<li>El nombre de representants de l\u2019alumnat i pares i mares o tutors, en conjunt, no pot ser inferior a un ter\u00e7 del total de persones membres del consell. Una de les persones representants dels progenitors la designa l\u2019associaci\u00f3 de pares i mares m\u00e9s representativa del centre.<\/li>\n<li>Cada centre determina la\u00a0<strong>composici\u00f3 del consell escolar<\/strong>\u00a0que queda recollida a les seves normes d\u2019organitzaci\u00f3 i funcionament, d\u2019acord amb el que s\u2019estableix en el Decret 102\/2010, de 3 d\u2019agost, d\u2019autonomia dels centres educatius i la resta de legislaci\u00f3 vigent.<\/li>\n<li>En els\u00a0<strong>centres de nova creaci\u00f3<\/strong>, el director o directora ha d\u2019ajustar la composici\u00f3 del consell escolar respectant el que estableixen els apartats 3 i 4. En els\u00a0<strong>centres incomplets<\/strong>, quan el nombre de professorat no permeti assolir el que preveu l\u2019apartat 3, les normes d\u2019organitzaci\u00f3 i funcionament han d\u2019establir que, en tot cas, hi hagi el mateix nombre de representants del professorat i de representants de l\u2019alumnat\u00a0i pares i mares en conjunt.<\/li>\n<li>En els centres que imparteixen exclusivament ensenyaments que duen a l\u2019obtenci\u00f3 de t\u00edtols acad\u00e8mics que equivalen a t\u00edtols universitaris, en les escoles oficials d\u2019idiomes, en les escoles d\u2019art, en els centres que imparteixen ensenyaments de r\u00e8gim especial d\u2019esports i en els altres centres que imparteixen ensenyaments exclusivament a alumnes majors de divuit anys, no hi ha representaci\u00f3 dels pares i mares dels i de les alumnes.En els\u00a0<strong>centres espec\u00edfics d\u2019educaci\u00f3 especial<\/strong>\u00a0i en els que tenen unitats d\u2019educaci\u00f3 especial hi ha d\u2019haver una persona representant del personal d\u2019atenci\u00f3 educativa.En els\u00a0<strong>centres que imparteixen cicles formatius<\/strong>\u00a0de dues o m\u00e9s fam\u00edlies professionals, o en els centres en qu\u00e8 almenys el 25% de l\u2019alumnat cursa ensenyaments de formaci\u00f3 professional o d\u2019arts pl\u00e0stiques i disseny, ensenyaments de grau mitj\u00e0 de m\u00fasica o de dansa o ensenyaments art\u00edstics superiors, es pot incorporar a les sessions del consell escolar una persona proposada per les institucions empresarials o laborals presents en l\u2019\u00e0mbit d\u2019acci\u00f3 del centre, amb veu i sense vot.<\/li>\n<li>El centre no pot modificar la configuraci\u00f3 del consell escolar dins dels tres cursos acad\u00e8mics seg\u00fcents a aquell en qu\u00e8 \u00e9s determinada. L\u2019aprovaci\u00f3 d\u2019una modificaci\u00f3 en la composici\u00f3 del consell escolar no entrar\u00e0 en vigor fins al primer proc\u00e9s electoral que es dugui a terme despr\u00e9s que s\u2019hagi aprovat.Un cop constitu\u00eft, el consell escolar del centre ha de designar una persona que impulsi mesures educatives de foment de la igualtat real i efectiva entre homes i dones.<\/li>\n<\/ol>\n<div class=\"panel-heading\">\n<h2 class=\"panel-title\"><a class=\"\" href=\"http:\/\/ensenyament.gencat.cat\/ca\/arees-actuacio\/centres-serveis-educatius\/centres\/consells-escolars-centres\/centres-publics\/#bloc5\" data-toggle=\"collapse\" data-parent=\"#acordio_distribuidora\">Funcionament<\/a><\/h2>\n<\/div>\n<div id=\"bloc5\" class=\"panel-collapse collapse in\">\n<div class=\"col-xs-12\">\n<div class=\"cos_bloc basic_text_peq pd-15\">\n<p>El consell escolar ha d\u2019aprovar les seves normes de funcionament. En all\u00f2 que no estigui previst s\u2019han d\u2019aplicar les normes reguladores dels \u00f2rgans col\u00b7legiats de l\u2019Administraci\u00f3 de la Generalitat.<\/p>\n<p>El consell escolar del centre es reuneix preceptivament una vegada al trimestre i sempre que el convoca el director o directora del centre o ho sol\u00b7licita al menys un ter\u00e7 de les seves persones membres. A m\u00e9s, s\u2019ha de fer una reuni\u00f3 a principi de curs i una altra a la seva finalitzaci\u00f3.<\/p>\n<p>El consell escolar actua normalment en ple. Es poden constituir comissions espec\u00edfiques d\u2019estudi i informaci\u00f3, a les quals, en tot cas, s\u2019hi ha d\u2019incorporar la direcci\u00f3 del centre, o en la seva representaci\u00f3, un altre \u00f2rgan\u00a0unipersonal de direcci\u00f3,\u00a0un professor o professora, i un alumne o alumna o un representant o una representant de les mares i els pares. Els centres de titularitat p\u00fablica, a m\u00e9s, hi ha d\u2019haver preceptivament\u00a0una\u00a0<strong>comissi\u00f3 econ\u00f2mica<\/strong>\u00a0que supervisa la gesti\u00f3 econ\u00f2mica del centre.<\/p>\n<div class=\"panel-heading\">\n<h2 class=\"panel-title\"><a class=\"\" href=\"http:\/\/ensenyament.gencat.cat\/ca\/arees-actuacio\/centres-serveis-educatius\/centres\/consells-escolars-centres\/centres-publics\/#bloc6\" data-toggle=\"collapse\" data-parent=\"#acordio_distribuidora\">Renovaci\u00f3 de membres<\/a><\/h2>\n<\/div>\n<div id=\"bloc6\" class=\"panel-collapse collapse in\">\n<div class=\"col-xs-12\">\n<div class=\"cos_bloc basic_text_peq pd-15\">\n<p>Les persones del consell escolar s\u00f3n elegides per\u00a0<strong>un per\u00edode de quatre anys<\/strong>\u00a0i es renoven per meitats cada dos anys.<\/p>\n<p>Les eleccions per a la constituci\u00f3 o renovaci\u00f3 de membres del consell escolar, les convoca el director o directora del centre p\u00fablic, amb quinze dies d\u2019antelaci\u00f3, dintre del per\u00edode que fixa el Departament d\u2019Ensenyament.<\/p>\n<p>Les\u00a0<strong>vacants<\/strong>\u00a0del consell escolar s\u2019han d\u2019ocupar pel procediment establert a les normes d\u2019organitzaci\u00f3 i funcionament del centre; si aquestes no ho preveuen, les ha d\u2019ocupar la seg\u00fcent candidatura m\u00e9s votada en les darreres eleccions. Si no hi ha m\u00e9s candidats o candidates per cobrir-les, romanen sense cobrir fins a la propera renovaci\u00f3 del consell escolar.<\/p>\n<p>La condici\u00f3 de membre del consell escolar es perd quan es deixa el c\u00e0rrec que comporta ser-ne membre, quan es deixa de complir algun dels requisits per ser elegible o quan l\u2019\u00f2rgan que l\u2019ha designat en revoca la designaci\u00f3.<\/p>\n<\/div>\n<p>Font:\u00a0<a href=\"http:\/\/ensenyament.gencat.cat\/ca\/arees-actuacio\/centres-serveis-educatius\/centres\/consells-escolars-centres\/centres-publics\/\" target=\"_blank\" rel=\"noopener\">http:\/\/ensenyament.gencat.cat\/ca\/arees-actuacio\/centres-serveis-educatius\/centres\/consells-escolars-centres\/centres-publics\/<\/a><\/p>\n<hr \/>\n<\/div>\n<\/div>\n<\/div>\n<\/div>\n<\/div>\n<\/div>\n<\/div>\n<\/div>\n<\/div>\n<\/div>\n<\/div>\n<div class=\"addtoany_share_save_container addtoany_content addtoany_content_bottom\"><\/div>\n<p style=\"text-align: left;\">\n","protected":false},"excerpt":{"rendered":"<p>Directora: M\u00f2nica Garcia Soler Cap d&#8217;estudis: Ra\u00fcl \u00c1lvarez Mill\u00e1n Secretari: Sector PAS Laura Pellejero Garcia de Castro Representant Ajuntament Montserrat Mu\u00f1oz Retamal Sector Alumnat Abdelkarim Boudra Sector Alumnat Anastasia M\u00e1rquez M\u00e1rquez Sector Alumnat Fatima Ouahda Sector Alumnat Natalia Matiashchuk Sector Alumnat Pilar Castillo Jim\u00e9nez Sector Professorat Carlos Jimenez Arcas Sector Professorat Eva Ort\u00ed Grimau Sector [&hellip;]<\/p>\n","protected":false},"author":1,"featured_media":0,"parent":0,"menu_order":0,"comment_status":"closed","ping_status":"closed","template":"","meta":{"_bbp_topic_count":0,"_bbp_reply_count":0,"_bbp_total_topic_count":0,"_bbp_total_reply_count":0,"_bbp_voice_count":0,"_bbp_anonymous_reply_count":0,"_bbp_topic_count_hidden":0,"_bbp_reply_count_hidden":0,"_bbp_forum_subforum_count":0,"site-sidebar-layout":"default","site-content-layout":"","ast-site-content-layout":"default","site-content-style":"default","site-sidebar-style":"default","ast-global-header-display":"","ast-banner-title-visibility":"","ast-main-header-display":"","ast-hfb-above-header-display":"","ast-hfb-below-header-display":"","ast-hfb-mobile-header-display":"","site-post-title":"","ast-breadcrumbs-content":"","ast-featured-img":"","footer-sml-layout":"","theme-transparent-header-meta":"default","adv-header-id-meta":"","stick-header-meta":"","header-above-stick-meta":"","header-main-stick-meta":"","header-below-stick-meta":"","astra-migrate-meta-layouts":"set","ast-page-background-enabled":"default","ast-page-background-meta":{"desktop":{"background-color":"var(--ast-global-color-4)","background-image":"","background-repeat":"repeat","background-position":"center center","background-size":"auto","background-attachment":"scroll","background-type":"","background-media":"","overlay-type":"","overlay-color":"","overlay-opacity":"","overlay-gradient":""},"tablet":{"background-color":"","background-image":"","background-repeat":"repeat","background-position":"center center","background-size":"auto","background-attachment":"scroll","background-type":"","background-media":"","overlay-type":"","overlay-color":"","overlay-opacity":"","overlay-gradient":""},"mobile":{"background-color":"","background-image":"","background-repeat":"repeat","background-position":"center center","background-size":"auto","background-attachment":"scroll","background-type":"","background-media":"","overlay-type":"","overlay-color":"","overlay-opacity":"","overlay-gradient":""}},"ast-content-background-meta":{"desktop":{"background-color":"var(--ast-global-color-5)","background-image":"","background-repeat":"repeat","background-position":"center center","background-size":"auto","background-attachment":"scroll","background-type":"","background-media":"","overlay-type":"","overlay-color":"","overlay-opacity":"","overlay-gradient":""},"tablet":{"background-color":"var(--ast-global-color-5)","background-image":"","background-repeat":"repeat","background-position":"center center","background-size":"auto","background-attachment":"scroll","background-type":"","background-media":"","overlay-type":"","overlay-color":"","overlay-opacity":"","overlay-gradient":""},"mobile":{"background-color":"var(--ast-global-color-5)","background-image":"","background-repeat":"repeat","background-position":"center center","background-size":"auto","background-attachment":"scroll","background-type":"","background-media":"","overlay-type":"","overlay-color":"","overlay-opacity":"","overlay-gradient":""}},"footnotes":""},"class_list":["post-2414","page","type-page","status-publish","hentry"],"post_mailing_queue_ids":[],"_links":{"self":[{"href":"https:\/\/agora.xtec.cat\/cfavilafrancadelpenedes\/wp-json\/wp\/v2\/pages\/2414","targetHints":{"allow":["GET"]}}],"collection":[{"href":"https:\/\/agora.xtec.cat\/cfavilafrancadelpenedes\/wp-json\/wp\/v2\/pages"}],"about":[{"href":"https:\/\/agora.xtec.cat\/cfavilafrancadelpenedes\/wp-json\/wp\/v2\/types\/page"}],"author":[{"embeddable":true,"href":"https:\/\/agora.xtec.cat\/cfavilafrancadelpenedes\/wp-json\/wp\/v2\/users\/1"}],"replies":[{"embeddable":true,"href":"https:\/\/agora.xtec.cat\/cfavilafrancadelpenedes\/wp-json\/wp\/v2\/comments?post=2414"}],"version-history":[{"count":6,"href":"https:\/\/agora.xtec.cat\/cfavilafrancadelpenedes\/wp-json\/wp\/v2\/pages\/2414\/revisions"}],"predecessor-version":[{"id":4332,"href":"https:\/\/agora.xtec.cat\/cfavilafrancadelpenedes\/wp-json\/wp\/v2\/pages\/2414\/revisions\/4332"}],"wp:attachment":[{"href":"https:\/\/agora.xtec.cat\/cfavilafrancadelpenedes\/wp-json\/wp\/v2\/media?parent=2414"}],"curies":[{"name":"wp","href":"https:\/\/api.w.org\/{rel}","templated":true}]}}