{"id":1408,"date":"2022-01-13T17:49:55","date_gmt":"2022-01-13T16:49:55","guid":{"rendered":"https:\/\/agora.xtec.cat\/cfavilafrancadelpenedes\/?page_id=1408"},"modified":"2025-11-10T08:53:36","modified_gmt":"2025-11-10T07:53:36","slug":"pla-de-seguretat","status":"publish","type":"page","link":"https:\/\/agora.xtec.cat\/cfavilafrancadelpenedes\/pla-de-seguretat\/","title":{"rendered":"Pla de Seguretat"},"content":{"rendered":"<p>Actualment el centre t\u00e9 el mateix Pla de Seguretat que l&#8217;Institut Alt Pened\u00e8s, ja que est\u00e0 inserit dintre de les instal\u00b7lacions de l&#8217;Institut.<\/p>\n<p>Posem c\u00f2pia d&#8217;aquest pla: <a href=\"https:\/\/agora.xtec.cat\/iesaltpenedes\/linstitut\/pla-demergencia\/\" target=\"_blank\" rel=\"noopener\">Enlla\u00e7 a la p\u00e0gina<\/a><\/p>\n<p>Aqu\u00ed trobareu tota la informaci\u00f3 sobre el Pla d\u2019emerg\u00e8ncia de l&#8217;Institut. Podeu veure els videos en qu\u00e8 es mostren amb tot detall les diferents sortides d\u2019emerg\u00e8ncia.<\/p>\n<p>Tamb\u00e9 trobareu pl\u00e0nols i informaci\u00f3 addicional de seguretat.<\/p>\n<h4 class=\"wp-block-heading\">SORTIDA A: carrer Eugeni d\u2019Ors<\/h4>\n<figure class=\"wp-block-video\"><video src=\"https:\/\/agora.xtec.cat\/iesaltpenedes\/wp-content\/uploads\/usu1207\/2024\/09\/sortida-a-c-eugeni-d-ors-x2-696_erWbxHXU.mp4\" controls=\"controls\" width=\"300\" height=\"150\"><\/video><\/figure>\n<hr class=\"wp-block-separator has-alpha-channel-opacity\" \/>\n<h4 class=\"wp-block-heading\">SORTIDA B: avinguda Tarragona<\/h4>\n<figure class=\"wp-block-video\"><video src=\"https:\/\/agora.xtec.cat\/iesaltpenedes\/wp-content\/uploads\/usu1207\/2024\/09\/sortida-b-avda-tarragona-x2-763_7ug8GNxo.mp4\" controls=\"controls\" width=\"300\" height=\"150\"><\/video><\/figure>\n<hr class=\"wp-block-separator has-alpha-channel-opacity\" \/>\n<h4 class=\"wp-block-heading\">SORTIDA C1: avinguda Tarragona<\/h4>\n<figure class=\"wp-block-video\"><video src=\"https:\/\/agora.xtec.cat\/iesaltpenedes\/wp-content\/uploads\/usu1207\/2024\/09\/sortida-c1-avda-tarragona-x2-980_uH8fXxJz.mp4\" controls=\"controls\" width=\"300\" height=\"150\"><\/video><\/figure>\n<hr class=\"wp-block-separator has-alpha-channel-opacity\" \/>\n<h2 class=\"wp-block-heading\">Pl\u00e0nols i informaci\u00f3 addicional<\/h2>\n<figure class=\"wp-block-table\">\n<table>\n<tbody>\n<tr>\n<td><img decoding=\"async\" src=\"https:\/\/463344365128478901.weebly.com\/uploads\/4\/9\/8\/1\/49816005\/6287166.jpg\" \/><\/td>\n<td><img decoding=\"async\" src=\"https:\/\/463344365128478901.weebly.com\/uploads\/4\/9\/8\/1\/49816005\/sshot-21.png\" \/><\/td>\n<\/tr>\n<tr>\n<td><img decoding=\"async\" src=\"https:\/\/463344365128478901.weebly.com\/uploads\/4\/9\/8\/1\/49816005\/sshot-23.png\" \/><\/td>\n<td><img decoding=\"async\" src=\"https:\/\/463344365128478901.weebly.com\/uploads\/4\/9\/8\/1\/49816005\/40-cap-al-punt-de-trobada.jpg\" \/><\/td>\n<\/tr>\n<\/tbody>\n<\/table>\n<\/figure>\n<p>Per a una informaci\u00f3 detallada, podeu descarregar-vos l\u2019arxiu seg\u00fcent:<\/p>\n<p><a href=\"https:\/\/agora.xtec.cat\/iesaltpenedes\/wp-content\/uploads\/usu1207\/2024\/09\/recorreguts_per_plantes_v2.4.pps\">Recorreguts per plantes<\/a><\/p>\n<p>Al seg\u00fcent arxiu trobareu tota la documentaci\u00f3 de les instruccions d\u2019evacuaci\u00f3:<\/p>\n<p><a href=\"https:\/\/agora.xtec.cat\/iesaltpenedes\/wp-content\/uploads\/usu1207\/2024\/09\/instruccions_evacuacio_v2.4.pdf\">Instruccions d\u2019evacuaci\u00f3<\/a><\/p>\n<p><a href=\"https:\/\/agora.xtec.cat\/iesaltpenedes\/wp-content\/uploads\/usu1207\/2025\/10\/Pla-demergencia-simulacre-devacuacio.pdf\">Pla d\u2019emerg\u00e8ncia: com actuar en una evacuaci\u00f3 i en un confinament.<\/a><\/p>\n<hr \/>\n<p><a class=\"aalink\" href=\"https:\/\/www.ies-eugeni.cat\/mod\/resource\/view.php?id=119388\"><span class=\"instancename\">Instruccions en cas d&#8217;accident laboral 2023-24<\/span><\/a><\/p>\n<div class=\"mod-indent-outer\">\n<div class=\"ad-activity-wrapper\">\n<ul>\n<li class=\"activityinstance\"><a class=\"aalink\" href=\"https:\/\/www.ies-eugeni.cat\/mod\/url\/view.php?id=118733\"><span class=\"instancename\">Atenci\u00f3 al mutualista MUFACE<\/span><\/a><\/li>\n<li class=\"activityinstance\"><a class=\"aalink\" style=\"font-family: inherit; font-size: 1em;\" href=\"https:\/\/www.ies-eugeni.cat\/mod\/resource\/view.php?id=118728\"><img decoding=\"async\" class=\"iconlarge activityicon\" role=\"presentation\" src=\"https:\/\/www.ies-eugeni.cat\/theme\/image.php\/adaptable\/core\/1694019195\/f\/pdf-24\" alt=\"\" aria-hidden=\"true\" \/><span class=\"instancename\">Cat\u00e0leg DKV-Muface Barcelona-2023<\/span><\/a><\/li>\n<li class=\"activityinstance\"><a class=\"aalink\" style=\"font-family: inherit; font-size: 1em;\" href=\"https:\/\/www.ies-eugeni.cat\/mod\/resource\/view.php?id=118729\"><img decoding=\"async\" class=\"iconlarge activityicon\" role=\"presentation\" src=\"https:\/\/www.ies-eugeni.cat\/theme\/image.php\/adaptable\/core\/1694019195\/f\/pdf-24\" alt=\"\" aria-hidden=\"true\" \/><span class=\"instancename\">Cat\u00e0leg DKV-Muface Tarragona 2023<\/span><\/a><\/li>\n<li class=\"activityinstance\"><a class=\"aalink\" href=\"https:\/\/www.ies-eugeni.cat\/mod\/resource\/view.php?id=118736\"><img decoding=\"async\" class=\"iconlarge activityicon\" role=\"presentation\" src=\"https:\/\/www.ies-eugeni.cat\/theme\/image.php\/adaptable\/core\/1694019195\/f\/pdf-24\" alt=\"\" aria-hidden=\"true\" \/><span class=\"instancename\">Cat\u00e0leg DKV-Muface Lleida 2023<\/span><\/a><\/li>\n<li class=\"activityinstance\"><a class=\"aalink\" href=\"https:\/\/www.ies-eugeni.cat\/mod\/resource\/view.php?id=194760\"><img decoding=\"async\" class=\"iconlarge activityicon\" role=\"presentation\" src=\"https:\/\/www.ies-eugeni.cat\/theme\/image.php\/adaptable\/core\/1694019195\/f\/pdf-24\" alt=\"\" aria-hidden=\"true\" \/><span class=\"instancename\">Cat\u00e0leg DKV-Muface Girona 2023<\/span><\/a><\/li>\n<\/ul>\n<\/div>\n<\/div>\n","protected":false},"excerpt":{"rendered":"<p>Actualment el centre t\u00e9 el mateix Pla de Seguretat que l&#8217;Institut Alt Pened\u00e8s, ja que est\u00e0 inserit dintre de les instal\u00b7lacions de l&#8217;Institut. Posem c\u00f2pia d&#8217;aquest pla: Enlla\u00e7 a la p\u00e0gina Aqu\u00ed trobareu tota la informaci\u00f3 sobre el Pla d\u2019emerg\u00e8ncia de l&#8217;Institut. Podeu veure els videos en qu\u00e8 es mostren amb tot detall les diferents [&hellip;]<\/p>\n","protected":false},"author":1,"featured_media":0,"parent":0,"menu_order":0,"comment_status":"closed","ping_status":"closed","template":"","meta":{"_bbp_topic_count":0,"_bbp_reply_count":0,"_bbp_total_topic_count":0,"_bbp_total_reply_count":0,"_bbp_voice_count":0,"_bbp_anonymous_reply_count":0,"_bbp_topic_count_hidden":0,"_bbp_reply_count_hidden":0,"_bbp_forum_subforum_count":0,"site-sidebar-layout":"default","site-content-layout":"","ast-site-content-layout":"default","site-content-style":"default","site-sidebar-style":"default","ast-global-header-display":"","ast-banner-title-visibility":"","ast-main-header-display":"","ast-hfb-above-header-display":"","ast-hfb-below-header-display":"","ast-hfb-mobile-header-display":"","site-post-title":"","ast-breadcrumbs-content":"","ast-featured-img":"","footer-sml-layout":"","theme-transparent-header-meta":"default","adv-header-id-meta":"","stick-header-meta":"","header-above-stick-meta":"","header-main-stick-meta":"","header-below-stick-meta":"","astra-migrate-meta-layouts":"set","ast-page-background-enabled":"default","ast-page-background-meta":{"desktop":{"background-color":"var(--ast-global-color-4)","background-image":"","background-repeat":"repeat","background-position":"center center","background-size":"auto","background-attachment":"scroll","background-type":"","background-media":"","overlay-type":"","overlay-color":"","overlay-opacity":"","overlay-gradient":""},"tablet":{"background-color":"","background-image":"","background-repeat":"repeat","background-position":"center center","background-size":"auto","background-attachment":"scroll","background-type":"","background-media":"","overlay-type":"","overlay-color":"","overlay-opacity":"","overlay-gradient":""},"mobile":{"background-color":"","background-image":"","background-repeat":"repeat","background-position":"center center","background-size":"auto","background-attachment":"scroll","background-type":"","background-media":"","overlay-type":"","overlay-color":"","overlay-opacity":"","overlay-gradient":""}},"ast-content-background-meta":{"desktop":{"background-color":"var(--ast-global-color-5)","background-image":"","background-repeat":"repeat","background-position":"center center","background-size":"auto","background-attachment":"scroll","background-type":"","background-media":"","overlay-type":"","overlay-color":"","overlay-opacity":"","overlay-gradient":""},"tablet":{"background-color":"var(--ast-global-color-5)","background-image":"","background-repeat":"repeat","background-position":"center center","background-size":"auto","background-attachment":"scroll","background-type":"","background-media":"","overlay-type":"","overlay-color":"","overlay-opacity":"","overlay-gradient":""},"mobile":{"background-color":"var(--ast-global-color-5)","background-image":"","background-repeat":"repeat","background-position":"center center","background-size":"auto","background-attachment":"scroll","background-type":"","background-media":"","overlay-type":"","overlay-color":"","overlay-opacity":"","overlay-gradient":""}},"footnotes":""},"class_list":["post-1408","page","type-page","status-publish","hentry"],"post_mailing_queue_ids":[],"_links":{"self":[{"href":"https:\/\/agora.xtec.cat\/cfavilafrancadelpenedes\/wp-json\/wp\/v2\/pages\/1408","targetHints":{"allow":["GET"]}}],"collection":[{"href":"https:\/\/agora.xtec.cat\/cfavilafrancadelpenedes\/wp-json\/wp\/v2\/pages"}],"about":[{"href":"https:\/\/agora.xtec.cat\/cfavilafrancadelpenedes\/wp-json\/wp\/v2\/types\/page"}],"author":[{"embeddable":true,"href":"https:\/\/agora.xtec.cat\/cfavilafrancadelpenedes\/wp-json\/wp\/v2\/users\/1"}],"replies":[{"embeddable":true,"href":"https:\/\/agora.xtec.cat\/cfavilafrancadelpenedes\/wp-json\/wp\/v2\/comments?post=1408"}],"version-history":[{"count":5,"href":"https:\/\/agora.xtec.cat\/cfavilafrancadelpenedes\/wp-json\/wp\/v2\/pages\/1408\/revisions"}],"predecessor-version":[{"id":4186,"href":"https:\/\/agora.xtec.cat\/cfavilafrancadelpenedes\/wp-json\/wp\/v2\/pages\/1408\/revisions\/4186"}],"wp:attachment":[{"href":"https:\/\/agora.xtec.cat\/cfavilafrancadelpenedes\/wp-json\/wp\/v2\/media?parent=1408"}],"curies":[{"name":"wp","href":"https:\/\/api.w.org\/{rel}","templated":true}]}}