{"id":9495,"date":"2024-12-28T04:08:05","date_gmt":"2024-12-28T03:08:05","guid":{"rendered":"https:\/\/agora.xtec.cat\/cfavictorinavila\/?page_id=9495"},"modified":"2025-10-07T17:06:42","modified_gmt":"2025-10-07T15:06:42","slug":"serveis-generals","status":"publish","type":"page","link":"https:\/\/agora.xtec.cat\/cfavictorinavila\/serveis-generals\/","title":{"rendered":"Serveis generals"},"content":{"rendered":"\n<div style=\"height:20px\" aria-hidden=\"true\" class=\"wp-block-spacer\"><\/div>\n\n\n\n<p style=\"padding-top:0;padding-right:0;padding-bottom:0;padding-left:0;font-size:25px;line-height:1.6\"><span style=\"color: #333333;\">Al CFA Victorina Vila tamb\u00e9 oferim serveis a la ciutadania en general. Encara que no s&#8217;estigui matriculat al centre es pot accedir a realitzar-hi les proves d&#8217;acreditaci\u00f3 <em>ACTIC<\/em>, demanar-nos assessorament per a la inscripci\u00f3 al <em>Servei d&#8217;Acreditaci\u00f3 de Compet\u00e8ncies Professionals<\/em> o realitzar cursos de <em>Capacitaci\u00f3 Digital<\/em>. <\/span><\/p>\n\n\n\n<div class=\"wp-block-columns is-layout-flex wp-container-core-columns-is-layout-1 wp-block-columns-is-layout-flex\">\n<div class=\"wp-block-column is-layout-flow wp-block-column-is-layout-flow\">\n<figure class=\"wp-block-image aligncenter size-full is-resized has-custom-border\"><a href=\"https:\/\/agora.xtec.cat\/cfavictorinavila\/serveis-generals\/acreditacions-actic\/\" target=\"_blank\" rel=\"noreferrer noopener\"><img loading=\"lazy\" decoding=\"async\" width=\"325\" height=\"226\" src=\"https:\/\/agora.xtec.cat\/cfavictorinavila\/wp-content\/uploads\/usu417\/2025\/01\/centre-ACTIC.jpg\" alt=\"\" class=\"has-border-color wp-image-9725\" style=\"border-color:var(--ast-global-color-0);border-width:1px;border-radius:15px;width:255px\"\/><\/a><\/figure>\n\n\n\n<div class=\"wp-block-getwid-advanced-spacer getwid-hide-desktop getwid-hide-tablet\" style=\"height:40px\" aria-hidden=\"true\"><\/div>\n<\/div>\n\n\n\n<div class=\"wp-block-column is-layout-flow wp-block-column-is-layout-flow\">\n<figure class=\"wp-block-image aligncenter size-full is-resized has-custom-border\"><a href=\"https:\/\/agora.xtec.cat\/cfavictorinavila\/serveis-generals\/acreditacions-professionals\/\" target=\"_blank\" rel=\"noreferrer noopener\"><img decoding=\"async\" src=\"https:\/\/agora.xtec.cat\/cfavictorinavila\/wp-content\/uploads\/usu417\/2025\/03\/acreditacions-professionals-final.jpg\" alt=\"\" class=\"has-border-color wp-image-9727\" style=\"border-color:#cf2e2e;border-width:1px;border-radius:15px;width:255px\"\/><\/a><\/figure>\n\n\n\n<div class=\"wp-block-getwid-advanced-spacer getwid-hide-desktop getwid-hide-tablet\" style=\"height:40px\" aria-hidden=\"true\"><\/div>\n<\/div>\n\n\n\n<div class=\"wp-block-column is-layout-flow wp-block-column-is-layout-flow\">\n<figure class=\"wp-block-image aligncenter size-full is-resized has-custom-border\"><a href=\"https:\/\/agora.xtec.cat\/cfavictorinavila\/serveis-generals\/capacitacio-digital\/\" target=\"_blank\" rel=\"noreferrer noopener\"><img loading=\"lazy\" decoding=\"async\" width=\"379\" height=\"261\" src=\"https:\/\/agora.xtec.cat\/cfavictorinavila\/wp-content\/uploads\/usu417\/2025\/01\/capacitacio-digital.jpg\" alt=\"\" class=\"has-border-color wp-image-9726\" style=\"border-color:var(--ast-global-color-1);border-width:1px;border-radius:15px;width:255px\"\/><\/a><\/figure>\n<\/div>\n<\/div>\n\n\n\n<div class=\"wp-block-getwid-advanced-spacer getwid-hide-tablet getwid-hide-mobile\" style=\"height:10px\" aria-hidden=\"true\"><\/div>\n\n\n\n<p class=\"has-black-color has-text-color has-link-color wp-elements-a46ab923cba9ef2d891fe0ec45bfe9be\" style=\"font-size:25px;line-height:1.6\">Pel que fa a la gesti\u00f3 dels t\u00edtols d&#8217;ESO, acreditacions en llengua catalana, documentaci\u00f3 i altres tr\u00e0mits i sol\u00b7licituds, consulteu <a href=\"https:\/\/agora.xtec.cat\/cfavictorinavila\/el-centre\/impresos-i-sollicituds\/\" target=\"_blank\" rel=\"noreferrer noopener\">aquesta p\u00e0gina<\/a>.<\/p>\n\n\n\n<div style=\"height:30px\" aria-hidden=\"true\" class=\"wp-block-spacer\"><\/div>\n","protected":false},"excerpt":{"rendered":"<p>Al CFA Victorina Vila tamb\u00e9 oferim serveis a la ciutadania en general. Encara que no s&#8217;estigui matriculat al centre es pot accedir a realitzar-hi les proves d&#8217;acreditaci\u00f3 ACTIC, demanar-nos assessorament per a la inscripci\u00f3 al Servei d&#8217;Acreditaci\u00f3 de Compet\u00e8ncies Professionals o realitzar cursos de Capacitaci\u00f3 Digital. Pel que fa a la gesti\u00f3 dels t\u00edtols d&#8217;ESO, [&hellip;]<\/p>\n","protected":false},"author":1,"featured_media":0,"parent":0,"menu_order":0,"comment_status":"closed","ping_status":"close","template":"","meta":{"site-sidebar-layout":"default","site-content-layout":"","ast-site-content-layout":"default","site-content-style":"default","site-sidebar-style":"default","ast-global-header-display":"","ast-banner-title-visibility":"","ast-main-header-display":"","ast-hfb-above-header-display":"","ast-hfb-below-header-display":"","ast-hfb-mobile-header-display":"","site-post-title":"","ast-breadcrumbs-content":"","ast-featured-img":"","footer-sml-layout":"","theme-transparent-header-meta":"","adv-header-id-meta":"","stick-header-meta":"","header-above-stick-meta":"","header-main-stick-meta":"","header-below-stick-meta":"","astra-migrate-meta-layouts":"set","ast-page-background-enabled":"default","ast-page-background-meta":{"desktop":{"background-color":"var(--ast-global-color-4)","background-image":"","background-repeat":"repeat","background-position":"center center","background-size":"auto","background-attachment":"scroll","background-type":"","background-media":"","overlay-type":"","overlay-color":"","overlay-opacity":"","overlay-gradient":""},"tablet":{"background-color":"","background-image":"","background-repeat":"repeat","background-position":"center center","background-size":"auto","background-attachment":"scroll","background-type":"","background-media":"","overlay-type":"","overlay-color":"","overlay-opacity":"","overlay-gradient":""},"mobile":{"background-color":"","background-image":"","background-repeat":"repeat","background-position":"center center","background-size":"auto","background-attachment":"scroll","background-type":"","background-media":"","overlay-type":"","overlay-color":"","overlay-opacity":"","overlay-gradient":""}},"ast-content-background-meta":{"desktop":{"background-color":"var(--ast-global-color-5)","background-image":"","background-repeat":"repeat","background-position":"center center","background-size":"auto","background-attachment":"scroll","background-type":"","background-media":"","overlay-type":"","overlay-color":"","overlay-opacity":"","overlay-gradient":""},"tablet":{"background-color":"var(--ast-global-color-5)","background-image":"","background-repeat":"repeat","background-position":"center center","background-size":"auto","background-attachment":"scroll","background-type":"","background-media":"","overlay-type":"","overlay-color":"","overlay-opacity":"","overlay-gradient":""},"mobile":{"background-color":"var(--ast-global-color-5)","background-image":"","background-repeat":"repeat","background-position":"center center","background-size":"auto","background-attachment":"scroll","background-type":"","background-media":"","overlay-type":"","overlay-color":"","overlay-opacity":"","overlay-gradient":""}},"footnotes":""},"class_list":["post-9495","page","type-page","status-publish","hentry"],"post_mailing_queue_ids":[],"_links":{"self":[{"href":"https:\/\/agora.xtec.cat\/cfavictorinavila\/wp-json\/wp\/v2\/pages\/9495","targetHints":{"allow":["GET"]}}],"collection":[{"href":"https:\/\/agora.xtec.cat\/cfavictorinavila\/wp-json\/wp\/v2\/pages"}],"about":[{"href":"https:\/\/agora.xtec.cat\/cfavictorinavila\/wp-json\/wp\/v2\/types\/page"}],"author":[{"embeddable":true,"href":"https:\/\/agora.xtec.cat\/cfavictorinavila\/wp-json\/wp\/v2\/users\/1"}],"replies":[{"embeddable":true,"href":"https:\/\/agora.xtec.cat\/cfavictorinavila\/wp-json\/wp\/v2\/comments?post=9495"}],"version-history":[{"count":6,"href":"https:\/\/agora.xtec.cat\/cfavictorinavila\/wp-json\/wp\/v2\/pages\/9495\/revisions"}],"predecessor-version":[{"id":13048,"href":"https:\/\/agora.xtec.cat\/cfavictorinavila\/wp-json\/wp\/v2\/pages\/9495\/revisions\/13048"}],"wp:attachment":[{"href":"https:\/\/agora.xtec.cat\/cfavictorinavila\/wp-json\/wp\/v2\/media?parent=9495"}],"curies":[{"name":"wp","href":"https:\/\/api.w.org\/{rel}","templated":true}]}}