{"id":9,"date":"2014-09-12T10:15:01","date_gmt":"2014-09-12T10:15:01","guid":{"rendered":"http:\/\/agora.xtec.cat\/cfajoancarles\/?page_id=9"},"modified":"2025-03-09T02:48:36","modified_gmt":"2025-03-09T01:48:36","slug":"pagina-dinici-buida","status":"publish","type":"page","link":"https:\/\/agora.xtec.cat\/cfavictorinavila\/","title":{"rendered":"CFA Victorina Vila"},"content":{"rendered":"        <div class=\"wp-block-getwid-custom-post-type custom-post-type-post has-layout-grid has-spacing-small\">\n            <div class=\"wp-block-getwid-custom-post-type__wrapper getwid-columns getwid-columns-2\">\n                \t\t\t\t\t\t\t\t<div class='wp-block-getwid-custom-post-type__post'>\n\t\t\t\t\t\t\t\t\t\n<div class=\"wp-block-group has-border-color has-background is-vertical is-content-justification-left is-layout-flex wp-container-core-group-is-layout-1 wp-block-group-is-layout-flex\" style=\"border-color:#e9b663;border-width:1px;border-radius:20px;background-color:#fef6f7;min-height:100%;margin-top:0;margin-bottom:0;padding-top:var(--wp--preset--spacing--60);padding-right:var(--wp--preset--spacing--60);padding-bottom:var(--wp--preset--spacing--60);padding-left:var(--wp--preset--spacing--60)\">\n<h3 class=\"wp-block-getwid-template-post-title\"><a class=\"wp-block-getwid-template-post-title__link\" href=\"https:\/\/agora.xtec.cat\/cfavictorinavila\/general\/la-seu-vella-en-angles-frances-i-catala\/\">La Seu Vella en angl\u00e8s, franc\u00e8s i catal\u00e0<\/a><\/h3>\n\n<div style=\"padding-top:0;padding-bottom:0;margin-top:0;margin-bottom:0;\" class=\"has-link-color wp-elements-0ac3863128fdedd2a667a54c268886d4 wp-block-post-date has-text-color has-ast-global-color-0-color\"><time datetime=\"2026-04-26T16:16:46+02:00\">26\/04\/2026<\/time><\/div>\n\n\n<div style=\"height:0px\" aria-hidden=\"true\" class=\"wp-block-spacer wp-container-content-1\"><\/div>\n\n\n\n<div class=\"wp-block-getwid-template-post-featured-image\" >\n            <a href=\"https:\/\/agora.xtec.cat\/cfavictorinavila\/general\/la-seu-vella-en-angles-frances-i-catala\/\">\n        <img loading=\"lazy\" decoding=\"async\" width=\"1109\" height=\"1109\" src=\"https:\/\/agora.xtec.cat\/cfavictorinavila\/wp-content\/uploads\/usu417\/2026\/04\/1000089147.png\" class=\"attachment-large size-large wp-post-image\" alt=\"La Seu Vella en angl\u00e8s, franc\u00e8s i catal\u00e0\" srcset=\"https:\/\/agora.xtec.cat\/cfavictorinavila\/wp-content\/uploads\/usu417\/2026\/04\/1000089147.png 1109w, https:\/\/agora.xtec.cat\/cfavictorinavila\/wp-content\/uploads\/usu417\/2026\/04\/1000089147-768x768.png 768w\" sizes=\"auto, (max-width: 1109px) 100vw, 1109px\" \/>            <\/a>\n    <\/div>\n\n\n\n<div style=\"height:0px\" aria-hidden=\"true\" class=\"wp-block-spacer wp-container-content-2\"><\/div>\n\n\n\n<div class=\"wp-block-getwid-template-post-content is-excerpt\" ><p>Durant les Jornades Culturals 2026, alguns alumnes van oferir visites guiades a la Seu Vella en angl\u00e8s, franc\u00e8s i catal\u00e0 \ud83d\udde3 Una iniciativa intercultural que va fomentar la participaci\u00f3, el treball en equip&#8230;<\/p><\/div>\n<\/div>\n\t\t\t\t\t\t\t\t<\/div>\n\t\t\t\t\t\t\t\t\t\t\t\t\t\t\t<div class='wp-block-getwid-custom-post-type__post'>\n\t\t\t\t\t\t\t\t\t\n<div class=\"wp-block-group has-border-color has-background is-vertical is-content-justification-left is-layout-flex wp-container-core-group-is-layout-2 wp-block-group-is-layout-flex\" style=\"border-color:#e9b663;border-width:1px;border-radius:20px;background-color:#fef6f7;min-height:100%;margin-top:0;margin-bottom:0;padding-top:var(--wp--preset--spacing--60);padding-right:var(--wp--preset--spacing--60);padding-bottom:var(--wp--preset--spacing--60);padding-left:var(--wp--preset--spacing--60)\">\n<h3 class=\"wp-block-getwid-template-post-title\"><a class=\"wp-block-getwid-template-post-title__link\" href=\"https:\/\/agora.xtec.cat\/cfavictorinavila\/general\/taller-daquarella-creativa\/\">Taller d&#8217;aquarel\u00b7la creativa<\/a><\/h3>\n\n<div style=\"padding-top:0;padding-bottom:0;margin-top:0;margin-bottom:0;\" class=\"has-link-color wp-elements-0ac3863128fdedd2a667a54c268886d4 wp-block-post-date has-text-color has-ast-global-color-0-color\"><time datetime=\"2026-04-24T19:04:47+02:00\">24\/04\/2026<\/time><\/div>\n\n\n<div style=\"height:0px\" aria-hidden=\"true\" class=\"wp-block-spacer wp-container-content-3\"><\/div>\n\n\n\n<div class=\"wp-block-getwid-template-post-featured-image\" >\n            <a href=\"https:\/\/agora.xtec.cat\/cfavictorinavila\/general\/taller-daquarella-creativa\/\">\n        <img loading=\"lazy\" decoding=\"async\" width=\"1386\" height=\"1386\" src=\"https:\/\/agora.xtec.cat\/cfavictorinavila\/wp-content\/uploads\/usu417\/2026\/04\/Picsart_26-04-24_18-44-51-554.jpg\" class=\"attachment-large size-large wp-post-image\" alt=\"Taller d&#8217;aquarel\u00b7la creativa\" srcset=\"https:\/\/agora.xtec.cat\/cfavictorinavila\/wp-content\/uploads\/usu417\/2026\/04\/Picsart_26-04-24_18-44-51-554.jpg 1386w, https:\/\/agora.xtec.cat\/cfavictorinavila\/wp-content\/uploads\/usu417\/2026\/04\/Picsart_26-04-24_18-44-51-554-768x768.jpg 768w\" sizes=\"auto, (max-width: 1386px) 100vw, 1386px\" \/>            <\/a>\n    <\/div>\n\n\n\n<div style=\"height:0px\" aria-hidden=\"true\" class=\"wp-block-spacer wp-container-content-4\"><\/div>\n\n\n\n<div class=\"wp-block-getwid-template-post-content is-excerpt\" ><p>\ud83c\udfa8 En el marc de les Jornades Culturals 2026 vam tenir el plaer de gaudir d\u2019un taller d\u2019aquarel\u00b7la creativa impartit per Rosa Franco. Amb les seves t\u00e8cniques i consells vam explorar les possibilitats infinites dels colors i les formes, deixant volar la imaginaci\u00f3 i la creativitat de cadasc\u00fa \ud83d\udc68\ud83c\udffb\u200d\ud83c\udfa8<\/p><\/div>\n<\/div>\n\t\t\t\t\t\t\t\t<\/div>\n\t\t\t\t\t\t\t\t\t\t\t\t\t\t\t<div class='wp-block-getwid-custom-post-type__post'>\n\t\t\t\t\t\t\t\t\t\n<div class=\"wp-block-group has-border-color has-background is-vertical is-content-justification-left is-layout-flex wp-container-core-group-is-layout-3 wp-block-group-is-layout-flex\" style=\"border-color:#e9b663;border-width:1px;border-radius:20px;background-color:#fef6f7;min-height:100%;margin-top:0;margin-bottom:0;padding-top:var(--wp--preset--spacing--60);padding-right:var(--wp--preset--spacing--60);padding-bottom:var(--wp--preset--spacing--60);padding-left:var(--wp--preset--spacing--60)\">\n<h3 class=\"wp-block-getwid-template-post-title\"><a class=\"wp-block-getwid-template-post-title__link\" href=\"https:\/\/agora.xtec.cat\/cfavictorinavila\/general\/les-unes-i-les-altres\/\">Les unes i les altres<\/a><\/h3>\n\n<div style=\"padding-top:0;padding-bottom:0;margin-top:0;margin-bottom:0;\" class=\"has-link-color wp-elements-0ac3863128fdedd2a667a54c268886d4 wp-block-post-date has-text-color has-ast-global-color-0-color\"><time datetime=\"2026-04-22T19:00:23+02:00\">22\/04\/2026<\/time><\/div>\n\n\n<div style=\"height:0px\" aria-hidden=\"true\" class=\"wp-block-spacer wp-container-content-5\"><\/div>\n\n\n\n<div class=\"wp-block-getwid-template-post-featured-image\" >\n            <a href=\"https:\/\/agora.xtec.cat\/cfavictorinavila\/general\/les-unes-i-les-altres\/\">\n        <img loading=\"lazy\" decoding=\"async\" width=\"1330\" height=\"1330\" src=\"https:\/\/agora.xtec.cat\/cfavictorinavila\/wp-content\/uploads\/usu417\/2026\/04\/Picsart_26-04-22_15-12-59-411.jpg\" class=\"attachment-large size-large wp-post-image\" alt=\"Les unes i les altres\" srcset=\"https:\/\/agora.xtec.cat\/cfavictorinavila\/wp-content\/uploads\/usu417\/2026\/04\/Picsart_26-04-22_15-12-59-411.jpg 1330w, https:\/\/agora.xtec.cat\/cfavictorinavila\/wp-content\/uploads\/usu417\/2026\/04\/Picsart_26-04-22_15-12-59-411-768x768.jpg 768w\" sizes=\"auto, (max-width: 1330px) 100vw, 1330px\" \/>            <\/a>\n    <\/div>\n\n\n\n<div style=\"height:0px\" aria-hidden=\"true\" class=\"wp-block-spacer wp-container-content-6\"><\/div>\n\n\n\n<div class=\"wp-block-getwid-template-post-content is-excerpt\" ><p>En el marc de les Jornades Culturals 2026\u00a0 la N\u00faria Miret va delectar-nos amb versos de &#8220;Les unes i les altres&#8221;, un emotiu homenatge a la feminitat \u2640\ufe0f\ud83e\udeb6\u00a0 Va estar acompanyada per la m\u00e0gia d&#8217;en David Pradas al piano i la combinaci\u00f3 poesia+m\u00fasica va crear una atmosfera \u00fanica que va tocar el cor de tothom&hellip;<\/p><\/div>\n<\/div>\n\t\t\t\t\t\t\t\t<\/div>\n\t\t\t\t\t\t\t\t\t\t\t\t\t\t\t<div class='wp-block-getwid-custom-post-type__post'>\n\t\t\t\t\t\t\t\t\t\n<div class=\"wp-block-group has-border-color has-background is-vertical is-content-justification-left is-layout-flex wp-container-core-group-is-layout-4 wp-block-group-is-layout-flex\" style=\"border-color:#e9b663;border-width:1px;border-radius:20px;background-color:#fef6f7;min-height:100%;margin-top:0;margin-bottom:0;padding-top:var(--wp--preset--spacing--60);padding-right:var(--wp--preset--spacing--60);padding-bottom:var(--wp--preset--spacing--60);padding-left:var(--wp--preset--spacing--60)\">\n<h3 class=\"wp-block-getwid-template-post-title\"><a class=\"wp-block-getwid-template-post-title__link\" href=\"https:\/\/agora.xtec.cat\/cfavictorinavila\/general\/taller-de-circ\/\">Taller de circ<\/a><\/h3>\n\n<div style=\"padding-top:0;padding-bottom:0;margin-top:0;margin-bottom:0;\" class=\"has-link-color wp-elements-0ac3863128fdedd2a667a54c268886d4 wp-block-post-date has-text-color has-ast-global-color-0-color\"><time datetime=\"2026-04-21T09:44:34+02:00\">21\/04\/2026<\/time><\/div>\n\n\n<div style=\"height:0px\" aria-hidden=\"true\" class=\"wp-block-spacer wp-container-content-7\"><\/div>\n\n\n\n<div class=\"wp-block-getwid-template-post-featured-image\" >\n            <a href=\"https:\/\/agora.xtec.cat\/cfavictorinavila\/general\/taller-de-circ\/\">\n        <img loading=\"lazy\" decoding=\"async\" width=\"2560\" height=\"2560\" src=\"https:\/\/agora.xtec.cat\/cfavictorinavila\/wp-content\/uploads\/usu417\/2026\/04\/Picsart_26-04-21_01-20-56-141-1-scaled.jpg\" class=\"attachment-large size-large wp-post-image\" alt=\"Taller de circ\" srcset=\"https:\/\/agora.xtec.cat\/cfavictorinavila\/wp-content\/uploads\/usu417\/2026\/04\/Picsart_26-04-21_01-20-56-141-1-scaled.jpg 2560w, https:\/\/agora.xtec.cat\/cfavictorinavila\/wp-content\/uploads\/usu417\/2026\/04\/Picsart_26-04-21_01-20-56-141-1-768x768.jpg 768w, https:\/\/agora.xtec.cat\/cfavictorinavila\/wp-content\/uploads\/usu417\/2026\/04\/Picsart_26-04-21_01-20-56-141-1-1536x1536.jpg 1536w, https:\/\/agora.xtec.cat\/cfavictorinavila\/wp-content\/uploads\/usu417\/2026\/04\/Picsart_26-04-21_01-20-56-141-1-2048x2048.jpg 2048w\" sizes=\"auto, (max-width: 2560px) 100vw, 2560px\" \/>            <\/a>\n    <\/div>\n\n\n\n<div style=\"height:0px\" aria-hidden=\"true\" class=\"wp-block-spacer wp-container-content-8\"><\/div>\n\n\n\n<div class=\"wp-block-getwid-template-post-content is-excerpt\" ><p>Rialles, equilibri i algun repte inesperat: aix\u00ed s\u2019ha viscut el taller de circ al CFA Victorina Vila, una activitat de les Jornades Culturals 2026 que ha convertit els jardins de l\u20191 de maig en un espai d\u2019experimentaci\u00f3 i descoberta ple de moviment i bon ambient \ud83d\udd0d \ud83e\udd39\u200d\u2640\ufe0f \ud83c\udf89<\/p><\/div>\n<\/div>\n\t\t\t\t\t\t\t\t<\/div>\n\t\t\t\t\t\t\t\t\t\t\t\t\t\t\t<div class='wp-block-getwid-custom-post-type__post'>\n\t\t\t\t\t\t\t\t\t\n<div class=\"wp-block-group has-border-color has-background is-vertical is-content-justification-left is-layout-flex wp-container-core-group-is-layout-5 wp-block-group-is-layout-flex\" style=\"border-color:#e9b663;border-width:1px;border-radius:20px;background-color:#fef6f7;min-height:100%;margin-top:0;margin-bottom:0;padding-top:var(--wp--preset--spacing--60);padding-right:var(--wp--preset--spacing--60);padding-bottom:var(--wp--preset--spacing--60);padding-left:var(--wp--preset--spacing--60)\">\n<h3 class=\"wp-block-getwid-template-post-title\"><a class=\"wp-block-getwid-template-post-title__link\" href=\"https:\/\/agora.xtec.cat\/cfavictorinavila\/general\/per-a-que-serveix-el-catala\/\">Per a qu\u00e8 serveix el catal\u00e0?<\/a><\/h3>\n\n<div style=\"padding-top:0;padding-bottom:0;margin-top:0;margin-bottom:0;\" class=\"has-link-color wp-elements-0ac3863128fdedd2a667a54c268886d4 wp-block-post-date has-text-color has-ast-global-color-0-color\"><time datetime=\"2026-04-17T17:56:58+02:00\">17\/04\/2026<\/time><\/div>\n\n\n<div style=\"height:0px\" aria-hidden=\"true\" class=\"wp-block-spacer wp-container-content-9\"><\/div>\n\n\n\n<div class=\"wp-block-getwid-template-post-featured-image\" >\n            <a href=\"https:\/\/agora.xtec.cat\/cfavictorinavila\/general\/per-a-que-serveix-el-catala\/\">\n        <img loading=\"lazy\" decoding=\"async\" width=\"864\" height=\"864\" src=\"https:\/\/agora.xtec.cat\/cfavictorinavila\/wp-content\/uploads\/usu417\/2026\/04\/Per-a-que-serveix-el-catala.png\" class=\"attachment-large size-large wp-post-image\" alt=\"Per a qu\u00e8 serveix el catal\u00e0?\" srcset=\"https:\/\/agora.xtec.cat\/cfavictorinavila\/wp-content\/uploads\/usu417\/2026\/04\/Per-a-que-serveix-el-catala.png 864w, https:\/\/agora.xtec.cat\/cfavictorinavila\/wp-content\/uploads\/usu417\/2026\/04\/Per-a-que-serveix-el-catala-768x768.png 768w\" sizes=\"auto, (max-width: 864px) 100vw, 864px\" \/>            <\/a>\n    <\/div>\n\n\n\n<div style=\"height:0px\" aria-hidden=\"true\" class=\"wp-block-spacer wp-container-content-10\"><\/div>\n\n\n\n<div class=\"wp-block-getwid-template-post-content is-excerpt\" ><p>\u201cParla en catal\u00e0 i peta-ho!\u201d: la nova campanya que far\u00e0 vibrar les aules de Lleida \ud83d\udd25 L\u2019Ajuntament de Lleida i el Departament d\u2019Educaci\u00f3 i FP uneixen forces per impulsar una nova iniciativa que t\u00e9 un objectiu clar: fer que el catal\u00e0 soni m\u00e9s fort que mai als centres educatius de la ciutat&#8230;<\/p><\/div>\n<\/div>\n\t\t\t\t\t\t\t\t<\/div>\n\t\t\t\t\t\t\t\t\t\t\t\t\t\t\t<div class='wp-block-getwid-custom-post-type__post'>\n\t\t\t\t\t\t\t\t\t\n<div class=\"wp-block-group has-border-color has-background is-vertical is-content-justification-left is-layout-flex wp-container-core-group-is-layout-6 wp-block-group-is-layout-flex\" style=\"border-color:#e9b663;border-width:1px;border-radius:20px;background-color:#fef6f7;min-height:100%;margin-top:0;margin-bottom:0;padding-top:var(--wp--preset--spacing--60);padding-right:var(--wp--preset--spacing--60);padding-bottom:var(--wp--preset--spacing--60);padding-left:var(--wp--preset--spacing--60)\">\n<h3 class=\"wp-block-getwid-template-post-title\"><a class=\"wp-block-getwid-template-post-title__link\" href=\"https:\/\/agora.xtec.cat\/cfavictorinavila\/general\/on-se-fait-une-toile-a-la-fin-du-trimestre\/\">On se fait une toile \u00e0 la fin du trimestre?<\/a><\/h3>\n\n<div style=\"padding-top:0;padding-bottom:0;margin-top:0;margin-bottom:0;\" class=\"has-link-color wp-elements-0ac3863128fdedd2a667a54c268886d4 wp-block-post-date has-text-color has-ast-global-color-0-color\"><time datetime=\"2026-04-08T12:32:05+02:00\">08\/04\/2026<\/time><\/div>\n\n\n<div style=\"height:0px\" aria-hidden=\"true\" class=\"wp-block-spacer wp-container-content-11\"><\/div>\n\n\n\n<div class=\"wp-block-getwid-template-post-featured-image\" >\n            <a href=\"https:\/\/agora.xtec.cat\/cfavictorinavila\/general\/on-se-fait-une-toile-a-la-fin-du-trimestre\/\">\n        <img loading=\"lazy\" decoding=\"async\" width=\"1352\" height=\"1352\" src=\"https:\/\/agora.xtec.cat\/cfavictorinavila\/wp-content\/uploads\/usu417\/2026\/04\/Picsart_26-04-06_23-45-51-119.jpg\" class=\"attachment-large size-large wp-post-image\" alt=\"On se fait une toile \u00e0 la fin du trimestre?\" srcset=\"https:\/\/agora.xtec.cat\/cfavictorinavila\/wp-content\/uploads\/usu417\/2026\/04\/Picsart_26-04-06_23-45-51-119.jpg 1352w, https:\/\/agora.xtec.cat\/cfavictorinavila\/wp-content\/uploads\/usu417\/2026\/04\/Picsart_26-04-06_23-45-51-119-768x768.jpg 768w\" sizes=\"auto, (max-width: 1352px) 100vw, 1352px\" \/>            <\/a>\n    <\/div>\n\n\n\n<div style=\"height:0px\" aria-hidden=\"true\" class=\"wp-block-spacer wp-container-content-12\"><\/div>\n\n\n\n<div class=\"wp-block-getwid-template-post-content is-excerpt\" ><p>\ud83c\udfac C\u2019est toujours sympa d\u2019aller au cin\u00e9ma! Ce trimestre le film choisi a \u00e9t\u00e9 Jean Valjean, inspir\u00e9 du c\u00e9l\u00e8bre roman Les Mis\u00e9rables de Victor Hugo \ud83c\udf9f\ufe0f Touch\u00e9s par les moments \u00e9mouvants du film et par les valeurs qu\u2019il transmet, nous&#8230;<\/p><\/div>\n<\/div>\n\t\t\t\t\t\t\t\t<\/div>\n\t\t\t\t\t\t\t            <\/div>\n\n                            <nav class=\"navigation pagination\" role=\"navigation\">\n                    <h2 class=\"screen-reader-text\"><\/h2>\n                    <div class=\"nav-links\">\n                    <span aria-current=\"page\" class=\"page-numbers current\">1<\/span>\n<a class=\"page-numbers\" href=\"https:\/\/agora.xtec.cat\/cfavictorinavila\/wp-json\/wp\/v2\/pages\/9\/page\/2\/\">2<\/a>\n<span class=\"page-numbers dots\">&hellip;<\/span>\n<a class=\"page-numbers\" href=\"https:\/\/agora.xtec.cat\/cfavictorinavila\/wp-json\/wp\/v2\/pages\/9\/page\/65\/\">65<\/a>\n<a class=\"page-numbers\" href=\"https:\/\/agora.xtec.cat\/cfavictorinavila\/wp-json\/wp\/v2\/pages\/9\/page\/66\/\">66<\/a>\n<a class=\"next page-numbers\" href=\"https:\/\/agora.xtec.cat\/cfavictorinavila\/wp-json\/wp\/v2\/pages\/9\/page\/2\/\">> <i><\/i><\/a>                    <\/div>\n                <\/nav>\n                    <\/div>\n        ","protected":false},"excerpt":{"rendered":"","protected":false},"author":1,"featured_media":0,"parent":7,"menu_order":0,"comment_status":"closed","ping_status":"closed","template":"","meta":{"site-sidebar-layout":"default","site-content-layout":"","ast-site-content-layout":"default","site-content-style":"default","site-sidebar-style":"default","ast-global-header-display":"","ast-banner-title-visibility":"","ast-main-header-display":"","ast-hfb-above-header-display":"","ast-hfb-below-header-display":"","ast-hfb-mobile-header-display":"","site-post-title":"disabled","ast-breadcrumbs-content":"","ast-featured-img":"","footer-sml-layout":"","theme-transparent-header-meta":"","adv-header-id-meta":"","stick-header-meta":"","header-above-stick-meta":"","header-main-stick-meta":"","header-below-stick-meta":"","astra-migrate-meta-layouts":"set","ast-page-background-enabled":"default","ast-page-background-meta":{"desktop":{"background-color":"var(--ast-global-color-4)","background-image":"","background-repeat":"repeat","background-position":"center center","background-size":"auto","background-attachment":"scroll","background-type":"","background-media":"","overlay-type":"","overlay-color":"","overlay-opacity":"","overlay-gradient":""},"tablet":{"background-color":"","background-image":"","background-repeat":"repeat","background-position":"center center","background-size":"auto","background-attachment":"scroll","background-type":"","background-media":"","overlay-type":"","overlay-color":"","overlay-opacity":"","overlay-gradient":""},"mobile":{"background-color":"","background-image":"","background-repeat":"repeat","background-position":"center center","background-size":"auto","background-attachment":"scroll","background-type":"","background-media":"","overlay-type":"","overlay-color":"","overlay-opacity":"","overlay-gradient":""}},"ast-content-background-meta":{"desktop":{"background-color":"var(--ast-global-color-5)","background-image":"","background-repeat":"repeat","background-position":"center center","background-size":"auto","background-attachment":"scroll","background-type":"","background-media":"","overlay-type":"","overlay-color":"","overlay-opacity":"","overlay-gradient":""},"tablet":{"background-color":"var(--ast-global-color-5)","background-image":"","background-repeat":"repeat","background-position":"center center","background-size":"auto","background-attachment":"scroll","background-type":"","background-media":"","overlay-type":"","overlay-color":"","overlay-opacity":"","overlay-gradient":""},"mobile":{"background-color":"var(--ast-global-color-5)","background-image":"","background-repeat":"repeat","background-position":"center center","background-size":"auto","background-attachment":"scroll","background-type":"","background-media":"","overlay-type":"","overlay-color":"","overlay-opacity":"","overlay-gradient":""}},"footnotes":""},"class_list":["post-9","page","type-page","status-publish","hentry"],"post_mailing_queue_ids":[],"_links":{"self":[{"href":"https:\/\/agora.xtec.cat\/cfavictorinavila\/wp-json\/wp\/v2\/pages\/9","targetHints":{"allow":["GET"]}}],"collection":[{"href":"https:\/\/agora.xtec.cat\/cfavictorinavila\/wp-json\/wp\/v2\/pages"}],"about":[{"href":"https:\/\/agora.xtec.cat\/cfavictorinavila\/wp-json\/wp\/v2\/types\/page"}],"author":[{"embeddable":true,"href":"https:\/\/agora.xtec.cat\/cfavictorinavila\/wp-json\/wp\/v2\/users\/1"}],"replies":[{"embeddable":true,"href":"https:\/\/agora.xtec.cat\/cfavictorinavila\/wp-json\/wp\/v2\/comments?post=9"}],"version-history":[{"count":6,"href":"https:\/\/agora.xtec.cat\/cfavictorinavila\/wp-json\/wp\/v2\/pages\/9\/revisions"}],"predecessor-version":[{"id":11204,"href":"https:\/\/agora.xtec.cat\/cfavictorinavila\/wp-json\/wp\/v2\/pages\/9\/revisions\/11204"}],"up":[{"embeddable":true,"href":"https:\/\/agora.xtec.cat\/cfavictorinavila\/wp-json\/wp\/v2\/pages\/7"}],"wp:attachment":[{"href":"https:\/\/agora.xtec.cat\/cfavictorinavila\/wp-json\/wp\/v2\/media?parent=9"}],"curies":[{"name":"wp","href":"https:\/\/api.w.org\/{rel}","templated":true}]}}