{"id":8356,"date":"2024-03-30T21:14:30","date_gmt":"2024-03-30T20:14:30","guid":{"rendered":"https:\/\/agora.xtec.cat\/cfavictorinavila\/?page_id=8356"},"modified":"2025-07-13T13:11:58","modified_gmt":"2025-07-13T11:11:58","slug":"canals-de-competic","status":"publish","type":"page","link":"https:\/\/agora.xtec.cat\/cfavictorinavila\/canals-de-telegram-2\/canals-de-competic\/","title":{"rendered":"Canals de Competic"},"content":{"rendered":"\n<div class=\"wp-block-columns is-layout-flex wp-container-core-columns-is-layout-1 wp-block-columns-is-layout-flex\">\n<div class=\"wp-block-column is-layout-flow wp-block-column-is-layout-flow\">\n<div class=\"row\" style=\"margin-bottom: 1em !important;\">\n<div class=\"small-12 large-4 text-center columns\">\n<figure><a href=\"https:\/\/t.me\/+CzcYoygtC5M4ZWY0\" target=\"_blank\" rel=\"noopener\"><img loading=\"lazy\" decoding=\"async\" class=\"wp-image-8319 aligncenter\" src=\"https:\/\/agora.xtec.cat\/cfavictorinavila\/wp-content\/uploads\/usu417\/2024\/03\/COMPETIC-3-A-MATI-amb-permis.jpg\" alt=\"\" width=\"250\" height=\"250\" srcset=\"https:\/\/agora.xtec.cat\/cfavictorinavila\/wp-content\/uploads\/usu417\/2024\/03\/COMPETIC-3-A-MATI-amb-permis.jpg 786w, https:\/\/agora.xtec.cat\/cfavictorinavila\/wp-content\/uploads\/usu417\/2024\/03\/COMPETIC-3-A-MATI-amb-permis-768x768.jpg 768w\" sizes=\"auto, (max-width: 250px) 100vw, 250px\" \/><\/a><\/figure>\n<h3 style=\"text-align: center;\"><a href=\"https:\/\/t.me\/+CzcYoygtC5M4ZWY0\" target=\"_blank\" rel=\"noopener\">Competic 3 A Mat\u00ed<\/a><\/h3>\n<p>&nbsp;<\/p>\n<\/div>\n<div class=\"small-12 large-4 text-center columns\">\n<figure><a href=\"https:\/\/t.me\/+eX6q6wQ3tkMwNzM0\" target=\"_blank\" rel=\"noopener\"><img loading=\"lazy\" decoding=\"async\" class=\"aligncenter wp-image-8320\" src=\"https:\/\/agora.xtec.cat\/cfavictorinavila\/wp-content\/uploads\/usu417\/2024\/03\/COMPETIC-3-B-MATI-amb-permis.jpg\" alt=\"\" width=\"251\" height=\"251\" srcset=\"https:\/\/agora.xtec.cat\/cfavictorinavila\/wp-content\/uploads\/usu417\/2024\/03\/COMPETIC-3-B-MATI-amb-permis.jpg 786w, https:\/\/agora.xtec.cat\/cfavictorinavila\/wp-content\/uploads\/usu417\/2024\/03\/COMPETIC-3-B-MATI-amb-permis-768x768.jpg 768w\" sizes=\"auto, (max-width: 251px) 100vw, 251px\" \/><\/a><\/figure>\n<h3 style=\"text-align: center;\"><a href=\"https:\/\/t.me\/+eX6q6wQ3tkMwNzM0\" target=\"_blank\" rel=\"noopener\">Competic 3 B Mat\u00ed<\/a><\/h3>\n<p>&nbsp;<\/p>\n<\/div>\n<div class=\"small-12 large-4 text-center columns\">\n<figure><a href=\"https:\/\/t.me\/+nA8pQI3gEhVhODVk\" target=\"_blank\" rel=\"noopener\"><img loading=\"lazy\" decoding=\"async\" class=\"aligncenter wp-image-8321\" src=\"https:\/\/agora.xtec.cat\/cfavictorinavila\/wp-content\/uploads\/usu417\/2024\/03\/COMPETIC-3-C-TARDA-amb-permis.jpg\" alt=\"\" width=\"250\" height=\"250\" srcset=\"https:\/\/agora.xtec.cat\/cfavictorinavila\/wp-content\/uploads\/usu417\/2024\/03\/COMPETIC-3-C-TARDA-amb-permis.jpg 786w, https:\/\/agora.xtec.cat\/cfavictorinavila\/wp-content\/uploads\/usu417\/2024\/03\/COMPETIC-3-C-TARDA-amb-permis-768x768.jpg 768w\" sizes=\"auto, (max-width: 250px) 100vw, 250px\" \/><\/a><\/figure>\n<h3 style=\"text-align: center;\"><a href=\"https:\/\/t.me\/+nA8pQI3gEhVhODVk\" target=\"_blank\" rel=\"noopener\">Competic 3 C Tarda<\/a><\/h3>\n<p>&nbsp;<\/p>\n<\/div>\n<\/div>\n<\/div>\n\n\n\n<div class=\"wp-block-column is-layout-flow wp-block-column-is-layout-flow\">\n<div class=\"row\" style=\"margin-bottom: 1em !important;\">\n<div class=\"small-12 large-4 text-center columns\">\n<figure><a href=\"https:\/\/t.me\/+d3n8807edFU0ZTA0\" target=\"_blank\" rel=\"noopener\"><img loading=\"lazy\" decoding=\"async\" class=\"aligncenter wp-image-8316\" src=\"https:\/\/agora.xtec.cat\/cfavictorinavila\/wp-content\/uploads\/usu417\/2024\/03\/COMPETIC-2-A-MATI-amb-permis.jpg\" alt=\"\" width=\"250\" height=\"250\" srcset=\"https:\/\/agora.xtec.cat\/cfavictorinavila\/wp-content\/uploads\/usu417\/2024\/03\/COMPETIC-2-A-MATI-amb-permis.jpg 786w, https:\/\/agora.xtec.cat\/cfavictorinavila\/wp-content\/uploads\/usu417\/2024\/03\/COMPETIC-2-A-MATI-amb-permis-768x768.jpg 768w\" sizes=\"auto, (max-width: 250px) 100vw, 250px\" \/><\/a><\/figure>\n<h3 style=\"text-align: center;\"><a href=\"https:\/\/t.me\/+d3n8807edFU0ZTA0\" target=\"_blank\" rel=\"noopener\">Competic 2 A Mat\u00ed<\/a><\/h3>\n<p>&nbsp;<\/p>\n<\/div>\n<div class=\"small-12 large-4 text-center columns\">\n<figure><a href=\"https:\/\/t.me\/+6T63HbQgHKo4YmZk\" target=\"_blank\" rel=\"noopener\"><img loading=\"lazy\" decoding=\"async\" class=\"aligncenter wp-image-8317\" src=\"https:\/\/agora.xtec.cat\/cfavictorinavila\/wp-content\/uploads\/usu417\/2024\/03\/COMPETIC-2-B-MATI-amb-permis.jpg\" alt=\"\" width=\"250\" height=\"250\" srcset=\"https:\/\/agora.xtec.cat\/cfavictorinavila\/wp-content\/uploads\/usu417\/2024\/03\/COMPETIC-2-B-MATI-amb-permis.jpg 786w, https:\/\/agora.xtec.cat\/cfavictorinavila\/wp-content\/uploads\/usu417\/2024\/03\/COMPETIC-2-B-MATI-amb-permis-768x768.jpg 768w\" sizes=\"auto, (max-width: 250px) 100vw, 250px\" \/><\/a><\/figure>\n<h3 style=\"text-align: center;\"><a href=\"https:\/\/t.me\/+6T63HbQgHKo4YmZk\" target=\"_blank\" rel=\"noopener\">Competic 2 B Mat\u00ed<\/a><\/h3>\n<p>&nbsp;<\/p>\n<\/div>\n<div class=\"small-12 large-4 text-center columns\">\n<figure><a href=\"https:\/\/t.me\/+XHpezE93yxI1NWVk\" target=\"_blank\" rel=\"noopener\"><img loading=\"lazy\" decoding=\"async\" class=\"aligncenter wp-image-8318\" src=\"https:\/\/agora.xtec.cat\/cfavictorinavila\/wp-content\/uploads\/usu417\/2024\/03\/COMPETIC-2-C-TARDA-amb-permis.jpg\" alt=\"\" width=\"250\" height=\"250\" srcset=\"https:\/\/agora.xtec.cat\/cfavictorinavila\/wp-content\/uploads\/usu417\/2024\/03\/COMPETIC-2-C-TARDA-amb-permis.jpg 786w, https:\/\/agora.xtec.cat\/cfavictorinavila\/wp-content\/uploads\/usu417\/2024\/03\/COMPETIC-2-C-TARDA-amb-permis-768x768.jpg 768w\" sizes=\"auto, (max-width: 250px) 100vw, 250px\" \/><\/a><\/figure>\n<h3 style=\"text-align: center;\"><a href=\"https:\/\/t.me\/+XHpezE93yxI1NWVk\" target=\"_blank\" rel=\"noopener\">Competic 2 C Tarda<\/a><\/h3>\n<p>&nbsp;<\/p>\n<\/div>\n<\/div>\n<\/div>\n\n\n\n<div class=\"wp-block-column is-layout-flow wp-block-column-is-layout-flow\">\n<div class=\"row\" style=\"margin-bottom: 1em !important;\">\n<div class=\"small-12 large-4 text-center columns\">\n<figure><a href=\"https:\/\/t.me\/+R88rPGA2cgA2YjY0\" target=\"_blank\" rel=\"noopener\"><img loading=\"lazy\" decoding=\"async\" class=\"aligncenter wp-image-8313\" src=\"https:\/\/agora.xtec.cat\/cfavictorinavila\/wp-content\/uploads\/usu417\/2024\/03\/COMPETIC-1-A-MATI-amb-permis.jpg\" alt=\"\" width=\"250\" height=\"250\" srcset=\"https:\/\/agora.xtec.cat\/cfavictorinavila\/wp-content\/uploads\/usu417\/2024\/03\/COMPETIC-1-A-MATI-amb-permis.jpg 786w, https:\/\/agora.xtec.cat\/cfavictorinavila\/wp-content\/uploads\/usu417\/2024\/03\/COMPETIC-1-A-MATI-amb-permis-768x768.jpg 768w\" sizes=\"auto, (max-width: 250px) 100vw, 250px\" \/><\/a><\/figure>\n<h3 style=\"text-align: center;\"><a href=\"https:\/\/t.me\/+R88rPGA2cgA2YjY0\" target=\"_blank\" rel=\"noopener\">Competic 1 A Mat\u00ed<\/a><\/h3>\n<p>&nbsp;<\/p>\n<\/div>\n<div class=\"small-12 large-4 text-center columns\">\n<figure><a href=\"https:\/\/t.me\/+nyEtug9Y6FhlMjVk\" target=\"_blank\" rel=\"noopener\"><img loading=\"lazy\" decoding=\"async\" class=\"aligncenter wp-image-8314\" src=\"https:\/\/agora.xtec.cat\/cfavictorinavila\/wp-content\/uploads\/usu417\/2024\/03\/COMPETIC-1-B-MATI-amb-permis.jpg\" alt=\"\" width=\"250\" height=\"250\" srcset=\"https:\/\/agora.xtec.cat\/cfavictorinavila\/wp-content\/uploads\/usu417\/2024\/03\/COMPETIC-1-B-MATI-amb-permis.jpg 786w, https:\/\/agora.xtec.cat\/cfavictorinavila\/wp-content\/uploads\/usu417\/2024\/03\/COMPETIC-1-B-MATI-amb-permis-768x768.jpg 768w\" sizes=\"auto, (max-width: 250px) 100vw, 250px\" \/><\/a><\/figure>\n<h3 style=\"text-align: center;\"><a href=\"https:\/\/t.me\/+nyEtug9Y6FhlMjVk\" target=\"_blank\" rel=\"noopener\">Competic 1 B Mat\u00ed<\/a><\/h3>\n<p>&nbsp;<\/p>\n<\/div>\n<div class=\"small-12 large-4 text-center columns\">\n<figure><a href=\"https:\/\/t.me\/+FrOHtAyeM9JlYmY0\" target=\"_blank\" rel=\"noopener\"><img loading=\"lazy\" decoding=\"async\" class=\"aligncenter wp-image-8315\" src=\"https:\/\/agora.xtec.cat\/cfavictorinavila\/wp-content\/uploads\/usu417\/2024\/03\/COMPETIC-1-C-TARDA-amb-permis.jpg\" alt=\"\" width=\"250\" height=\"250\" srcset=\"https:\/\/agora.xtec.cat\/cfavictorinavila\/wp-content\/uploads\/usu417\/2024\/03\/COMPETIC-1-C-TARDA-amb-permis.jpg 786w, https:\/\/agora.xtec.cat\/cfavictorinavila\/wp-content\/uploads\/usu417\/2024\/03\/COMPETIC-1-C-TARDA-amb-permis-768x768.jpg 768w\" sizes=\"auto, (max-width: 250px) 100vw, 250px\" \/><\/a><\/figure>\n<h3 style=\"text-align: center;\"><a href=\"https:\/\/t.me\/+FrOHtAyeM9JlYmY0\" target=\"_blank\" rel=\"noopener\">Competic 1 C Tarda<\/a><\/h3>\n<p>&nbsp;<\/p>\n<\/div>\n<\/div>\n<\/div>\n<\/div>\n","protected":false},"excerpt":{"rendered":"<p>Competic 3 A Mat\u00ed &nbsp; Competic 3 B Mat\u00ed &nbsp; Competic 3 C Tarda &nbsp; Competic 2 A Mat\u00ed &nbsp; Competic 2 B Mat\u00ed &nbsp; Competic 2 C Tarda &nbsp; Competic 1 A Mat\u00ed &nbsp; Competic 1 B Mat\u00ed &nbsp; Competic 1 C Tarda &nbsp;<\/p>\n","protected":false},"author":1,"featured_media":0,"parent":8322,"menu_order":0,"comment_status":"closed","ping_status":"closed","template":"","meta":{"site-sidebar-layout":"default","site-content-layout":"","ast-site-content-layout":"default","site-content-style":"default","site-sidebar-style":"default","ast-global-header-display":"","ast-banner-title-visibility":"","ast-main-header-display":"","ast-hfb-above-header-display":"","ast-hfb-below-header-display":"","ast-hfb-mobile-header-display":"","site-post-title":"","ast-breadcrumbs-content":"","ast-featured-img":"","footer-sml-layout":"","theme-transparent-header-meta":"","adv-header-id-meta":"","stick-header-meta":"","header-above-stick-meta":"","header-main-stick-meta":"","header-below-stick-meta":"","astra-migrate-meta-layouts":"set","ast-page-background-enabled":"default","ast-page-background-meta":{"desktop":{"background-color":"var(--ast-global-color-4)","background-image":"","background-repeat":"repeat","background-position":"center center","background-size":"auto","background-attachment":"scroll","background-type":"","background-media":"","overlay-type":"","overlay-color":"","overlay-opacity":"","overlay-gradient":""},"tablet":{"background-color":"","background-image":"","background-repeat":"repeat","background-position":"center center","background-size":"auto","background-attachment":"scroll","background-type":"","background-media":"","overlay-type":"","overlay-color":"","overlay-opacity":"","overlay-gradient":""},"mobile":{"background-color":"","background-image":"","background-repeat":"repeat","background-position":"center center","background-size":"auto","background-attachment":"scroll","background-type":"","background-media":"","overlay-type":"","overlay-color":"","overlay-opacity":"","overlay-gradient":""}},"ast-content-background-meta":{"desktop":{"background-color":"var(--ast-global-color-5)","background-image":"","background-repeat":"repeat","background-position":"center center","background-size":"auto","background-attachment":"scroll","background-type":"","background-media":"","overlay-type":"","overlay-color":"","overlay-opacity":"","overlay-gradient":""},"tablet":{"background-color":"var(--ast-global-color-5)","background-image":"","background-repeat":"repeat","background-position":"center center","background-size":"auto","background-attachment":"scroll","background-type":"","background-media":"","overlay-type":"","overlay-color":"","overlay-opacity":"","overlay-gradient":""},"mobile":{"background-color":"var(--ast-global-color-5)","background-image":"","background-repeat":"repeat","background-position":"center center","background-size":"auto","background-attachment":"scroll","background-type":"","background-media":"","overlay-type":"","overlay-color":"","overlay-opacity":"","overlay-gradient":""}},"footnotes":""},"class_list":["post-8356","page","type-page","status-publish","hentry"],"post_mailing_queue_ids":[],"_links":{"self":[{"href":"https:\/\/agora.xtec.cat\/cfavictorinavila\/wp-json\/wp\/v2\/pages\/8356","targetHints":{"allow":["GET"]}}],"collection":[{"href":"https:\/\/agora.xtec.cat\/cfavictorinavila\/wp-json\/wp\/v2\/pages"}],"about":[{"href":"https:\/\/agora.xtec.cat\/cfavictorinavila\/wp-json\/wp\/v2\/types\/page"}],"author":[{"embeddable":true,"href":"https:\/\/agora.xtec.cat\/cfavictorinavila\/wp-json\/wp\/v2\/users\/1"}],"replies":[{"embeddable":true,"href":"https:\/\/agora.xtec.cat\/cfavictorinavila\/wp-json\/wp\/v2\/comments?post=8356"}],"version-history":[{"count":5,"href":"https:\/\/agora.xtec.cat\/cfavictorinavila\/wp-json\/wp\/v2\/pages\/8356\/revisions"}],"predecessor-version":[{"id":12653,"href":"https:\/\/agora.xtec.cat\/cfavictorinavila\/wp-json\/wp\/v2\/pages\/8356\/revisions\/12653"}],"up":[{"embeddable":true,"href":"https:\/\/agora.xtec.cat\/cfavictorinavila\/wp-json\/wp\/v2\/pages\/8322"}],"wp:attachment":[{"href":"https:\/\/agora.xtec.cat\/cfavictorinavila\/wp-json\/wp\/v2\/media?parent=8356"}],"curies":[{"name":"wp","href":"https:\/\/api.w.org\/{rel}","templated":true}]}}