{"id":7676,"date":"2023-11-02T17:41:38","date_gmt":"2023-11-02T16:41:38","guid":{"rendered":"https:\/\/agora.xtec.cat\/cfavictorinavila\/?page_id=7676"},"modified":"2025-09-27T17:49:56","modified_gmt":"2025-09-27T15:49:56","slug":"capacitacio-digital","status":"publish","type":"page","link":"https:\/\/agora.xtec.cat\/cfavictorinavila\/serveis-generals\/capacitacio-digital\/","title":{"rendered":"Capacitaci\u00f3 Digital"},"content":{"rendered":"<div>\n<p><img loading=\"lazy\" decoding=\"async\" class=\"aligncenter size-full wp-image-7673\" src=\"https:\/\/agora.xtec.cat\/cfavictorinavila\/wp-content\/uploads\/usu417\/2023\/11\/Capacitacio-digital-0.jpg\" alt=\"\" width=\"1754\" height=\"1238\" \/><\/p>\n<\/div>\n\n\n<p style=\"font-size:25px;line-height:1.6\">El CFA Victorina Vila ha estat escollit per formar&nbsp;part d\u2019una <strong>Xarxa de centres de Capacitaci\u00f3 Digital<\/strong> creada pel <em>Departament d\u2019Educaci\u00f3<\/em> i finan\u00e7ada pel <em>Ministerio de Educaci\u00f3n y FP<\/em> i fons <em>Next Generation EU<\/em>. Aquesta xarxa est\u00e0 formada per instituts de formaci\u00f3 professional i escoles d\u2019adults d\u2019arreu de Catalunya que oferirem <strong>cursos gratu\u00efts de capacitaci\u00f3 digital<\/strong> de diversos nivells, des del nivell m\u00e9s b\u00e0sic fins a l\u2019\u00e0mbit professional:<\/p>\n\n\n\n<p class=\"has-text-align-left\" style=\"padding-right:var(--wp--preset--spacing--70);padding-left:var(--wp--preset--spacing--70);font-size:25px;line-height:1.6\"><strong>Curs nivell 1<\/strong>.- <a href=\"https:\/\/agora.xtec.cat\/cfavictorinavila\/wp-content\/uploads\/usu417\/2025\/01\/1_FITXES-BRETXA-DESCOBRIM-CATALA.pdf\" target=\"_blank\" rel=\"noreferrer noopener\">Descobrim el m\u00f3n digital<\/a>&nbsp; (15 hores)<\/p>\n\n\n\n<p class=\"has-text-align-left\" style=\"padding-right:var(--wp--preset--spacing--70);padding-left:var(--wp--preset--spacing--70);font-size:25px;line-height:1.6\"><strong>Curs nivell 2<\/strong>.- <a href=\"https:\/\/agora.xtec.cat\/cfavictorinavila\/wp-content\/uploads\/usu417\/2025\/01\/3_FITXES-BRETXA-ENS-MOVEM-CATALA.pdf\" target=\"_blank\" rel=\"noreferrer noopener\">Ens movem pel m\u00f3n digital<\/a>&nbsp; (15 hores)<\/p>\n\n\n\n<p class=\"has-text-align-left\" style=\"padding-right:var(--wp--preset--spacing--70);padding-left:var(--wp--preset--spacing--70);font-size:25px;line-height:1.6\"><strong>Curs nivell 3<\/strong>.- <a href=\"https:\/\/agora.xtec.cat\/cfavictorinavila\/wp-content\/uploads\/usu417\/2025\/01\/5_FITXES-BRETXA-ENS-ENDINSEM-CATALA.pdf\" target=\"_blank\" rel=\"noreferrer noopener\">Ens endinsem en el m\u00f3n digital<\/a>&nbsp; (15 hores)<\/p>\n\n\n\n<p class=\"has-text-align-left\" style=\"padding-top:0;padding-right:var(--wp--preset--spacing--70);padding-bottom:0;padding-left:var(--wp--preset--spacing--70);font-size:25px;line-height:1.6\"><strong>Curs nivell 4<\/strong>.- <a href=\"https:\/\/agora.xtec.cat\/cfavictorinavila\/wp-content\/uploads\/usu417\/2023\/11\/Capacitacio-digital-3.jpg\" target=\"_blank\" rel=\"noreferrer noopener\">Digitalitzaci\u00f3 aplicada a l&#8217;entorn professional<\/a>&nbsp; (30 hores)<\/p>\n\n\n\n<p class=\"has-text-align-left\" style=\"padding-top:0;padding-right:var(--wp--preset--spacing--70);padding-bottom:0;padding-left:var(--wp--preset--spacing--70);font-size:25px;line-height:1.6\"><strong>Curs nivell 5<\/strong>.- <a href=\"https:\/\/agora.xtec.cat\/cfavictorinavila\/wp-content\/uploads\/usu417\/2025\/09\/Curs-5-scaled.jpg\" target=\"_blank\" rel=\"noreferrer noopener\">Digitalitzaci\u00f3 en la ind\u00fastria, els serveis i la comunicaci\u00f3<\/a>\u00a0 (15 hores)<\/p>\n\n\n\n<div style=\"height:10px\" aria-hidden=\"true\" class=\"wp-block-spacer\"><\/div>\n\n\n\n<p style=\"font-size:25px;line-height:1.6\">La superaci\u00f3 d&#8217;aquests cursos dona dret als certificats d&#8217;aprofitament corresponents.<\/p>\n\n\n\n<p style=\"font-size:25px;line-height:1.6\"><strong>Observaci\u00f3.-<\/strong> La matr\u00edcula dels cursos de <em>Capacitaci\u00f3 Digital&nbsp;<\/em> \u00e9s directa, no hi ha reserva pr\u00e8via pel procediment de preinscripci\u00f3.<\/p>\n\n\n\n<div class=\"wp-block-columns alignfull is-layout-flex wp-container-core-columns-is-layout-1 wp-block-columns-is-layout-flex\">\n<div class=\"wp-block-column is-layout-flow wp-block-column-is-layout-flow\">\n<figure class=\"wp-block-image alignfull size-full\"><a href=\"https:\/\/agora.xtec.cat\/cfavictorinavila\/wp-content\/uploads\/usu417\/2025\/09\/Formacio-ambit-digital-scaled.jpg\" target=\"_blank\" rel=\"noreferrer noopener\"><img loading=\"lazy\" decoding=\"async\" width=\"2560\" height=\"1811\" src=\"https:\/\/agora.xtec.cat\/cfavictorinavila\/wp-content\/uploads\/usu417\/2025\/09\/Formacio-ambit-digital-scaled.jpg\" alt=\"\" class=\"wp-image-12977\" srcset=\"https:\/\/agora.xtec.cat\/cfavictorinavila\/wp-content\/uploads\/usu417\/2025\/09\/Formacio-ambit-digital-scaled.jpg 2560w, https:\/\/agora.xtec.cat\/cfavictorinavila\/wp-content\/uploads\/usu417\/2025\/09\/Formacio-ambit-digital-768x543.jpg 768w, https:\/\/agora.xtec.cat\/cfavictorinavila\/wp-content\/uploads\/usu417\/2025\/09\/Formacio-ambit-digital-1536x1086.jpg 1536w, https:\/\/agora.xtec.cat\/cfavictorinavila\/wp-content\/uploads\/usu417\/2025\/09\/Formacio-ambit-digital-2048x1448.jpg 2048w\" sizes=\"auto, (max-width: 2560px) 100vw, 2560px\" \/><\/a><\/figure>\n\n\n\n<figure class=\"wp-block-image alignfull size-full\"><a href=\"https:\/\/agora.xtec.cat\/cfavictorinavila\/wp-content\/uploads\/usu417\/2023\/11\/Capacitacio-digital-2.jpg\" target=\"_blank\" rel=\"noreferrer noopener\"><img loading=\"lazy\" decoding=\"async\" width=\"1754\" height=\"1241\" src=\"https:\/\/agora.xtec.cat\/cfavictorinavila\/wp-content\/uploads\/usu417\/2023\/11\/Capacitacio-digital-2.jpg\" alt=\"\" class=\"wp-image-7675\" srcset=\"https:\/\/agora.xtec.cat\/cfavictorinavila\/wp-content\/uploads\/usu417\/2023\/11\/Capacitacio-digital-2.jpg 1754w, https:\/\/agora.xtec.cat\/cfavictorinavila\/wp-content\/uploads\/usu417\/2023\/11\/Capacitacio-digital-2-768x543.jpg 768w, https:\/\/agora.xtec.cat\/cfavictorinavila\/wp-content\/uploads\/usu417\/2023\/11\/Capacitacio-digital-2-1536x1087.jpg 1536w\" sizes=\"auto, (max-width: 1754px) 100vw, 1754px\" \/><\/a><\/figure>\n<\/div>\n\n\n\n<div class=\"wp-block-column is-layout-flow wp-block-column-is-layout-flow\">\n<figure class=\"wp-block-image alignfull size-full\"><a href=\"https:\/\/agora.xtec.cat\/cfavictorinavila\/wp-content\/uploads\/usu417\/2023\/11\/Capacitacio-digital-3.jpg\" target=\"_blank\" rel=\"noreferrer noopener\"><img loading=\"lazy\" decoding=\"async\" width=\"1754\" height=\"1241\" src=\"https:\/\/agora.xtec.cat\/cfavictorinavila\/wp-content\/uploads\/usu417\/2023\/11\/Capacitacio-digital-3.jpg\" alt=\"\" class=\"wp-image-7674\" srcset=\"https:\/\/agora.xtec.cat\/cfavictorinavila\/wp-content\/uploads\/usu417\/2023\/11\/Capacitacio-digital-3.jpg 1754w, https:\/\/agora.xtec.cat\/cfavictorinavila\/wp-content\/uploads\/usu417\/2023\/11\/Capacitacio-digital-3-768x543.jpg 768w, https:\/\/agora.xtec.cat\/cfavictorinavila\/wp-content\/uploads\/usu417\/2023\/11\/Capacitacio-digital-3-1536x1087.jpg 1536w\" sizes=\"auto, (max-width: 1754px) 100vw, 1754px\" \/><\/a><\/figure>\n\n\n\n<figure class=\"wp-block-image alignfull size-full\"><a href=\"https:\/\/agora.xtec.cat\/cfavictorinavila\/wp-content\/uploads\/usu417\/2025\/09\/Curs-5-scaled.jpg\" target=\"_blank\" rel=\"noreferrer noopener\"><img loading=\"lazy\" decoding=\"async\" width=\"2560\" height=\"1811\" src=\"https:\/\/agora.xtec.cat\/cfavictorinavila\/wp-content\/uploads\/usu417\/2025\/09\/Curs-5-scaled.jpg\" alt=\"\" class=\"wp-image-12978\" srcset=\"https:\/\/agora.xtec.cat\/cfavictorinavila\/wp-content\/uploads\/usu417\/2025\/09\/Curs-5-scaled.jpg 2560w, https:\/\/agora.xtec.cat\/cfavictorinavila\/wp-content\/uploads\/usu417\/2025\/09\/Curs-5-768x543.jpg 768w, https:\/\/agora.xtec.cat\/cfavictorinavila\/wp-content\/uploads\/usu417\/2025\/09\/Curs-5-1536x1086.jpg 1536w, https:\/\/agora.xtec.cat\/cfavictorinavila\/wp-content\/uploads\/usu417\/2025\/09\/Curs-5-2048x1448.jpg 2048w\" sizes=\"auto, (max-width: 2560px) 100vw, 2560px\" \/><\/a><\/figure>\n<\/div>\n<\/div>\n","protected":false},"excerpt":{"rendered":"<p>El CFA Victorina Vila ha estat escollit per formar&nbsp;part d\u2019una Xarxa de centres de Capacitaci\u00f3 Digital creada pel Departament d\u2019Educaci\u00f3 i finan\u00e7ada pel Ministerio de Educaci\u00f3n y FP i fons Next Generation EU. Aquesta xarxa est\u00e0 formada per instituts de formaci\u00f3 professional i escoles d\u2019adults d\u2019arreu de Catalunya que oferirem cursos gratu\u00efts de capacitaci\u00f3 digital [&hellip;]<\/p>\n","protected":false},"author":1,"featured_media":0,"parent":9495,"menu_order":9,"comment_status":"closed","ping_status":"closed","template":"","meta":{"site-sidebar-layout":"default","site-content-layout":"","ast-site-content-layout":"default","site-content-style":"default","site-sidebar-style":"default","ast-global-header-display":"","ast-banner-title-visibility":"","ast-main-header-display":"","ast-hfb-above-header-display":"","ast-hfb-below-header-display":"","ast-hfb-mobile-header-display":"","site-post-title":"","ast-breadcrumbs-content":"","ast-featured-img":"","footer-sml-layout":"","theme-transparent-header-meta":"","adv-header-id-meta":"","stick-header-meta":"","header-above-stick-meta":"","header-main-stick-meta":"","header-below-stick-meta":"","astra-migrate-meta-layouts":"set","ast-page-background-enabled":"default","ast-page-background-meta":{"desktop":{"background-color":"var(--ast-global-color-4)","background-image":"","background-repeat":"repeat","background-position":"center center","background-size":"auto","background-attachment":"scroll","background-type":"","background-media":"","overlay-type":"","overlay-color":"","overlay-opacity":"","overlay-gradient":""},"tablet":{"background-color":"","background-image":"","background-repeat":"repeat","background-position":"center center","background-size":"auto","background-attachment":"scroll","background-type":"","background-media":"","overlay-type":"","overlay-color":"","overlay-opacity":"","overlay-gradient":""},"mobile":{"background-color":"","background-image":"","background-repeat":"repeat","background-position":"center center","background-size":"auto","background-attachment":"scroll","background-type":"","background-media":"","overlay-type":"","overlay-color":"","overlay-opacity":"","overlay-gradient":""}},"ast-content-background-meta":{"desktop":{"background-color":"var(--ast-global-color-5)","background-image":"","background-repeat":"repeat","background-position":"center center","background-size":"auto","background-attachment":"scroll","background-type":"","background-media":"","overlay-type":"","overlay-color":"","overlay-opacity":"","overlay-gradient":""},"tablet":{"background-color":"var(--ast-global-color-5)","background-image":"","background-repeat":"repeat","background-position":"center center","background-size":"auto","background-attachment":"scroll","background-type":"","background-media":"","overlay-type":"","overlay-color":"","overlay-opacity":"","overlay-gradient":""},"mobile":{"background-color":"var(--ast-global-color-5)","background-image":"","background-repeat":"repeat","background-position":"center center","background-size":"auto","background-attachment":"scroll","background-type":"","background-media":"","overlay-type":"","overlay-color":"","overlay-opacity":"","overlay-gradient":""}},"footnotes":""},"class_list":["post-7676","page","type-page","status-publish","hentry"],"post_mailing_queue_ids":[],"_links":{"self":[{"href":"https:\/\/agora.xtec.cat\/cfavictorinavila\/wp-json\/wp\/v2\/pages\/7676","targetHints":{"allow":["GET"]}}],"collection":[{"href":"https:\/\/agora.xtec.cat\/cfavictorinavila\/wp-json\/wp\/v2\/pages"}],"about":[{"href":"https:\/\/agora.xtec.cat\/cfavictorinavila\/wp-json\/wp\/v2\/types\/page"}],"author":[{"embeddable":true,"href":"https:\/\/agora.xtec.cat\/cfavictorinavila\/wp-json\/wp\/v2\/users\/1"}],"replies":[{"embeddable":true,"href":"https:\/\/agora.xtec.cat\/cfavictorinavila\/wp-json\/wp\/v2\/comments?post=7676"}],"version-history":[{"count":5,"href":"https:\/\/agora.xtec.cat\/cfavictorinavila\/wp-json\/wp\/v2\/pages\/7676\/revisions"}],"predecessor-version":[{"id":12981,"href":"https:\/\/agora.xtec.cat\/cfavictorinavila\/wp-json\/wp\/v2\/pages\/7676\/revisions\/12981"}],"up":[{"embeddable":true,"href":"https:\/\/agora.xtec.cat\/cfavictorinavila\/wp-json\/wp\/v2\/pages\/9495"}],"wp:attachment":[{"href":"https:\/\/agora.xtec.cat\/cfavictorinavila\/wp-json\/wp\/v2\/media?parent=7676"}],"curies":[{"name":"wp","href":"https:\/\/api.w.org\/{rel}","templated":true}]}}