{"id":7388,"date":"2023-10-02T01:17:17","date_gmt":"2023-10-01T23:17:17","guid":{"rendered":"https:\/\/agora.xtec.cat\/cfavictorinavila\/?page_id=7388"},"modified":"2025-03-03T00:02:10","modified_gmt":"2025-03-02T23:02:10","slug":"angles-per-al-turisme","status":"publish","type":"page","link":"https:\/\/agora.xtec.cat\/cfavictorinavila\/ensenyaments\/oferta-formativa\/angles-per-al-turisme\/","title":{"rendered":"Angl\u00e8s per al Turisme"},"content":{"rendered":"\n<div style=\"height:1px\" aria-hidden=\"true\" class=\"wp-block-spacer\"><\/div>\n\n\n<h3>\u00a0<\/h3>\n<p style=\"text-align: justify;\"><span style=\"color: #333333;\">Al CFA Victorina Vila oferim el m\u00f2dul optatiu d&#8217; <em>Angl\u00e8s per al Turisme <\/em>al segon trimestre de cada curs.<\/span><\/p>\n<p style=\"text-align: justify;\">L&#8217;objectiu principal d&#8217;aquest m\u00f2dul \u00e9s augmentar la capacitat de l\u2019alumnat per comunicar-se oralment en llengua anglesa. Per tant, no ens centrarem tant en la part estructural de la llengua -com podria ser el coneixement gramatical i\/o escrit de l\u2019angl\u00e8s- sin\u00f3 en l\u2019habilitat comunicativa global. Per aquesta ra\u00f3 s\u2019han dissenyat activitats competencials que busquen activar la capacitat de l\u2019alumnat per entendre contextos comunicatius diversos, desenvolupar converses de tipologia diferenciada i entendre i actuar adequadament en situacions comunicatives aut\u00e8ntiques o semi-aut\u00e8ntiques.<\/p>\n<p style=\"text-align: justify;\"><strong>Observaci\u00f3.-<\/strong> La matr\u00edcula d&#8217; <em>Angl\u00e8s per al Turisme\u00a0<\/em> \u00e9s directa, no hi ha reserva pr\u00e8via pel procediment de preinscripci\u00f3.<\/p>\n<h3>\u00a0<\/h3>\n<h3>Requisits d&#8217;acc\u00e9s<\/h3>\n<p style=\"text-align: justify;\">Per poder cursar aquest m\u00f2dul cal tenir m\u00e9s de 18 anys (o b\u00e9 els complir-los durant l&#8217;any natural en qu\u00e8 s&#8217;inicia la formaci\u00f3) i tenir un nivell m\u00ednim d&#8217; A1 en llengua anglesa.<\/p>\n<h3>\u00a0<\/h3>\n<h3 data-canvas-width=\"96.74499999999999\">Compet\u00e8ncies a desenvolupar<\/h3>\n<ul>\n<li>Obtenir informaci\u00f3 i interpretar textos orals de la vida quotidiana i cultural, dels mitjans de comunicaci\u00f3 i d&#8217;altres fonts o \u00e0mbits.<\/li>\n<li>Planificar i produir textos orals de tipologia diversa adequats a la situaci\u00f3 comunicativa.<\/li>\n<li>Emprar estrat\u00e8gies d\u2019interacci\u00f3 oral i conversa d\u2019acord amb la situaci\u00f3 comunicativa per iniciar, mantenir i acabar el discurs.<\/li>\n<\/ul>\n<h3>\u00a0<\/h3>\n\n\n<figure class=\"wp-block-image aligncenter size-full is-resized\"><img loading=\"lazy\" decoding=\"async\" width=\"512\" height=\"278\" src=\"https:\/\/agora.xtec.cat\/cfavictorinavila\/wp-content\/uploads\/usu417\/2023\/10\/speaking-e1740956224205.jpg\" alt=\"\" class=\"wp-image-7523\" style=\"width:325px\"\/><\/figure>\n","protected":false},"excerpt":{"rendered":"<p>\u00a0 Al CFA Victorina Vila oferim el m\u00f2dul optatiu d&#8217; Angl\u00e8s per al Turisme al segon trimestre de cada curs. L&#8217;objectiu principal d&#8217;aquest m\u00f2dul \u00e9s augmentar la capacitat de l\u2019alumnat per comunicar-se oralment en llengua anglesa. Per tant, no ens centrarem tant en la part estructural de la llengua -com podria ser el coneixement gramatical [&hellip;]<\/p>\n","protected":false},"author":1,"featured_media":0,"parent":2603,"menu_order":10,"comment_status":"closed","ping_status":"closed","template":"","meta":{"site-sidebar-layout":"default","site-content-layout":"","ast-site-content-layout":"default","site-content-style":"default","site-sidebar-style":"default","ast-global-header-display":"","ast-banner-title-visibility":"","ast-main-header-display":"","ast-hfb-above-header-display":"","ast-hfb-below-header-display":"","ast-hfb-mobile-header-display":"","site-post-title":"","ast-breadcrumbs-content":"","ast-featured-img":"","footer-sml-layout":"","theme-transparent-header-meta":"","adv-header-id-meta":"","stick-header-meta":"","header-above-stick-meta":"","header-main-stick-meta":"","header-below-stick-meta":"","astra-migrate-meta-layouts":"set","ast-page-background-enabled":"default","ast-page-background-meta":{"desktop":{"background-color":"var(--ast-global-color-4)","background-image":"","background-repeat":"repeat","background-position":"center center","background-size":"auto","background-attachment":"scroll","background-type":"","background-media":"","overlay-type":"","overlay-color":"","overlay-opacity":"","overlay-gradient":""},"tablet":{"background-color":"","background-image":"","background-repeat":"repeat","background-position":"center center","background-size":"auto","background-attachment":"scroll","background-type":"","background-media":"","overlay-type":"","overlay-color":"","overlay-opacity":"","overlay-gradient":""},"mobile":{"background-color":"","background-image":"","background-repeat":"repeat","background-position":"center center","background-size":"auto","background-attachment":"scroll","background-type":"","background-media":"","overlay-type":"","overlay-color":"","overlay-opacity":"","overlay-gradient":""}},"ast-content-background-meta":{"desktop":{"background-color":"var(--ast-global-color-5)","background-image":"","background-repeat":"repeat","background-position":"center center","background-size":"auto","background-attachment":"scroll","background-type":"","background-media":"","overlay-type":"","overlay-color":"","overlay-opacity":"","overlay-gradient":""},"tablet":{"background-color":"var(--ast-global-color-5)","background-image":"","background-repeat":"repeat","background-position":"center center","background-size":"auto","background-attachment":"scroll","background-type":"","background-media":"","overlay-type":"","overlay-color":"","overlay-opacity":"","overlay-gradient":""},"mobile":{"background-color":"var(--ast-global-color-5)","background-image":"","background-repeat":"repeat","background-position":"center center","background-size":"auto","background-attachment":"scroll","background-type":"","background-media":"","overlay-type":"","overlay-color":"","overlay-opacity":"","overlay-gradient":""}},"footnotes":""},"class_list":["post-7388","page","type-page","status-publish","hentry"],"post_mailing_queue_ids":[],"_links":{"self":[{"href":"https:\/\/agora.xtec.cat\/cfavictorinavila\/wp-json\/wp\/v2\/pages\/7388","targetHints":{"allow":["GET"]}}],"collection":[{"href":"https:\/\/agora.xtec.cat\/cfavictorinavila\/wp-json\/wp\/v2\/pages"}],"about":[{"href":"https:\/\/agora.xtec.cat\/cfavictorinavila\/wp-json\/wp\/v2\/types\/page"}],"author":[{"embeddable":true,"href":"https:\/\/agora.xtec.cat\/cfavictorinavila\/wp-json\/wp\/v2\/users\/1"}],"replies":[{"embeddable":true,"href":"https:\/\/agora.xtec.cat\/cfavictorinavila\/wp-json\/wp\/v2\/comments?post=7388"}],"version-history":[{"count":6,"href":"https:\/\/agora.xtec.cat\/cfavictorinavila\/wp-json\/wp\/v2\/pages\/7388\/revisions"}],"predecessor-version":[{"id":10899,"href":"https:\/\/agora.xtec.cat\/cfavictorinavila\/wp-json\/wp\/v2\/pages\/7388\/revisions\/10899"}],"up":[{"embeddable":true,"href":"https:\/\/agora.xtec.cat\/cfavictorinavila\/wp-json\/wp\/v2\/pages\/2603"}],"wp:attachment":[{"href":"https:\/\/agora.xtec.cat\/cfavictorinavila\/wp-json\/wp\/v2\/media?parent=7388"}],"curies":[{"name":"wp","href":"https:\/\/api.w.org\/{rel}","templated":true}]}}