{"id":7301,"date":"2023-09-28T17:26:37","date_gmt":"2023-09-28T15:26:37","guid":{"rendered":"https:\/\/agora.xtec.cat\/cfavictorinavila\/?page_id=7301"},"modified":"2025-03-02T23:53:11","modified_gmt":"2025-03-02T22:53:11","slug":"arts-i-artistes","status":"publish","type":"page","link":"https:\/\/agora.xtec.cat\/cfavictorinavila\/ensenyaments\/oferta-formativa\/arts-i-artistes\/","title":{"rendered":"Arts i Artistes"},"content":{"rendered":"\n<div style=\"height:1px\" aria-hidden=\"true\" class=\"wp-block-spacer\"><\/div>\n\n\n<h3>\u00a0<\/h3>\n<p style=\"text-align: justify;\" align=\"JUSTIFY\"><span style=\"color: #333333;\">L&#8217;objectiu general del m\u00f2dul consisteix en desenvolupar un primer acostament acad\u00e8mic al m\u00f3n de l&#8217;art. En aquest sentit es proposa dotar l&#8217;alumnat d&#8217;unes pautes metodol\u00f2giques a l&#8217;hora d&#8217;observar qualsevol manifestaci\u00f3 art\u00edstica. Precisament per aquest motiu el curs no s&#8217;estructura com una narraci\u00f3 lineal d&#8217;hist\u00f2ria de l&#8217;art, sin\u00f3 que s&#8217;assenta sobre uns corrents art\u00edstics determinats com a base per a una explicaci\u00f3 dels fonaments de les diverses disciplines art\u00edstiques, fent atenci\u00f3 espec\u00edfica i principal a l&#8217;art contemporani.<\/span><\/p>\n<p style=\"text-align: justify;\">Per tal de desenvolupar aquest esperit i poder reflexionar amb criteri sobre la filosofia i el pensament art\u00edstic contemporani, <span style=\"font-family: inherit; font-size: 1em;\">treballarem en tallers i farem visites a galeries i exposicions, i assistirem a actes i xerrades sobre els nous formats de producci\u00f3 de la pr\u00e0ctica art\u00edstica.<\/span><\/p>\n<p style=\"text-align: justify;\"><strong>Observaci\u00f3.-<\/strong> La matr\u00edcula d&#8217; <em>Arts i Artistes\u00a0<\/em> \u00e9s directa, no hi ha reserva pr\u00e8via pel procediment de preinscripci\u00f3.<\/p>\n<h3>\u00a0<\/h3>\n<h3>Acc\u00e9s<\/h3>\n<p style=\"text-align: justify;\">Poden cursar aquest m\u00f2dul totes les persones que tenen m\u00e9s de 18 anys o b\u00e9 els compleixen durant l&#8217;any natural en qu\u00e8 inicien la formaci\u00f3.<\/p>\n<h3>\u00a0<\/h3>\n<h3 data-canvas-width=\"96.74499999999999\">Continguts<\/h3>\n<ul>\n<li>Valoraci\u00f3 del concepte d&#8217;art i identificaci\u00f3 de les diverses disciplines art\u00edstiques.<\/li>\n<li>Identificaci\u00f3 dels fonaments de la pintura, reconeixement dels elements b\u00e0sics que caracteritzen els estils pict\u00f2rics de l&#8217;\u00e8poca moderna i interpretaci\u00f3 d&#8217;obres significatives de l&#8217;\u00e0mbit europeu.<\/li>\n<li>Valoraci\u00f3 dels canvis i ruptures en les formes i funcions de l&#8217;art, per mitj\u00e0 de l&#8217;an\u00e0lisi de l&#8217;obra d&#8217;alguns artistes representatius.<\/li>\n<li>Identificaci\u00f3 d&#8217;alguns dels canvis, continu\u00eftats i ruptures en el m\u00f3n de la cultura, de l&#8217;art i de les mentalitats, a escala mundial i local, i interpretaci\u00f3 dins el context.<\/li>\n<\/ul>\n<h4>\u00a0<\/h4>\n\n\n<figure class=\"wp-block-image aligncenter size-full is-resized\"><img loading=\"lazy\" decoding=\"async\" width=\"613\" height=\"543\" src=\"https:\/\/agora.xtec.cat\/cfavictorinavila\/wp-content\/uploads\/usu417\/2023\/10\/Arts-i-Artistes-web.png\" alt=\"\" class=\"wp-image-7526\" style=\"width:325px\"\/><\/figure>\n","protected":false},"excerpt":{"rendered":"<p>\u00a0 L&#8217;objectiu general del m\u00f2dul consisteix en desenvolupar un primer acostament acad\u00e8mic al m\u00f3n de l&#8217;art. En aquest sentit es proposa dotar l&#8217;alumnat d&#8217;unes pautes metodol\u00f2giques a l&#8217;hora d&#8217;observar qualsevol manifestaci\u00f3 art\u00edstica. Precisament per aquest motiu el curs no s&#8217;estructura com una narraci\u00f3 lineal d&#8217;hist\u00f2ria de l&#8217;art, sin\u00f3 que s&#8217;assenta sobre uns corrents art\u00edstics determinats [&hellip;]<\/p>\n","protected":false},"author":1,"featured_media":0,"parent":2603,"menu_order":8,"comment_status":"closed","ping_status":"closed","template":"","meta":{"site-sidebar-layout":"default","site-content-layout":"","ast-site-content-layout":"default","site-content-style":"default","site-sidebar-style":"default","ast-global-header-display":"","ast-banner-title-visibility":"","ast-main-header-display":"","ast-hfb-above-header-display":"","ast-hfb-below-header-display":"","ast-hfb-mobile-header-display":"","site-post-title":"","ast-breadcrumbs-content":"","ast-featured-img":"","footer-sml-layout":"","theme-transparent-header-meta":"","adv-header-id-meta":"","stick-header-meta":"","header-above-stick-meta":"","header-main-stick-meta":"","header-below-stick-meta":"","astra-migrate-meta-layouts":"set","ast-page-background-enabled":"default","ast-page-background-meta":{"desktop":{"background-color":"var(--ast-global-color-4)","background-image":"","background-repeat":"repeat","background-position":"center center","background-size":"auto","background-attachment":"scroll","background-type":"","background-media":"","overlay-type":"","overlay-color":"","overlay-opacity":"","overlay-gradient":""},"tablet":{"background-color":"","background-image":"","background-repeat":"repeat","background-position":"center center","background-size":"auto","background-attachment":"scroll","background-type":"","background-media":"","overlay-type":"","overlay-color":"","overlay-opacity":"","overlay-gradient":""},"mobile":{"background-color":"","background-image":"","background-repeat":"repeat","background-position":"center center","background-size":"auto","background-attachment":"scroll","background-type":"","background-media":"","overlay-type":"","overlay-color":"","overlay-opacity":"","overlay-gradient":""}},"ast-content-background-meta":{"desktop":{"background-color":"var(--ast-global-color-5)","background-image":"","background-repeat":"repeat","background-position":"center center","background-size":"auto","background-attachment":"scroll","background-type":"","background-media":"","overlay-type":"","overlay-color":"","overlay-opacity":"","overlay-gradient":""},"tablet":{"background-color":"var(--ast-global-color-5)","background-image":"","background-repeat":"repeat","background-position":"center center","background-size":"auto","background-attachment":"scroll","background-type":"","background-media":"","overlay-type":"","overlay-color":"","overlay-opacity":"","overlay-gradient":""},"mobile":{"background-color":"var(--ast-global-color-5)","background-image":"","background-repeat":"repeat","background-position":"center center","background-size":"auto","background-attachment":"scroll","background-type":"","background-media":"","overlay-type":"","overlay-color":"","overlay-opacity":"","overlay-gradient":""}},"footnotes":""},"class_list":["post-7301","page","type-page","status-publish","hentry"],"post_mailing_queue_ids":[],"_links":{"self":[{"href":"https:\/\/agora.xtec.cat\/cfavictorinavila\/wp-json\/wp\/v2\/pages\/7301","targetHints":{"allow":["GET"]}}],"collection":[{"href":"https:\/\/agora.xtec.cat\/cfavictorinavila\/wp-json\/wp\/v2\/pages"}],"about":[{"href":"https:\/\/agora.xtec.cat\/cfavictorinavila\/wp-json\/wp\/v2\/types\/page"}],"author":[{"embeddable":true,"href":"https:\/\/agora.xtec.cat\/cfavictorinavila\/wp-json\/wp\/v2\/users\/1"}],"replies":[{"embeddable":true,"href":"https:\/\/agora.xtec.cat\/cfavictorinavila\/wp-json\/wp\/v2\/comments?post=7301"}],"version-history":[{"count":6,"href":"https:\/\/agora.xtec.cat\/cfavictorinavila\/wp-json\/wp\/v2\/pages\/7301\/revisions"}],"predecessor-version":[{"id":10892,"href":"https:\/\/agora.xtec.cat\/cfavictorinavila\/wp-json\/wp\/v2\/pages\/7301\/revisions\/10892"}],"up":[{"embeddable":true,"href":"https:\/\/agora.xtec.cat\/cfavictorinavila\/wp-json\/wp\/v2\/pages\/2603"}],"wp:attachment":[{"href":"https:\/\/agora.xtec.cat\/cfavictorinavila\/wp-json\/wp\/v2\/media?parent=7301"}],"curies":[{"name":"wp","href":"https:\/\/api.w.org\/{rel}","templated":true}]}}