{"id":5862,"date":"2022-11-24T17:48:06","date_gmt":"2022-11-24T16:48:06","guid":{"rendered":"https:\/\/agora.xtec.cat\/cfavictorinavila\/?page_id=5862"},"modified":"2025-05-01T19:52:13","modified_gmt":"2025-05-01T17:52:13","slug":"impresos-i-sollicituds","status":"publish","type":"page","link":"https:\/\/agora.xtec.cat\/cfavictorinavila\/el-centre\/impresos-i-sollicituds\/","title":{"rendered":"Tr\u00e0mits, impresos i sol\u00b7licituds"},"content":{"rendered":"\n<div class=\"wp-block-columns is-layout-flex wp-container-core-columns-is-layout-1 wp-block-columns-is-layout-flex\">\n<div class=\"wp-block-column is-vertically-aligned-center is-layout-flow wp-block-column-is-layout-flow\" style=\"flex-basis:20%\">\n<figure class=\"wp-block-image aligncenter size-full is-resized\"><img loading=\"lazy\" decoding=\"async\" width=\"285\" height=\"177\" src=\"https:\/\/agora.xtec.cat\/cfavictorinavila\/wp-content\/uploads\/usu417\/2025\/05\/tramits.png\" alt=\"\" class=\"wp-image-12072\" style=\"width:250px\"\/><\/figure>\n\n\n\n<div class=\"wp-block-getwid-advanced-spacer getwid-hide-desktop getwid-hide-tablet\" style=\"height:40px\" aria-hidden=\"true\"><\/div>\n<\/div>\n\n\n\n<div class=\"wp-block-column is-layout-flow wp-block-column-is-layout-flow\" style=\"flex-basis:80%\">\n<div class=\"wp-block-getwid-accordion has-icon-left\" data-active-element=\"none\">\n<div class=\"wp-block-getwid-accordion__header-wrapper\"><h3 class=\"wp-block-getwid-accordion__header\"><a href=\"#\"><span class=\"wp-block-getwid-accordion__header-title\"><strong>Acreditacions catal\u00e0<\/strong><\/span><span class=\"wp-block-getwid-accordion__icon is-active\"><i class=\"fas fa-angle-right\"><\/i><\/span><span class=\"wp-block-getwid-accordion__icon is-passive\"><i class=\"fas fa-minus\"><\/i><\/span><\/a><\/h3><\/div><div class=\"wp-block-getwid-accordion__content-wrapper\"><div class=\"wp-block-getwid-accordion__content\">\n<p id=\"acreditacions-catala\" style=\"font-size:20px;line-height:1.6\">Segons la <a href=\"https:\/\/agora.xtec.cat\/cfavictorinavila\/wp-content\/uploads\/usu417\/2022\/11\/Titulacions-equivalents-als-certificats-de-Catala-1.pdf\" target=\"_blank\" rel=\"noreferrer noopener\">llista de titulacions equivalents als certificats de llengua catalana<\/a> elaborada a partir de l\u2019<em>Ordre VCP\/491\/2009, de 12 de novembre (DOGC n\u00fam. 5511, de 23.11.09)<\/em>, per la qual es refonen i s&#8217;actualitzen els t\u00edtols, diplomes i certificats equivalents als certificats de coneixements de catal\u00e0 de la <em>Direcci\u00f3 General de Pol\u00edtica Ling\u00fc\u00edstica<\/em>, modificada per l\u2019<em>Ordre VCP\/233\/2010, de 12 d&#8217;abril (DOGC n\u00fam. 5610, de 19.04.2010)<\/em>, els requisits necessaris per a poder obtenir l&#8217;<strong>acreditaci\u00f3 C1 en llengua catalana pels graduats en ESO al CFA Victorina Vila&nbsp; (no inclou proves lliures)<\/strong>&nbsp; que hagin cursat i aprovat l&#8217;\u00e0rea de llengua catalana, s\u00f3n haver cursat a Catalunya almenys vuit cursos qualssevol entre la prim\u00e0ria i l&#8217;ESO a partir del curs 1978-1979. La documentaci\u00f3 que cal aportar per sol\u00b7licitar l&#8217;equival\u00e8ncia \u00e9s la seg\u00fcent:<\/p>\n\n\n\n<ul class=\"wp-block-list\" style=\"font-size:20px;line-height:1.6\">\n<li style=\"margin-top:var(--wp--preset--spacing--20);margin-bottom:var(--wp--preset--spacing--20)\">DNI, NIE o passaport,<\/li>\n\n\n\n<li style=\"margin-top:var(--wp--preset--spacing--20);margin-bottom:var(--wp--preset--spacing--20)\">T\u00edtol o resguard del Graduat en ESO obtingut al CFA Victorina Vila (no inclou proves lliures),<\/li>\n\n\n\n<li style=\"margin-top:var(--wp--preset--spacing--20);margin-bottom:var(--wp--preset--spacing--20)\">Llibre d&#8217;escolaritat o certificat de l&#8217;escola i\/o institut que acrediti haver cursat 8 cursos entre la prim\u00e0ria i l&#8217;ESO a Catalunya,<\/li>\n\n\n\n<li><a href=\"https:\/\/agora.xtec.cat\/cfavictorinavila\/wp-content\/uploads\/usu417\/2022\/11\/Sollicitud-nivell-llengua-catalana.pdf\" target=\"_blank\" rel=\"noreferrer noopener\">Sol\u00b7licitud d&#8217;acreditaci\u00f3 en llengua catalana<\/a><\/li>\n<\/ul>\n\n\n\n<div style=\"height:1px\" aria-hidden=\"true\" class=\"wp-block-spacer\"><\/div>\n<\/div><\/div>\n\n\n\n<div class=\"wp-block-getwid-accordion__header-wrapper\"><h3 class=\"wp-block-getwid-accordion__header\"><a href=\"#\"><span class=\"wp-block-getwid-accordion__header-title\"><strong>Matr\u00edcula menors<\/strong><\/span><span class=\"wp-block-getwid-accordion__icon is-active\"><i class=\"fas fa-angle-right\"><\/i><\/span><span class=\"wp-block-getwid-accordion__icon is-passive\"><i class=\"fas fa-minus\"><\/i><\/span><\/a><\/h3><\/div><div class=\"wp-block-getwid-accordion__content-wrapper\"><div class=\"wp-block-getwid-accordion__content\">\n<p id=\"matricula-menors\" style=\"font-size:20px;line-height:1.6\">Amb car\u00e0cter general poden accedir a l\u2019educaci\u00f3 d\u2019adults les persones que han complert 18 anys o b\u00e9 els compleixen durant l\u2019any natural que inicien la formaci\u00f3. Tamb\u00e9 hi poden accedir les persones que compleixen com a m\u00ednim 16 anys l\u2019any natural que inicien la formaci\u00f3 si tenen un contracte laboral que les impedeix assistir als centres educatius en r\u00e8gim ordinari o si s\u00f3n esportistes d\u2019alt rendiment.<\/p>\n\n\n\n<p style=\"font-size:20px;line-height:1.6\">Excepcionalment, el director o directora dels Serveis Territorials del <em>Departament d\u2019Educaci\u00f3 i FP<\/em> pot autoritzar, amb un informe previ de la Inspecci\u00f3 Educativa, la incorporaci\u00f3 d\u2019alumnes majors de 16 anys que no compleixen els requisits anteriors per\u00f2 que es trobin amb circumst\u00e0ncies que els impedeixen assistir als centres educatius ordinaris.<\/p>\n\n\n\n<p class=\"has-text-align-center\" style=\"font-size:20px;line-height:1.6\"><a href=\"https:\/\/agora.xtec.cat\/cfavictorinavila\/wp-content\/uploads\/usu417\/2022\/11\/Sol.licitud-menors-cursar-ensenyament-adults.pdf\" target=\"_blank\" rel=\"noreferrer noopener\">Sol\u00b7licitud matr\u00edcula menors<\/a><\/p>\n\n\n\n<p class=\"has-text-align-center\" style=\"font-size:20px;line-height:1.6\"><a href=\"https:\/\/agora.xtec.cat\/cfavictorinavila\/wp-content\/uploads\/usu417\/2022\/11\/Autoritzacio_menors_per_cursar_adults.pdf\" target=\"_blank\" rel=\"noreferrer noopener\">Autoritzaci\u00f3 matr\u00edcula menors<\/a><\/p>\n\n\n\n<p class=\"has-text-align-center\" style=\"font-size:20px;line-height:1.6\"><a href=\"https:\/\/agora.xtec.cat\/cfavictorinavila\/wp-content\/uploads\/usu417\/2023\/01\/Autoritzacio-entrades-i-sortides.pdf\" target=\"_blank\" rel=\"noreferrer noopener\">Autoritzaci\u00f3 entrades i sortides menors<\/a><\/p>\n<\/div><\/div>\n\n\n\n<div class=\"wp-block-getwid-accordion__header-wrapper\"><h3 class=\"wp-block-getwid-accordion__header\"><a href=\"#\"><span class=\"wp-block-getwid-accordion__header-title\"><strong>Drets d&#8217;imatge<\/strong><\/span><span class=\"wp-block-getwid-accordion__icon is-active\"><i class=\"fas fa-angle-right\"><\/i><\/span><span class=\"wp-block-getwid-accordion__icon is-passive\"><i class=\"fas fa-minus\"><\/i><\/span><\/a><\/h3><\/div><div class=\"wp-block-getwid-accordion__content-wrapper\"><div class=\"wp-block-getwid-accordion__content\">\n<p id=\"drets-imatge\" style=\"font-size:20px;line-height:1.6\">El centre disposa d&#8217;espais de comunicaci\u00f3 on informa i fa la difusi\u00f3 de les activitats escolars lectives i culturals. En aquests espais es poden publicar imatges en qu\u00e8 apareguin, individualment o en grup, alumnes que fan les activitats esmentades.<\/p>\n\n\n\n<p style=\"font-size:20px;line-height:1.6\">At\u00e8s que el dret a la pr\u00f2pia imatge \u00e9s reconegut en l&#8217;article 18.1 de la <em>Constituci\u00f3 espanyola<\/em> i est\u00e0 regulat per la <em>Llei org\u00e0nica 1\/1982, de 5 de maig, sobre dret a l&#8217;honor, a la intimitat i a la pr\u00f2pia imatge<\/em>, la direcci\u00f3 del centre ha de demanar el consentiment a cada alumne per poder publicar les fotografies i v\u00eddeos on hi aparegui.<\/p>\n\n\n\n<p class=\"has-text-align-center\" style=\"font-size:20px;line-height:1.6\"><a href=\"https:\/\/agora.xtec.cat\/cfavictorinavila\/wp-content\/uploads\/usu417\/2022\/11\/Autoritzacio-drets-dimatge.pdf\" target=\"_blank\" rel=\"noreferrer noopener\">Autoritzaci\u00f3 drets d&#8217;imatge<\/a><\/p>\n<\/div><\/div>\n\n\n\n<div class=\"wp-block-getwid-accordion__header-wrapper\"><h3 class=\"wp-block-getwid-accordion__header\"><a href=\"#\"><span class=\"wp-block-getwid-accordion__header-title\"><strong>T\u00edtols d&#8217;ESO<\/strong><\/span><span class=\"wp-block-getwid-accordion__icon is-active\"><i class=\"fas fa-angle-right\"><\/i><\/span><span class=\"wp-block-getwid-accordion__icon is-passive\"><i class=\"fas fa-minus\"><\/i><\/span><\/a><\/h3><\/div><div class=\"wp-block-getwid-accordion__content-wrapper\"><div class=\"wp-block-getwid-accordion__content\">\n<p id=\"titols-eso\" style=\"font-size:20px;line-height:1.6\">En aquesta secretaria disposem dels diplomes oficials dels t\u00edtols de graduat en ESO obtinguts fins al curs 2019-2020 al centre i a les proves lliures. Per recollir-los heu de venir personalment en <a href=\"https:\/\/agora.xtec.cat\/cfavictorinavila\/el-centre\/secretaria\/\" target=\"_blank\" rel=\"noreferrer noopener\">horari d&#8217;atenci\u00f3 al p\u00fablic<\/a> i identificar-vos mitjan\u00e7ant DNI, NIE o passaport. Si voleu sol\u00b7licitar un duplicat o actualitzaci\u00f3 d&#8217;un t\u00edtol, heu d&#8217;iniciar <a href=\"https:\/\/educacio.gencat.cat\/ca\/tramits\/tramits-temes\/titols-academics-no-universitaris\" target=\"_blank\" rel=\"noreferrer noopener\">aquest tr\u00e0mit.<\/a>&nbsp;<\/p>\n<\/div><\/div>\n\n\n\n<div class=\"wp-block-getwid-accordion__header-wrapper\"><h3 class=\"wp-block-getwid-accordion__header\"><a href=\"#\"><span class=\"wp-block-getwid-accordion__header-title\"><strong>Homologaci\u00f3 t\u00edtols<\/strong> no universitaris<\/span><span class=\"wp-block-getwid-accordion__icon is-active\"><i class=\"fas fa-angle-right\"><\/i><\/span><span class=\"wp-block-getwid-accordion__icon is-passive\"><i class=\"fas fa-minus\"><\/i><\/span><\/a><\/h3><\/div><div class=\"wp-block-getwid-accordion__content-wrapper\"><div class=\"wp-block-getwid-accordion__content\">\n<p class=\"has-medium-font-size\" id=\"homologacio-titols\" style=\"line-height:1.6\"><strong>Homologar<\/strong> \u00e9s recon\u00e8ixer la validesa d&#8217;un t\u00edtol com si s&#8217;hagu\u00e9s estudiat a Catalunya. Habilita professionalment i permet continuar altres estudis.<\/p>\n\n\n\n<p class=\"has-medium-font-size\" style=\"line-height:1.6\"><strong>Convalidar<\/strong> vol dir declarar v\u00e0lids estudis fets a l&#8217;estranger per poder seguir estudiant a Catalunya.<\/p>\n\n\n\n<p class=\"has-medium-font-size\" style=\"line-height:1.6\">Es poden homologar tots els estudis de sistemes educatius estrangers no universitaris excepte els d&#8217;idiomes.<\/p>\n\n\n\n<p class=\"has-medium-font-size\" style=\"line-height:1.6\">Els&nbsp;<strong>estudis fets a l&#8217;estranger<\/strong>&nbsp;han de complir els requisits seg\u00fcents:<\/p>\n\n\n\n<ul style=\"line-height:1.6\" class=\"has-medium-font-size wp-block-list\">\n<li>tenir validesa oficial en el sistema educatiu del pa\u00eds al qual corresponen,<\/li>\n\n\n\n<li>estar efectivament superats en el pa\u00eds de proced\u00e8ncia (no es convaliden assignatures soltes),<\/li>\n\n\n\n<li>haver superat tots i cadascun dels cursos anteriors al curs que es vol homologar o convalidar,<\/li>\n\n\n\n<li>haver-hi equival\u00e8ncia acad\u00e8mica suficient, en la durada i els continguts, respecte als estudis o al t\u00edtol espanyol.<\/li>\n<\/ul>\n\n\n\n<p class=\"has-medium-font-size\" style=\"line-height:1.6\"><br>Els&nbsp;<strong>estudis fets en un centre estranger ubicat a l&#8217;Estat espanyol<\/strong>&nbsp;han de complir els requisits seg\u00fcents:<\/p>\n\n\n\n<ul style=\"line-height:1.6\" class=\"has-medium-font-size wp-block-list\">\n<li>el centre que els imparteix ha de tenir l&#8217;autoritzaci\u00f3 de l&#8217;administraci\u00f3 educativa espanyola competent,<\/li>\n\n\n\n<li>no es pot haver obtingut pr\u00e8viament el mateix t\u00edtol o estudis en el sistema educatiu espanyol.<\/li>\n<\/ul>\n\n\n\n<div style=\"height:35px\" aria-hidden=\"true\" class=\"wp-block-spacer\"><\/div>\n\n\n\n<p class=\"has-text-align-center\" style=\"font-size:20px;line-height:1.6\"><a href=\"https:\/\/educacio.gencat.cat\/ca\/tramits\/tramits-temes\/homologacio-titols\" target=\"_blank\" rel=\"noreferrer noopener\">Tr\u00e0mit d&#8217;homologaci\u00f3 i convalidaci\u00f3 de t\u00edtols estrangers no universitaris<\/a><\/p>\n\n\n\n<p class=\"has-text-align-center\" style=\"font-size:20px;line-height:1.6\"><a href=\"https:\/\/triaeducativa.gencat.cat\/ca\/homologacio\/documentacio\/eso-batxillerat\/\" target=\"_blank\" rel=\"noreferrer noopener\">Homologaci\u00f3 d&#8217;estudis corresponents a l&#8217;ESO i el Batxillerat en altres pa\u00efsos<\/a><\/p>\n\n\n\n<div style=\"height:1px\" aria-hidden=\"true\" class=\"wp-block-spacer\"><\/div>\n<\/div><\/div>\n\n\n\n<div class=\"wp-block-getwid-accordion__header-wrapper\"><h3 class=\"wp-block-getwid-accordion__header\"><a href=\"#\"><span class=\"wp-block-getwid-accordion__header-title\"><strong>Sol\u00b7licituds generals<\/strong><\/span><span class=\"wp-block-getwid-accordion__icon is-active\"><i class=\"fas fa-angle-right\"><\/i><\/span><span class=\"wp-block-getwid-accordion__icon is-passive\"><i class=\"fas fa-minus\"><\/i><\/span><\/a><\/h3><\/div><div class=\"wp-block-getwid-accordion__content-wrapper\"><div class=\"wp-block-getwid-accordion__content\">\n<p class=\"has-text-align-center\" style=\"font-size:20px;line-height:1.6\"><a href=\"https:\/\/agora.xtec.cat\/cfavictorinavila\/wp-content\/uploads\/usu417\/2022\/11\/Autoritzacio-a-terceres-persones-1.pdf\" target=\"_blank\" rel=\"noreferrer noopener\">Autoritzaci\u00f3 a terceres persones<\/a><\/p>\n\n\n\n<p class=\"has-text-align-center\" style=\"font-size:20px;line-height:1.6\"><a href=\"https:\/\/agora.xtec.cat\/cfavictorinavila\/wp-content\/uploads\/usu417\/2023\/11\/Presentacio-de-documents.pdf\" target=\"_blank\" rel=\"noreferrer noopener\">Presentaci\u00f3 de documents<\/a><\/p>\n\n\n\n<p class=\"has-text-align-center\" style=\"font-size:20px;line-height:1.6\"><a href=\"https:\/\/agora.xtec.cat\/cfavictorinavila\/wp-content\/uploads\/usu417\/2022\/11\/Sollicitud-general-1.pdf\" target=\"_blank\" rel=\"noreferrer noopener\">Sol\u00b7licitud general<\/a><\/p>\n<\/div><\/div>\n<\/div>\n<\/div>\n<\/div>\n","protected":false},"excerpt":{"rendered":"","protected":false},"author":1,"featured_media":0,"parent":261,"menu_order":6,"comment_status":"closed","ping_status":"closed","template":"","meta":{"site-sidebar-layout":"default","site-content-layout":"","ast-site-content-layout":"default","site-content-style":"default","site-sidebar-style":"default","ast-global-header-display":"","ast-banner-title-visibility":"","ast-main-header-display":"","ast-hfb-above-header-display":"","ast-hfb-below-header-display":"","ast-hfb-mobile-header-display":"","site-post-title":"","ast-breadcrumbs-content":"","ast-featured-img":"","footer-sml-layout":"","theme-transparent-header-meta":"","adv-header-id-meta":"","stick-header-meta":"","header-above-stick-meta":"","header-main-stick-meta":"","header-below-stick-meta":"","astra-migrate-meta-layouts":"set","ast-page-background-enabled":"default","ast-page-background-meta":{"desktop":{"background-color":"var(--ast-global-color-4)","background-image":"","background-repeat":"repeat","background-position":"center center","background-size":"auto","background-attachment":"scroll","background-type":"","background-media":"","overlay-type":"","overlay-color":"","overlay-opacity":"","overlay-gradient":""},"tablet":{"background-color":"","background-image":"","background-repeat":"repeat","background-position":"center center","background-size":"auto","background-attachment":"scroll","background-type":"","background-media":"","overlay-type":"","overlay-color":"","overlay-opacity":"","overlay-gradient":""},"mobile":{"background-color":"","background-image":"","background-repeat":"repeat","background-position":"center center","background-size":"auto","background-attachment":"scroll","background-type":"","background-media":"","overlay-type":"","overlay-color":"","overlay-opacity":"","overlay-gradient":""}},"ast-content-background-meta":{"desktop":{"background-color":"var(--ast-global-color-5)","background-image":"","background-repeat":"repeat","background-position":"center center","background-size":"auto","background-attachment":"scroll","background-type":"","background-media":"","overlay-type":"","overlay-color":"","overlay-opacity":"","overlay-gradient":""},"tablet":{"background-color":"var(--ast-global-color-5)","background-image":"","background-repeat":"repeat","background-position":"center center","background-size":"auto","background-attachment":"scroll","background-type":"","background-media":"","overlay-type":"","overlay-color":"","overlay-opacity":"","overlay-gradient":""},"mobile":{"background-color":"var(--ast-global-color-5)","background-image":"","background-repeat":"repeat","background-position":"center center","background-size":"auto","background-attachment":"scroll","background-type":"","background-media":"","overlay-type":"","overlay-color":"","overlay-opacity":"","overlay-gradient":""}},"footnotes":""},"class_list":["post-5862","page","type-page","status-publish","hentry"],"post_mailing_queue_ids":[],"_links":{"self":[{"href":"https:\/\/agora.xtec.cat\/cfavictorinavila\/wp-json\/wp\/v2\/pages\/5862","targetHints":{"allow":["GET"]}}],"collection":[{"href":"https:\/\/agora.xtec.cat\/cfavictorinavila\/wp-json\/wp\/v2\/pages"}],"about":[{"href":"https:\/\/agora.xtec.cat\/cfavictorinavila\/wp-json\/wp\/v2\/types\/page"}],"author":[{"embeddable":true,"href":"https:\/\/agora.xtec.cat\/cfavictorinavila\/wp-json\/wp\/v2\/users\/1"}],"replies":[{"embeddable":true,"href":"https:\/\/agora.xtec.cat\/cfavictorinavila\/wp-json\/wp\/v2\/comments?post=5862"}],"version-history":[{"count":6,"href":"https:\/\/agora.xtec.cat\/cfavictorinavila\/wp-json\/wp\/v2\/pages\/5862\/revisions"}],"predecessor-version":[{"id":12083,"href":"https:\/\/agora.xtec.cat\/cfavictorinavila\/wp-json\/wp\/v2\/pages\/5862\/revisions\/12083"}],"up":[{"embeddable":true,"href":"https:\/\/agora.xtec.cat\/cfavictorinavila\/wp-json\/wp\/v2\/pages\/261"}],"wp:attachment":[{"href":"https:\/\/agora.xtec.cat\/cfavictorinavila\/wp-json\/wp\/v2\/media?parent=5862"}],"curies":[{"name":"wp","href":"https:\/\/api.w.org\/{rel}","templated":true}]}}