{"id":4582,"date":"2022-04-11T22:43:15","date_gmt":"2022-04-11T20:43:15","guid":{"rendered":"https:\/\/agora.xtec.cat\/cfavictorinavila\/?page_id=4582"},"modified":"2025-08-13T11:57:49","modified_gmt":"2025-08-13T09:57:49","slug":"acreditacions-professionals","status":"publish","type":"page","link":"https:\/\/agora.xtec.cat\/cfavictorinavila\/serveis-generals\/acreditacions-professionals\/","title":{"rendered":"Acreditacions professionals"},"content":{"rendered":"\n<div style=\"height:20px\" aria-hidden=\"true\" class=\"wp-block-spacer\"><\/div>\n\n\n\n<p style=\"font-size:25px;line-height:1.6\">L&#8217; <strong>acreditaci\u00f3<\/strong> \u00e9s l\u2019oportunitat d\u2019aconseguir un reconeixement oficial d\u2019all\u00f2 que ets \u00e9s capa\u00e7 de fer a partir de la teva experi\u00e8ncia professional o la teva formaci\u00f3 no reconeguda oficialment. &nbsp;Per obtenir-la has de participar en un seguit d\u2019entrevistes, que preferentment s\u00f3n virtuals, en les quals has de demostrar determinades compet\u00e8ncies professionals.&nbsp;<\/p>\n\n\n\n<p style=\"font-size:25px;line-height:1.6\">Al CFA Victorina Vila som <strong>&#8220;Punt d&#8217;Informaci\u00f3 i Orientaci\u00f3&#8221;<\/strong> del <a href=\"https:\/\/fp.gencat.cat\/ca\/acreditacio\/em-vull-acreditar\/\" target=\"_blank\" rel=\"noreferrer noopener\">Servei d&#8217;Acreditaci\u00f3 de Compet\u00e8ncies Professionals<\/a>. &nbsp;Si vols que t&#8217;orientem per fer la inscripci\u00f3, envia&#8217;ns un correu a <em>c5007611@xtec.cat&nbsp; <\/em>i t&#8217;assessorarem.<\/p>\n\n\n\n<p style=\"font-size:25px;line-height:1.6\"><strong>La inscripci\u00f3 al <em>Servei d\u2019Acreditaci\u00f3<\/em>&nbsp; es fa per <\/strong><a href=\"https:\/\/aplicacions.gestioeducativa.gencat.cat\/e13_cfp_icqp\/menuInici.do\" target=\"_blank\" rel=\"noreferrer noopener\">qualificacions professionals<\/a>. &nbsp;Les qualificacions professionals es classifiquen en 26 fam\u00edlies professionals i s&#8217;estructuren en 3 nivells, segons els seg\u00fcents requisits acad\u00e8mics:<\/p>\n\n\n\n<ul class=\"wp-block-list\">\n<li style=\"font-size:25px;line-height:1.6\"><em>Nivell 1.-<\/em>&nbsp; No requereixen de requisits acad\u00e8mics ni professionals.<\/li>\n\n\n\n<li style=\"padding-top:var(--wp--preset--spacing--30);padding-bottom:var(--wp--preset--spacing--30);font-size:25px;line-height:1.6\"><em>Nivell 2.-<\/em>  Graduat en secund\u00e0ria, altres certificats professionals de nivell 2, certificats de professionalitat de nivell 1 de la mateixa fam\u00edlia professional, prova d&#8217;acc\u00e9s a la universitat, o qualsevol titulaci\u00f3 que permeti accedir a un CFGM (CAM, prova d&#8217;acc\u00e9s, etc).<\/li>\n\n\n\n<li style=\"font-size:25px;line-height:1.6\"><em>Nivell 3.-<\/em>&nbsp; Batxillerat, altres certificats professionals de nivell 3, certificats de professionalitat de nivell 2 de la mateixa fam\u00edlia professional, prova d&#8217;acc\u00e9s a la universitat, o qualsevol titulaci\u00f3 que permeti accedir a un CFGS (CAS, prova d&#8217;acc\u00e9s, etc).<\/li>\n<\/ul>\n\n\n\n<div style=\"height:30px\" aria-hidden=\"true\" class=\"wp-block-spacer\"><\/div>\n\n\n\n<p style=\"font-size:25px;line-height:1.6\">Et pots inscriure a m\u00e9s d\u2019una qualificaci\u00f3 professional, en aquest cas haur\u00e0s d\u2019emplenar una sol\u00b7licitud d\u2019inscripci\u00f3 per a cada qualificaci\u00f3 professional que vulguis acreditar.<\/p>\n\n\n\n<div style=\"height:30px\" aria-hidden=\"true\" class=\"wp-block-spacer\"><\/div>\n\n\n\n<p style=\"font-size:25px;line-height:1.6\"><strong>Per demanar l&#8217;acreditaci\u00f3:<\/strong><\/p>\n\n\n\n<ol style=\"padding-top:0;padding-bottom:0;line-height:1.6\" class=\"wp-block-list\">\n<li style=\"margin-top:var(--wp--preset--spacing--20);margin-bottom:var(--wp--preset--spacing--20);font-size:25px;line-height:1.6\">Revisa que compleixis els <a href=\"https:\/\/fp.gencat.cat\/ca\/acreditacio\/em-vull-acreditar\/Requisits-de-participacio\/\" target=\"_blank\" rel=\"noreferrer noopener\">requisits d&#8217;inscripci\u00f3<\/a>.<\/li>\n\n\n\n<li style=\"margin-top:var(--wp--preset--spacing--20);margin-bottom:var(--wp--preset--spacing--20);font-size:25px;line-height:1.6\"><a href=\"https:\/\/fp.gencat.cat\/ca\/acreditacio\/em-vull-acreditar\/inscripcio\/a-quina-qualificacio-professional-mhe-dinscriure\/cercador-de-qualificacions-professionals\/\" target=\"_blank\" rel=\"noreferrer noopener\">Tria la qualificaci\u00f3 professional<\/a> per la qual et vols inscriure (si tens dubtes, mira quines unitats o est\u00e0ndards de compet\u00e8ncia cont\u00e9).  <strong>Atenci\u00f3:<\/strong> <em>l&#8217;\u00faltim d\u00edgit del codi de la qualificaci\u00f3 n&#8217;indica el nivell<\/em>.<\/li>\n\n\n\n<li style=\"font-size:25px;line-height:1.6\">Realitza la <a href=\"https:\/\/web.gencat.cat\/ca\/tramits\/tramits-temes\/21900_Acreditat?category=742b7874-a82c-11e3-a972-000c29052e2c&amp;moda=1\" target=\"_blank\" rel=\"noreferrer noopener\">inscripci\u00f3<\/a> al <em>Servei <\/em><em>d&#8217;Acreditaci\u00f3.<\/em><\/li>\n<\/ol>\n\n\n\n<div class=\"wp-block-getwid-advanced-spacer getwid-hide-mobile\" style=\"height:20px\" aria-hidden=\"true\"><\/div>\n\n\n\n<div class=\"wp-block-columns is-layout-flex wp-container-core-columns-is-layout-1 wp-block-columns-is-layout-flex\">\n<div class=\"wp-block-column is-layout-flow wp-block-column-is-layout-flow\" style=\"flex-basis:10%\"><\/div>\n\n\n\n<div class=\"wp-block-column is-layout-flow wp-block-column-is-layout-flow\" style=\"flex-basis:50%\">\n<figure class=\"wp-block-image alignfull size-full\"><img loading=\"lazy\" decoding=\"async\" width=\"776\" height=\"451\" src=\"https:\/\/agora.xtec.cat\/cfavictorinavila\/wp-content\/uploads\/usu417\/2024\/04\/Banner-Acreditacio-775x450-t.png\" alt=\"\" class=\"wp-image-8470\" srcset=\"https:\/\/agora.xtec.cat\/cfavictorinavila\/wp-content\/uploads\/usu417\/2024\/04\/Banner-Acreditacio-775x450-t.png 776w, https:\/\/agora.xtec.cat\/cfavictorinavila\/wp-content\/uploads\/usu417\/2024\/04\/Banner-Acreditacio-775x450-t-768x446.png 768w\" sizes=\"auto, (max-width: 776px) 100vw, 776px\" \/><\/figure>\n<\/div>\n\n\n\n<div class=\"wp-block-column is-layout-flow wp-block-column-is-layout-flow\" style=\"flex-basis:10%\"><\/div>\n<\/div>\n\n\n\n<div class=\"wp-block-getwid-advanced-spacer getwid-hide-mobile\" style=\"height:50px\" aria-hidden=\"true\"><\/div>\n\n\n\n<h3 class=\"wp-block-heading\">\ud83d\udccb&nbsp; <a href=\"https:\/\/fp.gencat.cat\/web\/.content\/06_Acreditacio\/guies-i-manuals-PDF\/Instruccions-inscripcio-servei-Acreditacio.pdf\" target=\"_blank\" rel=\"noreferrer noopener\">Manual per a la inscripci\u00f3<\/a><\/h3>\n\n\n\n<div style=\"height:30px\" aria-hidden=\"true\" class=\"wp-block-spacer\"><\/div>\n\n\n\n<h3 class=\"wp-block-heading\">\u2753\u00a0 <a href=\"https:\/\/fp.gencat.cat\/ca\/acreditacio\/em-vull-acreditar\/dubtes-i-preguntes-frequeents\/\" target=\"_blank\" rel=\"noreferrer noopener\">Dubtes i preguntes freq\u00fcents<\/a><\/h3>\n\n\n\n<div style=\"height:30px\" aria-hidden=\"true\" class=\"wp-block-spacer\"><\/div>\n\n\n\n<h3 class=\"wp-block-heading\">\ud83c\udf10&nbsp; <a href=\"https:\/\/www.todofp.es\/acreditacion\" target=\"_blank\" rel=\"noreferrer noopener\">Herramienta orientativa acreditaci\u00f3n&nbsp; (<em>Todo FP &#8211; Ministerio de Educaci\u00f3n, FP y deportes)<\/em><\/a><\/h3>\n","protected":false},"excerpt":{"rendered":"<p>L&#8217; acreditaci\u00f3 \u00e9s l\u2019oportunitat d\u2019aconseguir un reconeixement oficial d\u2019all\u00f2 que ets \u00e9s capa\u00e7 de fer a partir de la teva experi\u00e8ncia professional o la teva formaci\u00f3 no reconeguda oficialment. &nbsp;Per obtenir-la has de participar en un seguit d\u2019entrevistes, que preferentment s\u00f3n virtuals, en les quals has de demostrar determinades compet\u00e8ncies professionals.&nbsp; Al CFA Victorina Vila [&hellip;]<\/p>\n","protected":false},"author":1,"featured_media":0,"parent":9495,"menu_order":14,"comment_status":"closed","ping_status":"closed","template":"","meta":{"site-sidebar-layout":"default","site-content-layout":"","ast-site-content-layout":"default","site-content-style":"default","site-sidebar-style":"default","ast-global-header-display":"","ast-banner-title-visibility":"","ast-main-header-display":"","ast-hfb-above-header-display":"","ast-hfb-below-header-display":"","ast-hfb-mobile-header-display":"","site-post-title":"","ast-breadcrumbs-content":"","ast-featured-img":"","footer-sml-layout":"","theme-transparent-header-meta":"","adv-header-id-meta":"","stick-header-meta":"","header-above-stick-meta":"","header-main-stick-meta":"","header-below-stick-meta":"","astra-migrate-meta-layouts":"set","ast-page-background-enabled":"default","ast-page-background-meta":{"desktop":{"background-color":"var(--ast-global-color-4)","background-image":"","background-repeat":"repeat","background-position":"center center","background-size":"auto","background-attachment":"scroll","background-type":"","background-media":"","overlay-type":"","overlay-color":"","overlay-opacity":"","overlay-gradient":""},"tablet":{"background-color":"","background-image":"","background-repeat":"repeat","background-position":"center center","background-size":"auto","background-attachment":"scroll","background-type":"","background-media":"","overlay-type":"","overlay-color":"","overlay-opacity":"","overlay-gradient":""},"mobile":{"background-color":"","background-image":"","background-repeat":"repeat","background-position":"center center","background-size":"auto","background-attachment":"scroll","background-type":"","background-media":"","overlay-type":"","overlay-color":"","overlay-opacity":"","overlay-gradient":""}},"ast-content-background-meta":{"desktop":{"background-color":"var(--ast-global-color-5)","background-image":"","background-repeat":"repeat","background-position":"center center","background-size":"auto","background-attachment":"scroll","background-type":"","background-media":"","overlay-type":"","overlay-color":"","overlay-opacity":"","overlay-gradient":""},"tablet":{"background-color":"var(--ast-global-color-5)","background-image":"","background-repeat":"repeat","background-position":"center center","background-size":"auto","background-attachment":"scroll","background-type":"","background-media":"","overlay-type":"","overlay-color":"","overlay-opacity":"","overlay-gradient":""},"mobile":{"background-color":"var(--ast-global-color-5)","background-image":"","background-repeat":"repeat","background-position":"center center","background-size":"auto","background-attachment":"scroll","background-type":"","background-media":"","overlay-type":"","overlay-color":"","overlay-opacity":"","overlay-gradient":""}},"footnotes":""},"class_list":["post-4582","page","type-page","status-publish","hentry"],"post_mailing_queue_ids":[],"_links":{"self":[{"href":"https:\/\/agora.xtec.cat\/cfavictorinavila\/wp-json\/wp\/v2\/pages\/4582","targetHints":{"allow":["GET"]}}],"collection":[{"href":"https:\/\/agora.xtec.cat\/cfavictorinavila\/wp-json\/wp\/v2\/pages"}],"about":[{"href":"https:\/\/agora.xtec.cat\/cfavictorinavila\/wp-json\/wp\/v2\/types\/page"}],"author":[{"embeddable":true,"href":"https:\/\/agora.xtec.cat\/cfavictorinavila\/wp-json\/wp\/v2\/users\/1"}],"replies":[{"embeddable":true,"href":"https:\/\/agora.xtec.cat\/cfavictorinavila\/wp-json\/wp\/v2\/comments?post=4582"}],"version-history":[{"count":6,"href":"https:\/\/agora.xtec.cat\/cfavictorinavila\/wp-json\/wp\/v2\/pages\/4582\/revisions"}],"predecessor-version":[{"id":12872,"href":"https:\/\/agora.xtec.cat\/cfavictorinavila\/wp-json\/wp\/v2\/pages\/4582\/revisions\/12872"}],"up":[{"embeddable":true,"href":"https:\/\/agora.xtec.cat\/cfavictorinavila\/wp-json\/wp\/v2\/pages\/9495"}],"wp:attachment":[{"href":"https:\/\/agora.xtec.cat\/cfavictorinavila\/wp-json\/wp\/v2\/media?parent=4582"}],"curies":[{"name":"wp","href":"https:\/\/api.w.org\/{rel}","templated":true}]}}