{"id":4416,"date":"2022-03-13T22:12:17","date_gmt":"2022-03-13T21:12:17","guid":{"rendered":"https:\/\/agora.xtec.cat\/cfavictorinavila\/?page_id=4416"},"modified":"2026-03-14T13:12:54","modified_gmt":"2026-03-14T12:12:54","slug":"documents","status":"publish","type":"page","link":"https:\/\/agora.xtec.cat\/cfavictorinavila\/el-centre\/documents\/","title":{"rendered":"Documents de centre"},"content":{"rendered":"\n<div style=\"height:30px\" aria-hidden=\"true\" class=\"wp-block-spacer\"><\/div>\n\n\n\n<p style=\"font-size:25px;line-height:1.6\">L&#8217; organitzaci\u00f3 interna del CFA Victorina Vila es regeix pels documents de gesti\u00f3 seg\u00fcents:<\/p>\n\n\n\n<ul style=\"padding-top:0;padding-bottom:0;font-size:25px;line-height:1.6\" class=\"wp-block-list\">\n<li style=\"margin-top:var(--wp--preset--spacing--30);margin-bottom:var(--wp--preset--spacing--30);font-size:25px\">Projecte Educatiu de Centre&nbsp;  <img loading=\"lazy\" decoding=\"async\" width=\"30\" height=\"30\" src=\"https:\/\/agora.xtec.cat\/cfavictorinavila\/wp-content\/uploads\/usu417\/2025\/01\/descarga.png\" alt=\"\"><\/li>\n\n\n\n<li style=\"margin-top:var(--wp--preset--spacing--30);margin-bottom:var(--wp--preset--spacing--30)\">Normes d&#8217;Organitzaci\u00f3 i Funcionament de Centre&nbsp; <img loading=\"lazy\" decoding=\"async\" width=\"30\" height=\"30\" src=\"https:\/\/agora.xtec.cat\/cfavictorinavila\/wp-content\/uploads\/usu417\/2025\/01\/descarga.png\" alt=\"\"><\/li>\n\n\n\n<li style=\"margin-top:var(--wp--preset--spacing--30);margin-bottom:var(--wp--preset--spacing--30)\"><a href=\"https:\/\/agora.xtec.cat\/cfavictorinavila\/wp-content\/uploads\/usu417\/2025\/07\/Actualitzacio-del-projecte-de-direccio-2025-2029.pdf\" target=\"_blank\" rel=\"noreferrer noopener\">Actualitzaci\u00f3 2025-2029 del Projecte de Direcci\u00f3<\/a><\/li>\n\n\n\n<li style=\"margin-top:var(--wp--preset--spacing--30);margin-bottom:var(--wp--preset--spacing--30)\"><a href=\"https:\/\/agora.xtec.cat\/cfavictorinavila\/el-centre\/estrategia-digital-de-centre\/\" target=\"_blank\" rel=\"noreferrer noopener\">Estrat\u00e8gia Digital de Centre<\/a><\/li>\n\n\n\n<li style=\"margin-top:var(--wp--preset--spacing--30);margin-bottom:var(--wp--preset--spacing--30)\"><a href=\"https:\/\/agora.xtec.cat\/cfavictorinavila\/el-centre\/estrategia-digital-de-centre\/cultura-digital-del-cfa-victorina-vila\/protocols-dacollida-digital\/\" target=\"_blank\" rel=\"noreferrer noopener\">Protocols d&#8217;Acollida<\/a><\/li>\n\n\n\n<li style=\"margin-top:var(--wp--preset--spacing--30);margin-bottom:var(--wp--preset--spacing--30)\"><a href=\"https:\/\/agora.xtec.cat\/cfavictorinavila\/wp-content\/uploads\/usu417\/2022\/03\/PROJECTE-DORIENTACIO-EDUCATIVA-CFA-Victorina-Vila.pdf\" target=\"_blank\" rel=\"noreferrer noopener\">Pla d&#8217;Orientaci\u00f3 i Acci\u00f3 Tutorial<\/a><\/li>\n\n\n\n<li style=\"margin-top:var(--wp--preset--spacing--30);margin-bottom:var(--wp--preset--spacing--30)\">Projecte de Conviv\u00e8ncia&nbsp; <img loading=\"lazy\" decoding=\"async\" width=\"30\" height=\"30\" src=\"https:\/\/agora.xtec.cat\/cfavictorinavila\/wp-content\/uploads\/usu417\/2025\/01\/descarga.png\" alt=\"\"><\/li>\n\n\n\n<li><a href=\"https:\/\/agora.xtec.cat\/cfavictorinavila\/wp-content\/uploads\/usu417\/2025\/07\/PROJECTE-INTERNIVELLS-1.pdf\" target=\"_blank\" rel=\"noreferrer noopener\">Projecte Internivells<\/a><\/li>\n\n\n\n<li style=\"margin-top:var(--wp--preset--spacing--30);margin-bottom:var(--wp--preset--spacing--30)\"><a href=\"https:\/\/agora.xtec.cat\/cfavictorinavila\/wp-content\/uploads\/usu417\/2023\/11\/Pla-de-Desenvolupament-Europeu-del-CFA-Victorina-Vila.pdf\" target=\"_blank\" rel=\"noreferrer noopener\">Pla de Desenvolupament Europeu<\/a><\/li>\n\n\n\n<li style=\"margin-top:var(--wp--preset--spacing--30);margin-bottom:var(--wp--preset--spacing--30)\"><a href=\"https:\/\/agora.xtec.cat\/cfavictorinavila\/wp-content\/uploads\/usu417\/2024\/02\/PROJECTE-LINGUISTIC-CFA-VICTORINA-VILA-2024.pdf\" target=\"_blank\" rel=\"noreferrer noopener\">Projecte Ling\u00fc\u00edstic<\/a><\/li>\n\n\n\n<li><a href=\"https:\/\/agora.xtec.cat\/cfavictorinavila\/wp-content\/uploads\/usu417\/2023\/02\/Pla-de-comunicacio-del-CFA-VV.pdf\" target=\"_blank\" rel=\"noreferrer noopener\">Pla de Comunicaci\u00f3<\/a><\/li>\n<\/ul>\n\n\n\n<div style=\"height:25px\" aria-hidden=\"true\" class=\"wp-block-spacer\"><\/div>\n\n\n\n<p style=\"font-size:25px;line-height:1.6\">El CFA Victorina Vila tamb\u00e9 disposa d&#8217;un <strong>Pla d&#8217;Emerg\u00e8ncia <\/strong>(<a href=\"https:\/\/agora.xtec.cat\/cfavictorinavila\/wp-content\/uploads\/usu417\/2023\/03\/Resum-Pla-dEmergencia-del-CFA-VV.pdf\" target=\"_blank\" rel=\"noreferrer noopener\">resum<\/a>) que inclou unes <a href=\"https:\/\/agora.xtec.cat\/cfavictorinavila\/wp-content\/uploads\/usu417\/2023\/07\/Instruccions-dorganitzacio-en-cas-demergencia.pdf\" target=\"_blank\" rel=\"noreferrer noopener\">Instruccions d&#8217;Organitzaci\u00f3 en cas d&#8217;Emerg\u00e8ncia<\/a>, i cada curs es redacten les <strong>Programacions Generals Anuals<\/strong> i les <strong>Mem\u00f2ries Anuals<\/strong> corresponents.<\/p>\n","protected":false},"excerpt":{"rendered":"<p>L&#8217; organitzaci\u00f3 interna del CFA Victorina Vila es regeix pels documents de gesti\u00f3 seg\u00fcents: El CFA Victorina Vila tamb\u00e9 disposa d&#8217;un Pla d&#8217;Emerg\u00e8ncia (resum) que inclou unes Instruccions d&#8217;Organitzaci\u00f3 en cas d&#8217;Emerg\u00e8ncia, i cada curs es redacten les Programacions Generals Anuals i les Mem\u00f2ries Anuals corresponents.<\/p>\n","protected":false},"author":1,"featured_media":0,"parent":261,"menu_order":7,"comment_status":"closed","ping_status":"closed","template":"","meta":{"site-sidebar-layout":"default","site-content-layout":"","ast-site-content-layout":"default","site-content-style":"default","site-sidebar-style":"default","ast-global-header-display":"","ast-banner-title-visibility":"","ast-main-header-display":"","ast-hfb-above-header-display":"","ast-hfb-below-header-display":"","ast-hfb-mobile-header-display":"","site-post-title":"","ast-breadcrumbs-content":"","ast-featured-img":"","footer-sml-layout":"","theme-transparent-header-meta":"","adv-header-id-meta":"","stick-header-meta":"","header-above-stick-meta":"","header-main-stick-meta":"","header-below-stick-meta":"","astra-migrate-meta-layouts":"set","ast-page-background-enabled":"default","ast-page-background-meta":{"desktop":{"background-color":"var(--ast-global-color-4)","background-image":"","background-repeat":"repeat","background-position":"center center","background-size":"auto","background-attachment":"scroll","background-type":"","background-media":"","overlay-type":"","overlay-color":"","overlay-opacity":"","overlay-gradient":""},"tablet":{"background-color":"","background-image":"","background-repeat":"repeat","background-position":"center center","background-size":"auto","background-attachment":"scroll","background-type":"","background-media":"","overlay-type":"","overlay-color":"","overlay-opacity":"","overlay-gradient":""},"mobile":{"background-color":"","background-image":"","background-repeat":"repeat","background-position":"center center","background-size":"auto","background-attachment":"scroll","background-type":"","background-media":"","overlay-type":"","overlay-color":"","overlay-opacity":"","overlay-gradient":""}},"ast-content-background-meta":{"desktop":{"background-color":"var(--ast-global-color-5)","background-image":"","background-repeat":"repeat","background-position":"center center","background-size":"auto","background-attachment":"scroll","background-type":"","background-media":"","overlay-type":"","overlay-color":"","overlay-opacity":"","overlay-gradient":""},"tablet":{"background-color":"var(--ast-global-color-5)","background-image":"","background-repeat":"repeat","background-position":"center center","background-size":"auto","background-attachment":"scroll","background-type":"","background-media":"","overlay-type":"","overlay-color":"","overlay-opacity":"","overlay-gradient":""},"mobile":{"background-color":"var(--ast-global-color-5)","background-image":"","background-repeat":"repeat","background-position":"center center","background-size":"auto","background-attachment":"scroll","background-type":"","background-media":"","overlay-type":"","overlay-color":"","overlay-opacity":"","overlay-gradient":""}},"footnotes":""},"class_list":["post-4416","page","type-page","status-publish","hentry"],"post_mailing_queue_ids":[],"_links":{"self":[{"href":"https:\/\/agora.xtec.cat\/cfavictorinavila\/wp-json\/wp\/v2\/pages\/4416","targetHints":{"allow":["GET"]}}],"collection":[{"href":"https:\/\/agora.xtec.cat\/cfavictorinavila\/wp-json\/wp\/v2\/pages"}],"about":[{"href":"https:\/\/agora.xtec.cat\/cfavictorinavila\/wp-json\/wp\/v2\/types\/page"}],"author":[{"embeddable":true,"href":"https:\/\/agora.xtec.cat\/cfavictorinavila\/wp-json\/wp\/v2\/users\/1"}],"replies":[{"embeddable":true,"href":"https:\/\/agora.xtec.cat\/cfavictorinavila\/wp-json\/wp\/v2\/comments?post=4416"}],"version-history":[{"count":6,"href":"https:\/\/agora.xtec.cat\/cfavictorinavila\/wp-json\/wp\/v2\/pages\/4416\/revisions"}],"predecessor-version":[{"id":13637,"href":"https:\/\/agora.xtec.cat\/cfavictorinavila\/wp-json\/wp\/v2\/pages\/4416\/revisions\/13637"}],"up":[{"embeddable":true,"href":"https:\/\/agora.xtec.cat\/cfavictorinavila\/wp-json\/wp\/v2\/pages\/261"}],"wp:attachment":[{"href":"https:\/\/agora.xtec.cat\/cfavictorinavila\/wp-json\/wp\/v2\/media?parent=4416"}],"curies":[{"name":"wp","href":"https:\/\/api.w.org\/{rel}","templated":true}]}}