{"id":4377,"date":"2022-02-17T18:48:07","date_gmt":"2022-02-17T17:48:07","guid":{"rendered":"https:\/\/agora.xtec.cat\/cfavictorinavila\/?page_id=4377"},"modified":"2023-09-20T00:37:45","modified_gmt":"2023-09-19T22:37:45","slug":"estrategia-digital-de-centre","status":"publish","type":"page","link":"https:\/\/agora.xtec.cat\/cfavictorinavila\/el-centre\/estrategia-digital-de-centre\/","title":{"rendered":"Estrat\u00e8gia Digital de Centre"},"content":{"rendered":"<h2><\/h2>\n<p><center><iframe loading=\"lazy\" title=\"YouTube video player\" src=\"https:\/\/www.youtube-nocookie.com\/embed\/uS5UUZIYLPQ\" width=\"616\" height=\"347\" frameborder=\"0\" allowfullscreen=\"allowfullscreen\"><\/iframe><\/center><\/p>\n<h2><\/h2>\n<h5 style=\"text-align: justify;\"><span style=\"color: #333333;\">L\u2019<\/span> <a href=\"https:\/\/educacio.gencat.cat\/web\/.content\/home\/departament\/publicacions\/colleccions\/pla-educacio-digital\/estrategia-digital-centre\/estrategia-digital-centre.pdf\" target=\"_blank\" rel=\"noopener\">Estrat\u00e8gia Digital de Centre (EDC)<\/a> <span style=\"color: #333333;\">\u00e9s un document viu que recull totes les accions que es realitzen i que es realitzaran a mitj\u00e0 termini en un centre per <strong>aconseguir la m\u00e0xima compet\u00e8ncia digital de l\u2019alumnat, del professorat i del centre com a entitat educativa<\/strong>. Ha de tenir com a referent el<\/span> <a href=\"https:\/\/projectes.xtec.cat\/digital\/pla-educacio-digital-de-catalunya\/\" target=\"_blank\" rel=\"noopener\">Pla d\u2019educaci\u00f3 digital de Catalunya (PEDC)<\/a><span style=\"color: #333333;\">, on s\u2019indica la necessitat d\u2019assolir la fita d\u2019una societat digitalment competent.<\/span><\/h5>\n<h2><\/h2>\n<h5 style=\"text-align: justify;\"><span style=\"color: #333333;\">L\u2019EDC t\u00e9, b\u00e0sicament dues parts:<\/span> <a href=\"https:\/\/agora.xtec.cat\/cfavictorinavila\/estrategia-digital-de-centre\/estrategia-digital-del-cfa-victorina-vila\/\" target=\"_blank\" rel=\"noopener\">una primera part que \u00e9s m\u00e9s <strong>estrat\u00e8gica<\/strong><\/a> <span style=\"color: #333333;\">(objectius, activitats, planificaci\u00f3, etc.), on es defineix on vol arribar el centre digitalment parlant, i<\/span> <a href=\"https:\/\/agora.xtec.cat\/cfavictorinavila\/estrategia-digital-de-centre\/cultura-digital-del-cfa-victorina-vila\/\" target=\"_blank\" rel=\"noopener\">una segona part on es mostra la <strong>cultura digital<\/strong> ja existent del centre<\/a><span style=\"color: #333333;\">, ja que \u00e9s on es va recollint el que ja hi ha establert al centre en aquest sentit. \u00c9s a dir, la part estrat\u00e8gica \u00e9s com volem que acabi sent el centre i com podem aconseguir-ho &#8211;<em><strong>on volem anar?- <\/strong><\/em>\u00a0i la part de cultura digital s\u00f3n els plans, procediments, protocols, normatives, serveis i acords que el centre ja utilitza,\u00a0<strong><em>que estem fent?<\/em><\/strong><\/span><\/h5>\n<p>&nbsp;<\/p>\n<div class=\"row\" style=\"margin-bottom: 1em !important;\">\n<div class=\"small-12 large-6 text-center columns\">\n<h1><a href=\"https:\/\/agora.xtec.cat\/cfavictorinavila\/el-centre\/estrategia-digital-de-centre\/estrategia-digital-del-cfa-victorina-vila\/\" target=\"_blank\" rel=\"noopener\"><img loading=\"lazy\" decoding=\"async\" class=\"wp-image-4860 aligncenter\" src=\"https:\/\/agora.xtec.cat\/cfavictorinavila\/wp-content\/uploads\/usu417\/2022\/05\/round-compass.png\" alt=\"\" width=\"151\" height=\"151\" \/><\/a><\/h1>\n<h3 style=\"text-align: center;\"><a href=\"https:\/\/agora.xtec.cat\/cfavictorinavila\/estrategia-digital-de-centre\/estrategia-digital-del-cfa-victorina-vila\/\" target=\"_blank\" rel=\"noopener\">Estrat\u00e8gia Digital del CFA Victorina Vila<\/a><\/h3>\n<p>&nbsp;<\/p>\n<\/div>\n<div class=\"small-12 large-6 text-center columns\">\n<h1><a href=\"https:\/\/agora.xtec.cat\/cfavictorinavila\/el-centre\/estrategia-digital-de-centre\/cultura-digital-del-cfa-victorina-vila\/\" target=\"_blank\" rel=\"noopener\"><img loading=\"lazy\" decoding=\"async\" class=\"wp-image-4859 aligncenter\" src=\"https:\/\/agora.xtec.cat\/cfavictorinavila\/wp-content\/uploads\/usu417\/2022\/05\/settings.png\" alt=\"\" width=\"152\" height=\"152\" \/><\/a><\/h1>\n<h3 style=\"text-align: center;\"><a href=\"https:\/\/agora.xtec.cat\/cfavictorinavila\/estrategia-digital-de-centre\/cultura-digital-del-cfa-victorina-vila\/\" target=\"_blank\" rel=\"noopener\">Cultura Digital del CFA Victorina Vila<\/a><\/h3>\n<p>&nbsp;<\/p>\n<\/div>\n<\/div>\n","protected":false},"excerpt":{"rendered":"<p>L\u2019 Estrat\u00e8gia Digital de Centre (EDC) \u00e9s un document viu que recull totes les accions que es realitzen i que es realitzaran a mitj\u00e0 termini en un centre per aconseguir la m\u00e0xima compet\u00e8ncia digital de l\u2019alumnat, del professorat i del centre com a entitat educativa. Ha de tenir com a referent el Pla d\u2019educaci\u00f3 digital [&hellip;]<\/p>\n","protected":false},"author":1,"featured_media":0,"parent":261,"menu_order":9,"comment_status":"closed","ping_status":"closed","template":"page-templates\/side-menu.php","meta":{"site-sidebar-layout":"default","site-content-layout":"","ast-site-content-layout":"","site-content-style":"default","site-sidebar-style":"default","ast-global-header-display":"","ast-banner-title-visibility":"","ast-main-header-display":"","ast-hfb-above-header-display":"","ast-hfb-below-header-display":"","ast-hfb-mobile-header-display":"","site-post-title":"","ast-breadcrumbs-content":"","ast-featured-img":"","footer-sml-layout":"","theme-transparent-header-meta":"","adv-header-id-meta":"","stick-header-meta":"","header-above-stick-meta":"","header-main-stick-meta":"","header-below-stick-meta":"","astra-migrate-meta-layouts":"default","ast-page-background-enabled":"default","ast-page-background-meta":{"desktop":{"background-color":"var(--ast-global-color-4)","background-image":"","background-repeat":"repeat","background-position":"center center","background-size":"auto","background-attachment":"scroll","background-type":"","background-media":"","overlay-type":"","overlay-color":"","overlay-opacity":"","overlay-gradient":""},"tablet":{"background-color":"","background-image":"","background-repeat":"repeat","background-position":"center center","background-size":"auto","background-attachment":"scroll","background-type":"","background-media":"","overlay-type":"","overlay-color":"","overlay-opacity":"","overlay-gradient":""},"mobile":{"background-color":"","background-image":"","background-repeat":"repeat","background-position":"center center","background-size":"auto","background-attachment":"scroll","background-type":"","background-media":"","overlay-type":"","overlay-color":"","overlay-opacity":"","overlay-gradient":""}},"ast-content-background-meta":{"desktop":{"background-color":"var(--ast-global-color-5)","background-image":"","background-repeat":"repeat","background-position":"center center","background-size":"auto","background-attachment":"scroll","background-type":"","background-media":"","overlay-type":"","overlay-color":"","overlay-opacity":"","overlay-gradient":""},"tablet":{"background-color":"var(--ast-global-color-5)","background-image":"","background-repeat":"repeat","background-position":"center center","background-size":"auto","background-attachment":"scroll","background-type":"","background-media":"","overlay-type":"","overlay-color":"","overlay-opacity":"","overlay-gradient":""},"mobile":{"background-color":"var(--ast-global-color-5)","background-image":"","background-repeat":"repeat","background-position":"center center","background-size":"auto","background-attachment":"scroll","background-type":"","background-media":"","overlay-type":"","overlay-color":"","overlay-opacity":"","overlay-gradient":""}},"footnotes":""},"class_list":["post-4377","page","type-page","status-publish","hentry"],"post_mailing_queue_ids":[],"_links":{"self":[{"href":"https:\/\/agora.xtec.cat\/cfavictorinavila\/wp-json\/wp\/v2\/pages\/4377","targetHints":{"allow":["GET"]}}],"collection":[{"href":"https:\/\/agora.xtec.cat\/cfavictorinavila\/wp-json\/wp\/v2\/pages"}],"about":[{"href":"https:\/\/agora.xtec.cat\/cfavictorinavila\/wp-json\/wp\/v2\/types\/page"}],"author":[{"embeddable":true,"href":"https:\/\/agora.xtec.cat\/cfavictorinavila\/wp-json\/wp\/v2\/users\/1"}],"replies":[{"embeddable":true,"href":"https:\/\/agora.xtec.cat\/cfavictorinavila\/wp-json\/wp\/v2\/comments?post=4377"}],"version-history":[{"count":2,"href":"https:\/\/agora.xtec.cat\/cfavictorinavila\/wp-json\/wp\/v2\/pages\/4377\/revisions"}],"predecessor-version":[{"id":7297,"href":"https:\/\/agora.xtec.cat\/cfavictorinavila\/wp-json\/wp\/v2\/pages\/4377\/revisions\/7297"}],"up":[{"embeddable":true,"href":"https:\/\/agora.xtec.cat\/cfavictorinavila\/wp-json\/wp\/v2\/pages\/261"}],"wp:attachment":[{"href":"https:\/\/agora.xtec.cat\/cfavictorinavila\/wp-json\/wp\/v2\/media?parent=4377"}],"curies":[{"name":"wp","href":"https:\/\/api.w.org\/{rel}","templated":true}]}}