{"id":4340,"date":"2022-01-26T19:00:36","date_gmt":"2022-01-26T18:00:36","guid":{"rendered":"https:\/\/agora.xtec.cat\/cfajoancarles\/?page_id=4340"},"modified":"2025-03-03T22:42:59","modified_gmt":"2025-03-03T21:42:59","slug":"qui-va-ser-victorina-vila","status":"publish","type":"page","link":"https:\/\/agora.xtec.cat\/cfavictorinavila\/el-centre\/qui-va-ser-victorina-vila\/","title":{"rendered":"Qui va ser Victorina Vila?"},"content":{"rendered":"<h2><\/h2>\n<div class=\"espai\"><\/div>\n<h5><span style=\"color: #333333;\"><strong><span lang=\"ES\">BIOGRAFIA<\/span><\/strong><\/span><\/h5>\n<p style=\"text-align: justify;\"><span lang=\"ES\">La baixa taxa d&#8217;alfabetitzaci\u00f3 femenina espanyola de finals del segle XIX, que moltes vegades s\u2019ha \u00a0justificat simplement per la menor escolaritzaci\u00f3 de les noies, es podria explicar tamb\u00e9 pels continguts diferenciats dels aprenentatges de l&#8217;\u00e8poca: les nenes escolaritzades ho eren dins d&#8217;un model que definia les tasques\u00a0 manuals \u00a0com l&#8217;ocupaci\u00f3 m\u00e9s id\u00f2nia per a les dones, i per tant tot l&#8217;aprenentatge femen\u00ed <\/span><span lang=\"ES\">se centrava en aquest tipus de feines, tasques i treballs. <\/span><\/p>\n<p style=\"text-align: justify;\"><span lang=\"ES\">Durant aquells anys de finals del segle XIX \u00a0va comen\u00e7ar a apar\u00e8ixer a Espanya l&#8217; <i>&#8220;<a href=\"https:\/\/ca.wikipedia.org\/wiki\/Escola_nova\" target=\"_blank\" rel=\"noopener\">Escola Nova<\/a>&#8220;<\/i>\u00a0 o <i>&#8220;Escola Activa&#8221;<\/i>, una s\u00e8rie de moviments pedag\u00f2gics de car\u00e0cter progressista molt cr\u00edtics amb l&#8217;educaci\u00f3 tradicional. Francisco Giner dels R\u00edos, Francesc Ferrer i Gu\u00e0rdia o Maria Montessori van ser els principals representants d&#8217;aquesta tend\u00e8ncia a la pen\u00ednsula. Les propostes de l&#8217;Escola Nova es van instal\u00b7lar fortament a Catalunya, on van ser acollides per la classe burgesa que aspirava a una formaci\u00f3 diferent i m\u00e9s d&#8217;acord amb els principis que imperaven a Europa, i tamb\u00e9 pel sector m\u00e9s culte de la classe obrera que, a trav\u00e9s de l&#8217;anarquisme, aspirava a un ensenyament que serv\u00eds per transformar la societat i les relacions socials.<\/span><\/p>\n<p style=\"text-align: justify;\"><span lang=\"ES\">En aquest context va n\u00e8ixer, el 19 de desembre de 1883 a Albesa (Lleida), Victorina Vila i Badia. Era la primog\u00e8nita dels tres fills d&#8217;un matrimoni del qual el pare era metge i la mare mestra en exced\u00e8ncia. L&#8217;ambient familiar era eminentment liberal i progressista. Va estudiar m\u00fasica, ensenyament elemental i batxillerat a <\/span><span lang=\"ES\">Lleida<\/span><span lang=\"ES\">, i durant el temps que el seu pare exerc\u00ed a <\/span><span lang=\"ES\">Barcelona<\/span><span lang=\"ES\">, es dedic\u00e0 exclusivament a la m\u00fasica; la seva especialitat era el piano,\u00a0i tamb\u00e9 era una jove promesa del violoncel, per\u00f2 a conseq\u00fc\u00e8ncia d&#8217;una fractura a la m\u00e0 esquerra va haver d&#8217;abandonar aquest instrument. Va formar part de l&#8217;Orfe\u00f3 Catal\u00e0, on de fet va ser elegida com a solista per la seva extraordin\u00e0ria veu.<\/span><\/p>\n<p style=\"text-align: justify;\"><span lang=\"ES\">En tornar de Barcelona, la fam\u00edlia s&#8217;establ\u00ed a\u00a0Corbins. En aquell temps feu amistat amb\u00a0<a title=\"Frederic God\u00e0s i Legido\" href=\"https:\/\/ca.wikipedia.org\/wiki\/Frederic_God%C3%A0s_i_Legido\" target=\"_blank\" rel=\"noopener\" data-saferedirecturl=\"https:\/\/www.google.com\/url?q=https:\/\/ca.wikipedia.org\/wiki\/Frederic_God%25C3%25A0s_i_Legido&amp;source=gmail&amp;ust=1643299906480000&amp;usg=AOvVaw3aLYCh8xeN8fqbkiijc61R\">Frederic God\u00e0s<\/a>, un jove mestre amb entusiasme per fundar a Lleida una escola basada en els principis de la pedagogia moderna, amb qui compartia \u00e0nsies intel\u00b7lectuals i ideals republicans, i amb el qual es cas\u00e0 el 19 de desembre de <\/span><span lang=\"ES\">1903<\/span><span lang=\"ES\">.\u00a0Dos anys despr\u00e9s, al 1905, amb un fill d&#8217;un any i embarassada del segon, Victorina es va treure el t\u00edtol de mestra. En aquella \u00e8poca va suposar un acte escandal\u00f3s que una dona casada i embarassada es present\u00e9s a uns ex\u00e0mens per a obtenir un t\u00edtol.<\/span><\/p>\n<h2><\/h2>\n<p><img loading=\"lazy\" decoding=\"async\" class=\"aligncenter wp-image-4317\" src=\"https:\/\/agora.xtec.cat\/cfajoancarles\/wp-content\/uploads\/usu417\/2022\/01\/Victorina_Vila_Badia.jpg\" alt=\"\" width=\"256\" height=\"384\" \/><\/p>\n<div class=\"espai\"><\/div>\n<h5><span style=\"color: #333333;\"><strong><span lang=\"ES\">PROJECTES ESCOLARS<\/span><\/strong><\/span><\/h5>\n<p style=\"text-align: justify;\"><span lang=\"ES\">El febrer del\u00a0<\/span><span lang=\"ES\">1906<\/span><span lang=\"ES\">\u00a0la parella fundava la primera seu del\u00a0<a title=\"Liceu Escolar de Lleida\" href=\"https:\/\/ca.wikipedia.org\/wiki\/Liceu_Escolar_de_Lleida\" target=\"_blank\" rel=\"noopener\" data-saferedirecturl=\"https:\/\/www.google.com\/url?q=https:\/\/ca.wikipedia.org\/wiki\/Liceu_Escolar_de_Lleida&amp;source=gmail&amp;ust=1643299906480000&amp;usg=AOvVaw2aCkZO5LCiX-kRMhjh3U6V\">Liceu Escolar de Lleida<\/a>, la primera\u00a0Escola Nova que hi hagu\u00e9 a la ciutat, que oferia tots els graus possibles d&#8217;educaci\u00f3: prim\u00e0ria, secund\u00e0ria i escola nocturna per a adults. Una escola d&#8217;iniciativa privada, laica i fonamentada sobre els principis de la igualtat, la llibertat, l&#8217;ajuda m\u00fatua i el saber compartit,<\/span><span lang=\"ES\"> una escola humil i petita, per\u00f2 rica en inquietud pedag\u00f2gica, respectuosa i democr\u00e0tica, que esdevindria un referent paradigm\u00e0tic de l&#8217;educaci\u00f3 a Lleida. \u00a0<\/span><\/p>\n<p style=\"text-align: justify;\"><span lang=\"ES\">Passats cinc anys i ja consolidat el Liceu Escolar, el <\/span><span lang=\"ES\">1911<\/span><span lang=\"ES\"> el matrimoni s&#8217;embarc\u00e0 en una nova aventura, la fundaci\u00f3 de l&#8217;Escola Minerva, dirigida per Vila, molt sensibilitzada amb la necessitat de combatre l&#8217;analfabetisme femen\u00ed, una escola amb els mateixos principis que el Liceu, per\u00f2 nom\u00e9s per a nenes, basada tamb\u00e9 en criteris pedag\u00f2gics moderns. Vista l&#8217;embranzida de les dues escoles, el matrimoni es decid\u00ed a construir un gran edifici que reun\u00eds les condicions f\u00edsiques i pedag\u00f2giques que consideraven necess\u00e0ries per l&#8217;alumnat de tots dos centres. <\/span><\/p>\n<p style=\"text-align: justify;\"><span lang=\"ES\">El\u00a0<\/span><span lang=\"ES\">1916<\/span><span lang=\"ES\"> Victorina assist\u00ed a un curs de la doctora <\/span><span lang=\"ES\"><a title=\"Maria Montessori\" href=\"https:\/\/ca.wikipedia.org\/wiki\/Maria_Montessori\" target=\"_blank\" rel=\"noopener\" data-saferedirecturl=\"https:\/\/www.google.com\/url?q=https:\/\/ca.wikipedia.org\/wiki\/Maria_Montessori&amp;source=gmail&amp;ust=1643299906481000&amp;usg=AOvVaw14gqzBj5QxouFgFx6AwUxz\">Montessori<\/a><\/span><span lang=\"ES\"> a Barcelona per tal de con\u00e8ixer els principis dels nous corrents pedag\u00f2gics, sistema que m\u00e9s endavant implantaria en els cursos d&#8217;educaci\u00f3 infantil.<\/span><\/p>\n<p style=\"text-align: justify;\"><span lang=\"ES\">Uns anys m\u00e9s tard en un viatge que la parella feia a\u00a0<\/span><span lang=\"ES\">Noruega<\/span><span lang=\"ES\">\u00a0per visitar diverses escoles, el seu marit va caure greument malalt a\u00a0Fran\u00e7a\u00a0i va morir el 16 de juliol de\u00a0<\/span><span lang=\"ES\">1920<\/span><span lang=\"ES\">. Ella es trob\u00e0, doncs, amb 37 anys i cinc fills d&#8217;entre quinze i tres anys i al capdavant d\u2019una escola amb 500 alumnes on s&#8217;havia fet una gran inversi\u00f3 econ\u00f2mica. Reprengu\u00e9 llavors les regnes de l&#8217;Escola Minerva i, com que la llei li prohibia ser-ne la directora, deix\u00e0 la direcci\u00f3 del Liceu Escolar temporalment als amics Humbert Torres i Antoni Sabater, els pilars del Liceu Escolar des de la mort de God\u00e0s. <\/span><\/p>\n<p style=\"text-align: justify;\"><span lang=\"ES\">Anys m\u00e9s tard els forts deutes econ\u00f2mics derivats de la construcci\u00f3 de l&#8217;edifici van ser determinants perqu\u00e8 Victorina Vila decid\u00eds deixar l&#8217;escola i dedicar-se als seus fills.\u00a0El\u00a0<\/span><span lang=\"ES\">1928<\/span><span lang=\"ES\"> deixava la direcci\u00f3 i llogava l&#8217;edifici a moss\u00e8n Montaner, director de l&#8217;escola Verdaguer de Lleida.<\/span><\/p>\n<h2><\/h2>\n<p><img loading=\"lazy\" decoding=\"async\" class=\"wp-image-4318 aligncenter\" src=\"https:\/\/agora.xtec.cat\/cfajoancarles\/wp-content\/uploads\/usu417\/2022\/01\/Liceu-3.png\" alt=\"\" width=\"475\" height=\"370\" \/><\/p>\n<div class=\"espai\"><\/div>\n<h5><span style=\"color: #333333;\"><strong><span lang=\"ES\">EXILI<\/span><\/strong><\/span><\/h5>\n<p style=\"text-align: justify;\"><span lang=\"ES\">El 2 de novembre de\u00a0<\/span><span lang=\"ES\">1937<\/span><span lang=\"ES\">, avions italians al servei de\u00a0<\/span><span lang=\"ES\">Franco<\/span><span lang=\"ES\"> bombardejaren Lleida, destruint entre altres edificis una part del Liceu Escolar, on van morir 42 infants, un mestre i diverses persones que es trobaven dins de l&#8217;edifici. Arran d&#8217;aquest fet Victorina Vila decid\u00ed deixar la ciutat i marx\u00e0 per exercir de mestra a la poblaci\u00f3 cerdana\u00a0d&#8217;<\/span><span lang=\"ES\">\u00c9ller<\/span><span lang=\"ES\">.\u00a0 Finalment, a principis de\u00a0<\/span><span lang=\"ES\">1939<\/span><span lang=\"ES\">\u00a0emprengu\u00e9 el cam\u00ed de l&#8217;exili acompanyada per quatre dels seus fills, i s&#8217;instal\u00b7l\u00e0 definitivament a\u00a0M\u00e8xic\u00a0DC, on ajudaria la filla,\u00a0<\/span><span lang=\"ES\"><a title=\"Elvira God\u00e0s i Vila\" href=\"https:\/\/ca.wikipedia.org\/wiki\/Elvira_God%C3%A0s_i_Vila\" target=\"_blank\" rel=\"noopener\" data-saferedirecturl=\"https:\/\/www.google.com\/url?q=https:\/\/ca.wikipedia.org\/wiki\/Elvira_God%25C3%25A0s_i_Vila&amp;source=gmail&amp;ust=1643299906481000&amp;usg=AOvVaw3qFD4jvqcAwq8o8vILxHE1\">Elvira God\u00e0s Vila<\/a><\/span><span lang=\"ES\">, que hi tenia una escola bressol, i on moriria 23\u00a0anys despr\u00e9s.<\/span><\/p>\n<h2><\/h2>\n<p><img loading=\"lazy\" decoding=\"async\" class=\"aligncenter wp-image-4320\" src=\"https:\/\/agora.xtec.cat\/cfajoancarles\/wp-content\/uploads\/usu417\/2022\/01\/Qui-va-ser-Victorina-Vila-scaled.jpg\" alt=\"\" width=\"319\" height=\"319\" srcset=\"https:\/\/agora.xtec.cat\/cfavictorinavila\/wp-content\/uploads\/usu417\/2022\/01\/Qui-va-ser-Victorina-Vila-scaled.jpg 2560w, https:\/\/agora.xtec.cat\/cfavictorinavila\/wp-content\/uploads\/usu417\/2022\/01\/Qui-va-ser-Victorina-Vila-768x768.jpg 768w, https:\/\/agora.xtec.cat\/cfavictorinavila\/wp-content\/uploads\/usu417\/2022\/01\/Qui-va-ser-Victorina-Vila-1536x1536.jpg 1536w, https:\/\/agora.xtec.cat\/cfavictorinavila\/wp-content\/uploads\/usu417\/2022\/01\/Qui-va-ser-Victorina-Vila-2048x2048.jpg 2048w\" sizes=\"auto, (max-width: 319px) 100vw, 319px\" \/><\/p>\n<div class=\"espai\"><\/div>\n<h5><span style=\"color: #333333;\"><strong><span lang=\"ES\">LLEGAT I MEM\u00d2RIA <\/span><\/strong><\/span><\/h5>\n<p style=\"text-align: justify;\"><span lang=\"ES\">Victorina Vila havia donat a llum nou fills, per b\u00e9 que quatre d&#8217;ells van morir molt petits. Tots cinc van estudiar batxillerat a Lleida i els estudis superiors a Barcelona, menys una de les noies, l&#8217;Elvira, que va fer la carrera de m\u00fasica a Lleida. De la resta, un fou metge, l&#8217;<a title=\"Enric God\u00e0s i Vil\u00e0\" href=\"https:\/\/ca.wikipedia.org\/wiki\/Enric_God%C3%A0s_i_Vil%C3%A0\" target=\"_blank\" rel=\"noopener\" data-saferedirecturl=\"https:\/\/www.google.com\/url?q=https:\/\/ca.wikipedia.org\/wiki\/Enric_God%25C3%25A0s_i_Vil%25C3%25A0&amp;source=gmail&amp;ust=1643299906481000&amp;usg=AOvVaw2yv4ACkiKYmbBA76sXIaVG\">Enric<\/a>, dos advocats, el V\u00edctor i la Maria, i l&#8217;altre mestre, el <a title=\"Frederic God\u00e0s i Vila\" href=\"https:\/\/ca.wikipedia.org\/wiki\/Frederic_God%C3%A0s_i_Vila\" target=\"_blank\" rel=\"noopener\" data-saferedirecturl=\"https:\/\/www.google.com\/url?q=https:\/\/ca.wikipedia.org\/wiki\/Frederic_God%25C3%25A0s_i_Vila&amp;source=gmail&amp;ust=1643299906481000&amp;usg=AOvVaw3SYkvKQdQca35lCrJmxNvA\">Frederic<\/a>. <\/span><\/p>\n<p style=\"text-align: justify;\"><span lang=\"ES\">El centre c\u00edvic d&#8217;Albesa porta el seu nom des de maig de 2020 i a Lleida se li ha dedicat una pla\u00e7a.<\/span><\/p>\n<h2><\/h2>\n<p><img loading=\"lazy\" decoding=\"async\" class=\"aligncenter wp-image-4327\" src=\"https:\/\/agora.xtec.cat\/cfajoancarles\/wp-content\/uploads\/usu417\/2022\/01\/FOTO_20220126_182134.jpg\" alt=\"\" width=\"543\" height=\"407\" srcset=\"https:\/\/agora.xtec.cat\/cfavictorinavila\/wp-content\/uploads\/usu417\/2022\/01\/FOTO_20220126_182134.jpg 2134w, https:\/\/agora.xtec.cat\/cfavictorinavila\/wp-content\/uploads\/usu417\/2022\/01\/FOTO_20220126_182134-768x576.jpg 768w, https:\/\/agora.xtec.cat\/cfavictorinavila\/wp-content\/uploads\/usu417\/2022\/01\/FOTO_20220126_182134-1536x1152.jpg 1536w, https:\/\/agora.xtec.cat\/cfavictorinavila\/wp-content\/uploads\/usu417\/2022\/01\/FOTO_20220126_182134-2048x1536.jpg 2048w, https:\/\/agora.xtec.cat\/cfavictorinavila\/wp-content\/uploads\/usu417\/2022\/01\/FOTO_20220126_182134-200x150.jpg 200w\" sizes=\"auto, (max-width: 543px) 100vw, 543px\" \/><\/p>\n","protected":false},"excerpt":{"rendered":"<p>BIOGRAFIA La baixa taxa d&#8217;alfabetitzaci\u00f3 femenina espanyola de finals del segle XIX, que moltes vegades s\u2019ha \u00a0justificat simplement per la menor escolaritzaci\u00f3 de les noies, es podria explicar tamb\u00e9 pels continguts diferenciats dels aprenentatges de l&#8217;\u00e8poca: les nenes escolaritzades ho eren dins d&#8217;un model que definia les tasques\u00a0 manuals \u00a0com l&#8217;ocupaci\u00f3 m\u00e9s id\u00f2nia per a [&hellip;]<\/p>\n","protected":false},"author":1,"featured_media":0,"parent":261,"menu_order":18,"comment_status":"closed","ping_status":"closed","template":"","meta":{"site-sidebar-layout":"default","site-content-layout":"","ast-site-content-layout":"default","site-content-style":"default","site-sidebar-style":"default","ast-global-header-display":"","ast-banner-title-visibility":"","ast-main-header-display":"","ast-hfb-above-header-display":"","ast-hfb-below-header-display":"","ast-hfb-mobile-header-display":"","site-post-title":"","ast-breadcrumbs-content":"","ast-featured-img":"","footer-sml-layout":"","theme-transparent-header-meta":"","adv-header-id-meta":"","stick-header-meta":"","header-above-stick-meta":"","header-main-stick-meta":"","header-below-stick-meta":"","astra-migrate-meta-layouts":"set","ast-page-background-enabled":"default","ast-page-background-meta":{"desktop":{"background-color":"var(--ast-global-color-4)","background-image":"","background-repeat":"repeat","background-position":"center center","background-size":"auto","background-attachment":"scroll","background-type":"","background-media":"","overlay-type":"","overlay-color":"","overlay-opacity":"","overlay-gradient":""},"tablet":{"background-color":"","background-image":"","background-repeat":"repeat","background-position":"center center","background-size":"auto","background-attachment":"scroll","background-type":"","background-media":"","overlay-type":"","overlay-color":"","overlay-opacity":"","overlay-gradient":""},"mobile":{"background-color":"","background-image":"","background-repeat":"repeat","background-position":"center center","background-size":"auto","background-attachment":"scroll","background-type":"","background-media":"","overlay-type":"","overlay-color":"","overlay-opacity":"","overlay-gradient":""}},"ast-content-background-meta":{"desktop":{"background-color":"var(--ast-global-color-5)","background-image":"","background-repeat":"repeat","background-position":"center center","background-size":"auto","background-attachment":"scroll","background-type":"","background-media":"","overlay-type":"","overlay-color":"","overlay-opacity":"","overlay-gradient":""},"tablet":{"background-color":"var(--ast-global-color-5)","background-image":"","background-repeat":"repeat","background-position":"center center","background-size":"auto","background-attachment":"scroll","background-type":"","background-media":"","overlay-type":"","overlay-color":"","overlay-opacity":"","overlay-gradient":""},"mobile":{"background-color":"var(--ast-global-color-5)","background-image":"","background-repeat":"repeat","background-position":"center center","background-size":"auto","background-attachment":"scroll","background-type":"","background-media":"","overlay-type":"","overlay-color":"","overlay-opacity":"","overlay-gradient":""}},"footnotes":""},"class_list":["post-4340","page","type-page","status-publish","hentry"],"post_mailing_queue_ids":[],"_links":{"self":[{"href":"https:\/\/agora.xtec.cat\/cfavictorinavila\/wp-json\/wp\/v2\/pages\/4340","targetHints":{"allow":["GET"]}}],"collection":[{"href":"https:\/\/agora.xtec.cat\/cfavictorinavila\/wp-json\/wp\/v2\/pages"}],"about":[{"href":"https:\/\/agora.xtec.cat\/cfavictorinavila\/wp-json\/wp\/v2\/types\/page"}],"author":[{"embeddable":true,"href":"https:\/\/agora.xtec.cat\/cfavictorinavila\/wp-json\/wp\/v2\/users\/1"}],"replies":[{"embeddable":true,"href":"https:\/\/agora.xtec.cat\/cfavictorinavila\/wp-json\/wp\/v2\/comments?post=4340"}],"version-history":[{"count":6,"href":"https:\/\/agora.xtec.cat\/cfavictorinavila\/wp-json\/wp\/v2\/pages\/4340\/revisions"}],"predecessor-version":[{"id":11013,"href":"https:\/\/agora.xtec.cat\/cfavictorinavila\/wp-json\/wp\/v2\/pages\/4340\/revisions\/11013"}],"up":[{"embeddable":true,"href":"https:\/\/agora.xtec.cat\/cfavictorinavila\/wp-json\/wp\/v2\/pages\/261"}],"wp:attachment":[{"href":"https:\/\/agora.xtec.cat\/cfavictorinavila\/wp-json\/wp\/v2\/media?parent=4340"}],"curies":[{"name":"wp","href":"https:\/\/api.w.org\/{rel}","templated":true}]}}