{"id":316,"date":"2015-01-28T11:33:51","date_gmt":"2015-01-28T10:33:51","guid":{"rendered":"http:\/\/agora.xtec.cat\/cfajoancarles\/?page_id=316"},"modified":"2025-10-30T18:41:10","modified_gmt":"2025-10-30T17:41:10","slug":"competencia-digital-competic","status":"publish","type":"page","link":"https:\/\/agora.xtec.cat\/cfavictorinavila\/ensenyaments\/oferta-formativa\/competencia-digital-competic\/","title":{"rendered":"Compet\u00e8ncia digital COMPETIC"},"content":{"rendered":"<div class=\"espai\"><\/div>\n<p style=\"text-align: justify;\">Els ensenyaments d&#8217;inform\u00e0tica tenen com objectiu facilitar l&#8217;adquisici\u00f3 de la compet\u00e8ncia digital, entesa com la combinaci\u00f3 de coneixements, habilitats i actituds en l&#8217;\u00e0mbit de les tecnologies de la informaci\u00f3 i la comunicaci\u00f3 (TIC) per desenvolupar-se en la societat actual. S&#8217;imparteixen en quatre nivells: COMPETIC INICIAL, COMPETIC 1, COMPETIC 2 i COMPETIC 3.<\/p>\n<h2><\/h2>\n<p><img loading=\"lazy\" decoding=\"async\" class=\"wp-image-2149 aligncenter\" src=\"https:\/\/agora.xtec.cat\/cfavictorinavila\/wp-content\/uploads\/usu417\/2023\/08\/infografia-COMPETIC-2023.jpg\" alt=\"\" width=\"807\" height=\"703\" \/><\/p>\n<h3><\/h3>\n<p style=\"text-align: justify;\">Els cursos <a href=\"https:\/\/projectes.xtec.cat\/xarxadults\/ensenyaments\/nivells\/propostes-pedagogiques-i-orientacions\/competic-inicial\/\" target=\"_blank\" rel=\"noopener\">COMPETIC INICIAL<\/a> i <a href=\"https:\/\/projectes.xtec.cat\/xarxadults\/ensenyaments\/nivells\/propostes-pedagogiques-i-orientacions\/competic-1\/\" target=\"_blank\" rel=\"noopener\">COMPETIC 1<\/a> consten d&#8217;un total de 105 hores de classe a ra\u00f3 de 3 hores setmanals durant tot el curs, i suposen un domini elemental de les tecnologies de la informaci\u00f3 i la comunicaci\u00f3. Aquests nivells corresponen a una persona usu\u00e0ria que t\u00e9 un domini b\u00e0sic d\u2019aquestes tecnologies i que se n\u2019inicia en el coneixement i \u00fas.<\/p>\n<p style=\"text-align: justify;\">El curs <a href=\"https:\/\/projectes.xtec.cat\/xarxadults\/ensenyaments\/nivells\/propostes-pedagogiques-i-orientacions\/competic-2\/\" target=\"_blank\" rel=\"noopener\">COMPETIC 2<\/a> consta d&#8217;un total de 140 hores de classe a ra\u00f3 de 4 hores setmanals durant tot el curs, i suposa un domini efectiu de les tecnologies de la informaci\u00f3 i la comunicaci\u00f3 en relaci\u00f3 amb els seus \u00e0mbits generals d\u2019aplicaci\u00f3. Aquest nivell correspon a una persona usu\u00e0ria que t\u00e9 autonomia i capacitat cr\u00edtica envers l\u2019\u00fas d\u2019aquestes tecnologies.<\/p>\n<p style=\"text-align: justify;\">El curs <a href=\"https:\/\/projectes.xtec.cat\/xarxadults\/ensenyaments\/nivells\/propostes-pedagogiques-i-orientacions\/competic-3\/\" target=\"_blank\" rel=\"noopener\">COMPETIC 3<\/a> s&#8217;estructura per compet\u00e8ncies i suposa un domini avan\u00e7at de les tecnologies de la informaci\u00f3 i la comunicaci\u00f3 en relaci\u00f3 amb els seus \u00e0mbits espec\u00edfics d\u2019aplicaci\u00f3. Aquest nivell correspon a una persona usu\u00e0ria que t\u00e9 un ampli domini d\u2019aquestes tecnologies i que disposa de capacitat per aprofitar al m\u00e0xim les prestacions que ofereixen les tecnologies de la informaci\u00f3 i la comunicaci\u00f3, de construir usos alternatius i de donar suport a altres persones perqu\u00e8 puguin millorar el desenvolupament de les seves compet\u00e8ncies. Per cursar el COMPETIC 3 cal haver superat el COMPETIC 2 o estar en possessi\u00f3 de l&#8217;acreditaci\u00f3 ACTIC de nivell mitj\u00e0.<\/p>\n<p>Les compet\u00e8ncies que es treballen en aquests quatre cursos s\u00f3n:<\/p>\n<p><img loading=\"lazy\" decoding=\"async\" class=\"aligncenter wp-image-7556\" src=\"https:\/\/agora.xtec.cat\/cfavictorinavila\/wp-content\/uploads\/usu417\/2023\/10\/Competencies-TIC.jpg\" alt=\"\" width=\"607\" height=\"307\" srcset=\"https:\/\/agora.xtec.cat\/cfavictorinavila\/wp-content\/uploads\/usu417\/2023\/10\/Competencies-TIC.jpg 890w, https:\/\/agora.xtec.cat\/cfavictorinavila\/wp-content\/uploads\/usu417\/2023\/10\/Competencies-TIC-768x388.jpg 768w\" sizes=\"auto, (max-width: 607px) 100vw, 607px\" \/><\/p>\n<p style=\"text-align: center;\">i la distribuci\u00f3 per cursos d&#8217;aquestes compet\u00e8ncies \u00e9s la seg\u00fcent:<\/p>\n<p><img loading=\"lazy\" decoding=\"async\" class=\"aligncenter wp-image-7557\" src=\"https:\/\/agora.xtec.cat\/cfavictorinavila\/wp-content\/uploads\/usu417\/2023\/10\/Distribucio-competencies-COMPETIC.jpg\" alt=\"\" width=\"581\" height=\"182\" srcset=\"https:\/\/agora.xtec.cat\/cfavictorinavila\/wp-content\/uploads\/usu417\/2023\/10\/Distribucio-competencies-COMPETIC.jpg 947w, https:\/\/agora.xtec.cat\/cfavictorinavila\/wp-content\/uploads\/usu417\/2023\/10\/Distribucio-competencies-COMPETIC-768x241.jpg 768w\" sizes=\"auto, (max-width: 581px) 100vw, 581px\" \/><\/p>\n<h3><\/h3>\n<div class=\"espai\"><\/div>\n<h3>Equival\u00e8ncia<\/h3>\n<div>\n<p style=\"text-align: justify;\">Segons l&#8217;<a href=\"https:\/\/portaldogc.gencat.cat\/utilsEADOP\/PDF\/7450A\/1633404.pdf\" target=\"_blank\" rel=\"noopener\">Ordre PRE\/206\/2017 (DOGC 7450A de 07\/09\/2017)<\/a>, els certificats dels cursos de Compet\u00e8ncia Digital (COMPETIC) impartits en els centres o aules de formaci\u00f3 de persones adultes depenents del Departament d&#8217;Educaci\u00f3 es consideren <strong>equivalents <\/strong>als certificats d\u2019<a href=\"https:\/\/actic.gencat.cat\/ca\/actic_informacio\/\" target=\"_blank\" rel=\"noopener\">Acreditaci\u00f3 de Compet\u00e8ncies en Tecnologies de la Informaci\u00f3 i la Comunicaci\u00f3 (ACTIC)<\/a>, d\u2019acord amb la correspond\u00e8ncia seg\u00fcent:<\/p>\n<ul>\n<li>\u00a0El certificat de compet\u00e8ncia digital de l&#8217;educaci\u00f3 de persones adultes del nivell COMPETIC 1 equival al certificat b\u00e0sic de l\u2019ACTIC.<\/li>\n<\/ul>\n<ul>\n<li>\u00a0El certificat de compet\u00e8ncia digital de l&#8217;educaci\u00f3 de persones adultes del nivell COMPETIC 2 equival al certificat mitj\u00e0 de l\u2019ACTIC.<\/li>\n<\/ul>\n<ul>\n<li><span style=\"font-family: inherit; font-size: 1em;\">\u00a0El certificat de compet\u00e8ncia digital de l&#8217;educaci\u00f3 de persones adultes del nivell COMPETIC 3 equival al certificat avan\u00e7at de l\u2019ACTIC, en relaci\u00f3 amb les compet\u00e8ncies que hi consten com a aptes, que han de ser dues com a m\u00ednim.<\/span><\/li>\n<\/ul>\n<\/div>\n<h3><\/h3>\n<div class=\"espai\"><\/div>\n<h3>Acc\u00e9s<\/h3>\n<p style=\"text-align: justify;\">Poden accedir a aquests estudis totes les persones que tenen m\u00e9s de 18 anys o b\u00e9 els compleixen durant l&#8217;any natural en qu\u00e8 inicien la formaci\u00f3.<\/p>\n<h2><\/h2>\n<div class=\"espai\"><\/div>\n<h3>Curr\u00edculum<\/h3>\n<ul>\n<li><a href=\"https:\/\/repositori.educacio.gencat.cat\/bitstream\/handle\/20.500.12694\/1553\/resolucio_19_juny_2012_curriculums_ensenyaments_informatica_aplicacio_centres_aules_formacio_persones_adultes_departament_ensenyament_19_06_2012.pdf?sequence=1&amp;isAllowed=y\" target=\"_blank\" rel=\"noopener\">Resoluci\u00f3 de 19 de juny de 2012<\/a>, per la qual s\u2019estableixen els curr\u00edculums dels ensenyaments d\u2019inform\u00e0tica d\u2019aplicaci\u00f3 als centres i aules de formaci\u00f3 de persones adultes, que depenen del Departament d\u2019Ensenyament.<\/li>\n<\/ul>\n<ul>\n<li><a href=\"https:\/\/documents.espai.educacio.gencat.cat\/IPCNormativa\/DisposicionsInternes\/Resolucio_competic.pdf\" target=\"_blank\" rel=\"noopener\">Resoluci\u00f3 de 14 de juny de 2016<\/a> de modificaci\u00f3 de la Resoluci\u00f3 de 19 de juny de 2012, per la qual s\u2019estableixen els curr\u00edculums dels ensenyaments d\u2019inform\u00e0tica d\u2019aplicaci\u00f3 a la xarxa de centres i aules de formaci\u00f3 de persones adultes dependents del Departament d\u2019Ensenyament i els centres municipals autoritzats pel Departament.<\/li>\n<\/ul>\n<h2><\/h2>\n<div class=\"espai\"><\/div>\n<h3>Avaluaci\u00f3 i certificaci\u00f3<\/h3>\n<ul>\n<li><a href=\"https:\/\/dogc.gencat.cat\/ca\/document-del-dogc\/?documentId=661212\" target=\"_blank\" rel=\"noopener\">Resoluci\u00f3 ENS\/924\/2014, de 23 d&#8217;abril<\/a>, per la qual s&#8217;estableix el procediment d&#8217;avaluaci\u00f3 i certificaci\u00f3 dels ensenyaments de compet\u00e8ncia digital a l&#8217;educaci\u00f3 d&#8217;adults.<\/li>\n<\/ul>\n<ul>\n<li><a href=\"https:\/\/dogc.gencat.cat\/ca\/document-del-dogc\/?documentId=812390\" target=\"_blank\" rel=\"noopener\">Resoluci\u00f3 ENS\/447\/2018, de 12 de mar\u00e7<\/a>, de modificaci\u00f3 de la Resoluci\u00f3 ENS\/924\/2014, de 23 d&#8217;abril, per la qual s&#8217;estableix el procediment d&#8217;avaluaci\u00f3 i certificaci\u00f3 dels ensenyaments de compet\u00e8ncia digital a l&#8217;educaci\u00f3 d&#8217;adults.<\/li>\n<\/ul>\n<h2><\/h2>\n<div class=\"espai\"><\/div>\n<h3>\u27a1\u00a0 \u00a0<a href=\"https:\/\/triaeducativa.gencat.cat\/ca\/al-llarg-vida\/competic\/\" target=\"_blank\" rel=\"noopener\">El COMPETIC al portal de la <em>&#8220;Tria Educativa&#8221;<\/em><\/a><\/h3>\n<div class=\"espai\"><\/div>\n<h3>\u27a1\u00a0 \u00a0<a href=\"https:\/\/t.me\/competic\" target=\"_blank\" rel=\"noopener\">Grup de Telegram de COMPETIC \/ ACTIC<\/a><\/h3>\n<div class=\"espai\"><\/div>\n<h3>\u27a1\u00a0 \u00a0<a href=\"https:\/\/agora.xtec.cat\/cfavictorinavila\/categoria\/fpa-competic\/\" target=\"_blank\" rel=\"noopener\">Activitats de COMPETIC al CFA Victorina Vila<\/a><\/h3>\n<div class=\"espai\"><\/div>\n<h3>\u27a1\u00a0 \u00a0[V\u00cdDEO] Qu\u00e8 vol dir COMPETIC i quins cursos COMPETIC hi ha?\u00a0 \ud83d\udc47<\/h3>\n<p><center><iframe loading=\"lazy\" title=\"YouTube video player\" src=\"https:\/\/www.youtube.com\/embed\/yG1JRe9wHCc\" width=\"560\" height=\"315\" frameborder=\"0\" allowfullscreen=\"allowfullscreen\"><\/iframe><\/center><\/p>\n<h2><\/h2>\n","protected":false},"excerpt":{"rendered":"<p>Els ensenyaments d&#8217;inform\u00e0tica tenen com objectiu facilitar l&#8217;adquisici\u00f3 de la compet\u00e8ncia digital, entesa com la combinaci\u00f3 de coneixements, habilitats i actituds en l&#8217;\u00e0mbit de les tecnologies de la informaci\u00f3 i la comunicaci\u00f3 (TIC) per desenvolupar-se en la societat actual. S&#8217;imparteixen en quatre nivells: COMPETIC INICIAL, COMPETIC 1, COMPETIC 2 i COMPETIC 3. Els cursos COMPETIC [&hellip;]<\/p>\n","protected":false},"author":2,"featured_media":0,"parent":2603,"menu_order":7,"comment_status":"closed","ping_status":"closed","template":"","meta":{"site-sidebar-layout":"default","site-content-layout":"","ast-site-content-layout":"default","site-content-style":"default","site-sidebar-style":"default","ast-global-header-display":"","ast-banner-title-visibility":"","ast-main-header-display":"","ast-hfb-above-header-display":"","ast-hfb-below-header-display":"","ast-hfb-mobile-header-display":"","site-post-title":"","ast-breadcrumbs-content":"","ast-featured-img":"","footer-sml-layout":"","theme-transparent-header-meta":"","adv-header-id-meta":"","stick-header-meta":"","header-above-stick-meta":"","header-main-stick-meta":"","header-below-stick-meta":"","astra-migrate-meta-layouts":"set","ast-page-background-enabled":"default","ast-page-background-meta":{"desktop":{"background-color":"var(--ast-global-color-4)","background-image":"","background-repeat":"repeat","background-position":"center center","background-size":"auto","background-attachment":"scroll","background-type":"","background-media":"","overlay-type":"","overlay-color":"","overlay-opacity":"","overlay-gradient":""},"tablet":{"background-color":"","background-image":"","background-repeat":"repeat","background-position":"center center","background-size":"auto","background-attachment":"scroll","background-type":"","background-media":"","overlay-type":"","overlay-color":"","overlay-opacity":"","overlay-gradient":""},"mobile":{"background-color":"","background-image":"","background-repeat":"repeat","background-position":"center center","background-size":"auto","background-attachment":"scroll","background-type":"","background-media":"","overlay-type":"","overlay-color":"","overlay-opacity":"","overlay-gradient":""}},"ast-content-background-meta":{"desktop":{"background-color":"var(--ast-global-color-5)","background-image":"","background-repeat":"repeat","background-position":"center center","background-size":"auto","background-attachment":"scroll","background-type":"","background-media":"","overlay-type":"","overlay-color":"","overlay-opacity":"","overlay-gradient":""},"tablet":{"background-color":"var(--ast-global-color-5)","background-image":"","background-repeat":"repeat","background-position":"center center","background-size":"auto","background-attachment":"scroll","background-type":"","background-media":"","overlay-type":"","overlay-color":"","overlay-opacity":"","overlay-gradient":""},"mobile":{"background-color":"var(--ast-global-color-5)","background-image":"","background-repeat":"repeat","background-position":"center center","background-size":"auto","background-attachment":"scroll","background-type":"","background-media":"","overlay-type":"","overlay-color":"","overlay-opacity":"","overlay-gradient":""}},"footnotes":""},"class_list":["post-316","page","type-page","status-publish","hentry"],"post_mailing_queue_ids":[],"_links":{"self":[{"href":"https:\/\/agora.xtec.cat\/cfavictorinavila\/wp-json\/wp\/v2\/pages\/316","targetHints":{"allow":["GET"]}}],"collection":[{"href":"https:\/\/agora.xtec.cat\/cfavictorinavila\/wp-json\/wp\/v2\/pages"}],"about":[{"href":"https:\/\/agora.xtec.cat\/cfavictorinavila\/wp-json\/wp\/v2\/types\/page"}],"author":[{"embeddable":true,"href":"https:\/\/agora.xtec.cat\/cfavictorinavila\/wp-json\/wp\/v2\/users\/2"}],"replies":[{"embeddable":true,"href":"https:\/\/agora.xtec.cat\/cfavictorinavila\/wp-json\/wp\/v2\/comments?post=316"}],"version-history":[{"count":6,"href":"https:\/\/agora.xtec.cat\/cfavictorinavila\/wp-json\/wp\/v2\/pages\/316\/revisions"}],"predecessor-version":[{"id":13138,"href":"https:\/\/agora.xtec.cat\/cfavictorinavila\/wp-json\/wp\/v2\/pages\/316\/revisions\/13138"}],"up":[{"embeddable":true,"href":"https:\/\/agora.xtec.cat\/cfavictorinavila\/wp-json\/wp\/v2\/pages\/2603"}],"wp:attachment":[{"href":"https:\/\/agora.xtec.cat\/cfavictorinavila\/wp-json\/wp\/v2\/media?parent=316"}],"curies":[{"name":"wp","href":"https:\/\/api.w.org\/{rel}","templated":true}]}}