{"id":299,"date":"2015-01-28T11:21:22","date_gmt":"2015-01-28T10:21:22","guid":{"rendered":"http:\/\/agora.xtec.cat\/cfajoancarles\/?page_id=299"},"modified":"2025-10-30T18:36:33","modified_gmt":"2025-10-30T17:36:33","slug":"llengua-castellana","status":"publish","type":"page","link":"https:\/\/agora.xtec.cat\/cfavictorinavila\/ensenyaments\/oferta-formativa\/llengua-castellana\/","title":{"rendered":"Llengua castellana"},"content":{"rendered":"<h2><\/h2>\n<div class=\"espai\"><\/div>\n<p style=\"text-align: justify;\">Aquests estudis tenen com a objectiu que les persones adultes assoleixin un grau de compet\u00e8ncia m\u00ednima per a comunicar-se en llengua castellana i s&#8217;imparteixen en tres nivells: llengua castellana nivell 1, 2 i 3, que corresponen als nivells A1, A2 i B1 del MECR.<\/p>\n<p style=\"text-align: justify;\">El nivell 1 consta d&#8217;un total de 105 hores de classe que al CFA Victorina Vila es poden cursar de forma anual (a ra\u00f3 de 3 hores setmanals) o quadrimestral (6 hores setmanals). Els nivells 2 i 3 consten de 140 hores de classe, que es corresponen a 4 hores a la setmana durant tot un curs escolar.<\/p>\n<div class=\"espai\"><\/div>\n<h3>Acc\u00e9s<\/h3>\n<p style=\"text-align: justify;\">Poden accedir a aquests estudis totes les persones que tenen m\u00e9s de 18 anys o b\u00e9 els compleixen durant l&#8217;any natural en qu\u00e8 inicien la formaci\u00f3. Tamb\u00e9 hi poden accedir les persones m\u00e9s grans de 16 anys o que els compleixin durant l&#8217;any natural en qu\u00e8 inicien la formaci\u00f3 si es troben en alguna de les situacions seg\u00fcents:<\/p>\n<ul>\n<li>Tenen un contracte laboral que els impedeixi assistir als centres educatius en r\u00e8gim ordinari.<\/li>\n<li>S\u00f3n esportistes d&#8217;alt rendiment.<\/li>\n<li>Excepcionalment el director o directora dels serveis territorials del Departament d&#8217;Educaci\u00f3 pot autoritzar la incorporaci\u00f3 d\u2019alumnes que no compleixin els requisits anteriors a partir d&#8217;un informe favorable de la Inspecci\u00f3 Educativa.<\/li>\n<\/ul>\n<div class=\"espai\"><\/div>\n<h3>Curr\u00edculum<\/h3>\n<p style=\"text-align: justify;\"><a href=\"https:\/\/documents.espai.educacio.gencat.cat\/IPCNormativa\/DisposicionsInternes\/Resolucio_curriculums_llengues_CFA.pdf\" target=\"_blank\" rel=\"noopener\">Resoluci\u00f3 de 10 de maig de 2013<\/a>, per la qual s\u2019estableixen els curr\u00edculums dels ensenyaments corresponents a llengua catalana i castellana, llengua occitana, denominada aran\u00e8s a l\u2019Aran, i a les lleng\u00fces estrangeres, d\u2019aplicaci\u00f3 als centres de formaci\u00f3 d\u2019adults que depenen del Departament d\u2019Ensenyament.<\/p>\n<div class=\"espai\"><\/div>\n<h3>\u27a1 \u00a0 <a href=\"https:\/\/triaeducativa.gencat.cat\/ca\/estudis\/?llengua-castellana&amp;p_id=2330\" target=\"_blank\" rel=\"noopener\">Llengua Castellana al portal de la <em>&#8220;Tria Educativa&#8221;<\/em><\/a><\/h3>\n<div class=\"espai\"><\/div>\n<h3>\u27a1 \u00a0 <a href=\"https:\/\/agora.xtec.cat\/cfavictorinavila\/categoria\/fpa-cast\/\" target=\"_blank\" rel=\"noopener\">Activitats de Castell\u00e0 al CFA Victorina Vila<\/a><\/h3>\n","protected":false},"excerpt":{"rendered":"<p>Aquests estudis tenen com a objectiu que les persones adultes assoleixin un grau de compet\u00e8ncia m\u00ednima per a comunicar-se en llengua castellana i s&#8217;imparteixen en tres nivells: llengua castellana nivell 1, 2 i 3, que corresponen als nivells A1, A2 i B1 del MECR. El nivell 1 consta d&#8217;un total de 105 hores de classe [&hellip;]<\/p>\n","protected":false},"author":2,"featured_media":0,"parent":2603,"menu_order":2,"comment_status":"closed","ping_status":"closed","template":"","meta":{"site-sidebar-layout":"default","site-content-layout":"","ast-site-content-layout":"default","site-content-style":"default","site-sidebar-style":"default","ast-global-header-display":"","ast-banner-title-visibility":"","ast-main-header-display":"","ast-hfb-above-header-display":"","ast-hfb-below-header-display":"","ast-hfb-mobile-header-display":"","site-post-title":"","ast-breadcrumbs-content":"","ast-featured-img":"","footer-sml-layout":"","theme-transparent-header-meta":"","adv-header-id-meta":"","stick-header-meta":"","header-above-stick-meta":"","header-main-stick-meta":"","header-below-stick-meta":"","astra-migrate-meta-layouts":"set","ast-page-background-enabled":"default","ast-page-background-meta":{"desktop":{"background-color":"var(--ast-global-color-4)","background-image":"","background-repeat":"repeat","background-position":"center center","background-size":"auto","background-attachment":"scroll","background-type":"","background-media":"","overlay-type":"","overlay-color":"","overlay-opacity":"","overlay-gradient":""},"tablet":{"background-color":"","background-image":"","background-repeat":"repeat","background-position":"center center","background-size":"auto","background-attachment":"scroll","background-type":"","background-media":"","overlay-type":"","overlay-color":"","overlay-opacity":"","overlay-gradient":""},"mobile":{"background-color":"","background-image":"","background-repeat":"repeat","background-position":"center center","background-size":"auto","background-attachment":"scroll","background-type":"","background-media":"","overlay-type":"","overlay-color":"","overlay-opacity":"","overlay-gradient":""}},"ast-content-background-meta":{"desktop":{"background-color":"var(--ast-global-color-5)","background-image":"","background-repeat":"repeat","background-position":"center center","background-size":"auto","background-attachment":"scroll","background-type":"","background-media":"","overlay-type":"","overlay-color":"","overlay-opacity":"","overlay-gradient":""},"tablet":{"background-color":"var(--ast-global-color-5)","background-image":"","background-repeat":"repeat","background-position":"center center","background-size":"auto","background-attachment":"scroll","background-type":"","background-media":"","overlay-type":"","overlay-color":"","overlay-opacity":"","overlay-gradient":""},"mobile":{"background-color":"var(--ast-global-color-5)","background-image":"","background-repeat":"repeat","background-position":"center center","background-size":"auto","background-attachment":"scroll","background-type":"","background-media":"","overlay-type":"","overlay-color":"","overlay-opacity":"","overlay-gradient":""}},"footnotes":""},"class_list":["post-299","page","type-page","status-publish","hentry"],"post_mailing_queue_ids":[],"_links":{"self":[{"href":"https:\/\/agora.xtec.cat\/cfavictorinavila\/wp-json\/wp\/v2\/pages\/299","targetHints":{"allow":["GET"]}}],"collection":[{"href":"https:\/\/agora.xtec.cat\/cfavictorinavila\/wp-json\/wp\/v2\/pages"}],"about":[{"href":"https:\/\/agora.xtec.cat\/cfavictorinavila\/wp-json\/wp\/v2\/types\/page"}],"author":[{"embeddable":true,"href":"https:\/\/agora.xtec.cat\/cfavictorinavila\/wp-json\/wp\/v2\/users\/2"}],"replies":[{"embeddable":true,"href":"https:\/\/agora.xtec.cat\/cfavictorinavila\/wp-json\/wp\/v2\/comments?post=299"}],"version-history":[{"count":6,"href":"https:\/\/agora.xtec.cat\/cfavictorinavila\/wp-json\/wp\/v2\/pages\/299\/revisions"}],"predecessor-version":[{"id":13134,"href":"https:\/\/agora.xtec.cat\/cfavictorinavila\/wp-json\/wp\/v2\/pages\/299\/revisions\/13134"}],"up":[{"embeddable":true,"href":"https:\/\/agora.xtec.cat\/cfavictorinavila\/wp-json\/wp\/v2\/pages\/2603"}],"wp:attachment":[{"href":"https:\/\/agora.xtec.cat\/cfavictorinavila\/wp-json\/wp\/v2\/media?parent=299"}],"curies":[{"name":"wp","href":"https:\/\/api.w.org\/{rel}","templated":true}]}}