{"id":2603,"date":"2021-02-14T23:49:23","date_gmt":"2021-02-14T22:49:23","guid":{"rendered":"http:\/\/agora.xtec.cat\/cfajoancarles\/?page_id=2603"},"modified":"2025-10-11T18:22:37","modified_gmt":"2025-10-11T16:22:37","slug":"oferta-formativa","status":"publish","type":"page","link":"https:\/\/agora.xtec.cat\/cfavictorinavila\/ensenyaments\/oferta-formativa\/","title":{"rendered":"Oferta formativa"},"content":{"rendered":"\n<div style=\"height:20px\" aria-hidden=\"true\" class=\"wp-block-spacer\"><\/div>\n\n\n\n<p style=\"font-size:26px;line-height:1.6\">Al CFA Victorina Vila tots els aprenentatges es desevolupen en modalitat presencial, excepte el segon nivell del Graduat en Educaci\u00f3 Secund\u00e0ria que s&#8217;imparteix en format semipresencial. De tots els <a href=\"https:\/\/agora.xtec.cat\/cfavictorinavila\/ensenyaments\/formacioadults\/\" target=\"_blank\" rel=\"noreferrer noopener\">ensenyaments i nivells que es poden cursar als centres de formaci\u00f3 de persones adultes<\/a>, n&#8217;oferim els seg\u00fcents:<\/p>\n\n\n\n<div class=\"wp-block-columns are-vertically-aligned-top is-layout-flex wp-container-core-columns-is-layout-1 wp-block-columns-is-layout-flex\">\n<div class=\"wp-block-column is-vertically-aligned-top round_corners has-border-color has-cyan-bluish-gray-border-color is-layout-flow wp-block-column-is-layout-flow\" style=\"border-width:1px;padding-top:var(--wp--preset--spacing--60);padding-bottom:var(--wp--preset--spacing--60);flex-basis:30%\">\n<div style=\"height:10px\" aria-hidden=\"true\" class=\"wp-block-spacer\"><\/div>\n\n\n\n<figure class=\"wp-block-image aligncenter size-full is-resized\"><a href=\"https:\/\/agora.xtec.cat\/cfavictorinavila\/ensenyaments\/oferta-formativa\/llengua-anglesa\/\" target=\"_blank\" rel=\"noreferrer noopener\"><img loading=\"lazy\" decoding=\"async\" width=\"148\" height=\"163\" src=\"https:\/\/agora.xtec.cat\/cfavictorinavila\/wp-content\/uploads\/usu417\/2022\/11\/bigben2.png\" alt=\"\" class=\"wp-image-5738\" style=\"width:128px\"\/><\/a><\/figure>\n\n\n\n<div style=\"height:5px\" aria-hidden=\"true\" class=\"wp-block-spacer\"><\/div>\n\n\n\n<h4 class=\"wp-block-heading has-text-align-center\"><a href=\"https:\/\/agora.xtec.cat\/cfavictorinavila\/ensenyaments\/oferta-formativa\/llengua-anglesa\/\" target=\"_blank\" rel=\"noreferrer noopener\">Angl\u00e8s nivells 1, 2 i 3<\/a><\/h4>\n<\/div>\n\n\n\n<div class=\"wp-block-column is-layout-constrained wp-container-core-column-is-layout-2 wp-block-column-is-layout-constrained\"><\/div>\n\n\n\n<div class=\"wp-block-column is-vertically-aligned-top round_corners has-border-color has-cyan-bluish-gray-border-color is-layout-flow wp-block-column-is-layout-flow\" style=\"border-width:1px;padding-top:var(--wp--preset--spacing--60);padding-bottom:var(--wp--preset--spacing--60);flex-basis:30%\">\n<div style=\"height:21px\" aria-hidden=\"true\" class=\"wp-block-spacer\"><\/div>\n\n\n\n<figure class=\"wp-block-image aligncenter size-full is-resized\"><a href=\"https:\/\/agora.xtec.cat\/cfavictorinavila\/ensenyaments\/oferta-formativa\/llengua-catalana\/\" target=\"_blank\" rel=\"noreferrer noopener\"><img loading=\"lazy\" decoding=\"async\" width=\"200\" height=\"200\" src=\"https:\/\/agora.xtec.cat\/cfavictorinavila\/wp-content\/uploads\/usu417\/2022\/10\/catala.png\" alt=\"\" class=\"wp-image-5707\" style=\"width:132px\"\/><\/a><\/figure>\n\n\n\n<div style=\"height:4px\" aria-hidden=\"true\" class=\"wp-block-spacer\"><\/div>\n\n\n\n<h4 class=\"wp-block-heading has-text-align-center\"><a href=\"https:\/\/agora.xtec.cat\/cfavictorinavila\/ensenyaments\/oferta-formativa\/llengua-catalana\/\" target=\"_blank\" rel=\"noreferrer noopener\">Catal\u00e0 nivells 1, 2 i 3<\/a><\/h4>\n<\/div>\n\n\n\n<div class=\"wp-block-column is-layout-constrained wp-container-core-column-is-layout-4 wp-block-column-is-layout-constrained\"><\/div>\n\n\n\n<div class=\"wp-block-column is-vertically-aligned-top round_corners has-border-color has-cyan-bluish-gray-border-color is-layout-flow wp-block-column-is-layout-flow\" style=\"border-width:1px;padding-top:var(--wp--preset--spacing--70);padding-bottom:var(--wp--preset--spacing--70);flex-basis:30%\">\n<figure class=\"wp-block-image aligncenter size-full is-resized\"><a href=\"https:\/\/agora.xtec.cat\/cfavictorinavila\/ensenyaments\/oferta-formativa\/graduat-en-educacio-secundaria-per-adults\/\" target=\"_blank\" rel=\"noreferrer noopener\"><img loading=\"lazy\" decoding=\"async\" width=\"300\" height=\"230\" src=\"https:\/\/agora.xtec.cat\/cfavictorinavila\/wp-content\/uploads\/usu417\/2022\/10\/graduate3.png\" alt=\"\" class=\"wp-image-5722\" style=\"width:184px\"\/><\/a><\/figure>\n\n\n\n<h4 class=\"wp-block-heading has-text-align-center\"><a href=\"https:\/\/agora.xtec.cat\/cfavictorinavila\/ensenyaments\/oferta-formativa\/graduat-en-educacio-secundaria-per-adults\/\" target=\"_blank\" rel=\"noreferrer noopener\">Graduat en ESO nivells 1 i 2<\/a><\/h4>\n<\/div>\n<\/div>\n\n\n\n<div class=\"wp-block-columns are-vertically-aligned-top is-layout-flex wp-container-core-columns-is-layout-2 wp-block-columns-is-layout-flex\">\n<div class=\"wp-block-column is-vertically-aligned-top round_corners has-border-color has-cyan-bluish-gray-border-color is-layout-flow wp-block-column-is-layout-flow\" style=\"border-width:1px;padding-top:var(--wp--preset--spacing--50);padding-bottom:var(--wp--preset--spacing--50);flex-basis:30%\">\n<div style=\"height:18px\" aria-hidden=\"true\" class=\"wp-block-spacer\"><\/div>\n\n\n\n<figure class=\"wp-block-image aligncenter size-full is-resized\"><a href=\"https:\/\/agora.xtec.cat\/cfavictorinavila\/ensenyaments\/oferta-formativa\/llengua-francesa\/\" target=\"_blank\" rel=\"noreferrer noopener\"><img loading=\"lazy\" decoding=\"async\" width=\"131\" height=\"154\" src=\"https:\/\/agora.xtec.cat\/cfavictorinavila\/wp-content\/uploads\/usu417\/2022\/11\/eiffel3.png\" alt=\"\" class=\"wp-image-5736\" style=\"width:113px\"\/><\/a><\/figure>\n\n\n\n<div style=\"height:1px\" aria-hidden=\"true\" class=\"wp-block-spacer\"><\/div>\n\n\n\n<h4 class=\"wp-block-heading has-text-align-center\"><a href=\"https:\/\/agora.xtec.cat\/cfavictorinavila\/ensenyaments\/oferta-formativa\/llengua-francesa\/\" target=\"_blank\" rel=\"noreferrer noopener\">Franc\u00e8s nivells 1, 2 i 3<\/a><\/h4>\n\n\n\n<div style=\"height:1px\" aria-hidden=\"true\" class=\"wp-block-spacer\"><\/div>\n<\/div>\n\n\n\n<div class=\"wp-block-column is-layout-flow wp-block-column-is-layout-flow\"><\/div>\n\n\n\n<div class=\"wp-block-column is-vertically-aligned-top round_corners has-border-color has-cyan-bluish-gray-border-color is-layout-flow wp-block-column-is-layout-flow\" style=\"border-width:1px;padding-top:var(--wp--preset--spacing--60);padding-bottom:var(--wp--preset--spacing--60);flex-basis:30%\">\n<div style=\"height:18px\" aria-hidden=\"true\" class=\"wp-block-spacer\"><\/div>\n\n\n\n<figure class=\"wp-block-image aligncenter size-full is-resized\"><a href=\"https:\/\/agora.xtec.cat\/cfavictorinavila\/ensenyaments\/oferta-formativa\/llengua-castellana\/\" target=\"_blank\" rel=\"noreferrer noopener\"><img loading=\"lazy\" decoding=\"async\" width=\"200\" height=\"200\" src=\"https:\/\/agora.xtec.cat\/cfavictorinavila\/wp-content\/uploads\/usu417\/2022\/10\/spanish.png\" alt=\"\" class=\"wp-image-5706\" style=\"width:130px\"\/><\/a><\/figure>\n\n\n\n<div style=\"height:2px\" aria-hidden=\"true\" class=\"wp-block-spacer\"><\/div>\n\n\n\n<h4 class=\"wp-block-heading has-text-align-center\"><a href=\"https:\/\/agora.xtec.cat\/cfavictorinavila\/ensenyaments\/oferta-formativa\/llengua-castellana\/\" target=\"_blank\" rel=\"noreferrer noopener\">Castell\u00e0 nivells 1 i 2<\/a><\/h4>\n<\/div>\n\n\n\n<div class=\"wp-block-column is-layout-flow wp-block-column-is-layout-flow\"><\/div>\n\n\n\n<div class=\"wp-block-column is-vertically-aligned-top round_corners has-border-color has-cyan-bluish-gray-border-color is-layout-flow wp-block-column-is-layout-flow\" style=\"border-width:1px;padding-top:var(--wp--preset--spacing--30);padding-bottom:var(--wp--preset--spacing--30);flex-basis:30%\">\n<div style=\"height:37px\" aria-hidden=\"true\" class=\"wp-block-spacer\"><\/div>\n\n\n\n<figure class=\"wp-block-image aligncenter size-full is-resized\"><a href=\"https:\/\/agora.xtec.cat\/cfavictorinavila\/ensenyaments\/oferta-formativa\/competencia-digital-competic\/\" target=\"_blank\" rel=\"noreferrer noopener\"><img loading=\"lazy\" decoding=\"async\" width=\"512\" height=\"512\" src=\"https:\/\/agora.xtec.cat\/cfavictorinavila\/wp-content\/uploads\/usu417\/2022\/10\/competic.png\" alt=\"\" class=\"wp-image-5710\" style=\"width:137px\"\/><\/a><\/figure>\n\n\n\n<div style=\"height:2px\" aria-hidden=\"true\" class=\"wp-block-spacer\"><\/div>\n\n\n\n<h4 class=\"wp-block-heading has-text-align-center\"><a href=\"https:\/\/agora.xtec.cat\/cfavictorinavila\/ensenyaments\/oferta-formativa\/competencia-digital-competic\/\" target=\"_blank\" rel=\"noreferrer noopener\">Competic 1, 2 i 3<\/a><\/h4>\n\n\n\n<div style=\"height:9px\" aria-hidden=\"true\" class=\"wp-block-spacer\"><\/div>\n<\/div>\n<\/div>\n\n\n\n<div class=\"wp-block-columns are-vertically-aligned-top is-layout-flex wp-container-core-columns-is-layout-3 wp-block-columns-is-layout-flex\">\n<div class=\"wp-block-column is-vertically-aligned-top round_corners has-border-color has-cyan-bluish-gray-border-color is-layout-flow wp-block-column-is-layout-flow\" style=\"border-width:1px;padding-top:var(--wp--preset--spacing--60);padding-bottom:var(--wp--preset--spacing--60);flex-basis:30%\">\n<div style=\"height:13px\" aria-hidden=\"true\" class=\"wp-block-spacer\"><\/div>\n\n\n\n<figure class=\"wp-block-image aligncenter size-full is-resized\"><a href=\"\/\/agora.xtec.cat\/cfavictorinavila\/ensenyaments\/oferta-formativa\/arts-i-artistes\/\" target=\"_blank\" rel=\"noreferrer noopener\"><img loading=\"lazy\" decoding=\"async\" width=\"512\" height=\"441\" src=\"https:\/\/agora.xtec.cat\/cfavictorinavila\/wp-content\/uploads\/usu417\/2023\/09\/paint-palette-e1696074350379.png\" alt=\"\" class=\"wp-image-7406\" style=\"width:167px\"\/><\/a><\/figure>\n\n\n\n<div style=\"height:1px\" aria-hidden=\"true\" class=\"wp-block-spacer\"><\/div>\n\n\n\n<h4 class=\"wp-block-heading has-text-align-center\"><a href=\"https:\/\/agora.xtec.cat\/cfavictorinavila\/ensenyaments\/oferta-formativa\/arts-i-artistes\/\" target=\"_blank\" rel=\"noreferrer noopener\">Arts i artistes<\/a><\/h4>\n<\/div>\n\n\n\n<div class=\"wp-block-column is-layout-flow wp-block-column-is-layout-flow\"><\/div>\n\n\n\n<div class=\"wp-block-column is-vertically-aligned-top round_corners has-border-color has-cyan-bluish-gray-border-color is-layout-flow wp-block-column-is-layout-flow\" style=\"border-width:1px;padding-top:var(--wp--preset--spacing--50);padding-bottom:var(--wp--preset--spacing--50);flex-basis:30%\">\n<div style=\"height:20px\" aria-hidden=\"true\" class=\"wp-block-spacer\"><\/div>\n\n\n\n<figure class=\"wp-block-image aligncenter size-full is-resized\"><a href=\"https:\/\/agora.xtec.cat\/cfavictorinavila\/ensenyaments\/oferta-formativa\/angles-per-al-turisme\/\" target=\"_blank\" rel=\"noreferrer noopener\"><img loading=\"lazy\" decoding=\"async\" width=\"869\" height=\"721\" src=\"https:\/\/agora.xtec.cat\/cfavictorinavila\/wp-content\/uploads\/usu417\/2023\/09\/speaking-e1696257776482.png\" alt=\"\" class=\"wp-image-7408\" style=\"width:189px\"\/><\/a><\/figure>\n\n\n\n<div style=\"height:5px\" aria-hidden=\"true\" class=\"wp-block-spacer\"><\/div>\n\n\n\n<h4 class=\"wp-block-heading has-text-align-center\"><a href=\"https:\/\/agora.xtec.cat\/cfavictorinavila\/ensenyaments\/oferta-formativa\/angles-per-al-turisme\/\" target=\"_blank\" rel=\"noreferrer noopener\">Angl\u00e8s per al turisme<\/a><\/h4>\n<\/div>\n\n\n\n<div class=\"wp-block-column is-layout-flow wp-block-column-is-layout-flow\"><\/div>\n\n\n\n<div class=\"wp-block-column is-vertically-aligned-top round_corners has-border-color has-cyan-bluish-gray-border-color is-layout-flow wp-block-column-is-layout-flow\" style=\"border-width:1px;padding-top:var(--wp--preset--spacing--50);padding-bottom:var(--wp--preset--spacing--50);flex-basis:30%\">\n<div style=\"height:18px\" aria-hidden=\"true\" class=\"wp-block-spacer\"><\/div>\n\n\n\n<figure class=\"wp-block-image aligncenter size-full is-resized\"><a href=\"https:\/\/agora.xtec.cat\/cfavictorinavila\/ensenyaments\/oferta-formativa\/formacio-instrumental\/\" target=\"_blank\" rel=\"noreferrer noopener\"><img loading=\"lazy\" decoding=\"async\" width=\"225\" height=\"225\" src=\"https:\/\/agora.xtec.cat\/cfavictorinavila\/wp-content\/uploads\/usu417\/2022\/10\/pencil.png\" alt=\"\" class=\"wp-image-5705\" style=\"width:118px\"\/><\/a><\/figure>\n\n\n\n<div style=\"height:3px\" aria-hidden=\"true\" class=\"wp-block-spacer\"><\/div>\n\n\n\n<h4 class=\"wp-block-heading has-text-align-center\"><a href=\"https:\/\/agora.xtec.cat\/cfavictorinavila\/ensenyaments\/oferta-formativa\/formacio-instrumental\/\" target=\"_blank\" rel=\"noreferrer noopener\">Formaci\u00f3 instrumental<\/a><\/h4>\n\n\n\n<h4 class=\"wp-block-heading has-text-align-center\"><a href=\"https:\/\/agora.xtec.cat\/cfavictorinavila\/ensenyaments\/oferta-formativa\/formacio-instrumental\/\" target=\"_blank\" rel=\"noreferrer noopener\"> nivells 1, 2, 3 i 4<\/a><\/h4>\n<\/div>\n<\/div>\n\n\n\n<div style=\"height:20px\" aria-hidden=\"true\" class=\"wp-block-spacer\"><\/div>\n\n\n\n<p style=\"font-size:26px;line-height:1.6\">La majoria dels ensenyaments s\u00f3n anuals -de setembre a juny- excepte els m\u00f2duls del Graduat en Educaci\u00f3 Secund\u00e0ria que s\u00f3n trimestrals, i els cursos de Catal\u00e0 1 i Castell\u00e0 1 que s\u00f3n quadrimestrals (tamb\u00e9 hi ha l\u2019opci\u00f3 de fer-los anuals).<\/p>\n\n\n\n<p style=\"font-size:26px;line-height:1.6\"><strong>Observaci\u00f3:<\/strong>  la matr\u00edcula d&#8217;<em>Arts i Artistes<\/em>&nbsp; i d&#8217;<em>Angl\u00e8s per al Turisme<\/em>&nbsp; \u00e9s directa, aquests m\u00f2duls no admeten reserva pel procediment de preinscripci\u00f3.<\/p>\n","protected":false},"excerpt":{"rendered":"<p>Al CFA Victorina Vila tots els aprenentatges es desevolupen en modalitat presencial, excepte el segon nivell del Graduat en Educaci\u00f3 Secund\u00e0ria que s&#8217;imparteix en format semipresencial. De tots els ensenyaments i nivells que es poden cursar als centres de formaci\u00f3 de persones adultes, n&#8217;oferim els seg\u00fcents: Angl\u00e8s nivells 1, 2 i 3 Catal\u00e0 nivells 1, [&hellip;]<\/p>\n","protected":false},"author":1,"featured_media":0,"parent":274,"menu_order":7,"comment_status":"closed","ping_status":"closed","template":"","meta":{"site-sidebar-layout":"default","site-content-layout":"","ast-site-content-layout":"default","site-content-style":"default","site-sidebar-style":"default","ast-global-header-display":"","ast-banner-title-visibility":"","ast-main-header-display":"","ast-hfb-above-header-display":"","ast-hfb-below-header-display":"","ast-hfb-mobile-header-display":"","site-post-title":"","ast-breadcrumbs-content":"","ast-featured-img":"","footer-sml-layout":"","theme-transparent-header-meta":"","adv-header-id-meta":"","stick-header-meta":"","header-above-stick-meta":"","header-main-stick-meta":"","header-below-stick-meta":"","astra-migrate-meta-layouts":"set","ast-page-background-enabled":"default","ast-page-background-meta":{"desktop":{"background-color":"var(--ast-global-color-4)","background-image":"","background-repeat":"repeat","background-position":"center center","background-size":"auto","background-attachment":"scroll","background-type":"","background-media":"","overlay-type":"","overlay-color":"","overlay-opacity":"","overlay-gradient":""},"tablet":{"background-color":"","background-image":"","background-repeat":"repeat","background-position":"center center","background-size":"auto","background-attachment":"scroll","background-type":"","background-media":"","overlay-type":"","overlay-color":"","overlay-opacity":"","overlay-gradient":""},"mobile":{"background-color":"","background-image":"","background-repeat":"repeat","background-position":"center center","background-size":"auto","background-attachment":"scroll","background-type":"","background-media":"","overlay-type":"","overlay-color":"","overlay-opacity":"","overlay-gradient":""}},"ast-content-background-meta":{"desktop":{"background-color":"var(--ast-global-color-5)","background-image":"","background-repeat":"repeat","background-position":"center center","background-size":"auto","background-attachment":"scroll","background-type":"","background-media":"","overlay-type":"","overlay-color":"","overlay-opacity":"","overlay-gradient":""},"tablet":{"background-color":"var(--ast-global-color-5)","background-image":"","background-repeat":"repeat","background-position":"center center","background-size":"auto","background-attachment":"scroll","background-type":"","background-media":"","overlay-type":"","overlay-color":"","overlay-opacity":"","overlay-gradient":""},"mobile":{"background-color":"var(--ast-global-color-5)","background-image":"","background-repeat":"repeat","background-position":"center center","background-size":"auto","background-attachment":"scroll","background-type":"","background-media":"","overlay-type":"","overlay-color":"","overlay-opacity":"","overlay-gradient":""}},"footnotes":""},"class_list":["post-2603","page","type-page","status-publish","hentry"],"post_mailing_queue_ids":[],"_links":{"self":[{"href":"https:\/\/agora.xtec.cat\/cfavictorinavila\/wp-json\/wp\/v2\/pages\/2603","targetHints":{"allow":["GET"]}}],"collection":[{"href":"https:\/\/agora.xtec.cat\/cfavictorinavila\/wp-json\/wp\/v2\/pages"}],"about":[{"href":"https:\/\/agora.xtec.cat\/cfavictorinavila\/wp-json\/wp\/v2\/types\/page"}],"author":[{"embeddable":true,"href":"https:\/\/agora.xtec.cat\/cfavictorinavila\/wp-json\/wp\/v2\/users\/1"}],"replies":[{"embeddable":true,"href":"https:\/\/agora.xtec.cat\/cfavictorinavila\/wp-json\/wp\/v2\/comments?post=2603"}],"version-history":[{"count":6,"href":"https:\/\/agora.xtec.cat\/cfavictorinavila\/wp-json\/wp\/v2\/pages\/2603\/revisions"}],"predecessor-version":[{"id":13051,"href":"https:\/\/agora.xtec.cat\/cfavictorinavila\/wp-json\/wp\/v2\/pages\/2603\/revisions\/13051"}],"up":[{"embeddable":true,"href":"https:\/\/agora.xtec.cat\/cfavictorinavila\/wp-json\/wp\/v2\/pages\/274"}],"wp:attachment":[{"href":"https:\/\/agora.xtec.cat\/cfavictorinavila\/wp-json\/wp\/v2\/media?parent=2603"}],"curies":[{"name":"wp","href":"https:\/\/api.w.org\/{rel}","templated":true}]}}