{"id":1744,"date":"2020-04-20T04:18:01","date_gmt":"2020-04-20T02:18:01","guid":{"rendered":"http:\/\/agora.xtec.cat\/cfajoancarles\/?page_id=1744"},"modified":"2025-05-12T21:52:03","modified_gmt":"2025-05-12T19:52:03","slug":"formacioadults","status":"publish","type":"page","link":"https:\/\/agora.xtec.cat\/cfavictorinavila\/ensenyaments\/formacioadults\/","title":{"rendered":"Formaci\u00f3 de persones adultes"},"content":{"rendered":"\n<div style=\"height:20px\" aria-hidden=\"true\" class=\"wp-block-spacer\"><\/div>\n\n\n\n<p style=\"font-size:25px;line-height:1.6\">La formaci\u00f3 de persones adultes \u00e9s el conjunt d\u2019activitats d\u2019aprenentatge que, en el marc de l\u2019educaci\u00f3 al llarg de tota la vida, permet que les persones adultes desenvolupin les seves capacitats, enriqueixin els seus coneixements i millorin les seves compet\u00e8ncies t\u00e8cniques i professionals. Aix\u00f2 fa que hi participin persones amb objectius diferents, com poden ser obtenir una titulaci\u00f3, posar-se al dia o ampliar els seus coneixements.<\/p>\n\n\n\n<p style=\"font-size:25px;line-height:1.6\">L\u2019oferta educativa general dels centres de formaci\u00f3 d\u2019adults del Departament d\u2019Educaci\u00f3 i FP \u00e9s la seg\u00fcent:<\/p>\n\n\n<div class=\"deskContent\"><center>\n<div class=\"transbox_marge\">\n<p style=\"text-align: justify;\"><strong>\u26a0\ufe0f Atenci\u00f3! no tots els centres poden impartir tots els ensenyaments<\/strong>, per saber quins s&#8217;ofereixen actualment al CFA Victorina Vila consulteu <a href=\"https:\/\/agora.xtec.cat\/cfavictorinavila\/ensenyaments\/oferta-formativa\/\" target=\"_blank\" rel=\"noopener\">la nostra oferta formativa<\/a>.<\/p>\n<\/div>\n<\/center><\/div>\n<div class=\"phoneContent\"><center>\n<div class=\"transbox_marge\">\n<p style=\"text-align: left;\"><strong>\u26a0\ufe0f Atenci\u00f3! no tots els centres poden impartir tots els ensenyaments<\/strong>, per saber quins s&#8217;ofereixen actualment al CFA Victorina Vila consulteu <a href=\"https:\/\/agora.xtec.cat\/cfavictorinavila\/ensenyaments\/oferta-formativa\/\" target=\"_blank\" rel=\"noopener\">la nostra oferta formativa<\/a>.<\/p>\n<\/div>\n<\/center><\/div>\n\n\n<ul class=\"wp-block-list\" style=\"font-size:25px;line-height:1.6\">\n<li style=\"margin-top:var(--wp--preset--spacing--20);margin-bottom:var(--wp--preset--spacing--20)\">ensenyaments de lleng\u00fces (<a href=\"https:\/\/agora.xtec.cat\/cfavictorinavila\/ensenyaments\/oferta-formativa\/llengua-catalana\/\" target=\"_blank\" rel=\"noreferrer noopener\">catal\u00e0<\/a>, <a href=\"https:\/\/agora.xtec.cat\/cfavictorinavila\/ensenyaments\/oferta-formativa\/llengua-castellana\/\" target=\"_blank\" rel=\"noreferrer noopener\">castell\u00e0<\/a>, <a href=\"https:\/\/agora.xtec.cat\/cfavictorinavila\/ensenyaments\/oferta-formativa\/llengua-anglesa\/\" target=\"_blank\" rel=\"noreferrer noopener\">angl\u00e8s<\/a> i <a href=\"https:\/\/agora.xtec.cat\/cfavictorinavila\/ensenyaments\/oferta-formativa\/llengua-francesa\/\" target=\"_blank\" rel=\"noreferrer noopener\">franc\u00e8s<\/a>);<\/li>\n\n\n\n<li style=\"margin-top:var(--wp--preset--spacing--20);margin-bottom:var(--wp--preset--spacing--20)\"><a href=\"https:\/\/agora.xtec.cat\/cfavictorinavila\/ensenyaments\/oferta-formativa\/competencia-digital-competic\/\" target=\"_blank\" rel=\"noreferrer noopener\">COMPETIC<\/a> (inform\u00e0tica);<\/li>\n\n\n\n<li style=\"margin-top:var(--wp--preset--spacing--20);margin-bottom:var(--wp--preset--spacing--20)\"><a href=\"https:\/\/agora.xtec.cat\/cfavictorinavila\/ensenyaments\/oferta-formativa\/formacio-instrumental\/\" target=\"_blank\" rel=\"noreferrer noopener\">formaci\u00f3 instrumental<\/a> (educaci\u00f3 prim\u00e0ria per a les persones adultes);<\/li>\n\n\n\n<li style=\"margin-top:var(--wp--preset--spacing--20);margin-bottom:var(--wp--preset--spacing--20)\">educaci\u00f3 secund\u00e0ria per a les persones adultes (<a href=\"https:\/\/agora.xtec.cat\/cfavictorinavila\/ensenyaments\/oferta-formativa\/graduat-en-educacio-secundaria-per-adults\/\" target=\"_blank\" rel=\"noreferrer noopener\">GES<\/a>);<\/li>\n\n\n\n<li style=\"margin-top:var(--wp--preset--spacing--20);margin-bottom:var(--wp--preset--spacing--20)\">curs espec\u00edfic per a l\u2019acc\u00e9s als cicles formatius (de <a href=\"https:\/\/triaeducativa.gencat.cat\/ca\/estudis\/?curs-formacio-preparatori-acces-cicles-grau-mitja&amp;p_id=6750\" target=\"_blank\" rel=\"noreferrer noopener\">grau&nbsp;mitj\u00e0 CAM<\/a> i de <a href=\"https:\/\/triaeducativa.gencat.cat\/ca\/estudis\/?curs-formacio-preparatori-acces-cicles-grau-superior&amp;p_id=7330\" target=\"_blank\" rel=\"noreferrer noopener\">grau superior CAS<\/a>);<\/li>\n\n\n\n<li>preparaci\u00f3 per a les proves d\u2019acc\u00e9s (a cicles formatius de <a href=\"https:\/\/triaeducativa.gencat.cat\/ca\/estudis\/?preparacio-proves-acces-cicles-formatius-grau-mitja&amp;p_id=283\" target=\"_blank\" rel=\"noreferrer noopener\">grau mitj\u00e0<\/a> i <a href=\"https:\/\/triaeducativa.gencat.cat\/ca\/estudis\/?preparacio-proves-acces-cicles-formatius-grau-superior&amp;p_id=284\" target=\"_blank\" rel=\"noreferrer noopener\">superior<\/a>, o a la <a href=\"https:\/\/triaeducativa.gencat.cat\/ca\/estudis\/?preparacio-proves-acces-universitat&amp;p_id=285\" target=\"_blank\" rel=\"noreferrer noopener\">universitat per a majors de 25 anys<\/a>).<\/li>\n<\/ul>\n\n\n\n<div style=\"height:60px\" aria-hidden=\"true\" class=\"wp-block-spacer\"><\/div>\n\n\n\n<figure class=\"wp-block-image alignfull size-full\"><img loading=\"lazy\" decoding=\"async\" width=\"1518\" height=\"1068\" src=\"https:\/\/agora.xtec.cat\/cfavictorinavila\/wp-content\/uploads\/usu417\/2022\/08\/ensenyaments-nous.jpg\" alt=\"\" class=\"wp-image-5524\" srcset=\"https:\/\/agora.xtec.cat\/cfavictorinavila\/wp-content\/uploads\/usu417\/2022\/08\/ensenyaments-nous.jpg 1518w, https:\/\/agora.xtec.cat\/cfavictorinavila\/wp-content\/uploads\/usu417\/2022\/08\/ensenyaments-nous-768x540.jpg 768w\" sizes=\"auto, (max-width: 1518px) 100vw, 1518px\" \/><figcaption class=\"wp-element-caption\">                  Font: <a href=\"https:\/\/www.edubcn.cat\/ca\/centres_serveis_educatius\/servei_orientacio\/carpeta_de_lorientador\" target=\"_blank\" rel=\"noreferrer noopener\">Carpeta de l&#8217;Orientaci\u00f3 del Consorci d&#8217;Educaci\u00f3 de Barcelona<\/a><\/figcaption><\/figure>\n\n\n\n<div style=\"height:75px\" aria-hidden=\"true\" class=\"wp-block-spacer\"><\/div>\n\n\n\n<h3 class=\"wp-block-heading\">Acc\u00e9s<\/h3>\n\n\n\n<p style=\"font-size:25px;line-height:1.6\">Amb car\u00e0cter general poden accedir a l&#8217;educaci\u00f3 d&#8217;adults les persones que han complert 18 anys o b\u00e9 els compleixen durant l&#8217;any natural que inicien la formaci\u00f3.<\/p>\n\n\n\n<p style=\"font-size:25px;line-height:1.6\">Tamb\u00e9 hi poden accedir les persones que compleixen com a m\u00ednim 16 anys l&#8217;any natural que inicien la formaci\u00f3 si tenen un contracte laboral que les impedeix assistir als centres educatius en r\u00e8gim ordinari o si s\u00f3n esportistes d&#8217;alt rendiment.<\/p>\n\n\n\n<p style=\"font-size:25px;line-height:1.6\">Excepcionalment, el director o directora dels Serveis Territorials del Departament d&#8217;Educaci\u00f3 i FP o, si escau, el o la gerent del Consorci d&#8217;Educaci\u00f3 de Barcelona pot autoritzar, amb un informe previ de la Inspecci\u00f3 Educativa, la incorporaci\u00f3 d&#8217;alumnes majors de 16 anys que no compleixen els requisits anteriors per\u00f2 que es trobin amb circumst\u00e0ncies que els impedeixen assistir als centres educatius ordinaris.<\/p>\n\n\n\n<div class=\"wp-block-getwid-advanced-spacer getwid-hide-desktop getwid-hide-tablet\" style=\"height:60px\" aria-hidden=\"true\"><\/div>\n\n\n\n<figure class=\"wp-block-image aligncenter size-full is-resized\"><a href=\"https:\/\/agora.xtec.cat\/cfavictorinavila\/ensenyaments\/formacioadults\/preguntes-frequents\/\" target=\"_blank\" rel=\"noreferrer noopener\"><img loading=\"lazy\" decoding=\"async\" width=\"550\" height=\"190\" src=\"https:\/\/agora.xtec.cat\/cfavictorinavila\/wp-content\/uploads\/usu417\/2025\/04\/Adultes-FAQ_4.jpg\" alt=\"\" class=\"wp-image-11855\" style=\"width:485px;height:auto\"\/><\/a><\/figure>\n\n\n\n<p class=\"has-text-align-center\" style=\"font-size:26px;line-height:1.6\"><a href=\"https:\/\/agora.xtec.cat\/cfavictorinavila\/ensenyaments\/formacioadults\/preguntes-frequents\/\" target=\"_blank\" rel=\"noreferrer noopener\">Preguntes freq\u00fcents sobre formaci\u00f3 de persones adultes<\/a><\/p>\n\n\n\n<div style=\"height:40px\" aria-hidden=\"true\" class=\"wp-block-spacer\"><\/div>\n\n\n\n<h3 class=\"wp-block-heading\">Enlla\u00e7os i recursos<\/h3>\n\n\n\n<ul class=\"wp-block-list\" style=\"font-size:25px;line-height:1.6\">\n<li style=\"margin-top:var(--wp--preset--spacing--20);margin-bottom:var(--wp--preset--spacing--20)\"><a href=\"http:\/\/xtec.gencat.cat\/ca\/curriculum\/educacio-llarg-vida\/\" target=\"_blank\" rel=\"noreferrer noopener\">Educaci\u00f3 al llarg de la vida (Xarxa Telem\u00e0tica Educativa de Catalunya)<\/a><\/li>\n\n\n\n<li style=\"margin-top:var(--wp--preset--spacing--20);margin-bottom:var(--wp--preset--spacing--20)\"><a href=\"https:\/\/triaeducativa.gencat.cat\/ca\/al-llarg-vida\/\" target=\"_blank\" rel=\"noreferrer noopener\">Ensenyaments de formaci\u00f3 d&#8217;adults al portal de la <em>&#8220;Tria Educativa&#8221;<\/em><\/a><\/li>\n\n\n\n<li style=\"margin-top:var(--wp--preset--spacing--20);margin-bottom:var(--wp--preset--spacing--20)\"><a href=\"http:\/\/www.gencat.cat\/ensenyament\/eac\/pdf\/APA_CA.pdf\" target=\"_blank\" rel=\"noreferrer noopener\">Educaci\u00f3 d&#8217;Adults (Guia informativa)<\/a><\/li>\n\n\n\n<li style=\"margin-top:var(--wp--preset--spacing--20);margin-bottom:var(--wp--preset--spacing--20)\"><a href=\"https:\/\/educacio.gencat.cat\/ca\/departament\/serveis-territorials\/lleida\/centres-serveis-educatius\/#bloc3\" target=\"_blank\" rel=\"noreferrer noopener\">Formaci\u00f3 d&#8217;adults als SSTT d&#8217;Educaci\u00f3 a Lleida<\/a><\/li>\n\n\n\n<li><a href=\"https:\/\/triaeducativa.gencat.cat\/ca\/al-llarg-vida\/normativa\/\" target=\"_blank\" rel=\"noreferrer noopener\">Lleis i normativa<\/a><\/li>\n<\/ul>\n\n\n\n<div style=\"height:30px\" aria-hidden=\"true\" class=\"wp-block-spacer\"><\/div>\n\n\n\n<div class=\"wp-block-columns is-layout-flex wp-container-core-columns-is-layout-1 wp-block-columns-is-layout-flex\">\n<div class=\"wp-block-column is-layout-flow wp-block-column-is-layout-flow\">\n<figure class=\"wp-block-embed alignfull is-type-rich is-provider-gestor-del-servei wp-block-embed-gestor-del-servei wp-embed-aspect-16-9 wp-has-aspect-ratio\"><div class=\"wp-block-embed__wrapper\">\n<div class=\"ast-oembed-container \" style=\"height: 100%;\"><iframe loading=\"lazy\" title=\"Educacio\u0301 al llarg de la vida\" width=\"500\" height=\"281\" src=\"https:\/\/www.youtube.com\/embed\/jUUZ-yHz4OI?feature=oembed\" frameborder=\"0\" allow=\"accelerometer; autoplay; clipboard-write; encrypted-media; gyroscope; picture-in-picture; web-share\" referrerpolicy=\"strict-origin-when-cross-origin\" allowfullscreen><\/iframe><\/div>\n<\/div><\/figure>\n<\/div>\n\n\n\n<div class=\"wp-block-column is-layout-flow wp-block-column-is-layout-flow\">\n<figure class=\"wp-block-embed alignfull is-type-rich is-provider-gestor-del-servei wp-block-embed-gestor-del-servei wp-embed-aspect-16-9 wp-has-aspect-ratio\"><div class=\"wp-block-embed__wrapper\">\n<div class=\"ast-oembed-container \" style=\"height: 100%;\"><iframe loading=\"lazy\" title=\"Qu\u00e8 \u00e9s un centre de formaci\u00f3 d&#039;adults (CFA)?\" width=\"500\" height=\"281\" src=\"https:\/\/www.youtube.com\/embed\/9SdzV2eL8M4?feature=oembed\" frameborder=\"0\" allow=\"accelerometer; autoplay; clipboard-write; encrypted-media; gyroscope; picture-in-picture; web-share\" referrerpolicy=\"strict-origin-when-cross-origin\" allowfullscreen><\/iframe><\/div>\n<\/div><\/figure>\n<\/div>\n<\/div>\n\n\n\n<div class=\"wp-block-columns is-layout-flex wp-container-core-columns-is-layout-2 wp-block-columns-is-layout-flex\">\n<div class=\"wp-block-column is-layout-flow wp-block-column-is-layout-flow\">\n<figure class=\"wp-block-embed alignfull is-type-rich is-provider-gestor-del-servei wp-block-embed-gestor-del-servei wp-embed-aspect-16-9 wp-has-aspect-ratio\"><div class=\"wp-block-embed__wrapper\">\n<div class=\"ast-oembed-container \" style=\"height: 100%;\"><iframe loading=\"lazy\" title=\"Orientacio educativa. Educaci\u00f3 al Llarg de la Vida\" width=\"500\" height=\"281\" src=\"https:\/\/www.youtube.com\/embed\/PLjki7e14XU?feature=oembed\" frameborder=\"0\" allow=\"accelerometer; autoplay; clipboard-write; encrypted-media; gyroscope; picture-in-picture; web-share\" referrerpolicy=\"strict-origin-when-cross-origin\" allowfullscreen><\/iframe><\/div>\n<\/div><\/figure>\n<\/div>\n\n\n\n<div class=\"wp-block-column is-layout-flow wp-block-column-is-layout-flow\">\n<figure class=\"wp-block-embed alignfull is-type-rich is-provider-gestor-del-servei wp-block-embed-gestor-del-servei wp-embed-aspect-16-9 wp-has-aspect-ratio\"><div class=\"wp-block-embed__wrapper\">\n<div class=\"ast-oembed-container \" style=\"height: 100%;\"><iframe loading=\"lazy\" title=\"VIDEO PROMOCIONAL Centres de Formaci\u00f3 d&#039;Adults L&#039;H ODS\" width=\"500\" height=\"281\" src=\"https:\/\/www.youtube.com\/embed\/VuAkZ-GBaUk?feature=oembed\" frameborder=\"0\" allow=\"accelerometer; autoplay; clipboard-write; encrypted-media; gyroscope; picture-in-picture; web-share\" referrerpolicy=\"strict-origin-when-cross-origin\" allowfullscreen><\/iframe><\/div>\n<\/div><\/figure>\n<\/div>\n<\/div>\n\n\n\n<div class=\"wp-block-columns is-layout-flex wp-container-core-columns-is-layout-3 wp-block-columns-is-layout-flex\">\n<div class=\"wp-block-column is-layout-flow wp-block-column-is-layout-flow\">\n<figure class=\"wp-block-embed alignfull is-type-rich is-provider-gestor-del-servei wp-block-embed-gestor-del-servei wp-embed-aspect-16-9 wp-has-aspect-ratio\"><div class=\"wp-block-embed__wrapper\">\n<div class=\"ast-oembed-container \" style=\"height: 100%;\"><iframe loading=\"lazy\" title=\"Qu\u00e8 \u00e9s un CFA i qu\u00e8 s&#039;hi fa\" width=\"500\" height=\"281\" src=\"https:\/\/www.youtube.com\/embed\/rIqIgHxA_-w?feature=oembed\" frameborder=\"0\" allow=\"accelerometer; autoplay; clipboard-write; encrypted-media; gyroscope; picture-in-picture; web-share\" referrerpolicy=\"strict-origin-when-cross-origin\" allowfullscreen><\/iframe><\/div>\n<\/div><\/figure>\n<\/div>\n\n\n\n<div class=\"wp-block-column is-layout-flow wp-block-column-is-layout-flow\">\n<figure class=\"wp-block-embed alignfull is-type-rich is-provider-gestor-del-servei wp-block-embed-gestor-del-servei wp-embed-aspect-16-9 wp-has-aspect-ratio\"><div class=\"wp-block-embed__wrapper\">\n<div class=\"ast-oembed-container \" style=\"height: 100%;\"><iframe loading=\"lazy\" title=\"Al teu costat en la tria educativa. Educaci\u00f3 d&#039;adults. Sessi\u00f3 28 de maig 2020\" width=\"500\" height=\"281\" src=\"https:\/\/www.youtube.com\/embed\/OEexY6uc8F8?feature=oembed\" frameborder=\"0\" allow=\"accelerometer; autoplay; clipboard-write; encrypted-media; gyroscope; picture-in-picture; web-share\" referrerpolicy=\"strict-origin-when-cross-origin\" allowfullscreen><\/iframe><\/div>\n<\/div><\/figure>\n<\/div>\n<\/div>\n\n\n\n<div class=\"wp-block-columns is-layout-flex wp-container-core-columns-is-layout-4 wp-block-columns-is-layout-flex\">\n<div class=\"wp-block-column is-layout-flow wp-block-column-is-layout-flow\">\n<figure class=\"wp-block-embed alignfull is-type-rich is-provider-gestor-del-servei wp-block-embed-gestor-del-servei wp-embed-aspect-16-9 wp-has-aspect-ratio\"><div class=\"wp-block-embed__wrapper\">\n<div class=\"ast-oembed-container \" style=\"height: 100%;\"><iframe loading=\"lazy\" title=\"Al teu costat en la tria educativa. Sense ESO. Educaci\u00f3 d&#039;adults\" width=\"500\" height=\"281\" src=\"https:\/\/www.youtube.com\/embed\/afmvqC4wECU?feature=oembed\" frameborder=\"0\" allow=\"accelerometer; autoplay; clipboard-write; encrypted-media; gyroscope; picture-in-picture; web-share\" referrerpolicy=\"strict-origin-when-cross-origin\" allowfullscreen><\/iframe><\/div>\n<\/div><\/figure>\n<\/div>\n\n\n\n<div class=\"wp-block-column is-layout-flow wp-block-column-is-layout-flow\">\n<figure class=\"wp-block-embed alignfull is-type-rich is-provider-gestor-del-servei wp-block-embed-gestor-del-servei wp-embed-aspect-16-9 wp-has-aspect-ratio\"><div class=\"wp-block-embed__wrapper\">\n<div class=\"ast-oembed-container \" style=\"height: 100%;\"><iframe loading=\"lazy\" title=\"\u00bfEs m\u00e1s dif\u00edcil aprender de adultos? Mariano Sigman, neurocient\u00edfico\" width=\"500\" height=\"281\" src=\"https:\/\/www.youtube.com\/embed\/bFrSwbhe8Bo?feature=oembed\" frameborder=\"0\" allow=\"accelerometer; autoplay; clipboard-write; encrypted-media; gyroscope; picture-in-picture; web-share\" referrerpolicy=\"strict-origin-when-cross-origin\" allowfullscreen><\/iframe><\/div>\n<\/div><\/figure>\n<\/div>\n<\/div>\n\n\n\n<div class=\"wp-block-columns is-layout-flex wp-container-core-columns-is-layout-5 wp-block-columns-is-layout-flex\">\n<div class=\"wp-block-column is-layout-flow wp-block-column-is-layout-flow\">\n<figure class=\"wp-block-embed alignfull is-type-rich is-provider-gestor-del-servei wp-block-embed-gestor-del-servei wp-embed-aspect-16-9 wp-has-aspect-ratio\"><div class=\"wp-block-embed__wrapper\">\n<div class=\"ast-oembed-container \" style=\"height: 100%;\"><iframe loading=\"lazy\" title=\"V\u00eddeo promoci\u00f3 CFA (febrer 2021)\" width=\"500\" height=\"281\" src=\"https:\/\/www.youtube.com\/embed\/-PnEWsKqMPM?feature=oembed\" frameborder=\"0\" allow=\"accelerometer; autoplay; clipboard-write; encrypted-media; gyroscope; picture-in-picture; web-share\" referrerpolicy=\"strict-origin-when-cross-origin\" allowfullscreen><\/iframe><\/div>\n<\/div><\/figure>\n<\/div>\n\n\n\n<div class=\"wp-block-column is-layout-flow wp-block-column-is-layout-flow\">\n<figure class=\"wp-block-embed alignfull is-type-rich is-provider-gestor-del-servei wp-block-embed-gestor-del-servei wp-embed-aspect-16-9 wp-has-aspect-ratio\"><div class=\"wp-block-embed__wrapper\">\n<div class=\"ast-oembed-container \" style=\"height: 100%;\"><iframe loading=\"lazy\" title=\"Formaci\u00f3 d&#039;adults\" width=\"500\" height=\"281\" src=\"https:\/\/www.youtube.com\/embed\/xfaebmqJWzA?feature=oembed\" frameborder=\"0\" allow=\"accelerometer; autoplay; clipboard-write; encrypted-media; gyroscope; picture-in-picture; web-share\" referrerpolicy=\"strict-origin-when-cross-origin\" allowfullscreen><\/iframe><\/div>\n<\/div><\/figure>\n<\/div>\n<\/div>\n\n\n<h2>\u00a0<\/h2>\n<p><a href=\"https:\/\/open.spotify.com\/episode\/592bDlRX1kzUq7Lo6TSjpP\" target=\"_blank\" rel=\"noopener\"><img loading=\"lazy\" decoding=\"async\" class=\"aligncenter wp-image-6109\" src=\"https:\/\/agora.xtec.cat\/cfavictorinavila\/wp-content\/uploads\/usu417\/2023\/01\/podcast-SELV.jpg\" alt=\"\" width=\"562\" height=\"233\" srcset=\"https:\/\/agora.xtec.cat\/cfavictorinavila\/wp-content\/uploads\/usu417\/2023\/01\/podcast-SELV.jpg 1784w, https:\/\/agora.xtec.cat\/cfavictorinavila\/wp-content\/uploads\/usu417\/2023\/01\/podcast-SELV-768x318.jpg 768w, https:\/\/agora.xtec.cat\/cfavictorinavila\/wp-content\/uploads\/usu417\/2023\/01\/podcast-SELV-1536x636.jpg 1536w\" sizes=\"auto, (max-width: 562px) 100vw, 562px\" \/><\/a><\/p>\n<h2>\u00a0<\/h2>\n<h2><a href=\"https:\/\/agora.xtec.cat\/cfavictorinavila\/wp-content\/uploads\/usu417\/2024\/12\/llarg-vida-19-adults-informacio.pdf\" target=\"_blank\" rel=\"noopener\"><img loading=\"lazy\" decoding=\"async\" class=\"wp-image-1745 aligncenter\" src=\"https:\/\/agora.xtec.cat\/cfavictorinavila\/wp-content\/uploads\/usu417\/2024\/12\/llarg-vida-adults-informacio-scaled.jpg\" alt=\"\" width=\"903\" height=\"1277\" \/><\/a><\/h2>","protected":false},"excerpt":{"rendered":"<p>La formaci\u00f3 de persones adultes \u00e9s el conjunt d\u2019activitats d\u2019aprenentatge que, en el marc de l\u2019educaci\u00f3 al llarg de tota la vida, permet que les persones adultes desenvolupin les seves capacitats, enriqueixin els seus coneixements i millorin les seves compet\u00e8ncies t\u00e8cniques i professionals. Aix\u00f2 fa que hi participin persones amb objectius diferents, com poden ser [&hellip;]<\/p>\n","protected":false},"author":1,"featured_media":0,"parent":274,"menu_order":1,"comment_status":"closed","ping_status":"closed","template":"","meta":{"site-sidebar-layout":"default","site-content-layout":"","ast-site-content-layout":"default","site-content-style":"default","site-sidebar-style":"default","ast-global-header-display":"","ast-banner-title-visibility":"","ast-main-header-display":"","ast-hfb-above-header-display":"","ast-hfb-below-header-display":"","ast-hfb-mobile-header-display":"","site-post-title":"","ast-breadcrumbs-content":"","ast-featured-img":"","footer-sml-layout":"","theme-transparent-header-meta":"","adv-header-id-meta":"","stick-header-meta":"","header-above-stick-meta":"","header-main-stick-meta":"","header-below-stick-meta":"","astra-migrate-meta-layouts":"set","ast-page-background-enabled":"default","ast-page-background-meta":{"desktop":{"background-color":"var(--ast-global-color-4)","background-image":"","background-repeat":"repeat","background-position":"center center","background-size":"auto","background-attachment":"scroll","background-type":"","background-media":"","overlay-type":"","overlay-color":"","overlay-opacity":"","overlay-gradient":""},"tablet":{"background-color":"","background-image":"","background-repeat":"repeat","background-position":"center center","background-size":"auto","background-attachment":"scroll","background-type":"","background-media":"","overlay-type":"","overlay-color":"","overlay-opacity":"","overlay-gradient":""},"mobile":{"background-color":"","background-image":"","background-repeat":"repeat","background-position":"center center","background-size":"auto","background-attachment":"scroll","background-type":"","background-media":"","overlay-type":"","overlay-color":"","overlay-opacity":"","overlay-gradient":""}},"ast-content-background-meta":{"desktop":{"background-color":"var(--ast-global-color-5)","background-image":"","background-repeat":"repeat","background-position":"center center","background-size":"auto","background-attachment":"scroll","background-type":"","background-media":"","overlay-type":"","overlay-color":"","overlay-opacity":"","overlay-gradient":""},"tablet":{"background-color":"var(--ast-global-color-5)","background-image":"","background-repeat":"repeat","background-position":"center center","background-size":"auto","background-attachment":"scroll","background-type":"","background-media":"","overlay-type":"","overlay-color":"","overlay-opacity":"","overlay-gradient":""},"mobile":{"background-color":"var(--ast-global-color-5)","background-image":"","background-repeat":"repeat","background-position":"center center","background-size":"auto","background-attachment":"scroll","background-type":"","background-media":"","overlay-type":"","overlay-color":"","overlay-opacity":"","overlay-gradient":""}},"footnotes":""},"class_list":["post-1744","page","type-page","status-publish","hentry"],"post_mailing_queue_ids":[],"_links":{"self":[{"href":"https:\/\/agora.xtec.cat\/cfavictorinavila\/wp-json\/wp\/v2\/pages\/1744","targetHints":{"allow":["GET"]}}],"collection":[{"href":"https:\/\/agora.xtec.cat\/cfavictorinavila\/wp-json\/wp\/v2\/pages"}],"about":[{"href":"https:\/\/agora.xtec.cat\/cfavictorinavila\/wp-json\/wp\/v2\/types\/page"}],"author":[{"embeddable":true,"href":"https:\/\/agora.xtec.cat\/cfavictorinavila\/wp-json\/wp\/v2\/users\/1"}],"replies":[{"embeddable":true,"href":"https:\/\/agora.xtec.cat\/cfavictorinavila\/wp-json\/wp\/v2\/comments?post=1744"}],"version-history":[{"count":6,"href":"https:\/\/agora.xtec.cat\/cfavictorinavila\/wp-json\/wp\/v2\/pages\/1744\/revisions"}],"predecessor-version":[{"id":12228,"href":"https:\/\/agora.xtec.cat\/cfavictorinavila\/wp-json\/wp\/v2\/pages\/1744\/revisions\/12228"}],"up":[{"embeddable":true,"href":"https:\/\/agora.xtec.cat\/cfavictorinavila\/wp-json\/wp\/v2\/pages\/274"}],"wp:attachment":[{"href":"https:\/\/agora.xtec.cat\/cfavictorinavila\/wp-json\/wp\/v2\/media?parent=1744"}],"curies":[{"name":"wp","href":"https:\/\/api.w.org\/{rel}","templated":true}]}}