{"id":1428,"date":"2020-03-18T17:54:22","date_gmt":"2020-03-18T16:54:22","guid":{"rendered":"http:\/\/agora.xtec.cat\/cfajoancarles\/?page_id=1428"},"modified":"2025-12-07T19:50:59","modified_gmt":"2025-12-07T18:50:59","slug":"qui-som","status":"publish","type":"page","link":"https:\/\/agora.xtec.cat\/cfavictorinavila\/el-centre\/qui-som\/","title":{"rendered":"Qui som?"},"content":{"rendered":"\n<div class=\"wp-block-getwid-advanced-spacer getwid-hide-desktop\" style=\"height:40px\" aria-hidden=\"true\"><\/div>\n\n\n<div class=\"phoneContent\">\n\n\n<figure class=\"wp-block-embed aligncenter is-type-rich is-provider-gestor-del-servei wp-block-embed-gestor-del-servei wp-embed-aspect-16-9 wp-has-aspect-ratio\" style=\"margin-top:0;margin-right:7px;margin-bottom:0;margin-left:7px\"><div class=\"wp-block-embed__wrapper\">\n<div class=\"ast-oembed-container \" style=\"height: 100%;\"><iframe loading=\"lazy\" title=\"CFA Victorina Vila. Qui som?\" width=\"500\" height=\"281\" src=\"https:\/\/www.youtube.com\/embed\/YtRqPxBx09E?feature=oembed\" frameborder=\"0\" allow=\"accelerometer; autoplay; clipboard-write; encrypted-media; gyroscope; picture-in-picture; web-share\" referrerpolicy=\"strict-origin-when-cross-origin\" allowfullscreen><\/iframe><\/div>\n<\/div><\/figure>\n\n\n<\/div>\n\n\n<div class=\"deskContent\"><center><iframe loading=\"lazy\" title=\"YouTube video player\" src=\"https:\/\/www.youtube.com\/embed\/YtRqPxBx09E?si=9MsjD4F7mcaU51NC\" width=\"560\" height=\"315\" frameborder=\"0\" allowfullscreen=\"allowfullscreen\"><\/iframe><\/center><\/div>\n\n\n\n<div class=\"wp-block-columns is-layout-flex wp-container-core-columns-is-layout-1 wp-block-columns-is-layout-flex\">\n<div class=\"wp-block-column is-layout-flow wp-block-column-is-layout-flow\" style=\"flex-basis:5%\"><\/div>\n\n\n\n<div class=\"wp-block-column is-layout-flow wp-block-column-is-layout-flow\" style=\"flex-basis:90%\">\n<p style=\"font-size:23px;line-height:1.6\">El <em>Centre de Formaci\u00f3 de persones Adultes CFA Victorina Vila<\/em>&nbsp; porta aquest nom des del gener de 2022 en honor a la mestra i cofundadora del <em>Liceu Escolar<\/em>&nbsp; i de l\u2019<em>escola Minerva <\/em>de Lleida.&nbsp; L&#8217;escola va entrar en funcionament com a <em>CFA Joan Carles<\/em>&nbsp; l&#8217;octubre de 1994 arran de la voluntat de crear un nou centre d\u2019adults a la ciutat de Lleida (ja existia l\u2019Escola d\u2019Adults <em>\u201cCamps Elisis\u201d<\/em>&nbsp; al barri de Cappont, des de feia molts anys), tot agrupant mestres que ja treballaven&nbsp; en la formaci\u00f3 de persones adultes en diversos indrets i aules de la ciutat.<\/p>\n\n\n\n<figure class=\"wp-block-image alignleft size-full is-resized\"><img loading=\"lazy\" decoding=\"async\" width=\"512\" height=\"512\" src=\"https:\/\/agora.xtec.cat\/cfavictorinavila\/wp-content\/uploads\/usu417\/2025\/05\/image.png\" alt=\"\" class=\"wp-image-12147\" style=\"width:64px\"\/><\/figure>\n\n\n\n<p style=\"font-size:23px;line-height:1.6\"><em><a href=\"https:\/\/agora.xtec.cat\/cfavictorinavila\/wp-content\/uploads\/usu417\/2025\/03\/Decret-298-1994-DOGC-num-1975-21-novembre-1994.pdf\" target=\"_blank\" rel=\"noreferrer noopener\">Decret 298\/1994 (DOGC n\u00fam 1975 de 21 de novembre de 1994)<\/a>, &nbsp;de creaci\u00f3 de sis centres p\u00fablics de formaci\u00f3 d&#8217;adults.<\/em><\/p>\n\n\n\n<div class=\"wp-block-getwid-advanced-spacer getwid-hide-tablet\" style=\"height:5px\" aria-hidden=\"true\"><\/div>\n\n\n\n<p style=\"font-size:23px;line-height:1.6;margin-bottom:10px\">El CFA Victorina Vila \u00e9s un centre p\u00fablic de formaci\u00f3 de persones adultes comprom\u00e8s amb l\u2019aprenentatge al llarg de la vida i amb la millora de les oportunitats personals, acad\u00e8miques i professionals de la ciutadania. La nostra missi\u00f3 \u00e9s oferir una formaci\u00f3 accessible, flexible i de qualitat, adaptada a les necessitats de les persones adultes en tota la seva diversitat. Treballem per garantir un entorn respectu\u00f3s, acollidor i inclusiu, on cadasc\u00fa pugui desenvolupar les seves compet\u00e8ncies, recuperar la confian\u00e7a acad\u00e8mica i construir un itinerari formatiu que li permeti assolir els seus objectius. Oferim&nbsp; un model educatiu proper, flexible i centrat en les persones, caracteritzat per:<\/p>\n\n\n\n<ul style=\"margin-top:0;margin-right:0;margin-bottom:0;margin-left:0;padding-top:0;padding-right:var(--wp--preset--spacing--60);padding-bottom:0;padding-left:var(--wp--preset--spacing--60);font-size:23px;line-height:1.6\" class=\"wp-block-list llista-guions\">\n<li style=\"padding-top:0px\"><em>una acollida personalitzada<\/em><\/li>\n\n\n\n<li><em>tutoria i acompanyament continus<\/em><\/li>\n\n\n\n<li><em>horaris i modalitats flexibles<\/em><\/li>\n\n\n\n<li><em>metodologies adaptades a persones adultes<\/em><\/li>\n\n\n\n<li><em>atenci\u00f3 a la diversitat i ambient inclusiu<\/em><\/li>\n\n\n\n<li><em>orientaci\u00f3 acad\u00e8mica i professional<\/em><\/li>\n\n\n\n<li><em>suport en compet\u00e8ncies digitals i recursos virtuals<\/em><\/li>\n\n\n\n<li><em>comunitat activa i participativa<\/em><\/li>\n<\/ul>\n\n\n\n<div class=\"wp-block-getwid-advanced-spacer\" style=\"height:10px\" aria-hidden=\"true\"><\/div>\n\n\n\n<p style=\"font-size:23px;line-height:1.6\">L&#8217;oferta formativa del centre s&#8217;ha anat modificant amb el pas del temps, segons les circumst\u00e0ncies i necessitats socials i educatives del moment, tot mantenint i consolidant l\u2019heterogene\u00eftat i la diversitat de l\u2019alumnat -en edat, formaci\u00f3 inicial i proced\u00e8ncia-&nbsp; com una de les seves caracter\u00edstiques pr\u00f2pies i principals. Podr\u00edem dir que en el seus anys de vida l\u2019escola ha treballat per donar suport i ajudar a trencar barreres, ha contribu\u00eft a teixir noves i segones oportunitats, a desxifrar els llenguatges de les tecnologies i de les arts pl\u00e0stiques, a descobrir paraules d\u2019arreu del m\u00f3n, i a abra\u00e7ar la cultura i defensar-la, tot sempre enmig d\u2019un clima plaent i gaudint dels aprenentatges\u200e\u200e\u200e\u200e\u200e.<\/p>\n<\/div>\n\n\n\n<div class=\"wp-block-column is-layout-flow wp-block-column-is-layout-flow\" style=\"flex-basis:5%\"><\/div>\n<\/div>\n\n\n\n<div class=\"wp-block-getwid-advanced-spacer getwid-hide-tablet getwid-hide-mobile\" style=\"height:40px\" aria-hidden=\"true\"><\/div>\n\n\n\n<h2 class=\"wp-block-heading has-text-align-center\">Organigrama<\/h2>\n\n\n<div class=\"phoneContent\"><img decoding=\"async\" class=\"aligncenter\" src=\"https:\/\/agora.xtec.cat\/cfavictorinavila\/wp-content\/uploads\/usu417\/2025\/09\/Organigrama-CFA-VV-transparent-e1757691430481.png\" alt=\"Organigrama CFA VV\" width=\"100%\" height=\"auto\" \/><\/div>\n<div class=\"deskContent\"><img decoding=\"async\" class=\"aligncenter\" src=\"https:\/\/agora.xtec.cat\/cfavictorinavila\/wp-content\/uploads\/usu417\/2025\/09\/Organigrama-CFA-VV-transparent-e1757691430481.png\" alt=\"Organigrama CFA VV\" width=\"1100px\" height=\"auto\" \/><\/div>\n\n\n<div class=\"wp-block-getwid-advanced-spacer getwid-hide-mobile\" style=\"height:20px\" aria-hidden=\"true\"><\/div>\n","protected":false},"excerpt":{"rendered":"<p>El Centre de Formaci\u00f3 de persones Adultes CFA Victorina Vila&nbsp; porta aquest nom des del gener de 2022 en honor a la mestra i cofundadora del Liceu Escolar&nbsp; i de l\u2019escola Minerva de Lleida.&nbsp; L&#8217;escola va entrar en funcionament com a CFA Joan Carles&nbsp; l&#8217;octubre de 1994 arran de la voluntat de crear un nou [&hellip;]<\/p>\n","protected":false},"author":1,"featured_media":0,"parent":261,"menu_order":1,"comment_status":"closed","ping_status":"closed","template":"","meta":{"site-sidebar-layout":"default","site-content-layout":"","ast-site-content-layout":"default","site-content-style":"default","site-sidebar-style":"default","ast-global-header-display":"","ast-banner-title-visibility":"","ast-main-header-display":"","ast-hfb-above-header-display":"","ast-hfb-below-header-display":"","ast-hfb-mobile-header-display":"","site-post-title":"","ast-breadcrumbs-content":"","ast-featured-img":"","footer-sml-layout":"","theme-transparent-header-meta":"","adv-header-id-meta":"","stick-header-meta":"","header-above-stick-meta":"","header-main-stick-meta":"","header-below-stick-meta":"","astra-migrate-meta-layouts":"set","ast-page-background-enabled":"default","ast-page-background-meta":{"desktop":{"background-color":"var(--ast-global-color-4)","background-image":"","background-repeat":"repeat","background-position":"center center","background-size":"auto","background-attachment":"scroll","background-type":"","background-media":"","overlay-type":"","overlay-color":"","overlay-opacity":"","overlay-gradient":""},"tablet":{"background-color":"","background-image":"","background-repeat":"repeat","background-position":"center center","background-size":"auto","background-attachment":"scroll","background-type":"","background-media":"","overlay-type":"","overlay-color":"","overlay-opacity":"","overlay-gradient":""},"mobile":{"background-color":"","background-image":"","background-repeat":"repeat","background-position":"center center","background-size":"auto","background-attachment":"scroll","background-type":"","background-media":"","overlay-type":"","overlay-color":"","overlay-opacity":"","overlay-gradient":""}},"ast-content-background-meta":{"desktop":{"background-color":"var(--ast-global-color-5)","background-image":"","background-repeat":"repeat","background-position":"center center","background-size":"auto","background-attachment":"scroll","background-type":"","background-media":"","overlay-type":"","overlay-color":"","overlay-opacity":"","overlay-gradient":""},"tablet":{"background-color":"var(--ast-global-color-5)","background-image":"","background-repeat":"repeat","background-position":"center center","background-size":"auto","background-attachment":"scroll","background-type":"","background-media":"","overlay-type":"","overlay-color":"","overlay-opacity":"","overlay-gradient":""},"mobile":{"background-color":"var(--ast-global-color-5)","background-image":"","background-repeat":"repeat","background-position":"center center","background-size":"auto","background-attachment":"scroll","background-type":"","background-media":"","overlay-type":"","overlay-color":"","overlay-opacity":"","overlay-gradient":""}},"footnotes":""},"class_list":["post-1428","page","type-page","status-publish","hentry"],"post_mailing_queue_ids":[],"_links":{"self":[{"href":"https:\/\/agora.xtec.cat\/cfavictorinavila\/wp-json\/wp\/v2\/pages\/1428","targetHints":{"allow":["GET"]}}],"collection":[{"href":"https:\/\/agora.xtec.cat\/cfavictorinavila\/wp-json\/wp\/v2\/pages"}],"about":[{"href":"https:\/\/agora.xtec.cat\/cfavictorinavila\/wp-json\/wp\/v2\/types\/page"}],"author":[{"embeddable":true,"href":"https:\/\/agora.xtec.cat\/cfavictorinavila\/wp-json\/wp\/v2\/users\/1"}],"replies":[{"embeddable":true,"href":"https:\/\/agora.xtec.cat\/cfavictorinavila\/wp-json\/wp\/v2\/comments?post=1428"}],"version-history":[{"count":6,"href":"https:\/\/agora.xtec.cat\/cfavictorinavila\/wp-json\/wp\/v2\/pages\/1428\/revisions"}],"predecessor-version":[{"id":13476,"href":"https:\/\/agora.xtec.cat\/cfavictorinavila\/wp-json\/wp\/v2\/pages\/1428\/revisions\/13476"}],"up":[{"embeddable":true,"href":"https:\/\/agora.xtec.cat\/cfavictorinavila\/wp-json\/wp\/v2\/pages\/261"}],"wp:attachment":[{"href":"https:\/\/agora.xtec.cat\/cfavictorinavila\/wp-json\/wp\/v2\/media?parent=1428"}],"curies":[{"name":"wp","href":"https:\/\/api.w.org\/{rel}","templated":true}]}}