{"id":12987,"date":"2025-10-07T16:59:28","date_gmt":"2025-10-07T14:59:28","guid":{"rendered":"https:\/\/agora.xtec.cat\/cfavictorinavila\/?page_id=12987"},"modified":"2025-10-26T16:58:39","modified_gmt":"2025-10-26T15:58:39","slug":"acreditacions-actic","status":"publish","type":"page","link":"https:\/\/agora.xtec.cat\/cfavictorinavila\/serveis-generals\/acreditacions-actic\/","title":{"rendered":"Acreditacions ACTIC"},"content":{"rendered":"\n<div class=\"wp-block-getwid-advanced-spacer\" style=\"height:40px\" aria-hidden=\"true\"><\/div>\n\n\n\n<p style=\"font-size:25px;line-height:1.6\">Les sigles ACTIC corresponen a la denominaci\u00f3 <em>\u201cAcreditaci\u00f3 de Compet\u00e8ncies en Tecnologies de la Informaci\u00f3 i la Comunicaci\u00f3\u201d<\/em>.<\/p>\n\n\n\n<p style=\"font-size:25px;line-height:1.6\">L \u2019ACTIC permet a qualsevol persona demostrar les seves compet\u00e8ncies en TIC mitjan\u00e7ant una prova per ordinador que s\u2019avalua autom\u00e0ticament. La prova \u00e9s telem\u00e0tica, encara que s\u2019ha de fer en un centre col\u00b7laborador reconegut per la Generalitat, el qual garanteix que es fa en les condicions adequades. Hi ha m\u00e9s de 400 centres distribu\u00efts per tot Catalunya on es pot fer la prova entre els quals hi figura el CFA Victorina Vila. La sol\u00b7licitud d\u2019examen i l\u2019obtenci\u00f3 del certificat tamb\u00e9 s\u00f3n telem\u00e0tics i no cal esperar cap convocat\u00f2ria per presentar la sol\u00b7licitud.<\/p>\n\n\n\n<p style=\"font-size:25px;line-height:1.6\">Les persones que superen satisfact\u00f2riament la prova obtenen un certificat (b\u00e0sic, mitj\u00e0 o avan\u00e7at) que emet la Generalitat, i que els possibilita acreditar un determinat nivell de compet\u00e8ncies en TIC davant de qualsevol empresa o administraci\u00f3. Aquests certificats s\u00f3n, doncs, una eina que pot facilitar l&#8217;obtenci\u00f3 d&#8217;una feina, la promoci\u00f3 professional, l&#8217;acc\u00e9s a eines d\u2019aprenentatge virtual o l&#8217;obtenci\u00f3 d&#8217;una certificaci\u00f3 professional.<\/p>\n\n\n\n<div class=\"wp-block-columns is-layout-flex wp-container-core-columns-is-layout-1 wp-block-columns-is-layout-flex\" style=\"padding-right:var(--wp--preset--spacing--30);padding-left:var(--wp--preset--spacing--30)\">\n<div class=\"wp-block-column is-layout-flow wp-block-column-is-layout-flow\" style=\"flex-basis:33.34%\">\n<div class=\"wp-block-cover is-light\" style=\"border-radius:25px;min-height:270px;aspect-ratio:unset;\"><span aria-hidden=\"true\" class=\"wp-block-cover__background has-background-dim-70 has-background-dim\" style=\"background-color:#9a8874\"><\/span><img loading=\"lazy\" decoding=\"async\" width=\"1024\" height=\"645\" class=\"wp-block-cover__image-background wp-image-13002\" alt=\"\" src=\"https:\/\/agora.xtec.cat\/cfavictorinavila\/wp-content\/uploads\/usu417\/2025\/10\/laprova-e1759835528380.jpg\" data-object-fit=\"cover\" srcset=\"https:\/\/agora.xtec.cat\/cfavictorinavila\/wp-content\/uploads\/usu417\/2025\/10\/laprova-e1759835528380.jpg 1024w, https:\/\/agora.xtec.cat\/cfavictorinavila\/wp-content\/uploads\/usu417\/2025\/10\/laprova-e1759835528380-768x484.jpg 768w\" sizes=\"auto, (max-width: 1024px) 100vw, 1024px\" \/><div class=\"wp-block-cover__inner-container is-layout-constrained wp-block-cover-is-layout-constrained\">\n<p class=\"has-text-align-center has-white-color has-text-color has-link-color wp-elements-a997203ead1e62987d8b68048a56ba23\" style=\"font-size:25px;line-height:1.7\"><strong><a href=\"https:\/\/actic.gencat.cat\/ca\/actic\/\" target=\"_blank\" rel=\"noreferrer noopener\">Informaci\u00f3 general de l\u2019acreditaci\u00f3<\/a><\/strong><\/p>\n<\/div><\/div>\n<\/div>\n\n\n\n<div class=\"wp-block-column is-layout-flow wp-block-column-is-layout-flow\" style=\"flex-basis:33.33%\">\n<div class=\"wp-block-cover is-light\" style=\"border-radius:25px;min-height:270px;aspect-ratio:unset;\"><span aria-hidden=\"true\" class=\"wp-block-cover__background has-background-dim-70 has-background-dim\" style=\"background-color:#ab986b\"><\/span><img loading=\"lazy\" decoding=\"async\" width=\"1536\" height=\"1024\" class=\"wp-block-cover__image-background wp-image-13004\" alt=\"\" src=\"https:\/\/agora.xtec.cat\/cfavictorinavila\/wp-content\/uploads\/usu417\/2025\/10\/incidencies-1.jpg\" data-object-fit=\"cover\" srcset=\"https:\/\/agora.xtec.cat\/cfavictorinavila\/wp-content\/uploads\/usu417\/2025\/10\/incidencies-1.jpg 1536w, https:\/\/agora.xtec.cat\/cfavictorinavila\/wp-content\/uploads\/usu417\/2025\/10\/incidencies-1-768x512.jpg 768w\" sizes=\"auto, (max-width: 1536px) 100vw, 1536px\" \/><div class=\"wp-block-cover__inner-container is-layout-constrained wp-block-cover-is-layout-constrained\">\n<p class=\"has-text-align-center has-white-color has-text-color has-link-color wp-elements-c67bc3fcd3a4878eddf359fcc6961498\" style=\"font-size:25px;line-height:1.7\"><strong><a href=\"https:\/\/actic.gencat.cat\/ca\/la-prova\/\" target=\"_blank\" rel=\"noreferrer noopener\">Informaci\u00f3 de la prova<\/a><\/strong><\/p>\n<\/div><\/div>\n<\/div>\n\n\n\n<div class=\"wp-block-column is-layout-flow wp-block-column-is-layout-flow\" style=\"flex-basis:33.34%\">\n<div class=\"wp-block-cover\" style=\"border-radius:25px;min-height:270px;aspect-ratio:unset;\"><span aria-hidden=\"true\" class=\"wp-block-cover__background has-background-dim-70 has-background-dim\" style=\"background-color:#616b7c\"><\/span><img loading=\"lazy\" decoding=\"async\" width=\"262\" height=\"165\" class=\"wp-block-cover__image-background wp-image-13003\" alt=\"\" src=\"https:\/\/agora.xtec.cat\/cfavictorinavila\/wp-content\/uploads\/usu417\/2025\/10\/lactic_262x235-e1759835811756.jpg\" data-object-fit=\"cover\"\/><div class=\"wp-block-cover__inner-container is-layout-constrained wp-block-cover-is-layout-constrained\">\n<p class=\"has-text-align-center has-white-color has-text-color has-link-color wp-elements-3c7ff9ae09a59fe3c74490da6e89dcce\" style=\"font-size:25px;line-height:1.7\"><strong><a href=\"https:\/\/actic.gencat.cat\/ca\/ciutadania\/\" target=\"_blank\" rel=\"noreferrer noopener\">Gesti\u00f3 de l&#8217;acreditaci\u00f3<\/a><\/strong><\/p>\n<\/div><\/div>\n<\/div>\n<\/div>\n","protected":false},"excerpt":{"rendered":"<p>Les sigles ACTIC corresponen a la denominaci\u00f3 \u201cAcreditaci\u00f3 de Compet\u00e8ncies en Tecnologies de la Informaci\u00f3 i la Comunicaci\u00f3\u201d. L \u2019ACTIC permet a qualsevol persona demostrar les seves compet\u00e8ncies en TIC mitjan\u00e7ant una prova per ordinador que s\u2019avalua autom\u00e0ticament. La prova \u00e9s telem\u00e0tica, encara que s\u2019ha de fer en un centre col\u00b7laborador reconegut per la Generalitat, [&hellip;]<\/p>\n","protected":false},"author":1,"featured_media":0,"parent":9495,"menu_order":0,"comment_status":"closed","ping_status":"close","template":"","meta":{"site-sidebar-layout":"default","site-content-layout":"","ast-site-content-layout":"default","site-content-style":"default","site-sidebar-style":"default","ast-global-header-display":"","ast-banner-title-visibility":"","ast-main-header-display":"","ast-hfb-above-header-display":"","ast-hfb-below-header-display":"","ast-hfb-mobile-header-display":"","site-post-title":"","ast-breadcrumbs-content":"","ast-featured-img":"","footer-sml-layout":"","theme-transparent-header-meta":"","adv-header-id-meta":"","stick-header-meta":"","header-above-stick-meta":"","header-main-stick-meta":"","header-below-stick-meta":"","astra-migrate-meta-layouts":"set","ast-page-background-enabled":"default","ast-page-background-meta":{"desktop":{"background-color":"var(--ast-global-color-4)","background-image":"","background-repeat":"repeat","background-position":"center center","background-size":"auto","background-attachment":"scroll","background-type":"","background-media":"","overlay-type":"","overlay-color":"","overlay-opacity":"","overlay-gradient":""},"tablet":{"background-color":"","background-image":"","background-repeat":"repeat","background-position":"center center","background-size":"auto","background-attachment":"scroll","background-type":"","background-media":"","overlay-type":"","overlay-color":"","overlay-opacity":"","overlay-gradient":""},"mobile":{"background-color":"","background-image":"","background-repeat":"repeat","background-position":"center center","background-size":"auto","background-attachment":"scroll","background-type":"","background-media":"","overlay-type":"","overlay-color":"","overlay-opacity":"","overlay-gradient":""}},"ast-content-background-meta":{"desktop":{"background-color":"var(--ast-global-color-5)","background-image":"","background-repeat":"repeat","background-position":"center center","background-size":"auto","background-attachment":"scroll","background-type":"","background-media":"","overlay-type":"","overlay-color":"","overlay-opacity":"","overlay-gradient":""},"tablet":{"background-color":"var(--ast-global-color-5)","background-image":"","background-repeat":"repeat","background-position":"center center","background-size":"auto","background-attachment":"scroll","background-type":"","background-media":"","overlay-type":"","overlay-color":"","overlay-opacity":"","overlay-gradient":""},"mobile":{"background-color":"var(--ast-global-color-5)","background-image":"","background-repeat":"repeat","background-position":"center center","background-size":"auto","background-attachment":"scroll","background-type":"","background-media":"","overlay-type":"","overlay-color":"","overlay-opacity":"","overlay-gradient":""}},"footnotes":""},"class_list":["post-12987","page","type-page","status-publish","hentry"],"post_mailing_queue_ids":[],"_links":{"self":[{"href":"https:\/\/agora.xtec.cat\/cfavictorinavila\/wp-json\/wp\/v2\/pages\/12987","targetHints":{"allow":["GET"]}}],"collection":[{"href":"https:\/\/agora.xtec.cat\/cfavictorinavila\/wp-json\/wp\/v2\/pages"}],"about":[{"href":"https:\/\/agora.xtec.cat\/cfavictorinavila\/wp-json\/wp\/v2\/types\/page"}],"author":[{"embeddable":true,"href":"https:\/\/agora.xtec.cat\/cfavictorinavila\/wp-json\/wp\/v2\/users\/1"}],"replies":[{"embeddable":true,"href":"https:\/\/agora.xtec.cat\/cfavictorinavila\/wp-json\/wp\/v2\/comments?post=12987"}],"version-history":[{"count":6,"href":"https:\/\/agora.xtec.cat\/cfavictorinavila\/wp-json\/wp\/v2\/pages\/12987\/revisions"}],"predecessor-version":[{"id":13125,"href":"https:\/\/agora.xtec.cat\/cfavictorinavila\/wp-json\/wp\/v2\/pages\/12987\/revisions\/13125"}],"up":[{"embeddable":true,"href":"https:\/\/agora.xtec.cat\/cfavictorinavila\/wp-json\/wp\/v2\/pages\/9495"}],"wp:attachment":[{"href":"https:\/\/agora.xtec.cat\/cfavictorinavila\/wp-json\/wp\/v2\/media?parent=12987"}],"curies":[{"name":"wp","href":"https:\/\/api.w.org\/{rel}","templated":true}]}}