{"id":1021,"date":"2018-04-12T22:13:23","date_gmt":"2018-04-12T20:13:23","guid":{"rendered":"http:\/\/agora.xtec.cat\/cfajoancarles\/?page_id=1021"},"modified":"2025-03-03T09:57:52","modified_gmt":"2025-03-03T08:57:52","slug":"llengua-francesa","status":"publish","type":"page","link":"https:\/\/agora.xtec.cat\/cfavictorinavila\/ensenyaments\/oferta-formativa\/llengua-francesa\/","title":{"rendered":"Llengua francesa"},"content":{"rendered":"<h2><\/h2>\n<div class=\"espai\"><\/div>\n<p style=\"text-align: justify;\">Aquests estudis tenen com a objectiu que les persones adultes assoleixin un grau de compet\u00e8ncia b\u00e0sic per a comunicar-se en llengua francesa i s&#8217;imparteixen en tres nivells: llengua francesa nivell 1, 2 i 3, que corresponen als nivells A1, A2.1 i A2.2 del MECR.<\/p>\n<p style=\"text-align: justify;\">El nivell 1 consta d\u2019un total de 105 hores de classe que es cursen de forma anual a ra\u00f3 de 3 hores setmanals. Els nivells 2 i 3 consten de 140 hores de classe, que es corresponen a 4 hores a la setmana durant tot un curs escolar.<\/p>\n<p style=\"text-align: justify;\">La qualificaci\u00f3 d&#8217;apte al nivell 3 permet accedir directament al tercer curs d&#8217;Escoles Oficials d&#8217;Idiomes sense haver de superar la prova de nivell.<\/p>\n<div class=\"espai\"><\/div>\n<p><img loading=\"lazy\" decoding=\"async\" class=\"aligncenter wp-image-2148\" src=\"https:\/\/agora.xtec.cat\/cfavictorinavila\/wp-content\/uploads\/usu417\/2023\/08\/infografia-angles.jpg\" alt=\"\" width=\"788\" height=\"691\" \/><\/p>\n<h2><\/h2>\n<div class=\"espai\"><\/div>\n<h3>Acc\u00e9s<\/h3>\n<p>Poden accedir a aquests estudis totes les persones que tenen m\u00e9s de 18 anys o b\u00e9 els compleixen durant l&#8217;any natural en qu\u00e8 inicien la formaci\u00f3.<\/p>\n<div class=\"espai\"><\/div>\n<h3>Curr\u00edculum<\/h3>\n<p><a href=\"https:\/\/portaldogc.gencat.cat\/utilsEADOP\/PDF\/7652\/1683438.pdf\" target=\"_blank\" rel=\"noopener\">Resoluci\u00f3 ENS\/1403\/2018<\/a>,\u00a0 per la qual s&#8217;estableix el curr\u00edculum de lleng\u00fces estrangeres als centres de formaci\u00f3 d&#8217;adults del Departament d&#8217;Ensenyament.<\/p>\n<div class=\"espai\"><\/div>\n<h3>\u27a1\u00a0 \u00a0<a href=\"https:\/\/agora.xtec.cat\/cfavictorinavila\/categoria\/fpa-frances\/\" target=\"_blank\" rel=\"noopener\">Activitats de Franc\u00e8s al CFA Victorina Vila<\/a><\/h3>\n<h2><\/h2>\n<div class=\"espai\"><\/div>\n<h3>\u27a1 \u00a0 <a href=\"https:\/\/triaeducativa.gencat.cat\/ca\/estudis\/?llengua-francesa&amp;p_id=2332\" target=\"_blank\" rel=\"noopener\">Llengua Francesa al portal de la <em>&#8220;Tria Educativa&#8221;<\/em><\/a><\/h3>\n","protected":false},"excerpt":{"rendered":"<p>Aquests estudis tenen com a objectiu que les persones adultes assoleixin un grau de compet\u00e8ncia b\u00e0sic per a comunicar-se en llengua francesa i s&#8217;imparteixen en tres nivells: llengua francesa nivell 1, 2 i 3, que corresponen als nivells A1, A2.1 i A2.2 del MECR. El nivell 1 consta d\u2019un total de 105 hores de classe [&hellip;]<\/p>\n","protected":false},"author":1,"featured_media":0,"parent":2603,"menu_order":6,"comment_status":"closed","ping_status":"closed","template":"","meta":{"site-sidebar-layout":"default","site-content-layout":"","ast-site-content-layout":"default","site-content-style":"default","site-sidebar-style":"default","ast-global-header-display":"","ast-banner-title-visibility":"","ast-main-header-display":"","ast-hfb-above-header-display":"","ast-hfb-below-header-display":"","ast-hfb-mobile-header-display":"","site-post-title":"","ast-breadcrumbs-content":"","ast-featured-img":"","footer-sml-layout":"","theme-transparent-header-meta":"","adv-header-id-meta":"","stick-header-meta":"","header-above-stick-meta":"","header-main-stick-meta":"","header-below-stick-meta":"","astra-migrate-meta-layouts":"set","ast-page-background-enabled":"default","ast-page-background-meta":{"desktop":{"background-color":"var(--ast-global-color-4)","background-image":"","background-repeat":"repeat","background-position":"center center","background-size":"auto","background-attachment":"scroll","background-type":"","background-media":"","overlay-type":"","overlay-color":"","overlay-opacity":"","overlay-gradient":""},"tablet":{"background-color":"","background-image":"","background-repeat":"repeat","background-position":"center center","background-size":"auto","background-attachment":"scroll","background-type":"","background-media":"","overlay-type":"","overlay-color":"","overlay-opacity":"","overlay-gradient":""},"mobile":{"background-color":"","background-image":"","background-repeat":"repeat","background-position":"center center","background-size":"auto","background-attachment":"scroll","background-type":"","background-media":"","overlay-type":"","overlay-color":"","overlay-opacity":"","overlay-gradient":""}},"ast-content-background-meta":{"desktop":{"background-color":"var(--ast-global-color-5)","background-image":"","background-repeat":"repeat","background-position":"center center","background-size":"auto","background-attachment":"scroll","background-type":"","background-media":"","overlay-type":"","overlay-color":"","overlay-opacity":"","overlay-gradient":""},"tablet":{"background-color":"var(--ast-global-color-5)","background-image":"","background-repeat":"repeat","background-position":"center center","background-size":"auto","background-attachment":"scroll","background-type":"","background-media":"","overlay-type":"","overlay-color":"","overlay-opacity":"","overlay-gradient":""},"mobile":{"background-color":"var(--ast-global-color-5)","background-image":"","background-repeat":"repeat","background-position":"center center","background-size":"auto","background-attachment":"scroll","background-type":"","background-media":"","overlay-type":"","overlay-color":"","overlay-opacity":"","overlay-gradient":""}},"footnotes":""},"class_list":["post-1021","page","type-page","status-publish","hentry"],"post_mailing_queue_ids":[],"_links":{"self":[{"href":"https:\/\/agora.xtec.cat\/cfavictorinavila\/wp-json\/wp\/v2\/pages\/1021","targetHints":{"allow":["GET"]}}],"collection":[{"href":"https:\/\/agora.xtec.cat\/cfavictorinavila\/wp-json\/wp\/v2\/pages"}],"about":[{"href":"https:\/\/agora.xtec.cat\/cfavictorinavila\/wp-json\/wp\/v2\/types\/page"}],"author":[{"embeddable":true,"href":"https:\/\/agora.xtec.cat\/cfavictorinavila\/wp-json\/wp\/v2\/users\/1"}],"replies":[{"embeddable":true,"href":"https:\/\/agora.xtec.cat\/cfavictorinavila\/wp-json\/wp\/v2\/comments?post=1021"}],"version-history":[{"count":5,"href":"https:\/\/agora.xtec.cat\/cfavictorinavila\/wp-json\/wp\/v2\/pages\/1021\/revisions"}],"predecessor-version":[{"id":10955,"href":"https:\/\/agora.xtec.cat\/cfavictorinavila\/wp-json\/wp\/v2\/pages\/1021\/revisions\/10955"}],"up":[{"embeddable":true,"href":"https:\/\/agora.xtec.cat\/cfavictorinavila\/wp-json\/wp\/v2\/pages\/2603"}],"wp:attachment":[{"href":"https:\/\/agora.xtec.cat\/cfavictorinavila\/wp-json\/wp\/v2\/media?parent=1021"}],"curies":[{"name":"wp","href":"https:\/\/api.w.org\/{rel}","templated":true}]}}