{"id":57,"date":"2014-09-17T17:01:07","date_gmt":"2014-09-17T17:01:07","guid":{"rendered":"http:\/\/agora.xtec.cat\/cfavictorcatala\/?page_id=57"},"modified":"2026-02-12T17:52:43","modified_gmt":"2026-02-12T16:52:43","slug":"projecte-educatiu","status":"publish","type":"page","link":"https:\/\/agora.xtec.cat\/cfavictorcatala\/projecte-educatiu\/","title":{"rendered":"Documents del CFA"},"content":{"rendered":"<p>Aqu\u00ed trobareu els documents oficials del centre. Podeu descarregar-los fent clic a sobre.<\/p>\n<ul class=\"sub-menu menu-odd  menu-depth-1\">\n<li id=\"nav-menu-item-1325\" class=\"sub-menu-item  menu-item-odd menu-item-depth-1 menu-item menu-item-type-custom menu-item-object-custom\"><a class=\"menu-link sub-menu-link\" href=\"https:\/\/agora.xtec.cat\/cfavictorcatala\/wp-content\/uploads\/usu464\/2023\/01\/Projecte-Educatiu-de-Centre.pdf\">Projecte Educatiu de Centre (PEC)<\/a><\/li>\n<li id=\"nav-menu-item-1327\" class=\"sub-menu-item  menu-item-odd menu-item-depth-1 menu-item menu-item-type-custom menu-item-object-custom\"><a class=\"menu-link sub-menu-link\" href=\"https:\/\/agora.xtec.cat\/cfavictorcatala\/wp-content\/uploads\/usu464\/2025\/06\/NOFC-Juny-2025-4.pdf\">Normes d\u2019Organitzaci\u00f3 i Funcionament de Centre (NOFC)<\/a><\/li>\n<li id=\"nav-menu-item-1328\" class=\"sub-menu-item  menu-item-odd menu-item-depth-1 menu-item menu-item-type-custom menu-item-object-custom\"><a class=\"menu-link sub-menu-link\" href=\"https:\/\/agora.xtec.cat\/cfavictorcatala\/wp-content\/uploads\/usu464\/2025\/06\/PAT-APROVAT_27.05.2020-2.pdf\">Pla d\u2019acci\u00f3 tutorial (PAT)<\/a><\/li>\n<li id=\"nav-menu-item-1329\" class=\"sub-menu-item  menu-item-odd menu-item-depth-1 menu-item menu-item-type-custom menu-item-object-custom\"><a class=\"menu-link sub-menu-link\" href=\"https:\/\/agora.xtec.cat\/cfavictorcatala\/wp-content\/uploads\/usu464\/2025\/06\/Projecte-Linguistic-aprovat-26.06.24-1.pdf\">Projecte ling\u00fc\u00edstic de centre (PLC)<\/a><\/li>\n<li id=\"nav-menu-item-1331\" class=\"sub-menu-item  menu-item-odd menu-item-depth-1 menu-item menu-item-type-custom menu-item-object-custom\"><a class=\"menu-link sub-menu-link\" href=\"https:\/\/sites.google.com\/xtec.cat\/cfavictorcatalaed\/estrat%C3%A8gia-digital-de-cente\">Estrat\u00e8gia digital de centre (EDC)<\/a><\/li>\n<li id=\"nav-menu-item-1330\" class=\"sub-menu-item  menu-item-odd menu-item-depth-1 menu-item menu-item-type-custom menu-item-object-custom\"><a class=\"menu-link sub-menu-link\" href=\"https:\/\/agora.xtec.cat\/cfavictorcatala\/wp-content\/uploads\/usu464\/2026\/02\/Projecte-de-Direccio-2022-1.pdf\">Projecte de Direcci\u00f3 (PdD)<\/a><\/li>\n<li id=\"nav-menu-item-2889\" class=\"sub-menu-item  menu-item-odd menu-item-depth-1 menu-item menu-item-type-custom menu-item-object-custom\"><a class=\"menu-link sub-menu-link\" href=\"https:\/\/agora.xtec.cat\/cfavictorcatala\/wp-content\/uploads\/usu464\/2026\/02\/POE-1.pdf\">Pla d\u2019acci\u00f3 d\u2019orientaci\u00f3 educativa (POE)<\/a><\/li>\n<li id=\"nav-menu-item-2890\" class=\"sub-menu-item  menu-item-odd menu-item-depth-1 menu-item menu-item-type-custom menu-item-object-custom\"><a class=\"menu-link sub-menu-link\" href=\"https:\/\/agora.xtec.cat\/cfavictorcatala\/wp-content\/uploads\/usu464\/2026\/02\/PLA-ACOLLIDA-DEFINITIU-1.pdf\">Pla d\u2019acollida per al professorat<\/a><\/li>\n<\/ul>\n<p>&nbsp;<\/p>\n<p>&nbsp;<\/p>\n","protected":false},"excerpt":{"rendered":"<p>Aqu\u00ed trobareu els documents oficials del centre. Podeu descarregar-los fent clic a sobre. Projecte Educatiu de Centre (PEC) Normes d\u2019Organitzaci\u00f3 i Funcionament de Centre (NOFC) Pla d\u2019acci\u00f3 tutorial (PAT) Projecte ling\u00fc\u00edstic de centre (PLC) Estrat\u00e8gia digital de centre (EDC) Projecte de Direcci\u00f3 (PdD) Pla d\u2019acci\u00f3 d\u2019orientaci\u00f3 educativa (POE) Pla d\u2019acollida per al professorat &nbsp; &nbsp;<\/p>\n","protected":false},"author":1,"featured_media":0,"parent":0,"menu_order":0,"comment_status":"closed","ping_status":"closed","template":"page-templates\/side-menu.php","meta":{"_bbp_topic_count":0,"_bbp_reply_count":0,"_bbp_total_topic_count":0,"_bbp_total_reply_count":0,"_bbp_voice_count":0,"_bbp_anonymous_reply_count":0,"_bbp_topic_count_hidden":0,"_bbp_reply_count_hidden":0,"_bbp_forum_subforum_count":0,"site-sidebar-layout":"default","site-content-layout":"","ast-site-content-layout":"","site-content-style":"default","site-sidebar-style":"default","ast-global-header-display":"","ast-banner-title-visibility":"","ast-main-header-display":"","ast-hfb-above-header-display":"","ast-hfb-below-header-display":"","ast-hfb-mobile-header-display":"","site-post-title":"","ast-breadcrumbs-content":"","ast-featured-img":"","footer-sml-layout":"","theme-transparent-header-meta":"","adv-header-id-meta":"","stick-header-meta":"","header-above-stick-meta":"","header-main-stick-meta":"","header-below-stick-meta":"","astra-migrate-meta-layouts":"default","ast-page-background-enabled":"default","ast-page-background-meta":{"desktop":{"background-color":"var(--ast-global-color-4)","background-image":"","background-repeat":"repeat","background-position":"center center","background-size":"auto","background-attachment":"scroll","background-type":"","background-media":"","overlay-type":"","overlay-color":"","overlay-opacity":"","overlay-gradient":""},"tablet":{"background-color":"","background-image":"","background-repeat":"repeat","background-position":"center center","background-size":"auto","background-attachment":"scroll","background-type":"","background-media":"","overlay-type":"","overlay-color":"","overlay-opacity":"","overlay-gradient":""},"mobile":{"background-color":"","background-image":"","background-repeat":"repeat","background-position":"center center","background-size":"auto","background-attachment":"scroll","background-type":"","background-media":"","overlay-type":"","overlay-color":"","overlay-opacity":"","overlay-gradient":""}},"ast-content-background-meta":{"desktop":{"background-color":"var(--ast-global-color-5)","background-image":"","background-repeat":"repeat","background-position":"center center","background-size":"auto","background-attachment":"scroll","background-type":"","background-media":"","overlay-type":"","overlay-color":"","overlay-opacity":"","overlay-gradient":""},"tablet":{"background-color":"var(--ast-global-color-5)","background-image":"","background-repeat":"repeat","background-position":"center center","background-size":"auto","background-attachment":"scroll","background-type":"","background-media":"","overlay-type":"","overlay-color":"","overlay-opacity":"","overlay-gradient":""},"mobile":{"background-color":"var(--ast-global-color-5)","background-image":"","background-repeat":"repeat","background-position":"center center","background-size":"auto","background-attachment":"scroll","background-type":"","background-media":"","overlay-type":"","overlay-color":"","overlay-opacity":"","overlay-gradient":""}},"footnotes":""},"class_list":["post-57","page","type-page","status-publish","hentry"],"post_mailing_queue_ids":[],"_links":{"self":[{"href":"https:\/\/agora.xtec.cat\/cfavictorcatala\/wp-json\/wp\/v2\/pages\/57","targetHints":{"allow":["GET"]}}],"collection":[{"href":"https:\/\/agora.xtec.cat\/cfavictorcatala\/wp-json\/wp\/v2\/pages"}],"about":[{"href":"https:\/\/agora.xtec.cat\/cfavictorcatala\/wp-json\/wp\/v2\/types\/page"}],"author":[{"embeddable":true,"href":"https:\/\/agora.xtec.cat\/cfavictorcatala\/wp-json\/wp\/v2\/users\/1"}],"replies":[{"embeddable":true,"href":"https:\/\/agora.xtec.cat\/cfavictorcatala\/wp-json\/wp\/v2\/comments?post=57"}],"version-history":[{"count":7,"href":"https:\/\/agora.xtec.cat\/cfavictorcatala\/wp-json\/wp\/v2\/pages\/57\/revisions"}],"predecessor-version":[{"id":2891,"href":"https:\/\/agora.xtec.cat\/cfavictorcatala\/wp-json\/wp\/v2\/pages\/57\/revisions\/2891"}],"wp:attachment":[{"href":"https:\/\/agora.xtec.cat\/cfavictorcatala\/wp-json\/wp\/v2\/media?parent=57"}],"curies":[{"name":"wp","href":"https:\/\/api.w.org\/{rel}","templated":true}]}}