{"id":316,"date":"2015-01-28T11:33:51","date_gmt":"2015-01-28T10:33:51","guid":{"rendered":"http:\/\/agora.xtec.cat\/cfavictorcatala\/?page_id=316"},"modified":"2026-02-12T17:21:22","modified_gmt":"2026-02-12T16:21:22","slug":"competencia-digital-competic","status":"publish","type":"page","link":"https:\/\/agora.xtec.cat\/cfavictorcatala\/ensenyaments\/ensenyaments-transprofessionals\/competencia-digital-competic\/","title":{"rendered":"Compet\u00e8ncia digital COMPETIC"},"content":{"rendered":"<p><strong>Descripci\u00f3<\/strong><\/p>\n<p>Els ensenyaments d\u2019inform\u00e0tica a l\u2019educaci\u00f3 d\u2019adults \u2014<strong>COMPETIC<\/strong>\u2014\u00a0tenen com objectiu facilitar l\u2019adquisici\u00f3 de la\u00a0<strong>compet\u00e8ncia digital<\/strong>, entesa com la combinaci\u00f3 de coneixements, habilitats i actituds en l\u2019\u00e0mbit de les tecnologies de la informaci\u00f3 i la comunicaci\u00f3 (TIC) per desenvolupar-se en la societat actual.<\/p>\n<hr \/>\n<p><strong>Continguts<\/strong><\/p>\n<p>El nivell inicial d\u2019inform\u00e0tica (COMPETIC inicial) s\u2019adre\u00e7a a les persones adultes que volen assolir un domini b\u00e0sic de les tecnologies de la informaci\u00f3 i la comunicaci\u00f3 (TIC).<\/p>\n<p>Els diferents nivells usuari d\u2019inform\u00e0tica (COMPETIC 1, 2 i 3) van adre\u00e7ats a persones que ja tenen uns coneixements b\u00e0sics del funcionament de l\u2019ordinador i del programari m\u00e9s b\u00e0sic, i que volen aprofundir en els \u00e0mbits seg\u00fcents:<\/p>\n<ul>\n<li>Cultura, participaci\u00f3 i civisme digital.<\/li>\n<li>Tecnologia digital, \u00fas de l\u2019ordinador i del sistema operatiu.<\/li>\n<li>Navegaci\u00f3 i comunicaci\u00f3 en el m\u00f3n digital.<\/li>\n<li>Tractament de la informaci\u00f3 escrita.<\/li>\n<li>Tractament de la informaci\u00f3 gr\u00e0fica, sonora i de la imatge en moviment.<\/li>\n<li>Tractament de la informaci\u00f3 num\u00e8rica.<\/li>\n<li>Tractament de les dades.<\/li>\n<li>Presentaci\u00f3 de continguts<\/li>\n<\/ul>\n<p><strong>Acc\u00e9s<\/strong><\/p>\n<p>Poden accedir a aquests estudis les persones m\u00e9s grans de 18 anys i les que els compleixen durant l\u2019any natural en qu\u00e8 s\u2019inicia la formaci\u00f3.<\/p>\n<p>Per tal de situar l\u2019alumnat en el nivell que li correspon d\u2019acord amb les seves compet\u00e8ncies, si no t\u00e9 una acreditaci\u00f3 pr\u00e8via, en el moment de la preinscripci\u00f3 el centre de formaci\u00f3 d\u2019adults li far\u00e0 una prova de nivell.<\/p>\n<p>En qualsevol cas, un alumne no podr\u00e0 cursar COMPETIC 3 si no ha cursat i superat pr\u00e8viament el curs de COMPETIC 2 o acredita l\u2019ACTIC mitj\u00e0.<\/p>\n<p><strong>Tr\u00e0mits<\/strong><\/p>\n<p>Els certificats de superaci\u00f3 dels cursos de COMPETIC 1, COMPETIC 2 i COMPETIC 3 equivalen als certificats ACTIC b\u00e0sic, mitj\u00e0 i avan\u00e7at, respectivament. Per obtenir aquesta certificaci\u00f3 l\u2019alumnat haur\u00e0 de realitzar i superar un projecte relacionat amb les compet\u00e8ncies que s\u2019han treballat a l\u2019acabament de cada curs.<\/p>\n<p><strong>Tr\u00e0mits Continu\u00eftat<\/strong><\/p>\n<p>L\u2019alumnat pot iniciar aquests ensenyaments des del nivell inicial i acabar amb l\u2019obtenci\u00f3 del certificat de COMPETIC 3 equivalent al certificat ACTIC avan\u00e7at. Per tal d\u2019obtenir el certificat de COMPETIC 3 cal assolir dues de les cinc compet\u00e8ncies establertes, com\u00a0 a m\u00ednim, tot i que es poden cursar les cinc establertes en el curr\u00edculum de COMPETIC 3.<\/p>\n<p><strong>Curr\u00edculum<\/strong><\/p>\n<p><a href=\"https:\/\/sites.google.com\/a\/xtec.cat\/competic-fpa\/\">https:\/\/sites.google.com\/a\/xtec.cat\/competic-fpa\/<\/a><\/p>\n<hr \/>\n<p><strong>Avaluaci\u00f3<\/strong><\/p>\n<p><a href=\"https:\/\/dogc.gencat.cat\/ca\/pdogc_canals_interns\/pdogc_resultats_fitxa\/?documentId=661212&amp;language=ca_ES&amp;action=fitxa\">https:\/\/dogc.gencat.cat\/ca\/pdogc_canals_interns\/pdogc_resultats_fitxa\/?documentId=661212&amp;language=ca_ES&amp;action=fitxa<\/a><\/p>\n<hr \/>\n<p><strong>Promoci\u00f3 de curs i\/o obtenci\u00f3 de certificaci\u00f3<\/strong><\/p>\n<p>S\u2019obt\u00e9 la cerfificaci\u00f3 corresponent al ser qualificat com a APTE a les actes corresponents.<\/p>\n","protected":false},"excerpt":{"rendered":"<p>Descripci\u00f3 Els ensenyaments d\u2019inform\u00e0tica a l\u2019educaci\u00f3 d\u2019adults \u2014COMPETIC\u2014\u00a0tenen com objectiu facilitar l\u2019adquisici\u00f3 de la\u00a0compet\u00e8ncia digital, entesa com la combinaci\u00f3 de coneixements, habilitats i actituds en l\u2019\u00e0mbit de les tecnologies de la informaci\u00f3 i la comunicaci\u00f3 (TIC) per desenvolupar-se en la societat actual. Continguts El nivell inicial d\u2019inform\u00e0tica (COMPETIC inicial) s\u2019adre\u00e7a a les persones adultes que [&hellip;]<\/p>\n","protected":false},"author":2,"featured_media":0,"parent":286,"menu_order":0,"comment_status":"closed","ping_status":"closed","template":"page-templates\/side-menu.php","meta":{"_bbp_topic_count":0,"_bbp_reply_count":0,"_bbp_total_topic_count":0,"_bbp_total_reply_count":0,"_bbp_voice_count":0,"_bbp_anonymous_reply_count":0,"_bbp_topic_count_hidden":0,"_bbp_reply_count_hidden":0,"_bbp_forum_subforum_count":0,"site-sidebar-layout":"default","site-content-layout":"","ast-site-content-layout":"","site-content-style":"default","site-sidebar-style":"default","ast-global-header-display":"","ast-banner-title-visibility":"","ast-main-header-display":"","ast-hfb-above-header-display":"","ast-hfb-below-header-display":"","ast-hfb-mobile-header-display":"","site-post-title":"","ast-breadcrumbs-content":"","ast-featured-img":"","footer-sml-layout":"","theme-transparent-header-meta":"","adv-header-id-meta":"","stick-header-meta":"","header-above-stick-meta":"","header-main-stick-meta":"","header-below-stick-meta":"","astra-migrate-meta-layouts":"default","ast-page-background-enabled":"default","ast-page-background-meta":{"desktop":{"background-color":"var(--ast-global-color-4)","background-image":"","background-repeat":"repeat","background-position":"center center","background-size":"auto","background-attachment":"scroll","background-type":"","background-media":"","overlay-type":"","overlay-color":"","overlay-opacity":"","overlay-gradient":""},"tablet":{"background-color":"","background-image":"","background-repeat":"repeat","background-position":"center center","background-size":"auto","background-attachment":"scroll","background-type":"","background-media":"","overlay-type":"","overlay-color":"","overlay-opacity":"","overlay-gradient":""},"mobile":{"background-color":"","background-image":"","background-repeat":"repeat","background-position":"center center","background-size":"auto","background-attachment":"scroll","background-type":"","background-media":"","overlay-type":"","overlay-color":"","overlay-opacity":"","overlay-gradient":""}},"ast-content-background-meta":{"desktop":{"background-color":"var(--ast-global-color-5)","background-image":"","background-repeat":"repeat","background-position":"center center","background-size":"auto","background-attachment":"scroll","background-type":"","background-media":"","overlay-type":"","overlay-color":"","overlay-opacity":"","overlay-gradient":""},"tablet":{"background-color":"var(--ast-global-color-5)","background-image":"","background-repeat":"repeat","background-position":"center center","background-size":"auto","background-attachment":"scroll","background-type":"","background-media":"","overlay-type":"","overlay-color":"","overlay-opacity":"","overlay-gradient":""},"mobile":{"background-color":"var(--ast-global-color-5)","background-image":"","background-repeat":"repeat","background-position":"center center","background-size":"auto","background-attachment":"scroll","background-type":"","background-media":"","overlay-type":"","overlay-color":"","overlay-opacity":"","overlay-gradient":""}},"footnotes":""},"class_list":["post-316","page","type-page","status-publish","hentry"],"post_mailing_queue_ids":[],"_links":{"self":[{"href":"https:\/\/agora.xtec.cat\/cfavictorcatala\/wp-json\/wp\/v2\/pages\/316","targetHints":{"allow":["GET"]}}],"collection":[{"href":"https:\/\/agora.xtec.cat\/cfavictorcatala\/wp-json\/wp\/v2\/pages"}],"about":[{"href":"https:\/\/agora.xtec.cat\/cfavictorcatala\/wp-json\/wp\/v2\/types\/page"}],"author":[{"embeddable":true,"href":"https:\/\/agora.xtec.cat\/cfavictorcatala\/wp-json\/wp\/v2\/users\/2"}],"replies":[{"embeddable":true,"href":"https:\/\/agora.xtec.cat\/cfavictorcatala\/wp-json\/wp\/v2\/comments?post=316"}],"version-history":[{"count":5,"href":"https:\/\/agora.xtec.cat\/cfavictorcatala\/wp-json\/wp\/v2\/pages\/316\/revisions"}],"predecessor-version":[{"id":2848,"href":"https:\/\/agora.xtec.cat\/cfavictorcatala\/wp-json\/wp\/v2\/pages\/316\/revisions\/2848"}],"up":[{"embeddable":true,"href":"https:\/\/agora.xtec.cat\/cfavictorcatala\/wp-json\/wp\/v2\/pages\/286"}],"wp:attachment":[{"href":"https:\/\/agora.xtec.cat\/cfavictorcatala\/wp-json\/wp\/v2\/media?parent=316"}],"curies":[{"name":"wp","href":"https:\/\/api.w.org\/{rel}","templated":true}]}}