{"id":312,"date":"2015-01-28T11:32:38","date_gmt":"2015-01-28T10:32:38","guid":{"rendered":"http:\/\/agora.xtec.cat\/cfavictorcatala\/?page_id=312"},"modified":"2026-02-12T17:21:13","modified_gmt":"2026-02-12T16:21:13","slug":"llengua-anglesa","status":"publish","type":"page","link":"https:\/\/agora.xtec.cat\/cfavictorcatala\/ensenyaments\/ensenyaments-transprofessionals\/llengua-anglesa\/","title":{"rendered":"Llengua anglesa"},"content":{"rendered":"<h3 data-start=\"141\" data-end=\"154\">Nivells<\/h3>\n<ul data-start=\"155\" data-end=\"205\">\n<li data-start=\"155\" data-end=\"171\">\n<p data-start=\"157\" data-end=\"171\"><strong data-start=\"157\" data-end=\"169\">Angl\u00e8s 1<\/strong><\/p>\n<\/li>\n<li data-start=\"172\" data-end=\"188\">\n<p data-start=\"174\" data-end=\"188\"><strong data-start=\"174\" data-end=\"186\">Angl\u00e8s 2<\/strong><\/p>\n<\/li>\n<li data-start=\"189\" data-end=\"205\">\n<p data-start=\"191\" data-end=\"205\"><strong data-start=\"191\" data-end=\"203\">Angl\u00e8s 3<\/strong><\/p>\n<\/li>\n<\/ul>\n<h3 data-start=\"207\" data-end=\"219\">Durada<\/h3>\n<ul data-start=\"220\" data-end=\"327\">\n<li data-start=\"220\" data-end=\"269\">\n<p data-start=\"222\" data-end=\"269\"><strong data-start=\"222\" data-end=\"235\">Angl\u00e8s 1:<\/strong> curs quadrimestral de 105 hores<\/p>\n<\/li>\n<li data-start=\"270\" data-end=\"327\">\n<p data-start=\"272\" data-end=\"327\"><strong data-start=\"272\" data-end=\"289\">Angl\u00e8s 2 i 3:<\/strong> cursos anuals de 140 hores cadascun<\/p>\n<\/li>\n<\/ul>\n<h3 data-start=\"329\" data-end=\"347\">Organitzaci\u00f3<\/h3>\n<p data-start=\"348\" data-end=\"631\">Aquests estudis tenen com a objectiu que les persones adultes assoleixin un grau de compet\u00e8ncia <strong data-start=\"444\" data-end=\"483\">b\u00e0sic en llengua anglesa o francesa<\/strong>.<br data-start=\"484\" data-end=\"487\" \/>S\u2019imparteixen en tres nivells, que corresponen als nivells <strong data-start=\"546\" data-end=\"575\">A1, A2.1 i A2.2 del MECRL<\/strong> (Marc Europeu Com\u00fa de Refer\u00e8ncia per a les Lleng\u00fces).<\/p>\n<h3 data-start=\"633\" data-end=\"649\">Curr\u00edculum<\/h3>\n<p data-start=\"650\" data-end=\"814\"><a class=\"decorated-link\" href=\"https:\/\/dogc.gencat.cat\/ca\/pdogc_canals_interns\/pdogc_resultats_fitxa\/?action=fitxa&amp;mode=single&amp;documentId=821281&amp;language=ca_ES\" target=\"_new\" rel=\"noopener\" data-start=\"650\" data-end=\"812\">Consulta el curr\u00edculum oficial<\/a><\/p>\n<h3 data-start=\"816\" data-end=\"845\">Promoci\u00f3 i certificaci\u00f3<\/h3>\n<p data-start=\"846\" data-end=\"1168\">Els alumnes de <strong data-start=\"861\" data-end=\"873\">nivell 3<\/strong> han de superar una <strong data-start=\"893\" data-end=\"933\">prova de nivell b\u00e0sic (A2 del MECRL)<\/strong> abans de finalitzar el curs, per demostrar l\u2019assoliment de la compet\u00e8ncia ling\u00fc\u00edstica.<br data-start=\"1020\" data-end=\"1023\" \/>El Departament d\u2019Ensenyament proporciona als centres aquesta prova amb les <strong data-start=\"1098\" data-end=\"1132\">especificacions i orientacions<\/strong> corresponents per al professorat.<\/p>\n","protected":false},"excerpt":{"rendered":"<p>Nivells Angl\u00e8s 1 Angl\u00e8s 2 Angl\u00e8s 3 Durada Angl\u00e8s 1: curs quadrimestral de 105 hores Angl\u00e8s 2 i 3: cursos anuals de 140 hores cadascun Organitzaci\u00f3 Aquests estudis tenen com a objectiu que les persones adultes assoleixin un grau de compet\u00e8ncia b\u00e0sic en llengua anglesa o francesa.S\u2019imparteixen en tres nivells, que corresponen als nivells A1, [&hellip;]<\/p>\n","protected":false},"author":2,"featured_media":0,"parent":286,"menu_order":0,"comment_status":"closed","ping_status":"closed","template":"page-templates\/side-menu.php","meta":{"_bbp_topic_count":0,"_bbp_reply_count":0,"_bbp_total_topic_count":0,"_bbp_total_reply_count":0,"_bbp_voice_count":0,"_bbp_anonymous_reply_count":0,"_bbp_topic_count_hidden":0,"_bbp_reply_count_hidden":0,"_bbp_forum_subforum_count":0,"site-sidebar-layout":"default","site-content-layout":"","ast-site-content-layout":"","site-content-style":"default","site-sidebar-style":"default","ast-global-header-display":"","ast-banner-title-visibility":"","ast-main-header-display":"","ast-hfb-above-header-display":"","ast-hfb-below-header-display":"","ast-hfb-mobile-header-display":"","site-post-title":"","ast-breadcrumbs-content":"","ast-featured-img":"","footer-sml-layout":"","theme-transparent-header-meta":"","adv-header-id-meta":"","stick-header-meta":"","header-above-stick-meta":"","header-main-stick-meta":"","header-below-stick-meta":"","astra-migrate-meta-layouts":"default","ast-page-background-enabled":"default","ast-page-background-meta":{"desktop":{"background-color":"var(--ast-global-color-4)","background-image":"","background-repeat":"repeat","background-position":"center center","background-size":"auto","background-attachment":"scroll","background-type":"","background-media":"","overlay-type":"","overlay-color":"","overlay-opacity":"","overlay-gradient":""},"tablet":{"background-color":"","background-image":"","background-repeat":"repeat","background-position":"center center","background-size":"auto","background-attachment":"scroll","background-type":"","background-media":"","overlay-type":"","overlay-color":"","overlay-opacity":"","overlay-gradient":""},"mobile":{"background-color":"","background-image":"","background-repeat":"repeat","background-position":"center center","background-size":"auto","background-attachment":"scroll","background-type":"","background-media":"","overlay-type":"","overlay-color":"","overlay-opacity":"","overlay-gradient":""}},"ast-content-background-meta":{"desktop":{"background-color":"var(--ast-global-color-5)","background-image":"","background-repeat":"repeat","background-position":"center center","background-size":"auto","background-attachment":"scroll","background-type":"","background-media":"","overlay-type":"","overlay-color":"","overlay-opacity":"","overlay-gradient":""},"tablet":{"background-color":"var(--ast-global-color-5)","background-image":"","background-repeat":"repeat","background-position":"center center","background-size":"auto","background-attachment":"scroll","background-type":"","background-media":"","overlay-type":"","overlay-color":"","overlay-opacity":"","overlay-gradient":""},"mobile":{"background-color":"var(--ast-global-color-5)","background-image":"","background-repeat":"repeat","background-position":"center center","background-size":"auto","background-attachment":"scroll","background-type":"","background-media":"","overlay-type":"","overlay-color":"","overlay-opacity":"","overlay-gradient":""}},"footnotes":""},"class_list":["post-312","page","type-page","status-publish","hentry"],"post_mailing_queue_ids":[],"_links":{"self":[{"href":"https:\/\/agora.xtec.cat\/cfavictorcatala\/wp-json\/wp\/v2\/pages\/312","targetHints":{"allow":["GET"]}}],"collection":[{"href":"https:\/\/agora.xtec.cat\/cfavictorcatala\/wp-json\/wp\/v2\/pages"}],"about":[{"href":"https:\/\/agora.xtec.cat\/cfavictorcatala\/wp-json\/wp\/v2\/types\/page"}],"author":[{"embeddable":true,"href":"https:\/\/agora.xtec.cat\/cfavictorcatala\/wp-json\/wp\/v2\/users\/2"}],"replies":[{"embeddable":true,"href":"https:\/\/agora.xtec.cat\/cfavictorcatala\/wp-json\/wp\/v2\/comments?post=312"}],"version-history":[{"count":5,"href":"https:\/\/agora.xtec.cat\/cfavictorcatala\/wp-json\/wp\/v2\/pages\/312\/revisions"}],"predecessor-version":[{"id":2846,"href":"https:\/\/agora.xtec.cat\/cfavictorcatala\/wp-json\/wp\/v2\/pages\/312\/revisions\/2846"}],"up":[{"embeddable":true,"href":"https:\/\/agora.xtec.cat\/cfavictorcatala\/wp-json\/wp\/v2\/pages\/286"}],"wp:attachment":[{"href":"https:\/\/agora.xtec.cat\/cfavictorcatala\/wp-json\/wp\/v2\/media?parent=312"}],"curies":[{"name":"wp","href":"https:\/\/api.w.org\/{rel}","templated":true}]}}