{"id":2956,"date":"2026-02-12T20:06:38","date_gmt":"2026-02-12T19:06:38","guid":{"rendered":"https:\/\/agora.xtec.cat\/cfavictorcatala\/?page_id=2956"},"modified":"2026-02-12T20:06:38","modified_gmt":"2026-02-12T19:06:38","slug":"el-nostre-adn","status":"publish","type":"page","link":"https:\/\/agora.xtec.cat\/cfavictorcatala\/el-nostre-adn\/","title":{"rendered":"El nostre ADN"},"content":{"rendered":"<p data-start=\"118\" data-end=\"243\"><strong data-start=\"118\" data-end=\"142\">El CFA V\u00edctor Catal\u00e0<\/strong> \u00e9s l\u2019escola d\u2019educaci\u00f3 d\u2019adults de refer\u00e8ncia per a la poblaci\u00f3 interna. Es defineix com a centre:<\/p>\n<ul data-start=\"245\" data-end=\"790\">\n<li data-start=\"245\" data-end=\"306\">\n<p data-start=\"247\" data-end=\"306\">Laic i respectu\u00f3s amb totes les creences i sensibilitats.<\/p>\n<\/li>\n<li data-start=\"307\" data-end=\"384\">\n<p data-start=\"309\" data-end=\"384\">Plural cultural i ling\u00fc\u00edsticament, amb el catal\u00e0 com a llengua vehicular.<\/p>\n<\/li>\n<li data-start=\"385\" data-end=\"459\">\n<p data-start=\"387\" data-end=\"459\">Democr\u00e0tic, fomentant la participaci\u00f3, l\u2019expressi\u00f3 i l\u2019esperit cr\u00edtic.<\/p>\n<\/li>\n<li data-start=\"460\" data-end=\"562\">\n<p data-start=\"462\" data-end=\"562\">Inclusiu, reconeixent la diversitat de g\u00e8nere i sexual i atenent especialment els m\u00e9s vulnerables.<\/p>\n<\/li>\n<li data-start=\"563\" data-end=\"670\">\n<p data-start=\"565\" data-end=\"670\">Comprom\u00e8s amb la implicaci\u00f3 de l\u2019alumnat, l\u2019equitat, l\u2019orientaci\u00f3 i l\u2019aprenentatge al llarg de la vida.<\/p>\n<\/li>\n<li data-start=\"671\" data-end=\"790\">\n<p data-start=\"673\" data-end=\"790\">Connectat amb l\u2019exterior i promotor de valors com la solidaritat, l\u2019autonomia, la responsabilitat i la conviv\u00e8ncia.<\/p>\n<\/li>\n<\/ul>\n","protected":false},"excerpt":{"rendered":"<p>El CFA V\u00edctor Catal\u00e0 \u00e9s l\u2019escola d\u2019educaci\u00f3 d\u2019adults de refer\u00e8ncia per a la poblaci\u00f3 interna. Es defineix com a centre: Laic i respectu\u00f3s amb totes les creences i sensibilitats. Plural cultural i ling\u00fc\u00edsticament, amb el catal\u00e0 com a llengua vehicular. Democr\u00e0tic, fomentant la participaci\u00f3, l\u2019expressi\u00f3 i l\u2019esperit cr\u00edtic. Inclusiu, reconeixent la diversitat de g\u00e8nere i [&hellip;]<\/p>\n","protected":false},"author":1,"featured_media":0,"parent":0,"menu_order":0,"comment_status":"closed","ping_status":"closed","template":"","meta":{"_bbp_topic_count":0,"_bbp_reply_count":0,"_bbp_total_topic_count":0,"_bbp_total_reply_count":0,"_bbp_voice_count":0,"_bbp_anonymous_reply_count":0,"_bbp_topic_count_hidden":0,"_bbp_reply_count_hidden":0,"_bbp_forum_subforum_count":0,"site-sidebar-layout":"default","site-content-layout":"","ast-site-content-layout":"default","site-content-style":"default","site-sidebar-style":"default","ast-global-header-display":"","ast-banner-title-visibility":"","ast-main-header-display":"","ast-hfb-above-header-display":"","ast-hfb-below-header-display":"","ast-hfb-mobile-header-display":"","site-post-title":"","ast-breadcrumbs-content":"","ast-featured-img":"","footer-sml-layout":"","theme-transparent-header-meta":"default","adv-header-id-meta":"","stick-header-meta":"","header-above-stick-meta":"","header-main-stick-meta":"","header-below-stick-meta":"","astra-migrate-meta-layouts":"set","ast-page-background-enabled":"default","ast-page-background-meta":{"desktop":{"background-color":"var(--ast-global-color-4)","background-image":"","background-repeat":"repeat","background-position":"center center","background-size":"auto","background-attachment":"scroll","background-type":"","background-media":"","overlay-type":"","overlay-color":"","overlay-opacity":"","overlay-gradient":""},"tablet":{"background-color":"","background-image":"","background-repeat":"repeat","background-position":"center center","background-size":"auto","background-attachment":"scroll","background-type":"","background-media":"","overlay-type":"","overlay-color":"","overlay-opacity":"","overlay-gradient":""},"mobile":{"background-color":"","background-image":"","background-repeat":"repeat","background-position":"center center","background-size":"auto","background-attachment":"scroll","background-type":"","background-media":"","overlay-type":"","overlay-color":"","overlay-opacity":"","overlay-gradient":""}},"ast-content-background-meta":{"desktop":{"background-color":"var(--ast-global-color-5)","background-image":"","background-repeat":"repeat","background-position":"center center","background-size":"auto","background-attachment":"scroll","background-type":"","background-media":"","overlay-type":"","overlay-color":"","overlay-opacity":"","overlay-gradient":""},"tablet":{"background-color":"var(--ast-global-color-5)","background-image":"","background-repeat":"repeat","background-position":"center center","background-size":"auto","background-attachment":"scroll","background-type":"","background-media":"","overlay-type":"","overlay-color":"","overlay-opacity":"","overlay-gradient":""},"mobile":{"background-color":"var(--ast-global-color-5)","background-image":"","background-repeat":"repeat","background-position":"center center","background-size":"auto","background-attachment":"scroll","background-type":"","background-media":"","overlay-type":"","overlay-color":"","overlay-opacity":"","overlay-gradient":""}},"footnotes":""},"class_list":["post-2956","page","type-page","status-publish","hentry"],"post_mailing_queue_ids":[],"_links":{"self":[{"href":"https:\/\/agora.xtec.cat\/cfavictorcatala\/wp-json\/wp\/v2\/pages\/2956","targetHints":{"allow":["GET"]}}],"collection":[{"href":"https:\/\/agora.xtec.cat\/cfavictorcatala\/wp-json\/wp\/v2\/pages"}],"about":[{"href":"https:\/\/agora.xtec.cat\/cfavictorcatala\/wp-json\/wp\/v2\/types\/page"}],"author":[{"embeddable":true,"href":"https:\/\/agora.xtec.cat\/cfavictorcatala\/wp-json\/wp\/v2\/users\/1"}],"replies":[{"embeddable":true,"href":"https:\/\/agora.xtec.cat\/cfavictorcatala\/wp-json\/wp\/v2\/comments?post=2956"}],"version-history":[{"count":1,"href":"https:\/\/agora.xtec.cat\/cfavictorcatala\/wp-json\/wp\/v2\/pages\/2956\/revisions"}],"predecessor-version":[{"id":2957,"href":"https:\/\/agora.xtec.cat\/cfavictorcatala\/wp-json\/wp\/v2\/pages\/2956\/revisions\/2957"}],"wp:attachment":[{"href":"https:\/\/agora.xtec.cat\/cfavictorcatala\/wp-json\/wp\/v2\/media?parent=2956"}],"curies":[{"name":"wp","href":"https:\/\/api.w.org\/{rel}","templated":true}]}}