{"id":2937,"date":"2026-02-12T19:57:57","date_gmt":"2026-02-12T18:57:57","guid":{"rendered":"https:\/\/agora.xtec.cat\/cfavictorcatala\/?page_id=2937"},"modified":"2026-02-12T20:04:31","modified_gmt":"2026-02-12T19:04:31","slug":"oferta-formativa-dels-estudis-a-distancia","status":"publish","type":"page","link":"https:\/\/agora.xtec.cat\/cfavictorcatala\/oferta-formativa-dels-estudis-a-distancia\/","title":{"rendered":"Oferta formativa dels estudis a dist\u00e0ncia"},"content":{"rendered":"<p>Aqu\u00ed pots descarregar els d\u00edptics de l&#8217;oferta formativa del CFA V\u00edctor Catal\u00e0.<br \/>\nTrobar\u00e0s els diferents nivells i institucions disponibles, des de Grau Mitj\u00e0 i Superior, Batxillerat, IOC, UNED fins a la UOC.<\/p>\n<p>&nbsp;<\/p>\n<ul>\n<li><a href=\"https:\/\/agora.xtec.cat\/cfavictorcatala\/wp-content\/uploads\/usu464\/2026\/02\/2_25-26-DIPTIC-GRAU-MITJA-IOC.pdf\" target=\"_blank\" rel=\"noopener\"> Descarrega aqu\u00ed el d\u00edptic del Grau Mitj\u00e0 IOC<\/a><\/li>\n<li><a href=\"https:\/\/agora.xtec.cat\/cfavictorcatala\/wp-content\/uploads\/usu464\/2026\/02\/4_25-26-DIPTIC-GRAU-SUPERIOR-IOC.pdf\" target=\"_blank\" rel=\"noopener\">Descarrega aqu\u00ed el d\u00edptic del Grau Superior IOC<\/a><\/li>\n<li><a href=\"https:\/\/agora.xtec.cat\/cfavictorcatala\/wp-content\/uploads\/usu464\/2026\/02\/5_25-26-DIPTIC-BATXILLERAT-IOC.pdf\" target=\"_blank\" rel=\"noopener\"> Descarrega aqu\u00ed el d\u00edptic del Batxillerat IOC <\/a><\/li>\n<li><a href=\"https:\/\/agora.xtec.cat\/cfavictorcatala\/wp-content\/uploads\/usu464\/2026\/02\/6_25-26-DIPTIC-IOC-EOI-.pdf\" target=\"_blank\" rel=\"noopener\"> Descarrega aqu\u00ed el d\u00edptic IOC EOI<\/a><\/li>\n<li><a href=\"https:\/\/agora.xtec.cat\/cfavictorcatala\/wp-content\/uploads\/usu464\/2026\/02\/1_25-26-UNED-UNIVERSIDAD.pdf\" target=\"_blank\" rel=\"noopener\">Descarrega aqu\u00ed el d\u00edptic de la UNED<\/a><\/li>\n<li><a href=\"https:\/\/agora.xtec.cat\/cfavictorcatala\/wp-content\/uploads\/usu464\/2026\/02\/3_25-26-DIPTIC-UOC.pdf\" target=\"_blank\" rel=\"noopener\"> Descarrega aqu\u00ed el d\u00edptic de la UOC<\/a><\/li>\n<\/ul>\n","protected":false},"excerpt":{"rendered":"<p>Aqu\u00ed pots descarregar els d\u00edptics de l&#8217;oferta formativa del CFA V\u00edctor Catal\u00e0. Trobar\u00e0s els diferents nivells i institucions disponibles, des de Grau Mitj\u00e0 i Superior, Batxillerat, IOC, UNED fins a la UOC. &nbsp; Descarrega aqu\u00ed el d\u00edptic del Grau Mitj\u00e0 IOC Descarrega aqu\u00ed el d\u00edptic del Grau Superior IOC Descarrega aqu\u00ed el d\u00edptic del Batxillerat [&hellip;]<\/p>\n","protected":false},"author":1,"featured_media":0,"parent":0,"menu_order":0,"comment_status":"closed","ping_status":"closed","template":"","meta":{"_bbp_topic_count":0,"_bbp_reply_count":0,"_bbp_total_topic_count":0,"_bbp_total_reply_count":0,"_bbp_voice_count":0,"_bbp_anonymous_reply_count":0,"_bbp_topic_count_hidden":0,"_bbp_reply_count_hidden":0,"_bbp_forum_subforum_count":0,"site-sidebar-layout":"default","site-content-layout":"","ast-site-content-layout":"default","site-content-style":"default","site-sidebar-style":"default","ast-global-header-display":"","ast-banner-title-visibility":"","ast-main-header-display":"","ast-hfb-above-header-display":"","ast-hfb-below-header-display":"","ast-hfb-mobile-header-display":"","site-post-title":"","ast-breadcrumbs-content":"","ast-featured-img":"","footer-sml-layout":"","theme-transparent-header-meta":"default","adv-header-id-meta":"","stick-header-meta":"","header-above-stick-meta":"","header-main-stick-meta":"","header-below-stick-meta":"","astra-migrate-meta-layouts":"set","ast-page-background-enabled":"default","ast-page-background-meta":{"desktop":{"background-color":"var(--ast-global-color-4)","background-image":"","background-repeat":"repeat","background-position":"center center","background-size":"auto","background-attachment":"scroll","background-type":"","background-media":"","overlay-type":"","overlay-color":"","overlay-opacity":"","overlay-gradient":""},"tablet":{"background-color":"","background-image":"","background-repeat":"repeat","background-position":"center center","background-size":"auto","background-attachment":"scroll","background-type":"","background-media":"","overlay-type":"","overlay-color":"","overlay-opacity":"","overlay-gradient":""},"mobile":{"background-color":"","background-image":"","background-repeat":"repeat","background-position":"center center","background-size":"auto","background-attachment":"scroll","background-type":"","background-media":"","overlay-type":"","overlay-color":"","overlay-opacity":"","overlay-gradient":""}},"ast-content-background-meta":{"desktop":{"background-color":"var(--ast-global-color-5)","background-image":"","background-repeat":"repeat","background-position":"center center","background-size":"auto","background-attachment":"scroll","background-type":"","background-media":"","overlay-type":"","overlay-color":"","overlay-opacity":"","overlay-gradient":""},"tablet":{"background-color":"var(--ast-global-color-5)","background-image":"","background-repeat":"repeat","background-position":"center center","background-size":"auto","background-attachment":"scroll","background-type":"","background-media":"","overlay-type":"","overlay-color":"","overlay-opacity":"","overlay-gradient":""},"mobile":{"background-color":"var(--ast-global-color-5)","background-image":"","background-repeat":"repeat","background-position":"center center","background-size":"auto","background-attachment":"scroll","background-type":"","background-media":"","overlay-type":"","overlay-color":"","overlay-opacity":"","overlay-gradient":""}},"footnotes":""},"class_list":["post-2937","page","type-page","status-publish","hentry"],"post_mailing_queue_ids":[],"_links":{"self":[{"href":"https:\/\/agora.xtec.cat\/cfavictorcatala\/wp-json\/wp\/v2\/pages\/2937","targetHints":{"allow":["GET"]}}],"collection":[{"href":"https:\/\/agora.xtec.cat\/cfavictorcatala\/wp-json\/wp\/v2\/pages"}],"about":[{"href":"https:\/\/agora.xtec.cat\/cfavictorcatala\/wp-json\/wp\/v2\/types\/page"}],"author":[{"embeddable":true,"href":"https:\/\/agora.xtec.cat\/cfavictorcatala\/wp-json\/wp\/v2\/users\/1"}],"replies":[{"embeddable":true,"href":"https:\/\/agora.xtec.cat\/cfavictorcatala\/wp-json\/wp\/v2\/comments?post=2937"}],"version-history":[{"count":6,"href":"https:\/\/agora.xtec.cat\/cfavictorcatala\/wp-json\/wp\/v2\/pages\/2937\/revisions"}],"predecessor-version":[{"id":2953,"href":"https:\/\/agora.xtec.cat\/cfavictorcatala\/wp-json\/wp\/v2\/pages\/2937\/revisions\/2953"}],"wp:attachment":[{"href":"https:\/\/agora.xtec.cat\/cfavictorcatala\/wp-json\/wp\/v2\/media?parent=2937"}],"curies":[{"name":"wp","href":"https:\/\/api.w.org\/{rel}","templated":true}]}}