{"id":286,"date":"2015-01-28T11:07:30","date_gmt":"2015-01-28T10:07:30","guid":{"rendered":"http:\/\/agora.xtec.cat\/cfavictorcatala\/?page_id=286"},"modified":"2026-02-12T17:23:15","modified_gmt":"2026-02-12T16:23:15","slug":"ensenyaments-transprofessionals","status":"publish","type":"page","link":"https:\/\/agora.xtec.cat\/cfavictorcatala\/ensenyaments\/ensenyaments-transprofessionals\/","title":{"rendered":"Ensenyaments transprofessionals"},"content":{"rendered":"<p data-start=\"174\" data-end=\"517\"><strong data-start=\"174\" data-end=\"194\">Qu\u00e8 \u00e9s COMPETIC?<\/strong><br data-start=\"194\" data-end=\"197\" \/>COMPETIC \u00e9s un programa d\u2019inform\u00e0tica i ofim\u00e0tica dirigit a persones adultes, amb l\u2019objectiu que adquireixin les compet\u00e8ncies digitals necess\u00e0ries per al m\u00f3n acad\u00e8mic i laboral. Els cursos combinen teoria i pr\u00e0ctica, permetent als alumnes utilitzar ordinadors, aplicacions i eines digitals de manera segura i eficient.<\/p>\n<p data-start=\"519\" data-end=\"532\"><strong data-start=\"519\" data-end=\"530\">Nivells<\/strong><\/p>\n<ul data-start=\"533\" data-end=\"1108\">\n<li data-start=\"533\" data-end=\"684\">\n<p data-start=\"535\" data-end=\"684\"><strong data-start=\"535\" data-end=\"550\">COMPETIC 1:<\/strong><br data-start=\"550\" data-end=\"553\" \/>Introducci\u00f3 a la inform\u00e0tica: \u00fas b\u00e0sic de l\u2019ordinador, gesti\u00f3 de fitxers, navegaci\u00f3 per internet i seguretat digital elemental.<\/p>\n<\/li>\n<li data-start=\"686\" data-end=\"901\">\n<p data-start=\"688\" data-end=\"901\"><strong data-start=\"688\" data-end=\"703\">COMPETIC 2:<\/strong><br data-start=\"703\" data-end=\"706\" \/>Ofim\u00e0tica b\u00e0sica i intermedi: processadors de text, fulls de c\u00e0lcul, presentacions i correu electr\u00f2nic. Desenvolupament de compet\u00e8ncies pr\u00e0ctiques per a tasques administratives i acad\u00e8miques.<\/p>\n<\/li>\n<li data-start=\"903\" data-end=\"1108\">\n<p data-start=\"905\" data-end=\"1108\"><strong data-start=\"905\" data-end=\"920\">COMPETIC 3:<\/strong><br data-start=\"920\" data-end=\"923\" \/>Ofim\u00e0tica avan\u00e7ada i aplicacions professionals: automatitzaci\u00f3 amb fulls de c\u00e0lcul, edici\u00f3 de documents complexos, presentacions professionals i \u00fas d\u2019eines col\u00b7laboratives en l\u00ednia.<\/p>\n<\/li>\n<\/ul>\n<p data-start=\"1110\" data-end=\"1230\"><strong data-start=\"1110\" data-end=\"1145\">Lleng\u00fces estrangeres integrades<\/strong><br data-start=\"1145\" data-end=\"1148\" \/>En el marc dels ensenyaments transprofessionals, els alumnes tamb\u00e9 poden cursar:<\/p>\n<ul data-start=\"1231\" data-end=\"1279\">\n<li data-start=\"1231\" data-end=\"1254\">\n<p data-start=\"1233\" data-end=\"1254\"><strong data-start=\"1233\" data-end=\"1252\">Angl\u00e8s 1, 2 i 3<\/strong><\/p>\n<\/li>\n<li data-start=\"1255\" data-end=\"1279\">\n<p data-start=\"1257\" data-end=\"1279\"><strong data-start=\"1257\" data-end=\"1277\">Franc\u00e8s 1, 2 i 3<\/strong><\/p>\n<\/li>\n<\/ul>\n<p data-start=\"1281\" data-end=\"1511\">Aquests cursos de llengua tenen com a objectiu que les persones adultes assoleixin un nivell funcional de comunicaci\u00f3 oral i escrita, segons els nivells A1, A2.1 i A2.2.<\/p>\n","protected":false},"excerpt":{"rendered":"<p>Qu\u00e8 \u00e9s COMPETIC?COMPETIC \u00e9s un programa d\u2019inform\u00e0tica i ofim\u00e0tica dirigit a persones adultes, amb l\u2019objectiu que adquireixin les compet\u00e8ncies digitals necess\u00e0ries per al m\u00f3n acad\u00e8mic i laboral. Els cursos combinen teoria i pr\u00e0ctica, permetent als alumnes utilitzar ordinadors, aplicacions i eines digitals de manera segura i eficient. Nivells COMPETIC 1:Introducci\u00f3 a la inform\u00e0tica: \u00fas b\u00e0sic [&hellip;]<\/p>\n","protected":false},"author":2,"featured_media":0,"parent":274,"menu_order":0,"comment_status":"closed","ping_status":"closed","template":"page-templates\/side-menu.php","meta":{"_bbp_topic_count":0,"_bbp_reply_count":0,"_bbp_total_topic_count":0,"_bbp_total_reply_count":0,"_bbp_voice_count":0,"_bbp_anonymous_reply_count":0,"_bbp_topic_count_hidden":0,"_bbp_reply_count_hidden":0,"_bbp_forum_subforum_count":0,"site-sidebar-layout":"default","site-content-layout":"","ast-site-content-layout":"","site-content-style":"default","site-sidebar-style":"default","ast-global-header-display":"","ast-banner-title-visibility":"","ast-main-header-display":"","ast-hfb-above-header-display":"","ast-hfb-below-header-display":"","ast-hfb-mobile-header-display":"","site-post-title":"","ast-breadcrumbs-content":"","ast-featured-img":"","footer-sml-layout":"","theme-transparent-header-meta":"","adv-header-id-meta":"","stick-header-meta":"","header-above-stick-meta":"","header-main-stick-meta":"","header-below-stick-meta":"","astra-migrate-meta-layouts":"default","ast-page-background-enabled":"default","ast-page-background-meta":{"desktop":{"background-color":"var(--ast-global-color-4)","background-image":"","background-repeat":"repeat","background-position":"center center","background-size":"auto","background-attachment":"scroll","background-type":"","background-media":"","overlay-type":"","overlay-color":"","overlay-opacity":"","overlay-gradient":""},"tablet":{"background-color":"","background-image":"","background-repeat":"repeat","background-position":"center center","background-size":"auto","background-attachment":"scroll","background-type":"","background-media":"","overlay-type":"","overlay-color":"","overlay-opacity":"","overlay-gradient":""},"mobile":{"background-color":"","background-image":"","background-repeat":"repeat","background-position":"center center","background-size":"auto","background-attachment":"scroll","background-type":"","background-media":"","overlay-type":"","overlay-color":"","overlay-opacity":"","overlay-gradient":""}},"ast-content-background-meta":{"desktop":{"background-color":"var(--ast-global-color-5)","background-image":"","background-repeat":"repeat","background-position":"center center","background-size":"auto","background-attachment":"scroll","background-type":"","background-media":"","overlay-type":"","overlay-color":"","overlay-opacity":"","overlay-gradient":""},"tablet":{"background-color":"var(--ast-global-color-5)","background-image":"","background-repeat":"repeat","background-position":"center center","background-size":"auto","background-attachment":"scroll","background-type":"","background-media":"","overlay-type":"","overlay-color":"","overlay-opacity":"","overlay-gradient":""},"mobile":{"background-color":"var(--ast-global-color-5)","background-image":"","background-repeat":"repeat","background-position":"center center","background-size":"auto","background-attachment":"scroll","background-type":"","background-media":"","overlay-type":"","overlay-color":"","overlay-opacity":"","overlay-gradient":""}},"footnotes":""},"class_list":["post-286","page","type-page","status-publish","hentry"],"post_mailing_queue_ids":[],"_links":{"self":[{"href":"https:\/\/agora.xtec.cat\/cfavictorcatala\/wp-json\/wp\/v2\/pages\/286","targetHints":{"allow":["GET"]}}],"collection":[{"href":"https:\/\/agora.xtec.cat\/cfavictorcatala\/wp-json\/wp\/v2\/pages"}],"about":[{"href":"https:\/\/agora.xtec.cat\/cfavictorcatala\/wp-json\/wp\/v2\/types\/page"}],"author":[{"embeddable":true,"href":"https:\/\/agora.xtec.cat\/cfavictorcatala\/wp-json\/wp\/v2\/users\/2"}],"replies":[{"embeddable":true,"href":"https:\/\/agora.xtec.cat\/cfavictorcatala\/wp-json\/wp\/v2\/comments?post=286"}],"version-history":[{"count":4,"href":"https:\/\/agora.xtec.cat\/cfavictorcatala\/wp-json\/wp\/v2\/pages\/286\/revisions"}],"predecessor-version":[{"id":2859,"href":"https:\/\/agora.xtec.cat\/cfavictorcatala\/wp-json\/wp\/v2\/pages\/286\/revisions\/2859"}],"up":[{"embeddable":true,"href":"https:\/\/agora.xtec.cat\/cfavictorcatala\/wp-json\/wp\/v2\/pages\/274"}],"wp:attachment":[{"href":"https:\/\/agora.xtec.cat\/cfavictorcatala\/wp-json\/wp\/v2\/media?parent=286"}],"curies":[{"name":"wp","href":"https:\/\/api.w.org\/{rel}","templated":true}]}}