{"id":274,"date":"2023-01-16T15:00:20","date_gmt":"2023-01-16T14:00:20","guid":{"rendered":"http:\/\/agora.xtec.cat\/cfavictorcatala\/?page_id=274"},"modified":"2026-02-12T18:54:13","modified_gmt":"2026-02-12T17:54:13","slug":"ensenyaments","status":"publish","type":"page","link":"https:\/\/agora.xtec.cat\/cfavictorcatala\/ensenyaments\/","title":{"rendered":"Ensenyaments"},"content":{"rendered":"<p data-start=\"180\" data-end=\"291\">Al nostre centre oferim una gran varietat d\u2019ensenyaments i programes adaptats a les necessitats dels alumnes:<\/p>\n<ul data-start=\"293\" data-end=\"878\">\n<li data-start=\"293\" data-end=\"326\">\n<p data-start=\"295\" data-end=\"326\"><strong data-start=\"295\" data-end=\"306\">Catal\u00e0:<\/strong> Nivells 1, 2 i 3.<\/p>\n<\/li>\n<li data-start=\"327\" data-end=\"362\">\n<p data-start=\"329\" data-end=\"362\"><strong data-start=\"329\" data-end=\"342\">Castell\u00e0:<\/strong> Nivells 1, 2 i 3.<\/p>\n<\/li>\n<li data-start=\"363\" data-end=\"396\">\n<p data-start=\"365\" data-end=\"396\"><strong data-start=\"365\" data-end=\"376\">Angl\u00e8s:<\/strong> Nivells 1, 2 i 3.<\/p>\n<\/li>\n<li data-start=\"397\" data-end=\"481\">\n<p data-start=\"399\" data-end=\"481\"><strong data-start=\"399\" data-end=\"411\">Franc\u00e8s:<\/strong> Nivells 1, 2 i 3.<\/p>\n<\/li>\n<li data-start=\"482\" data-end=\"532\">\n<p data-start=\"484\" data-end=\"532\"><strong data-start=\"484\" data-end=\"510\">FI (Formaci\u00f3 Instrumental):<\/strong> Nivells 1, 2 i 3\/4.<\/p>\n<\/li>\n<li data-start=\"533\" data-end=\"583\">\n<p data-start=\"535\" data-end=\"583\"><strong data-start=\"535\" data-end=\"543\">GES:<\/strong> Graduat en Educaci\u00f3 Secund\u00e0ria 1 i 2.<\/p>\n<\/li>\n<li data-start=\"584\" data-end=\"682\">\n<p data-start=\"586\" data-end=\"682\"><strong data-start=\"586\" data-end=\"619\">Preparaci\u00f3 de proves d\u2019acc\u00e9s:<\/strong> \u00c0mbit social i altres proves d\u2019acc\u00e9s a cicles i universitat.<\/p>\n<\/li>\n<li data-start=\"683\" data-end=\"878\">\n<p data-start=\"685\" data-end=\"711\"><strong data-start=\"685\" data-end=\"709\">Estudis a dist\u00e0ncia:<\/strong><\/p>\n<ul data-start=\"714\" data-end=\"878\">\n<li data-start=\"714\" data-end=\"764\">\n<p data-start=\"716\" data-end=\"764\"><strong data-start=\"716\" data-end=\"762\">Cicles Formatius de Grau Mitj\u00e0 i Superior.<\/strong><\/p>\n<\/li>\n<li data-start=\"767\" data-end=\"787\">\n<p data-start=\"769\" data-end=\"787\"><strong data-start=\"769\" data-end=\"785\">Batxillerat.<\/strong><\/p>\n<\/li>\n<li data-start=\"790\" data-end=\"823\">\n<p data-start=\"792\" data-end=\"823\"><strong data-start=\"792\" data-end=\"800\">EOI:<\/strong> Idiomes a dist\u00e0ncia.<\/p>\n<\/li>\n<li data-start=\"826\" data-end=\"878\">\n<p data-start=\"828\" data-end=\"878\"><strong data-start=\"828\" data-end=\"843\">UNED i UOC:<\/strong> Proves d\u2019acc\u00e9s, graus i m\u00e0sters.<\/p>\n<\/li>\n<\/ul>\n<\/li>\n<\/ul>\n<p data-start=\"880\" data-end=\"1057\">El nostre centre combina l\u2019ensenyament presencial i a dist\u00e0ncia, oferint un suport personalitzat per ajudar cada alumne a assolir els seus objectius acad\u00e8mics i professionals.<\/p>\n","protected":false},"excerpt":{"rendered":"<p>Al nostre centre oferim una gran varietat d\u2019ensenyaments i programes adaptats a les necessitats dels alumnes: Catal\u00e0: Nivells 1, 2 i 3. Castell\u00e0: Nivells 1, 2 i 3. Angl\u00e8s: Nivells 1, 2 i 3. Franc\u00e8s: Nivells 1, 2 i 3. FI (Formaci\u00f3 Instrumental): Nivells 1, 2 i 3\/4. GES: Graduat en Educaci\u00f3 Secund\u00e0ria 1 i [&hellip;]<\/p>\n","protected":false},"author":2,"featured_media":0,"parent":0,"menu_order":0,"comment_status":"closed","ping_status":"closed","template":"","meta":{"_bbp_topic_count":0,"_bbp_reply_count":0,"_bbp_total_topic_count":0,"_bbp_total_reply_count":0,"_bbp_voice_count":0,"_bbp_anonymous_reply_count":0,"_bbp_topic_count_hidden":0,"_bbp_reply_count_hidden":0,"_bbp_forum_subforum_count":0,"site-sidebar-layout":"default","site-content-layout":"","ast-site-content-layout":"default","site-content-style":"default","site-sidebar-style":"default","ast-global-header-display":"","ast-banner-title-visibility":"","ast-main-header-display":"","ast-hfb-above-header-display":"","ast-hfb-below-header-display":"","ast-hfb-mobile-header-display":"","site-post-title":"","ast-breadcrumbs-content":"","ast-featured-img":"","footer-sml-layout":"","theme-transparent-header-meta":"default","adv-header-id-meta":"","stick-header-meta":"","header-above-stick-meta":"","header-main-stick-meta":"","header-below-stick-meta":"","astra-migrate-meta-layouts":"set","ast-page-background-enabled":"default","ast-page-background-meta":{"desktop":{"background-color":"var(--ast-global-color-4)","background-image":"","background-repeat":"repeat","background-position":"center center","background-size":"auto","background-attachment":"scroll","background-type":"","background-media":"","overlay-type":"","overlay-color":"","overlay-opacity":"","overlay-gradient":""},"tablet":{"background-color":"","background-image":"","background-repeat":"repeat","background-position":"center center","background-size":"auto","background-attachment":"scroll","background-type":"","background-media":"","overlay-type":"","overlay-color":"","overlay-opacity":"","overlay-gradient":""},"mobile":{"background-color":"","background-image":"","background-repeat":"repeat","background-position":"center center","background-size":"auto","background-attachment":"scroll","background-type":"","background-media":"","overlay-type":"","overlay-color":"","overlay-opacity":"","overlay-gradient":""}},"ast-content-background-meta":{"desktop":{"background-color":"var(--ast-global-color-5)","background-image":"","background-repeat":"repeat","background-position":"center center","background-size":"auto","background-attachment":"scroll","background-type":"","background-media":"","overlay-type":"","overlay-color":"","overlay-opacity":"","overlay-gradient":""},"tablet":{"background-color":"var(--ast-global-color-5)","background-image":"","background-repeat":"repeat","background-position":"center center","background-size":"auto","background-attachment":"scroll","background-type":"","background-media":"","overlay-type":"","overlay-color":"","overlay-opacity":"","overlay-gradient":""},"mobile":{"background-color":"var(--ast-global-color-5)","background-image":"","background-repeat":"repeat","background-position":"center center","background-size":"auto","background-attachment":"scroll","background-type":"","background-media":"","overlay-type":"","overlay-color":"","overlay-opacity":"","overlay-gradient":""}},"footnotes":""},"class_list":["post-274","page","type-page","status-publish","hentry"],"post_mailing_queue_ids":[],"_links":{"self":[{"href":"https:\/\/agora.xtec.cat\/cfavictorcatala\/wp-json\/wp\/v2\/pages\/274","targetHints":{"allow":["GET"]}}],"collection":[{"href":"https:\/\/agora.xtec.cat\/cfavictorcatala\/wp-json\/wp\/v2\/pages"}],"about":[{"href":"https:\/\/agora.xtec.cat\/cfavictorcatala\/wp-json\/wp\/v2\/types\/page"}],"author":[{"embeddable":true,"href":"https:\/\/agora.xtec.cat\/cfavictorcatala\/wp-json\/wp\/v2\/users\/2"}],"replies":[{"embeddable":true,"href":"https:\/\/agora.xtec.cat\/cfavictorcatala\/wp-json\/wp\/v2\/comments?post=274"}],"version-history":[{"count":6,"href":"https:\/\/agora.xtec.cat\/cfavictorcatala\/wp-json\/wp\/v2\/pages\/274\/revisions"}],"predecessor-version":[{"id":2916,"href":"https:\/\/agora.xtec.cat\/cfavictorcatala\/wp-json\/wp\/v2\/pages\/274\/revisions\/2916"}],"wp:attachment":[{"href":"https:\/\/agora.xtec.cat\/cfavictorcatala\/wp-json\/wp\/v2\/media?parent=274"}],"curies":[{"name":"wp","href":"https:\/\/api.w.org\/{rel}","templated":true}]}}