{"id":265,"date":"2015-01-27T17:28:56","date_gmt":"2015-01-27T16:28:56","guid":{"rendered":"http:\/\/agora.xtec.cat\/cfavictorcatala\/?page_id=265"},"modified":"2026-02-05T19:33:41","modified_gmt":"2026-02-05T18:33:41","slug":"organitzacio-interna","status":"publish","type":"page","link":"https:\/\/agora.xtec.cat\/cfavictorcatala\/el-centre\/organitzacio-interna\/","title":{"rendered":"Organitzaci\u00f3 interna"},"content":{"rendered":"<p data-start=\"97\" data-end=\"137\"><strong data-start=\"97\" data-end=\"137\">Els membres de l\u2019Equip Directiu s\u00f3n:<\/strong><\/p>\n<ul>\n<li data-start=\"141\" data-end=\"164\"><strong data-start=\"141\" data-end=\"155\">Directora:<\/strong> Mireia<\/li>\n<li data-start=\"167\" data-end=\"191\"><strong data-start=\"167\" data-end=\"185\">Cap d\u2019Estudis:<\/strong> Bea<\/li>\n<li data-start=\"194\" data-end=\"218\"><strong data-start=\"194\" data-end=\"209\">Secret\u00e0ria:<\/strong> Andrea<\/li>\n<\/ul>\n<p data-start=\"220\" data-end=\"274\"><strong data-start=\"220\" data-end=\"274\">Els diferents coordinadors del curs 2025-2026 s\u00f3n:<\/strong><\/p>\n<ul>\n<li data-start=\"278\" data-end=\"312\"><strong data-start=\"278\" data-end=\"304\">Formaci\u00f3 Instrumental (FI):<\/strong> N\u00faria<\/li>\n<li data-start=\"315\" data-end=\"350\"><strong data-start=\"315\" data-end=\"340\">Graduat en Educaci\u00f3 Secund\u00e0ria i PPACFGS:<\/strong> Ariadna<\/li>\n<li data-start=\"353\" data-end=\"372\"><strong data-start=\"353\" data-end=\"365\">Digital \/ Competic:<\/strong> Vero<\/li>\n<li data-start=\"375\" data-end=\"391\"><strong data-start=\"375\" data-end=\"383\">Lleng\u00fces d&#8217;acollida (LAC):<\/strong> Karen<\/li>\n<li data-start=\"394\" data-end=\"425\"><strong data-start=\"394\" data-end=\"418\">Estudis a Dist\u00e0ncia:<\/strong> Eric<\/li>\n<li data-start=\"428\" data-end=\"448\"><strong data-start=\"428\" data-end=\"436\">Lleng\u00fces estrangeres (LES):<\/strong> Jacqueline<\/li>\n<li data-start=\"451\" data-end=\"492\"><strong data-start=\"451\" data-end=\"483\">Prevenci\u00f3 i Riscos laborals (PRL):<\/strong> Marina<\/li>\n<li data-start=\"495\" data-end=\"514\"><strong data-start=\"495\" data-end=\"506\">Conviv\u00e8ncia i Benestar de l&#8217;Alumnat (COCOBE):<\/strong> Mart\u00ed<\/li>\n<\/ul>\n","protected":false},"excerpt":{"rendered":"<p>Els membres de l\u2019Equip Directiu s\u00f3n: Directora: Mireia Cap d\u2019Estudis: Bea Secret\u00e0ria: Andrea Els diferents coordinadors del curs 2025-2026 s\u00f3n: Formaci\u00f3 Instrumental (FI): N\u00faria Graduat en Educaci\u00f3 Secund\u00e0ria i PPACFGS: Ariadna Digital \/ Competic: Vero Lleng\u00fces d&#8217;acollida (LAC): Karen Estudis a Dist\u00e0ncia: Eric Lleng\u00fces estrangeres (LES): Jacqueline Prevenci\u00f3 i Riscos laborals (PRL): Marina Conviv\u00e8ncia i [&hellip;]<\/p>\n","protected":false},"author":2,"featured_media":0,"parent":261,"menu_order":40,"comment_status":"closed","ping_status":"closed","template":"page-templates\/side-menu.php","meta":{"_bbp_topic_count":0,"_bbp_reply_count":0,"_bbp_total_topic_count":0,"_bbp_total_reply_count":0,"_bbp_voice_count":0,"_bbp_anonymous_reply_count":0,"_bbp_topic_count_hidden":0,"_bbp_reply_count_hidden":0,"_bbp_forum_subforum_count":0,"site-sidebar-layout":"default","site-content-layout":"","ast-site-content-layout":"","site-content-style":"default","site-sidebar-style":"default","ast-global-header-display":"","ast-banner-title-visibility":"","ast-main-header-display":"","ast-hfb-above-header-display":"","ast-hfb-below-header-display":"","ast-hfb-mobile-header-display":"","site-post-title":"","ast-breadcrumbs-content":"","ast-featured-img":"","footer-sml-layout":"","theme-transparent-header-meta":"","adv-header-id-meta":"","stick-header-meta":"","header-above-stick-meta":"","header-main-stick-meta":"","header-below-stick-meta":"","astra-migrate-meta-layouts":"default","ast-page-background-enabled":"default","ast-page-background-meta":{"desktop":{"background-color":"var(--ast-global-color-4)","background-image":"","background-repeat":"repeat","background-position":"center center","background-size":"auto","background-attachment":"scroll","background-type":"","background-media":"","overlay-type":"","overlay-color":"","overlay-opacity":"","overlay-gradient":""},"tablet":{"background-color":"","background-image":"","background-repeat":"repeat","background-position":"center center","background-size":"auto","background-attachment":"scroll","background-type":"","background-media":"","overlay-type":"","overlay-color":"","overlay-opacity":"","overlay-gradient":""},"mobile":{"background-color":"","background-image":"","background-repeat":"repeat","background-position":"center center","background-size":"auto","background-attachment":"scroll","background-type":"","background-media":"","overlay-type":"","overlay-color":"","overlay-opacity":"","overlay-gradient":""}},"ast-content-background-meta":{"desktop":{"background-color":"var(--ast-global-color-5)","background-image":"","background-repeat":"repeat","background-position":"center center","background-size":"auto","background-attachment":"scroll","background-type":"","background-media":"","overlay-type":"","overlay-color":"","overlay-opacity":"","overlay-gradient":""},"tablet":{"background-color":"var(--ast-global-color-5)","background-image":"","background-repeat":"repeat","background-position":"center center","background-size":"auto","background-attachment":"scroll","background-type":"","background-media":"","overlay-type":"","overlay-color":"","overlay-opacity":"","overlay-gradient":""},"mobile":{"background-color":"var(--ast-global-color-5)","background-image":"","background-repeat":"repeat","background-position":"center center","background-size":"auto","background-attachment":"scroll","background-type":"","background-media":"","overlay-type":"","overlay-color":"","overlay-opacity":"","overlay-gradient":""}},"footnotes":""},"class_list":["post-265","page","type-page","status-publish","hentry"],"post_mailing_queue_ids":[],"_links":{"self":[{"href":"https:\/\/agora.xtec.cat\/cfavictorcatala\/wp-json\/wp\/v2\/pages\/265","targetHints":{"allow":["GET"]}}],"collection":[{"href":"https:\/\/agora.xtec.cat\/cfavictorcatala\/wp-json\/wp\/v2\/pages"}],"about":[{"href":"https:\/\/agora.xtec.cat\/cfavictorcatala\/wp-json\/wp\/v2\/types\/page"}],"author":[{"embeddable":true,"href":"https:\/\/agora.xtec.cat\/cfavictorcatala\/wp-json\/wp\/v2\/users\/2"}],"replies":[{"embeddable":true,"href":"https:\/\/agora.xtec.cat\/cfavictorcatala\/wp-json\/wp\/v2\/comments?post=265"}],"version-history":[{"count":7,"href":"https:\/\/agora.xtec.cat\/cfavictorcatala\/wp-json\/wp\/v2\/pages\/265\/revisions"}],"predecessor-version":[{"id":2794,"href":"https:\/\/agora.xtec.cat\/cfavictorcatala\/wp-json\/wp\/v2\/pages\/265\/revisions\/2794"}],"up":[{"embeddable":true,"href":"https:\/\/agora.xtec.cat\/cfavictorcatala\/wp-json\/wp\/v2\/pages\/261"}],"wp:attachment":[{"href":"https:\/\/agora.xtec.cat\/cfavictorcatala\/wp-json\/wp\/v2\/media?parent=265"}],"curies":[{"name":"wp","href":"https:\/\/api.w.org\/{rel}","templated":true}]}}