{"id":1609,"date":"2019-10-02T14:46:29","date_gmt":"2019-10-02T12:46:29","guid":{"rendered":"http:\/\/agora.xtec.cat\/cfavictorcatala\/?page_id=1609"},"modified":"2026-02-12T17:19:56","modified_gmt":"2026-02-12T16:19:56","slug":"preparacio-proves-dacces-a-cicles-formatius-de-grau-superior","status":"publish","type":"page","link":"https:\/\/agora.xtec.cat\/cfavictorcatala\/ensenyaments\/educacio-general-i-acces-al-sistema-educatiu\/preparacio-proves-dacces-a-cicles-formatius-de-grau-superior\/","title":{"rendered":"Preparaci\u00f3 proves d&#8217;acc\u00e9s a cicles formatius de grau superior"},"content":{"rendered":"<h2 data-start=\"155\" data-end=\"231\">Preparaci\u00f3 per a les proves d\u2019acc\u00e9s a cicles formatius de grau superior<\/h2>\n<h3 data-start=\"233\" data-end=\"251\">Organitzaci\u00f3<\/h3>\n<p data-start=\"252\" data-end=\"362\">Aquests estudis preparen l\u2019alumnat per presentar-se a les <strong data-start=\"310\" data-end=\"356\">proves d\u2019acc\u00e9s als cicles de grau superior<\/strong> de:<\/p>\n<ul data-start=\"363\" data-end=\"445\">\n<li data-start=\"363\" data-end=\"388\">\n<p data-start=\"365\" data-end=\"388\">Formaci\u00f3 professional<\/p>\n<\/li>\n<li data-start=\"389\" data-end=\"418\">\n<p data-start=\"391\" data-end=\"418\">Arts pl\u00e0stiques i disseny<\/p>\n<\/li>\n<li data-start=\"419\" data-end=\"445\">\n<p data-start=\"421\" data-end=\"445\">Ensenyaments esportius<\/p>\n<\/li>\n<\/ul>\n<p data-start=\"447\" data-end=\"481\">L\u2019alumnat pot escollir preparar:<\/p>\n<ul data-start=\"482\" data-end=\"567\">\n<li data-start=\"482\" data-end=\"516\">\n<p data-start=\"484\" data-end=\"516\">La <strong data-start=\"487\" data-end=\"502\">part comuna<\/strong> de la prova<\/p>\n<\/li>\n<li data-start=\"517\" data-end=\"543\">\n<p data-start=\"519\" data-end=\"543\">La <strong data-start=\"522\" data-end=\"541\">part espec\u00edfica<\/strong><\/p>\n<\/li>\n<li data-start=\"544\" data-end=\"567\">\n<p data-start=\"546\" data-end=\"567\">O <strong data-start=\"548\" data-end=\"565\">ambdues parts<\/strong><\/p>\n<\/li>\n<\/ul>\n<h3 data-start=\"569\" data-end=\"581\">Durada<\/h3>\n<ul data-start=\"582\" data-end=\"677\">\n<li data-start=\"582\" data-end=\"619\">\n<p data-start=\"584\" data-end=\"619\"><strong data-start=\"584\" data-end=\"600\">Part comuna:<\/strong> 300 hores anuals<\/p>\n<\/li>\n<li data-start=\"620\" data-end=\"677\">\n<p data-start=\"622\" data-end=\"677\"><strong data-start=\"622\" data-end=\"642\">Part espec\u00edfica:<\/strong> 99 hores per a les dues mat\u00e8ries<\/p>\n<\/li>\n<\/ul>\n<h3 data-start=\"679\" data-end=\"695\">Curr\u00edculum<\/h3>\n<p data-start=\"696\" data-end=\"884\"><a class=\"decorated-link cursor-pointer\" target=\"_new\" rel=\"noopener\" data-start=\"696\" data-end=\"882\">Consulta el curr\u00edculum oficial<\/a><\/p>\n<h3 data-start=\"886\" data-end=\"919\">Efectes de superar la prova<\/h3>\n<p data-start=\"920\" data-end=\"969\">Haver superat la prova d\u2019acc\u00e9s a grau superior:<\/p>\n<ul data-start=\"970\" data-end=\"1398\">\n<li data-start=\"970\" data-end=\"1054\">\n<p data-start=\"972\" data-end=\"1054\">Permet l\u2019acc\u00e9s a qualsevol cicle de grau superior de la <strong data-start=\"1028\" data-end=\"1045\">mateixa opci\u00f3<\/strong> triada<\/p>\n<\/li>\n<li data-start=\"1055\" data-end=\"1142\">\n<p data-start=\"1057\" data-end=\"1142\">Permet l\u2019acc\u00e9s a qualsevol cicle de <strong data-start=\"1093\" data-end=\"1140\">grau mitj\u00e0 de formaci\u00f3 professional inicial<\/strong><\/p>\n<\/li>\n<li data-start=\"1143\" data-end=\"1249\">\n<p data-start=\"1145\" data-end=\"1249\">Substitueix la <strong data-start=\"1160\" data-end=\"1195\">part comuna de la prova d\u2019acc\u00e9s<\/strong> a grau mitj\u00e0 o superior d\u2019arts pl\u00e0stiques i disseny<\/p>\n<\/li>\n<li data-start=\"1250\" data-end=\"1398\">\n<p data-start=\"1252\" data-end=\"1398\">Permet l\u2019acc\u00e9s a qualsevol cicle de grau mitj\u00e0 o superior dels <strong data-start=\"1315\" data-end=\"1341\">ensenyaments esportius<\/strong>, sempre que es compleixin els altres requisits d\u2019acc\u00e9s<\/p>\n<\/li>\n<\/ul>\n","protected":false},"excerpt":{"rendered":"<p>Preparaci\u00f3 per a les proves d\u2019acc\u00e9s a cicles formatius de grau superior Organitzaci\u00f3 Aquests estudis preparen l\u2019alumnat per presentar-se a les proves d\u2019acc\u00e9s als cicles de grau superior de: Formaci\u00f3 professional Arts pl\u00e0stiques i disseny Ensenyaments esportius L\u2019alumnat pot escollir preparar: La part comuna de la prova La part espec\u00edfica O ambdues parts Durada Part [&hellip;]<\/p>\n","protected":false},"author":1,"featured_media":0,"parent":1589,"menu_order":0,"comment_status":"closed","ping_status":"closed","template":"page-templates\/side-menu.php","meta":{"_bbp_topic_count":0,"_bbp_reply_count":0,"_bbp_total_topic_count":0,"_bbp_total_reply_count":0,"_bbp_voice_count":0,"_bbp_anonymous_reply_count":0,"_bbp_topic_count_hidden":0,"_bbp_reply_count_hidden":0,"_bbp_forum_subforum_count":0,"site-sidebar-layout":"default","site-content-layout":"","ast-site-content-layout":"","site-content-style":"default","site-sidebar-style":"default","ast-global-header-display":"","ast-banner-title-visibility":"","ast-main-header-display":"","ast-hfb-above-header-display":"","ast-hfb-below-header-display":"","ast-hfb-mobile-header-display":"","site-post-title":"","ast-breadcrumbs-content":"","ast-featured-img":"","footer-sml-layout":"","theme-transparent-header-meta":"","adv-header-id-meta":"","stick-header-meta":"","header-above-stick-meta":"","header-main-stick-meta":"","header-below-stick-meta":"","astra-migrate-meta-layouts":"default","ast-page-background-enabled":"default","ast-page-background-meta":{"desktop":{"background-color":"var(--ast-global-color-4)","background-image":"","background-repeat":"repeat","background-position":"center center","background-size":"auto","background-attachment":"scroll","background-type":"","background-media":"","overlay-type":"","overlay-color":"","overlay-opacity":"","overlay-gradient":""},"tablet":{"background-color":"","background-image":"","background-repeat":"repeat","background-position":"center center","background-size":"auto","background-attachment":"scroll","background-type":"","background-media":"","overlay-type":"","overlay-color":"","overlay-opacity":"","overlay-gradient":""},"mobile":{"background-color":"","background-image":"","background-repeat":"repeat","background-position":"center center","background-size":"auto","background-attachment":"scroll","background-type":"","background-media":"","overlay-type":"","overlay-color":"","overlay-opacity":"","overlay-gradient":""}},"ast-content-background-meta":{"desktop":{"background-color":"var(--ast-global-color-5)","background-image":"","background-repeat":"repeat","background-position":"center center","background-size":"auto","background-attachment":"scroll","background-type":"","background-media":"","overlay-type":"","overlay-color":"","overlay-opacity":"","overlay-gradient":""},"tablet":{"background-color":"var(--ast-global-color-5)","background-image":"","background-repeat":"repeat","background-position":"center center","background-size":"auto","background-attachment":"scroll","background-type":"","background-media":"","overlay-type":"","overlay-color":"","overlay-opacity":"","overlay-gradient":""},"mobile":{"background-color":"var(--ast-global-color-5)","background-image":"","background-repeat":"repeat","background-position":"center center","background-size":"auto","background-attachment":"scroll","background-type":"","background-media":"","overlay-type":"","overlay-color":"","overlay-opacity":"","overlay-gradient":""}},"footnotes":""},"class_list":["post-1609","page","type-page","status-publish","hentry"],"post_mailing_queue_ids":[],"_links":{"self":[{"href":"https:\/\/agora.xtec.cat\/cfavictorcatala\/wp-json\/wp\/v2\/pages\/1609","targetHints":{"allow":["GET"]}}],"collection":[{"href":"https:\/\/agora.xtec.cat\/cfavictorcatala\/wp-json\/wp\/v2\/pages"}],"about":[{"href":"https:\/\/agora.xtec.cat\/cfavictorcatala\/wp-json\/wp\/v2\/types\/page"}],"author":[{"embeddable":true,"href":"https:\/\/agora.xtec.cat\/cfavictorcatala\/wp-json\/wp\/v2\/users\/1"}],"replies":[{"embeddable":true,"href":"https:\/\/agora.xtec.cat\/cfavictorcatala\/wp-json\/wp\/v2\/comments?post=1609"}],"version-history":[{"count":5,"href":"https:\/\/agora.xtec.cat\/cfavictorcatala\/wp-json\/wp\/v2\/pages\/1609\/revisions"}],"predecessor-version":[{"id":2858,"href":"https:\/\/agora.xtec.cat\/cfavictorcatala\/wp-json\/wp\/v2\/pages\/1609\/revisions\/2858"}],"up":[{"embeddable":true,"href":"https:\/\/agora.xtec.cat\/cfavictorcatala\/wp-json\/wp\/v2\/pages\/1589"}],"wp:attachment":[{"href":"https:\/\/agora.xtec.cat\/cfavictorcatala\/wp-json\/wp\/v2\/media?parent=1609"}],"curies":[{"name":"wp","href":"https:\/\/api.w.org\/{rel}","templated":true}]}}