{"id":1604,"date":"2019-10-02T14:26:54","date_gmt":"2019-10-02T12:26:54","guid":{"rendered":"http:\/\/agora.xtec.cat\/cfavictorcatala\/?page_id=1604"},"modified":"2026-02-12T17:24:38","modified_gmt":"2026-02-12T16:24:38","slug":"batxillerat","status":"publish","type":"page","link":"https:\/\/agora.xtec.cat\/cfavictorcatala\/ensenyaments\/estudis-a-distancia\/batxillerat\/","title":{"rendered":"Batxillerat a trav\u00e9s de l&#8217;IOC (Estudis a dist\u00e0ncia)"},"content":{"rendered":"<p><strong><strong>Organitzaci\u00f3<\/strong><\/strong><\/p>\n<p>Es poden cursar estudis de Batxillerat a dist\u00e0ncia a trav\u00e9s de l&#8217;IOC (Institut Obert de Catalunya).<\/p>\n<hr \/>\n<p><strong><strong>Requisits<\/strong><\/strong><\/p>\n<ul>\n<li>DNI, passaport o NIE en vig\u00e8ncia<\/li>\n<li>Per accedir al batxillerat cal tenir algun dels t\u00edtols seg\u00fcents:\n<ul>\n<li>Graduat en educaci\u00f3 secund\u00e0ria obligat\u00f2ria (GESO)<\/li>\n<li>T\u00e8cnic d\u2019un cicle formatiu de grau mitj\u00e0 o t\u00e8cnic superior d\u2019un cicle formatiu de grau superior (en aquests casos es pot demanar la convalidaci\u00f3 de mat\u00e8ries espec\u00edfiques i del treball de recerca)<\/li>\n<li>Haver cursat estudis de sistemes educatius estrangers homologats al t\u00edtol de GESO o al t\u00edtol de t\u00e8cnic. L&#8217;homologaci\u00f3 s&#8217;acredita amb la credencial corresponent o, si encara est\u00e0 en tr\u00e0mit, presentant el &#8220;Volant per a la inscripci\u00f3 condicional en centres educatius&#8221;<\/li>\n<\/ul>\n<\/li>\n<\/ul>\n<hr \/>\n<p><strong><strong>Oferta formativa<\/strong><\/strong><\/p>\n<ul>\n<li>Humanitats i ci\u00e8ncies socials<\/li>\n<li>Ci\u00e8ncies i tecnologies<\/li>\n<li>Arts (Pl\u00e0stiques i esc\u00e8niques)<\/li>\n<\/ul>\n<p>Pots consultar m\u00e9s informaci\u00f3 al web oficial de l\u2019IOC: <a href=\"https:\/\/ioc.xtec.cat\/educacio\/batxillerat-ioc\" target=\"_blank\" rel=\"noopener\">https:\/\/ioc.xtec.cat\/educacio\/batxillerat-ioc<\/a><\/p>\n<hr \/>\n<p>&nbsp;<\/p>\n","protected":false},"excerpt":{"rendered":"<p>Organitzaci\u00f3 Es poden cursar estudis de Batxillerat a dist\u00e0ncia a trav\u00e9s de l&#8217;IOC (Institut Obert de Catalunya). Requisits DNI, passaport o NIE en vig\u00e8ncia Per accedir al batxillerat cal tenir algun dels t\u00edtols seg\u00fcents: Graduat en educaci\u00f3 secund\u00e0ria obligat\u00f2ria (GESO) T\u00e8cnic d\u2019un cicle formatiu de grau mitj\u00e0 o t\u00e8cnic superior d\u2019un cicle formatiu de grau [&hellip;]<\/p>\n","protected":false},"author":1,"featured_media":0,"parent":2665,"menu_order":0,"comment_status":"closed","ping_status":"closed","template":"page-templates\/side-menu.php","meta":{"_bbp_topic_count":0,"_bbp_reply_count":0,"_bbp_total_topic_count":0,"_bbp_total_reply_count":0,"_bbp_voice_count":0,"_bbp_anonymous_reply_count":0,"_bbp_topic_count_hidden":0,"_bbp_reply_count_hidden":0,"_bbp_forum_subforum_count":0,"site-sidebar-layout":"default","site-content-layout":"","ast-site-content-layout":"","site-content-style":"default","site-sidebar-style":"default","ast-global-header-display":"","ast-banner-title-visibility":"","ast-main-header-display":"","ast-hfb-above-header-display":"","ast-hfb-below-header-display":"","ast-hfb-mobile-header-display":"","site-post-title":"","ast-breadcrumbs-content":"","ast-featured-img":"","footer-sml-layout":"","theme-transparent-header-meta":"","adv-header-id-meta":"","stick-header-meta":"","header-above-stick-meta":"","header-main-stick-meta":"","header-below-stick-meta":"","astra-migrate-meta-layouts":"default","ast-page-background-enabled":"default","ast-page-background-meta":{"desktop":{"background-color":"var(--ast-global-color-4)","background-image":"","background-repeat":"repeat","background-position":"center center","background-size":"auto","background-attachment":"scroll","background-type":"","background-media":"","overlay-type":"","overlay-color":"","overlay-opacity":"","overlay-gradient":""},"tablet":{"background-color":"","background-image":"","background-repeat":"repeat","background-position":"center center","background-size":"auto","background-attachment":"scroll","background-type":"","background-media":"","overlay-type":"","overlay-color":"","overlay-opacity":"","overlay-gradient":""},"mobile":{"background-color":"","background-image":"","background-repeat":"repeat","background-position":"center center","background-size":"auto","background-attachment":"scroll","background-type":"","background-media":"","overlay-type":"","overlay-color":"","overlay-opacity":"","overlay-gradient":""}},"ast-content-background-meta":{"desktop":{"background-color":"var(--ast-global-color-5)","background-image":"","background-repeat":"repeat","background-position":"center center","background-size":"auto","background-attachment":"scroll","background-type":"","background-media":"","overlay-type":"","overlay-color":"","overlay-opacity":"","overlay-gradient":""},"tablet":{"background-color":"var(--ast-global-color-5)","background-image":"","background-repeat":"repeat","background-position":"center center","background-size":"auto","background-attachment":"scroll","background-type":"","background-media":"","overlay-type":"","overlay-color":"","overlay-opacity":"","overlay-gradient":""},"mobile":{"background-color":"var(--ast-global-color-5)","background-image":"","background-repeat":"repeat","background-position":"center center","background-size":"auto","background-attachment":"scroll","background-type":"","background-media":"","overlay-type":"","overlay-color":"","overlay-opacity":"","overlay-gradient":""}},"footnotes":""},"class_list":["post-1604","page","type-page","status-publish","hentry"],"post_mailing_queue_ids":[],"_links":{"self":[{"href":"https:\/\/agora.xtec.cat\/cfavictorcatala\/wp-json\/wp\/v2\/pages\/1604","targetHints":{"allow":["GET"]}}],"collection":[{"href":"https:\/\/agora.xtec.cat\/cfavictorcatala\/wp-json\/wp\/v2\/pages"}],"about":[{"href":"https:\/\/agora.xtec.cat\/cfavictorcatala\/wp-json\/wp\/v2\/types\/page"}],"author":[{"embeddable":true,"href":"https:\/\/agora.xtec.cat\/cfavictorcatala\/wp-json\/wp\/v2\/users\/1"}],"replies":[{"embeddable":true,"href":"https:\/\/agora.xtec.cat\/cfavictorcatala\/wp-json\/wp\/v2\/comments?post=1604"}],"version-history":[{"count":7,"href":"https:\/\/agora.xtec.cat\/cfavictorcatala\/wp-json\/wp\/v2\/pages\/1604\/revisions"}],"predecessor-version":[{"id":2863,"href":"https:\/\/agora.xtec.cat\/cfavictorcatala\/wp-json\/wp\/v2\/pages\/1604\/revisions\/2863"}],"up":[{"embeddable":true,"href":"https:\/\/agora.xtec.cat\/cfavictorcatala\/wp-json\/wp\/v2\/pages\/2665"}],"wp:attachment":[{"href":"https:\/\/agora.xtec.cat\/cfavictorcatala\/wp-json\/wp\/v2\/media?parent=1604"}],"curies":[{"name":"wp","href":"https:\/\/api.w.org\/{rel}","templated":true}]}}