{"id":1602,"date":"2019-10-02T14:23:43","date_gmt":"2019-10-02T12:23:43","guid":{"rendered":"http:\/\/agora.xtec.cat\/cfavictorcatala\/?page_id=1602"},"modified":"2026-02-12T17:26:22","modified_gmt":"2026-02-12T16:26:22","slug":"carreres-universitaries","status":"publish","type":"page","link":"https:\/\/agora.xtec.cat\/cfavictorcatala\/ensenyaments\/estudis-a-distancia\/carreres-universitaries\/","title":{"rendered":"Universitat Nacional d&#8217;Educaci\u00f3 a Dist\u00e0ncia &#8211; UNED (Estudis a dist\u00e0ncia)"},"content":{"rendered":"<p><span style=\"color: #000000;\"><strong><strong>Carreres universit\u00e0ries<\/strong><\/strong><\/span><\/p>\n<p><span style=\"color: #000000;\">Es poden cursar graus universitaris a dist\u00e0ncia a trav\u00e9s de la UNED (Universidad Nacional de Educaci\u00f3n a Distancia).<\/span><\/p>\n<hr \/>\n<p><span style=\"color: #000000;\"><strong><strong>Oferta oficial de graus<\/strong><\/strong><\/span><\/p>\n<ul style=\"color: #2ca49c;\">\n<li><span style=\"color: #000000;\"><strong>Artes y Humanidades<\/strong><\/span>\n<ul>\n<li><span style=\"color: #000000;\">Grado en Antropolog\u00eda Social y Cultural<\/span><\/li>\n<li><span style=\"color: #000000;\">Grado en Estudios Ingleses: Lengua, Literatura y Cultura<\/span><\/li>\n<li><span style=\"color: #000000;\">Grado en Filosof\u00eda<\/span><\/li>\n<li><span style=\"color: #000000;\">Grado en Geograf\u00eda e Historia<\/span><\/li>\n<li><span style=\"color: #000000;\">Grado en Historia del Arte<\/span><\/li>\n<li><span style=\"color: #000000;\">Grado en Lengua y Literatura Espa\u00f1olas<\/span><\/li>\n<\/ul>\n<\/li>\n<li><span style=\"color: #000000;\"><strong>Ciencias<\/strong><\/span>\n<ul>\n<li><span style=\"color: #000000;\">Grado en Ciencias Ambientales<\/span><\/li>\n<li><span style=\"color: #000000;\">Grado en F\u00edsica<\/span><\/li>\n<li><span style=\"color: #000000;\">Grado en Matem\u00e1ticas<\/span><\/li>\n<li><span style=\"color: #000000;\">Grado en Qu\u00edmica<\/span><\/li>\n<\/ul>\n<\/li>\n<li><span style=\"color: #000000;\"><strong>Ciencias Sociales y Jur\u00eddicas<\/strong><\/span>\n<ul>\n<li><span style=\"color: #000000;\">Grado en Administraci\u00f3n y Direcci\u00f3n de Empresas<\/span><\/li>\n<li><span style=\"color: #000000;\">Grado en Ciencias Jur\u00eddicas de las Administraciones P\u00fablicas<\/span><\/li>\n<li><span style=\"color: #000000;\">Grado en Ciencia Pol\u00edtica y de la Administraci\u00f3n<\/span><\/li>\n<li><span style=\"color: #000000;\">Grado en Criminolog\u00eda<\/span><\/li>\n<li><span style=\"color: #000000;\">Grado en Derecho<\/span><\/li>\n<li><span style=\"color: #000000;\">Grado en Econom\u00eda<\/span><\/li>\n<li><span style=\"color: #000000;\">Grado en Educaci\u00f3n Infantil<\/span><\/li>\n<li><span style=\"color: #000000;\">Grado en Educaci\u00f3n Social<\/span><\/li>\n<li><span style=\"color: #000000;\">Grado en Pedagog\u00eda<\/span><\/li>\n<li><span style=\"color: #000000;\">Grado en Sociolog\u00eda<\/span><\/li>\n<li><span style=\"color: #000000;\">Grado en Trabajo Social<\/span><\/li>\n<li><span style=\"color: #000000;\">Grado en Turismo<\/span><\/li>\n<\/ul>\n<\/li>\n<li><span style=\"color: #000000;\"><strong>Ciencias de la Salud<\/strong><\/span>\n<ul>\n<li><span style=\"color: #000000;\">Grado en Psicolog\u00eda<\/span><\/li>\n<\/ul>\n<\/li>\n<li><span style=\"color: #000000;\"><strong>Ingenier\u00eda y Arquitectura<\/strong><\/span>\n<ul>\n<li><span style=\"color: #000000;\">Grado en Ingenier\u00eda de la Energ\u00eda<\/span><\/li>\n<li><span style=\"color: #000000;\">Grado en Ingenier\u00eda El\u00e9ctrica<\/span><\/li>\n<li><span style=\"color: #000000;\">Grado en Ingenier\u00eda en Electr\u00f3nica Industrial y Autom\u00e1tica<\/span><\/li>\n<li><span style=\"color: #000000;\">Grado en Ingenier\u00eda Mec\u00e1nica<\/span><\/li>\n<li><span style=\"color: #000000;\">Grado en Ingenier\u00eda en Tecnolog\u00edas Industriales<\/span><\/li>\n<li><span style=\"color: #000000;\">Grado en Ingenier\u00eda Inform\u00e1tica<\/span><\/li>\n<li><span style=\"color: #000000;\">Grado en Ingenier\u00eda en Tecnolog\u00edas de la Informaci\u00f3n<\/span><\/li>\n<\/ul>\n<\/li>\n<\/ul>\n<hr \/>\n<p><span style=\"color: #000000;\"><strong><strong>M\u00e0steres oficials universitaris de la Facultat de Dret (UNED)<\/strong><\/strong><\/span><\/p>\n<ul style=\"color: #2ca49c;\">\n<li><span style=\"color: #000000;\">Derecho de Familia y Sistemas Hereditarios<\/span><\/li>\n<li><span style=\"color: #000000;\">Derechos Fundamentales<\/span><\/li>\n<li><span style=\"color: #000000;\">Trabajo Social, Estado del Bienestar y Metodolog\u00edas de Intervenci\u00f3n Social<\/span><\/li>\n<li><span style=\"color: #000000;\">Uni\u00f3n Europea<\/span><\/li>\n<li><span style=\"color: #000000;\">Derechos Humanos<\/span><\/li>\n<\/ul>\n<hr \/>\n<p><span style=\"color: #000000;\">La UNED tamb\u00e9 ofereix els serveis d\u2019acc\u00e9s a la universitat per a majors de 25 anys i majors de 45 anys, amb dues vies:<\/span><\/p>\n<ul style=\"color: #2ca49c;\">\n<li><span style=\"color: #000000;\">Curs de preparaci\u00f3 amb suport (tutoritzacions, dos convocat\u00f2ries d\u2019ex\u00e0mens \u2013 maig\/juny i setembre, avaluaci\u00f3 cont\u00ednua\u2026)<\/span><\/li>\n<li><span style=\"color: #000000;\">Prova lliure (sense curs preparatori, una convocat\u00f2ria \u2013 maig\/juny)<\/span><\/li>\n<\/ul>\n<hr \/>\n<p><span style=\"color: #000000;\"><strong><strong>Estructura de les proves d&#8217;acc\u00e9s<\/strong><\/strong><\/span><\/p>\n<ul style=\"color: #2ca49c;\">\n<li><span style=\"color: #000000;\"><strong>Majors de 25 anys:<\/strong><\/span>\n<ul>\n<li><span style=\"color: #000000;\">Fase general: Comentari de text, Llengua castellana, Llengua estrangera (angl\u00e8s, franc\u00e8s, alemany, itali\u00e0 o portugu\u00e8s).<\/span><\/li>\n<li><span style=\"color: #000000;\">Fase espec\u00edfica: cal elegir 2 assignatures segons la branca: Arts y humanitats, Ci\u00e8ncies, Ci\u00e8ncies de la Salut, Ci\u00e8ncies Socials i Jur\u00eddiques o Enginyeria i Arquitectura.<\/span><\/li>\n<\/ul>\n<\/li>\n<li><span style=\"color: #000000;\"><strong>Majors de 45 anys:<\/strong><\/span>\n<ul>\n<li><span style=\"color: #000000;\">Prova escrita: Comentari de text i Llengua castellana.<\/span><\/li>\n<li><span style=\"color: #000000;\">Entrevista personal obligat\u00f2ria: q\u00fcestionari escrit, amb resultat \u201cApte\u201d per superar-la.<\/span><\/li>\n<\/ul>\n<\/li>\n<\/ul>\n<hr \/>\n<p><span style=\"color: #000000;\"><strong><strong>Requisits GRAUS<\/strong><\/strong><\/span><\/p>\n<ul>\n<li><span style=\"color: #000000;\">DNI, passaport o NIE en vig\u00e8ncia.<\/span><\/li>\n<li><span style=\"color: #000000;\">T\u00edtol de T\u00e8cnic\/a Superior de Formaci\u00f3 Professional, superaci\u00f3 de la selectivitat o prova d\u2019acc\u00e9s a la universitat, diplomatura o llicenciatura.<\/span><\/li>\n<\/ul>\n<hr \/>\n<p><span style=\"color: #000000;\"><strong><strong>Matr\u00edcula i organitzaci\u00f3 de la prova +25\/45<\/strong><\/strong><\/span><\/p>\n<ul style=\"color: #2ca49c;\">\n<li><span style=\"color: #000000;\">El curs t\u00e9 convocat\u00f2ries a maig\/juny i setembre, i la prova lliure nom\u00e9s a maig\/juny.<\/span><\/li>\n<li><span style=\"color: #000000;\">La matr\u00edcula per a la prova lliure sol fer-se entre febrer i mar\u00e7 (per exemple, del 3 de febrer al 18 de mar\u00e7 de 2025).<\/span><\/li>\n<li><span style=\"color: #000000;\">Els certificats (resultats oficials) es poden sol\u00b7licitar al Campus UNED uns 15 dies despr\u00e9s de publicar-se les notes i revisar-les.<\/span><\/li>\n<\/ul>\n","protected":false},"excerpt":{"rendered":"<p>Carreres universit\u00e0ries Es poden cursar graus universitaris a dist\u00e0ncia a trav\u00e9s de la UNED (Universidad Nacional de Educaci\u00f3n a Distancia). Oferta oficial de graus Artes y Humanidades Grado en Antropolog\u00eda Social y Cultural Grado en Estudios Ingleses: Lengua, Literatura y Cultura Grado en Filosof\u00eda Grado en Geograf\u00eda e Historia Grado en Historia del Arte Grado [&hellip;]<\/p>\n","protected":false},"author":1,"featured_media":0,"parent":2665,"menu_order":0,"comment_status":"closed","ping_status":"closed","template":"page-templates\/side-menu.php","meta":{"_bbp_topic_count":0,"_bbp_reply_count":0,"_bbp_total_topic_count":0,"_bbp_total_reply_count":0,"_bbp_voice_count":0,"_bbp_anonymous_reply_count":0,"_bbp_topic_count_hidden":0,"_bbp_reply_count_hidden":0,"_bbp_forum_subforum_count":0,"site-sidebar-layout":"default","site-content-layout":"","ast-site-content-layout":"","site-content-style":"default","site-sidebar-style":"default","ast-global-header-display":"","ast-banner-title-visibility":"","ast-main-header-display":"","ast-hfb-above-header-display":"","ast-hfb-below-header-display":"","ast-hfb-mobile-header-display":"","site-post-title":"","ast-breadcrumbs-content":"","ast-featured-img":"","footer-sml-layout":"","theme-transparent-header-meta":"","adv-header-id-meta":"","stick-header-meta":"","header-above-stick-meta":"","header-main-stick-meta":"","header-below-stick-meta":"","astra-migrate-meta-layouts":"default","ast-page-background-enabled":"default","ast-page-background-meta":{"desktop":{"background-color":"var(--ast-global-color-4)","background-image":"","background-repeat":"repeat","background-position":"center center","background-size":"auto","background-attachment":"scroll","background-type":"","background-media":"","overlay-type":"","overlay-color":"","overlay-opacity":"","overlay-gradient":""},"tablet":{"background-color":"","background-image":"","background-repeat":"repeat","background-position":"center center","background-size":"auto","background-attachment":"scroll","background-type":"","background-media":"","overlay-type":"","overlay-color":"","overlay-opacity":"","overlay-gradient":""},"mobile":{"background-color":"","background-image":"","background-repeat":"repeat","background-position":"center center","background-size":"auto","background-attachment":"scroll","background-type":"","background-media":"","overlay-type":"","overlay-color":"","overlay-opacity":"","overlay-gradient":""}},"ast-content-background-meta":{"desktop":{"background-color":"var(--ast-global-color-5)","background-image":"","background-repeat":"repeat","background-position":"center center","background-size":"auto","background-attachment":"scroll","background-type":"","background-media":"","overlay-type":"","overlay-color":"","overlay-opacity":"","overlay-gradient":""},"tablet":{"background-color":"var(--ast-global-color-5)","background-image":"","background-repeat":"repeat","background-position":"center center","background-size":"auto","background-attachment":"scroll","background-type":"","background-media":"","overlay-type":"","overlay-color":"","overlay-opacity":"","overlay-gradient":""},"mobile":{"background-color":"var(--ast-global-color-5)","background-image":"","background-repeat":"repeat","background-position":"center center","background-size":"auto","background-attachment":"scroll","background-type":"","background-media":"","overlay-type":"","overlay-color":"","overlay-opacity":"","overlay-gradient":""}},"footnotes":""},"class_list":["post-1602","page","type-page","status-publish","hentry"],"post_mailing_queue_ids":[],"_links":{"self":[{"href":"https:\/\/agora.xtec.cat\/cfavictorcatala\/wp-json\/wp\/v2\/pages\/1602","targetHints":{"allow":["GET"]}}],"collection":[{"href":"https:\/\/agora.xtec.cat\/cfavictorcatala\/wp-json\/wp\/v2\/pages"}],"about":[{"href":"https:\/\/agora.xtec.cat\/cfavictorcatala\/wp-json\/wp\/v2\/types\/page"}],"author":[{"embeddable":true,"href":"https:\/\/agora.xtec.cat\/cfavictorcatala\/wp-json\/wp\/v2\/users\/1"}],"replies":[{"embeddable":true,"href":"https:\/\/agora.xtec.cat\/cfavictorcatala\/wp-json\/wp\/v2\/comments?post=1602"}],"version-history":[{"count":6,"href":"https:\/\/agora.xtec.cat\/cfavictorcatala\/wp-json\/wp\/v2\/pages\/1602\/revisions"}],"predecessor-version":[{"id":2866,"href":"https:\/\/agora.xtec.cat\/cfavictorcatala\/wp-json\/wp\/v2\/pages\/1602\/revisions\/2866"}],"up":[{"embeddable":true,"href":"https:\/\/agora.xtec.cat\/cfavictorcatala\/wp-json\/wp\/v2\/pages\/2665"}],"wp:attachment":[{"href":"https:\/\/agora.xtec.cat\/cfavictorcatala\/wp-json\/wp\/v2\/media?parent=1602"}],"curies":[{"name":"wp","href":"https:\/\/api.w.org\/{rel}","templated":true}]}}