{"id":1599,"date":"2019-10-02T14:18:09","date_gmt":"2019-10-02T12:18:09","guid":{"rendered":"http:\/\/agora.xtec.cat\/cfavictorcatala\/?page_id=1599"},"modified":"2026-02-12T17:25:59","modified_gmt":"2026-02-12T16:25:59","slug":"cicles-formatius-ioc","status":"publish","type":"page","link":"https:\/\/agora.xtec.cat\/cfavictorcatala\/ensenyaments\/estudis-a-distancia\/cicles-formatius-ioc\/","title":{"rendered":"Cicles Formatius de Grau Mitj\u00e0 i Superior (a trav\u00e9s de l&#8217;IOC)"},"content":{"rendered":"<p><span style=\"color: #000000;\"><strong>Organitzaci\u00f3<\/strong><\/span><\/p>\n<p><span style=\"color: #000000;\">Es poden cursar cicles formatius de grau mitj\u00e0 i superior a dist\u00e0ncia a trav\u00e9s de l&#8217;IOC (Institut Obert de Catalunya)<\/span><\/p>\n<hr \/>\n<p><span style=\"color: #000000;\"><strong>Requisits<\/strong><\/span><\/p>\n<ol>\n<li><span style=\"color: #000000;\">Disposar d\u2019un document identificatiu <strong>en vig\u00e8ncia<\/strong> (DNI, NIE, passaport o carnet de conduir)<\/span><\/li>\n<li><span style=\"color: #000000;\">Disposar de <strong>l\u2019original<\/strong> del requisit que d\u00f3na acc\u00e9s a un Cicle Formatiu (v\u00e0lid estatal)<\/span>\n<ul>\n<li><span style=\"color: #000000;\"><strong>Grau Mitj\u00e0:<\/strong><\/span>\n<ul>\n<li><span style=\"color: #000000;\">Tenir un d\u2019aquests t\u00edtols:<\/span>\n<ul>\n<li><span style=\"color: #000000;\"><strong>Graduat\/ada en educaci\u00f3 secund\u00e0ria obligat\u00f2ria.<\/strong><\/span><\/li>\n<li><span style=\"color: #000000;\">T\u00e8cnic\/a b\u00e0sic\/a.<\/span><\/li>\n<li><span style=\"color: #000000;\">T\u00e8cnic\/a.<\/span><\/li>\n<li><span style=\"color: #000000;\">T\u00e8cnic\/a superior.<\/span><\/li>\n<li><span style=\"color: #000000;\">T\u00e8cnic\/a auxiliar.<\/span><\/li>\n<li><span style=\"color: #000000;\">Batxillerat superior (plans educatius anteriors a la Llei org\u00e0nica 2\/2006, de 3 de maig).<\/span><\/li>\n<li><span style=\"color: #000000;\">Titulacions equivalents per accedir als cicles formatius de grau superior.<\/span><\/li>\n<\/ul>\n<\/li>\n<li><span style=\"color: #000000;\">O b\u00e9, haver superat:<\/span>\n<ul>\n<li><span style=\"color: #000000;\">Una oferta formativa de certificat professional inclosa en el cicle.<\/span><\/li>\n<li><span style=\"color: #000000;\">Un <a style=\"color: #000000;\" title=\"Ves-hi\" href=\"https:\/\/triaeducativa.gencat.cat\/ca\/cursos-acces-cicles\/curs-especific-acces-cicles-gm\/\">curs de formaci\u00f3 preparatori per a l&#8217;acc\u00e9s als cicles de grau mitj\u00e0<\/a>.<\/span><\/li>\n<li><span style=\"color: #000000;\">Una <a style=\"color: #000000;\" href=\"https:\/\/triaeducativa.gencat.cat\/ca\/proves\/proves-acces\/fp\/fp-gm\/\">prova d&#8217;acc\u00e9s<\/a>.<\/span><\/li>\n<li><span style=\"color: #000000;\">El segon curs del primer cicle experimental de reforma dels ensenyaments mitjans.<\/span><\/li>\n<li><span style=\"color: #000000;\">El tercer curs del Pla 1963 o segon de comuns experimental dels ensenyaments d&#8217;arts aplicades i oficis art\u00edstics.<\/span><\/li>\n<li><span style=\"color: #000000;\">El segon curs de BUP, amb un m\u00e0xim de dues mat\u00e8ries suspeses.<\/span><\/li>\n<li><span style=\"color: #000000;\">Haver superat la prova d&#8217;acc\u00e9s a la universitat per a m\u00e9s grans de 25 o de 45 anys, o haver accedit a la universitat per tenir 40 anys o m\u00e9s i acreditar experi\u00e8ncia laboral o professional.<\/span><\/li>\n<li><span style=\"color: #000000;\">Altres estudis o cursos de formaci\u00f3 equivalents acad\u00e8micament.<\/span><\/li>\n<\/ul>\n<\/li>\n<\/ul>\n<\/li>\n<li><span style=\"color: #000000;\"><strong>Grau Superior:<\/strong><\/span>\n<ul>\n<li><span style=\"color: #000000;\">Tenir un d\u2019aquests t\u00edtols:<\/span>\n<ul>\n<li><span style=\"color: #000000;\"><strong>Batxillerat<\/strong>.<\/span><\/li>\n<li><span style=\"color: #000000;\">Batxillerat LOGSE.<\/span><\/li>\n<li><span style=\"color: #000000;\">BUP.<\/span><\/li>\n<li><span style=\"color: #000000;\"><strong>T\u00e8cnic\/a superior de formaci\u00f3 professional o grau universitari o equivalent.<\/strong><\/span><\/li>\n<li><span style=\"color: #000000;\">T\u00e8cnic\/a especialista, t\u00e8cnic\/a superior o equivalent.<\/span><\/li>\n<li><span style=\"color: #000000;\">T\u00e8cnic\/a de grau mitj\u00e0 de formaci\u00f3 professional o t\u00edtol de t\u00e8cnic\/a o t\u00e8cnic\/a d&#8217;arts pl\u00e0stiques i disseny.<\/span><\/li>\n<\/ul>\n<\/li>\n<li><span style=\"color: #000000;\">O b\u00e9, haver superat:<\/span>\n<ul>\n<li><span style=\"color: #000000;\">Una oferta formativa de certificat professional inclosa en el cicle.<\/span><\/li>\n<li><span style=\"color: #000000;\">Un curs de preparaci\u00f3 per a la incorporaci\u00f3 als cicles de grau superior.<\/span><\/li>\n<li><span style=\"color: #000000;\">Una prova d&#8217;acc\u00e9s.<\/span><\/li>\n<li><span style=\"color: #000000;\">El segon curs de qualsevol modalitat de batxillerat experimental.<\/span><\/li>\n<li><span style=\"color: #000000;\">El COU o un curs preuniversitari.<\/span><\/li>\n<li><span style=\"color: #000000;\">Haver superat la prova d&#8217;acc\u00e9s a la universitat per a m\u00e9s grans de 25 o de 45 anys, o haver accedit a la universitat per tenir 40 anys o m\u00e9s i acreditar experi\u00e8ncia laboral o professional.<\/span><\/li>\n<\/ul>\n<\/li>\n<\/ul>\n<\/li>\n<\/ul>\n<\/li>\n<\/ol>\n<p><span style=\"color: #000000;\"><strong>Oferta formativa<\/strong><\/span><\/p>\n<table style=\"width: 636px; border-color: #000000;\">\n<tbody>\n<tr>\n<td style=\"width: 290px;\"><span style=\"color: #000000;\"><strong>GRAU MITJ\u00c0<\/strong><\/span><\/td>\n<td style=\"width: 340px;\"><span style=\"color: #000000;\"><strong>GRAU SUPERIOR<\/strong><\/span><\/td>\n<\/tr>\n<tr>\n<td style=\"width: 290px;\">\n<ul>\n<li><span style=\"color: #000000;\">Gesti\u00f3 administrativa<\/span><\/li>\n<li><span style=\"color: #000000;\">Instal\u00b7lacions el\u00e8ctriques autom\u00e0tiques<\/span><\/li>\n<li><span style=\"color: #000000;\">Cures auxiliars d&#8217;infermeria<\/span><\/li>\n<li><span style=\"color: #000000;\">Atenci\u00f3 a persones en situaci\u00f3 de depend\u00e8ncia<\/span><\/li>\n<li><span style=\"color: #000000;\">Sistemes microinform\u00e0tics i xarxes.<\/span><\/li>\n<\/ul>\n<\/td>\n<td style=\"width: 340px;\">\n<ul>\n<li><span style=\"color: #000000;\">Assist\u00e8ncia a la direcci\u00f3<\/span><\/li>\n<li><span style=\"color: #000000;\">Administraci\u00f3 i finances<\/span><\/li>\n<li><span style=\"color: #000000;\">Gesti\u00f3 de vendes i espais comercials<\/span><\/li>\n<li><span style=\"color: #000000;\">Educaci\u00f3 infantil<\/span><\/li>\n<li><span style=\"color: #000000;\">Prevenci\u00f3 de riscos professionals<\/span><\/li>\n<li><span style=\"color: #000000;\">Administraci\u00f3 de sistemes inform\u00e0tics en xarxa<\/span><\/li>\n<li><span style=\"color: #000000;\">Desenvolupament d&#8217;aplicacions multiplataforma.<\/span><\/li>\n<li><span style=\"color: #000000;\">Integraci\u00f3 social<\/span><\/li>\n<li><span style=\"color: #000000;\">Desenvolupament d\u2019aplicacions web<\/span><\/li>\n<li><span style=\"color: #000000;\">Comer\u00e7 internacional<\/span><\/li>\n<\/ul>\n<\/td>\n<\/tr>\n<\/tbody>\n<\/table>\n<p><span style=\"color: #000000;\">Pots consultar l\u2019oferta formativa actualitzada a trav\u00e9s del web de l\u2019IOC: <a style=\"color: #000000;\" href=\"https:\/\/ioc.xtec.cat\/educacio\/cicles-formatius\" target=\"_blank\" rel=\"noopener\">https:\/\/ioc.xtec.cat\/educacio\/cicles-formatius<\/a><\/span><\/p>\n<p><span style=\"color: #000000;\">El cicle de grau mitj\u00e0 d\u2019<strong>Emerg\u00e8ncies sanit\u00e0ries<\/strong> (dirigit a personal d&#8217;empreses amb conveni) <strong>no s\u2019ofereix<\/strong> com a opci\u00f3 de matr\u00edcula oberta.<\/span><\/p>\n<hr \/>\n<p>&nbsp;<\/p>\n","protected":false},"excerpt":{"rendered":"<p>Organitzaci\u00f3 Es poden cursar cicles formatius de grau mitj\u00e0 i superior a dist\u00e0ncia a trav\u00e9s de l&#8217;IOC (Institut Obert de Catalunya) Requisits Disposar d\u2019un document identificatiu en vig\u00e8ncia (DNI, NIE, passaport o carnet de conduir) Disposar de l\u2019original del requisit que d\u00f3na acc\u00e9s a un Cicle Formatiu (v\u00e0lid estatal) Grau Mitj\u00e0: Tenir un d\u2019aquests t\u00edtols: [&hellip;]<\/p>\n","protected":false},"author":1,"featured_media":0,"parent":2665,"menu_order":0,"comment_status":"closed","ping_status":"closed","template":"page-templates\/side-menu.php","meta":{"_bbp_topic_count":0,"_bbp_reply_count":0,"_bbp_total_topic_count":0,"_bbp_total_reply_count":0,"_bbp_voice_count":0,"_bbp_anonymous_reply_count":0,"_bbp_topic_count_hidden":0,"_bbp_reply_count_hidden":0,"_bbp_forum_subforum_count":0,"site-sidebar-layout":"default","site-content-layout":"","ast-site-content-layout":"","site-content-style":"default","site-sidebar-style":"default","ast-global-header-display":"","ast-banner-title-visibility":"","ast-main-header-display":"","ast-hfb-above-header-display":"","ast-hfb-below-header-display":"","ast-hfb-mobile-header-display":"","site-post-title":"","ast-breadcrumbs-content":"","ast-featured-img":"","footer-sml-layout":"","theme-transparent-header-meta":"","adv-header-id-meta":"","stick-header-meta":"","header-above-stick-meta":"","header-main-stick-meta":"","header-below-stick-meta":"","astra-migrate-meta-layouts":"default","ast-page-background-enabled":"default","ast-page-background-meta":{"desktop":{"background-color":"var(--ast-global-color-4)","background-image":"","background-repeat":"repeat","background-position":"center center","background-size":"auto","background-attachment":"scroll","background-type":"","background-media":"","overlay-type":"","overlay-color":"","overlay-opacity":"","overlay-gradient":""},"tablet":{"background-color":"","background-image":"","background-repeat":"repeat","background-position":"center center","background-size":"auto","background-attachment":"scroll","background-type":"","background-media":"","overlay-type":"","overlay-color":"","overlay-opacity":"","overlay-gradient":""},"mobile":{"background-color":"","background-image":"","background-repeat":"repeat","background-position":"center center","background-size":"auto","background-attachment":"scroll","background-type":"","background-media":"","overlay-type":"","overlay-color":"","overlay-opacity":"","overlay-gradient":""}},"ast-content-background-meta":{"desktop":{"background-color":"var(--ast-global-color-5)","background-image":"","background-repeat":"repeat","background-position":"center center","background-size":"auto","background-attachment":"scroll","background-type":"","background-media":"","overlay-type":"","overlay-color":"","overlay-opacity":"","overlay-gradient":""},"tablet":{"background-color":"var(--ast-global-color-5)","background-image":"","background-repeat":"repeat","background-position":"center center","background-size":"auto","background-attachment":"scroll","background-type":"","background-media":"","overlay-type":"","overlay-color":"","overlay-opacity":"","overlay-gradient":""},"mobile":{"background-color":"var(--ast-global-color-5)","background-image":"","background-repeat":"repeat","background-position":"center center","background-size":"auto","background-attachment":"scroll","background-type":"","background-media":"","overlay-type":"","overlay-color":"","overlay-opacity":"","overlay-gradient":""}},"footnotes":""},"class_list":["post-1599","page","type-page","status-publish","hentry"],"post_mailing_queue_ids":[],"_links":{"self":[{"href":"https:\/\/agora.xtec.cat\/cfavictorcatala\/wp-json\/wp\/v2\/pages\/1599","targetHints":{"allow":["GET"]}}],"collection":[{"href":"https:\/\/agora.xtec.cat\/cfavictorcatala\/wp-json\/wp\/v2\/pages"}],"about":[{"href":"https:\/\/agora.xtec.cat\/cfavictorcatala\/wp-json\/wp\/v2\/types\/page"}],"author":[{"embeddable":true,"href":"https:\/\/agora.xtec.cat\/cfavictorcatala\/wp-json\/wp\/v2\/users\/1"}],"replies":[{"embeddable":true,"href":"https:\/\/agora.xtec.cat\/cfavictorcatala\/wp-json\/wp\/v2\/comments?post=1599"}],"version-history":[{"count":6,"href":"https:\/\/agora.xtec.cat\/cfavictorcatala\/wp-json\/wp\/v2\/pages\/1599\/revisions"}],"predecessor-version":[{"id":2603,"href":"https:\/\/agora.xtec.cat\/cfavictorcatala\/wp-json\/wp\/v2\/pages\/1599\/revisions\/2603"}],"up":[{"embeddable":true,"href":"https:\/\/agora.xtec.cat\/cfavictorcatala\/wp-json\/wp\/v2\/pages\/2665"}],"wp:attachment":[{"href":"https:\/\/agora.xtec.cat\/cfavictorcatala\/wp-json\/wp\/v2\/media?parent=1599"}],"curies":[{"name":"wp","href":"https:\/\/api.w.org\/{rel}","templated":true}]}}