{"id":1591,"date":"2019-10-01T16:01:38","date_gmt":"2019-10-01T14:01:38","guid":{"rendered":"http:\/\/agora.xtec.cat\/cfavictorcatala\/?page_id=1591"},"modified":"2026-02-12T17:07:09","modified_gmt":"2026-02-12T16:07:09","slug":"graduat-en-educacio-secundaria","status":"publish","type":"page","link":"https:\/\/agora.xtec.cat\/cfavictorcatala\/ensenyaments\/educacio-general-i-acces-al-sistema-educatiu\/graduat-en-educacio-secundaria\/","title":{"rendered":"Graduat en Educaci\u00f3 Secund\u00e0ria"},"content":{"rendered":"<h2 data-start=\"150\" data-end=\"162\">Nivells<\/h2>\n<p data-start=\"163\" data-end=\"182\"><strong data-start=\"163\" data-end=\"180\">GES 1 i GES 2<\/strong><\/p>\n<h2 data-start=\"184\" data-end=\"195\">Durada<\/h2>\n<p data-start=\"196\" data-end=\"297\">GES 1 i GES 2 s\u00f3n cursos anuals de <strong data-start=\"231\" data-end=\"253\">595 hores cadascun<\/strong>, amb una durada total de <strong data-start=\"279\" data-end=\"294\">1.190 hores<\/strong>.<\/p>\n<h2 data-start=\"299\" data-end=\"313\">Objectius<\/h2>\n<p data-start=\"314\" data-end=\"452\">Aquests estudis permeten completar els ensenyaments b\u00e0sics i obtenir el <strong data-start=\"386\" data-end=\"449\">t\u00edtol de Graduat\/a en Educaci\u00f3 Secund\u00e0ria Obligat\u00f2ria (GES)<\/strong>.<\/p>\n<h2 data-start=\"454\" data-end=\"471\">Organitzaci\u00f3<\/h2>\n<p data-start=\"472\" data-end=\"681\">Els estudis es distribueixen en <strong data-start=\"504\" data-end=\"517\">34 m\u00f2duls<\/strong>, amb una c\u00e0rrega lectiva de <strong data-start=\"546\" data-end=\"568\">35 hores per m\u00f2dul<\/strong>. Els m\u00f2duls estan estructurats en dos nivells i inclouen \u00e0mbits de comunicaci\u00f3, cientificotecnol\u00f2gic i social.<\/p>\n<h3 data-start=\"683\" data-end=\"697\">Nivell I<\/h3>\n<p data-start=\"698\" data-end=\"750\"><strong data-start=\"698\" data-end=\"724\">Total m\u00f2duls a cursar:<\/strong> 14 comuns i 3 opcionals<\/p>\n<p data-start=\"752\" data-end=\"781\"><strong data-start=\"752\" data-end=\"779\">\u00c0mbit de la comunicaci\u00f3<\/strong><\/p>\n<ul data-start=\"782\" data-end=\"879\">\n<li data-start=\"782\" data-end=\"796\">\n<p data-start=\"784\" data-end=\"796\">Literatura<\/p>\n<\/li>\n<li data-start=\"797\" data-end=\"824\">\n<p data-start=\"799\" data-end=\"824\">Llengua catalana I i II<\/p>\n<\/li>\n<li data-start=\"825\" data-end=\"854\">\n<p data-start=\"827\" data-end=\"854\">Llengua castellana I i II<\/p>\n<\/li>\n<li data-start=\"855\" data-end=\"879\">\n<p data-start=\"857\" data-end=\"879\">Llengua estrangera I<\/p>\n<\/li>\n<\/ul>\n<p data-start=\"881\" data-end=\"913\"><strong data-start=\"881\" data-end=\"911\">\u00c0mbit cientificotecnol\u00f2gic<\/strong><\/p>\n<ul data-start=\"914\" data-end=\"1010\">\n<li data-start=\"914\" data-end=\"937\">\n<p data-start=\"916\" data-end=\"937\">Matem\u00e0tiques I i II<\/p>\n<\/li>\n<li data-start=\"938\" data-end=\"960\">\n<p data-start=\"940\" data-end=\"960\">F\u00edsica i qu\u00edmica I<\/p>\n<\/li>\n<li data-start=\"961\" data-end=\"982\">\n<p data-start=\"963\" data-end=\"982\">Ci\u00e8ncies naturals<\/p>\n<\/li>\n<li data-start=\"983\" data-end=\"1010\">\n<p data-start=\"985\" data-end=\"1010\">Educaci\u00f3 per a la salut<\/p>\n<\/li>\n<\/ul>\n<p data-start=\"1012\" data-end=\"1030\"><strong data-start=\"1012\" data-end=\"1028\">\u00c0mbit social<\/strong><\/p>\n<ul data-start=\"1031\" data-end=\"1115\">\n<li data-start=\"1031\" data-end=\"1084\">\n<p data-start=\"1033\" data-end=\"1084\">Ci\u00e8ncies socials I i educaci\u00f3 per a la ciutadania<\/p>\n<\/li>\n<li data-start=\"1085\" data-end=\"1100\">\n<p data-start=\"1087\" data-end=\"1100\">Geografia I<\/p>\n<\/li>\n<li data-start=\"1101\" data-end=\"1115\">\n<p data-start=\"1103\" data-end=\"1115\">Hist\u00f2ria I<\/p>\n<\/li>\n<\/ul>\n<h3 data-start=\"1117\" data-end=\"1132\">Nivell II<\/h3>\n<p data-start=\"1133\" data-end=\"1185\"><strong data-start=\"1133\" data-end=\"1159\">Total m\u00f2duls a cursar:<\/strong> 14 comuns i 3 opcionals<\/p>\n<p data-start=\"1187\" data-end=\"1216\"><strong data-start=\"1187\" data-end=\"1214\">\u00c0mbit de la comunicaci\u00f3<\/strong><\/p>\n<ul data-start=\"1217\" data-end=\"1348\">\n<li data-start=\"1217\" data-end=\"1241\">\n<p data-start=\"1219\" data-end=\"1241\">Llengua catalana III<\/p>\n<\/li>\n<li data-start=\"1242\" data-end=\"1268\">\n<p data-start=\"1244\" data-end=\"1268\">Llengua castellana III<\/p>\n<\/li>\n<li data-start=\"1269\" data-end=\"1300\">\n<p data-start=\"1271\" data-end=\"1300\">Llengua estrangera II i III<\/p>\n<\/li>\n<li data-start=\"1301\" data-end=\"1348\">\n<p data-start=\"1303\" data-end=\"1348\">Literatura catalana i literatura castellana<\/p>\n<\/li>\n<\/ul>\n<p data-start=\"1350\" data-end=\"1382\"><strong data-start=\"1350\" data-end=\"1380\">\u00c0mbit cientificotecnol\u00f2gic<\/strong><\/p>\n<ul data-start=\"1383\" data-end=\"1471\">\n<li data-start=\"1383\" data-end=\"1408\">\n<p data-start=\"1385\" data-end=\"1408\">Matem\u00e0tiques III i IV<\/p>\n<\/li>\n<li data-start=\"1409\" data-end=\"1432\">\n<p data-start=\"1411\" data-end=\"1432\">F\u00edsica i qu\u00edmica II<\/p>\n<\/li>\n<li data-start=\"1433\" data-end=\"1456\">\n<p data-start=\"1435\" data-end=\"1456\">Biologia i geologia<\/p>\n<\/li>\n<li data-start=\"1457\" data-end=\"1471\">\n<p data-start=\"1459\" data-end=\"1471\">Tecnologia<\/p>\n<\/li>\n<\/ul>\n<p data-start=\"1473\" data-end=\"1491\"><strong data-start=\"1473\" data-end=\"1489\">\u00c0mbit social<\/strong><\/p>\n<ul data-start=\"1492\" data-end=\"1571\">\n<li data-start=\"1492\" data-end=\"1538\">\n<p data-start=\"1494\" data-end=\"1538\">Ci\u00e8ncies socials II i moviments migratoris<\/p>\n<\/li>\n<li data-start=\"1539\" data-end=\"1555\">\n<p data-start=\"1541\" data-end=\"1555\">Geografia II<\/p>\n<\/li>\n<li data-start=\"1556\" data-end=\"1571\">\n<p data-start=\"1558\" data-end=\"1571\">Hist\u00f2ria II<\/p>\n<\/li>\n<\/ul>\n<h3 data-start=\"1573\" data-end=\"1595\">M\u00f2duls opcionals<\/h3>\n<p data-start=\"1596\" data-end=\"1649\"><strong data-start=\"1596\" data-end=\"1634\">Total m\u00f2duls opcionals a escollir:<\/strong> 3 per nivell<\/p>\n<p data-start=\"1651\" data-end=\"1680\"><strong data-start=\"1651\" data-end=\"1678\">\u00c0mbit de la comunicaci\u00f3<\/strong><\/p>\n<ul data-start=\"1681\" data-end=\"1815\">\n<li data-start=\"1681\" data-end=\"1709\">\n<p data-start=\"1683\" data-end=\"1709\">Llengua estrangera 0, IV<\/p>\n<\/li>\n<li data-start=\"1710\" data-end=\"1742\">\n<p data-start=\"1712\" data-end=\"1742\">Taller d&#8217;escriptura creativa<\/p>\n<\/li>\n<li data-start=\"1743\" data-end=\"1760\">\n<p data-start=\"1745\" data-end=\"1760\">Llengua i TIC<\/p>\n<\/li>\n<li data-start=\"1761\" data-end=\"1790\">\n<p data-start=\"1763\" data-end=\"1790\">L&#8217;argumentaci\u00f3 discursiva<\/p>\n<\/li>\n<li data-start=\"1791\" data-end=\"1815\">\n<p data-start=\"1793\" data-end=\"1815\">Parlem de literatura<\/p>\n<\/li>\n<\/ul>\n<p data-start=\"1817\" data-end=\"1849\"><strong data-start=\"1817\" data-end=\"1847\">\u00c0mbit cientificotecnol\u00f2gic<\/strong><\/p>\n<ul data-start=\"1850\" data-end=\"2063\">\n<li data-start=\"1850\" data-end=\"1875\">\n<p data-start=\"1852\" data-end=\"1875\">Matem\u00e0tiques inicials<\/p>\n<\/li>\n<li data-start=\"1876\" data-end=\"1900\">\n<p data-start=\"1878\" data-end=\"1900\">Diet\u00e8tica i nutrici\u00f3<\/p>\n<\/li>\n<li data-start=\"1901\" data-end=\"1934\">\n<p data-start=\"1903\" data-end=\"1934\">Medi ambient i canvi clim\u00e0tic<\/p>\n<\/li>\n<li data-start=\"1935\" data-end=\"1957\">\n<p data-start=\"1937\" data-end=\"1957\">Qu\u00edmica i societat<\/p>\n<\/li>\n<li data-start=\"1958\" data-end=\"2007\">\n<p data-start=\"1960\" data-end=\"2007\">Tecnologies de la informaci\u00f3 i la comunicaci\u00f3<\/p>\n<\/li>\n<li data-start=\"2008\" data-end=\"2063\">\n<p data-start=\"2010\" data-end=\"2063\">Les finances personals i elaboraci\u00f3 d\u2019un pressupost<\/p>\n<\/li>\n<\/ul>\n<p data-start=\"2065\" data-end=\"2083\"><strong data-start=\"2065\" data-end=\"2081\">\u00c0mbit social<\/strong><\/p>\n<ul data-start=\"2084\" data-end=\"2218\">\n<li data-start=\"2084\" data-end=\"2103\">\n<p data-start=\"2086\" data-end=\"2103\">Arts i artistes<\/p>\n<\/li>\n<li data-start=\"2104\" data-end=\"2129\">\n<p data-start=\"2106\" data-end=\"2129\">Hist\u00f2ria de la m\u00fasica<\/p>\n<\/li>\n<li data-start=\"2130\" data-end=\"2155\">\n<p data-start=\"2132\" data-end=\"2155\">Viatjar per Catalunya<\/p>\n<\/li>\n<li data-start=\"2156\" data-end=\"2176\">\n<p data-start=\"2158\" data-end=\"2176\">La globalitzaci\u00f3<\/p>\n<\/li>\n<li data-start=\"2177\" data-end=\"2218\">\n<p data-start=\"2179\" data-end=\"2218\">Catalunya dins l\u2019Espanya del segle XX<\/p>\n<\/li>\n<\/ul>\n<h2 data-start=\"2220\" data-end=\"2235\">Curr\u00edculum<\/h2>\n<p data-start=\"2236\" data-end=\"2373\"><a class=\"decorated-link\" href=\"https:\/\/dogc.gencat.cat\/ca\/pdogc_canals_interns\/pdogc_resultats_fitxa\/?documentId=504619&amp;action=fitxa\" target=\"_new\" rel=\"noopener\" data-start=\"2236\" data-end=\"2371\">Consulta el curr\u00edculum oficial<\/a><\/p>\n<h2 data-start=\"2375\" data-end=\"2403\">Promoci\u00f3 i certificaci\u00f3<\/h2>\n<p data-start=\"2404\" data-end=\"2674\">L\u2019alumnat que hagi assolit els <strong data-start=\"2435\" data-end=\"2472\">objectius i compet\u00e8ncies b\u00e0siques<\/strong> del curr\u00edculum dels ensenyaments de l\u2019educaci\u00f3 secund\u00e0ria per a persones adultes, d\u2019acord amb l\u2019<strong data-start=\"2569\" data-end=\"2603\">article 16 del Decret 161\/2009<\/strong>, rep el <strong data-start=\"2612\" data-end=\"2671\">t\u00edtol de Graduat\/ada en Educaci\u00f3 Secund\u00e0ria Obligat\u00f2ria<\/strong>.<\/p>\n<p data-start=\"2676\" data-end=\"2769\">Es consideren assolits els objectius quan s\u2019han superat <strong data-start=\"2732\" data-end=\"2766\">tots els \u00e0mbits del curr\u00edculum<\/strong>.<\/p>\n","protected":false},"excerpt":{"rendered":"<p>Nivells GES 1 i GES 2 Durada GES 1 i GES 2 s\u00f3n cursos anuals de 595 hores cadascun, amb una durada total de 1.190 hores. Objectius Aquests estudis permeten completar els ensenyaments b\u00e0sics i obtenir el t\u00edtol de Graduat\/a en Educaci\u00f3 Secund\u00e0ria Obligat\u00f2ria (GES). Organitzaci\u00f3 Els estudis es distribueixen en 34 m\u00f2duls, amb una [&hellip;]<\/p>\n","protected":false},"author":1,"featured_media":0,"parent":1589,"menu_order":0,"comment_status":"closed","ping_status":"closed","template":"page-templates\/side-menu.php","meta":{"_bbp_topic_count":0,"_bbp_reply_count":0,"_bbp_total_topic_count":0,"_bbp_total_reply_count":0,"_bbp_voice_count":0,"_bbp_anonymous_reply_count":0,"_bbp_topic_count_hidden":0,"_bbp_reply_count_hidden":0,"_bbp_forum_subforum_count":0,"site-sidebar-layout":"default","site-content-layout":"","ast-site-content-layout":"","site-content-style":"default","site-sidebar-style":"default","ast-global-header-display":"","ast-banner-title-visibility":"","ast-main-header-display":"","ast-hfb-above-header-display":"","ast-hfb-below-header-display":"","ast-hfb-mobile-header-display":"","site-post-title":"","ast-breadcrumbs-content":"","ast-featured-img":"","footer-sml-layout":"","theme-transparent-header-meta":"","adv-header-id-meta":"","stick-header-meta":"","header-above-stick-meta":"","header-main-stick-meta":"","header-below-stick-meta":"","astra-migrate-meta-layouts":"default","ast-page-background-enabled":"default","ast-page-background-meta":{"desktop":{"background-color":"var(--ast-global-color-4)","background-image":"","background-repeat":"repeat","background-position":"center center","background-size":"auto","background-attachment":"scroll","background-type":"","background-media":"","overlay-type":"","overlay-color":"","overlay-opacity":"","overlay-gradient":""},"tablet":{"background-color":"","background-image":"","background-repeat":"repeat","background-position":"center center","background-size":"auto","background-attachment":"scroll","background-type":"","background-media":"","overlay-type":"","overlay-color":"","overlay-opacity":"","overlay-gradient":""},"mobile":{"background-color":"","background-image":"","background-repeat":"repeat","background-position":"center center","background-size":"auto","background-attachment":"scroll","background-type":"","background-media":"","overlay-type":"","overlay-color":"","overlay-opacity":"","overlay-gradient":""}},"ast-content-background-meta":{"desktop":{"background-color":"var(--ast-global-color-5)","background-image":"","background-repeat":"repeat","background-position":"center center","background-size":"auto","background-attachment":"scroll","background-type":"","background-media":"","overlay-type":"","overlay-color":"","overlay-opacity":"","overlay-gradient":""},"tablet":{"background-color":"var(--ast-global-color-5)","background-image":"","background-repeat":"repeat","background-position":"center center","background-size":"auto","background-attachment":"scroll","background-type":"","background-media":"","overlay-type":"","overlay-color":"","overlay-opacity":"","overlay-gradient":""},"mobile":{"background-color":"var(--ast-global-color-5)","background-image":"","background-repeat":"repeat","background-position":"center center","background-size":"auto","background-attachment":"scroll","background-type":"","background-media":"","overlay-type":"","overlay-color":"","overlay-opacity":"","overlay-gradient":""}},"footnotes":""},"class_list":["post-1591","page","type-page","status-publish","hentry"],"post_mailing_queue_ids":[],"_links":{"self":[{"href":"https:\/\/agora.xtec.cat\/cfavictorcatala\/wp-json\/wp\/v2\/pages\/1591","targetHints":{"allow":["GET"]}}],"collection":[{"href":"https:\/\/agora.xtec.cat\/cfavictorcatala\/wp-json\/wp\/v2\/pages"}],"about":[{"href":"https:\/\/agora.xtec.cat\/cfavictorcatala\/wp-json\/wp\/v2\/types\/page"}],"author":[{"embeddable":true,"href":"https:\/\/agora.xtec.cat\/cfavictorcatala\/wp-json\/wp\/v2\/users\/1"}],"replies":[{"embeddable":true,"href":"https:\/\/agora.xtec.cat\/cfavictorcatala\/wp-json\/wp\/v2\/comments?post=1591"}],"version-history":[{"count":6,"href":"https:\/\/agora.xtec.cat\/cfavictorcatala\/wp-json\/wp\/v2\/pages\/1591\/revisions"}],"predecessor-version":[{"id":2844,"href":"https:\/\/agora.xtec.cat\/cfavictorcatala\/wp-json\/wp\/v2\/pages\/1591\/revisions\/2844"}],"up":[{"embeddable":true,"href":"https:\/\/agora.xtec.cat\/cfavictorcatala\/wp-json\/wp\/v2\/pages\/1589"}],"wp:attachment":[{"href":"https:\/\/agora.xtec.cat\/cfavictorcatala\/wp-json\/wp\/v2\/media?parent=1591"}],"curies":[{"name":"wp","href":"https:\/\/api.w.org\/{rel}","templated":true}]}}