{"id":1589,"date":"2019-10-01T16:00:13","date_gmt":"2019-10-01T14:00:13","guid":{"rendered":"http:\/\/agora.xtec.cat\/cfavictorcatala\/?page_id=1589"},"modified":"2026-02-12T17:08:17","modified_gmt":"2026-02-12T16:08:17","slug":"educacio-general-i-acces-al-sistema-educatiu","status":"publish","type":"page","link":"https:\/\/agora.xtec.cat\/cfavictorcatala\/ensenyaments\/educacio-general-i-acces-al-sistema-educatiu\/","title":{"rendered":"Educaci\u00f3 general i acc\u00e9s al sistema educatiu"},"content":{"rendered":"<p data-start=\"233\" data-end=\"452\">Els ensenyaments d\u2019educaci\u00f3 general i acc\u00e9s al sistema educatiu tenen com a objectiu oferir a les persones oportunitats de formaci\u00f3 que els permetin continuar estudis i desenvolupar-se personalment i professionalment.<\/p>\n<p data-start=\"454\" data-end=\"481\">En aquest \u00e0mbit s\u2019inclouen:<\/p>\n<ul data-start=\"483\" data-end=\"858\">\n<li data-start=\"483\" data-end=\"681\">\n<p data-start=\"485\" data-end=\"681\"><strong data-start=\"485\" data-end=\"525\">GES (Graduat en Educaci\u00f3 Secund\u00e0ria)<\/strong>: proporciona les compet\u00e8ncies i coneixements b\u00e0sics de l\u2019educaci\u00f3 secund\u00e0ria obligat\u00f2ria, essencials per a l\u2019acc\u00e9s a estudis posteriors o al m\u00f3n laboral.<\/p>\n<\/li>\n<li data-start=\"682\" data-end=\"858\">\n<p data-start=\"684\" data-end=\"858\"><strong data-start=\"684\" data-end=\"738\">Proves d\u2019acc\u00e9s a cicles formatius de grau superior<\/strong>: preparen els alumnes per superar els requisits necessaris per continuar la formaci\u00f3 professional de nivell superior.<\/p>\n<\/li>\n<\/ul>\n<p data-start=\"860\" data-end=\"890\">Aquests ensenyaments permeten:<\/p>\n<ul data-start=\"892\" data-end=\"1219\">\n<li data-start=\"892\" data-end=\"985\">\n<p data-start=\"894\" data-end=\"985\">Refor\u00e7ar les compet\u00e8ncies b\u00e0siques en llengua, matem\u00e0tiques i altres mat\u00e8ries essencials.<\/p>\n<\/li>\n<li data-start=\"986\" data-end=\"1074\">\n<p data-start=\"988\" data-end=\"1074\">Obtenir titulacions oficials reconegudes que faciliten l\u2019acc\u00e9s a estudis posteriors.<\/p>\n<\/li>\n<li data-start=\"1075\" data-end=\"1137\">\n<p data-start=\"1077\" data-end=\"1137\">Millorar les oportunitats laborals i la integraci\u00f3 social.<\/p>\n<\/li>\n<li data-start=\"1138\" data-end=\"1219\">\n<p data-start=\"1140\" data-end=\"1219\">Desenvolupar l\u2019autonomia i les habilitats d\u2019aprenentatge al llarg de la vida.<\/p>\n<\/li>\n<\/ul>\n<p data-start=\"1221\" data-end=\"1371\">Aix\u00ed, l\u2019educaci\u00f3 general i els programes d\u2019acc\u00e9s contribueixen a construir un cam\u00ed s\u00f2lid per continuar aprenent i cr\u00e9ixer personal i professionalment.<\/p>\n","protected":false},"excerpt":{"rendered":"<p>Els ensenyaments d\u2019educaci\u00f3 general i acc\u00e9s al sistema educatiu tenen com a objectiu oferir a les persones oportunitats de formaci\u00f3 que els permetin continuar estudis i desenvolupar-se personalment i professionalment. En aquest \u00e0mbit s\u2019inclouen: GES (Graduat en Educaci\u00f3 Secund\u00e0ria): proporciona les compet\u00e8ncies i coneixements b\u00e0sics de l\u2019educaci\u00f3 secund\u00e0ria obligat\u00f2ria, essencials per a l\u2019acc\u00e9s a estudis [&hellip;]<\/p>\n","protected":false},"author":1,"featured_media":0,"parent":274,"menu_order":0,"comment_status":"closed","ping_status":"closed","template":"page-templates\/side-menu.php","meta":{"_bbp_topic_count":0,"_bbp_reply_count":0,"_bbp_total_topic_count":0,"_bbp_total_reply_count":0,"_bbp_voice_count":0,"_bbp_anonymous_reply_count":0,"_bbp_topic_count_hidden":0,"_bbp_reply_count_hidden":0,"_bbp_forum_subforum_count":0,"site-sidebar-layout":"default","site-content-layout":"","ast-site-content-layout":"","site-content-style":"default","site-sidebar-style":"default","ast-global-header-display":"","ast-banner-title-visibility":"","ast-main-header-display":"","ast-hfb-above-header-display":"","ast-hfb-below-header-display":"","ast-hfb-mobile-header-display":"","site-post-title":"","ast-breadcrumbs-content":"","ast-featured-img":"","footer-sml-layout":"","theme-transparent-header-meta":"","adv-header-id-meta":"","stick-header-meta":"","header-above-stick-meta":"","header-main-stick-meta":"","header-below-stick-meta":"","astra-migrate-meta-layouts":"default","ast-page-background-enabled":"default","ast-page-background-meta":{"desktop":{"background-color":"var(--ast-global-color-4)","background-image":"","background-repeat":"repeat","background-position":"center center","background-size":"auto","background-attachment":"scroll","background-type":"","background-media":"","overlay-type":"","overlay-color":"","overlay-opacity":"","overlay-gradient":""},"tablet":{"background-color":"","background-image":"","background-repeat":"repeat","background-position":"center center","background-size":"auto","background-attachment":"scroll","background-type":"","background-media":"","overlay-type":"","overlay-color":"","overlay-opacity":"","overlay-gradient":""},"mobile":{"background-color":"","background-image":"","background-repeat":"repeat","background-position":"center center","background-size":"auto","background-attachment":"scroll","background-type":"","background-media":"","overlay-type":"","overlay-color":"","overlay-opacity":"","overlay-gradient":""}},"ast-content-background-meta":{"desktop":{"background-color":"var(--ast-global-color-5)","background-image":"","background-repeat":"repeat","background-position":"center center","background-size":"auto","background-attachment":"scroll","background-type":"","background-media":"","overlay-type":"","overlay-color":"","overlay-opacity":"","overlay-gradient":""},"tablet":{"background-color":"var(--ast-global-color-5)","background-image":"","background-repeat":"repeat","background-position":"center center","background-size":"auto","background-attachment":"scroll","background-type":"","background-media":"","overlay-type":"","overlay-color":"","overlay-opacity":"","overlay-gradient":""},"mobile":{"background-color":"var(--ast-global-color-5)","background-image":"","background-repeat":"repeat","background-position":"center center","background-size":"auto","background-attachment":"scroll","background-type":"","background-media":"","overlay-type":"","overlay-color":"","overlay-opacity":"","overlay-gradient":""}},"footnotes":""},"class_list":["post-1589","page","type-page","status-publish","hentry"],"post_mailing_queue_ids":[],"_links":{"self":[{"href":"https:\/\/agora.xtec.cat\/cfavictorcatala\/wp-json\/wp\/v2\/pages\/1589","targetHints":{"allow":["GET"]}}],"collection":[{"href":"https:\/\/agora.xtec.cat\/cfavictorcatala\/wp-json\/wp\/v2\/pages"}],"about":[{"href":"https:\/\/agora.xtec.cat\/cfavictorcatala\/wp-json\/wp\/v2\/types\/page"}],"author":[{"embeddable":true,"href":"https:\/\/agora.xtec.cat\/cfavictorcatala\/wp-json\/wp\/v2\/users\/1"}],"replies":[{"embeddable":true,"href":"https:\/\/agora.xtec.cat\/cfavictorcatala\/wp-json\/wp\/v2\/comments?post=1589"}],"version-history":[{"count":2,"href":"https:\/\/agora.xtec.cat\/cfavictorcatala\/wp-json\/wp\/v2\/pages\/1589\/revisions"}],"predecessor-version":[{"id":2843,"href":"https:\/\/agora.xtec.cat\/cfavictorcatala\/wp-json\/wp\/v2\/pages\/1589\/revisions\/2843"}],"up":[{"embeddable":true,"href":"https:\/\/agora.xtec.cat\/cfavictorcatala\/wp-json\/wp\/v2\/pages\/274"}],"wp:attachment":[{"href":"https:\/\/agora.xtec.cat\/cfavictorcatala\/wp-json\/wp\/v2\/media?parent=1589"}],"curies":[{"name":"wp","href":"https:\/\/api.w.org\/{rel}","templated":true}]}}