{"id":1582,"date":"2019-10-01T15:49:04","date_gmt":"2019-10-01T13:49:04","guid":{"rendered":"http:\/\/agora.xtec.cat\/cfavictorcatala\/?page_id=1582"},"modified":"2026-02-12T17:00:13","modified_gmt":"2026-02-12T16:00:13","slug":"formacio-instrumental-1","status":"publish","type":"page","link":"https:\/\/agora.xtec.cat\/cfavictorcatala\/ensenyaments\/cohesio-i-participacio\/formacio-instrumental-1\/","title":{"rendered":"Formaci\u00f3 instrumental"},"content":{"rendered":"<h2 data-start=\"97\" data-end=\"107\">Nivells<\/h2>\n<p data-start=\"109\" data-end=\"165\">La Formaci\u00f3 Instrumental s\u2019estructura en quatre nivells:<\/p>\n<ul data-start=\"167\" data-end=\"286\">\n<li data-start=\"167\" data-end=\"196\">\n<p data-start=\"169\" data-end=\"196\"><strong data-start=\"169\" data-end=\"196\">Formaci\u00f3 Instrumental 1<\/strong><\/p>\n<\/li>\n<li data-start=\"197\" data-end=\"226\">\n<p data-start=\"199\" data-end=\"226\"><strong data-start=\"199\" data-end=\"226\">Formaci\u00f3 Instrumental 2<\/strong><\/p>\n<\/li>\n<li data-start=\"227\" data-end=\"256\">\n<p data-start=\"229\" data-end=\"256\"><strong data-start=\"229\" data-end=\"256\">Formaci\u00f3 Instrumental 3<\/strong><\/p>\n<\/li>\n<li data-start=\"257\" data-end=\"286\">\n<p data-start=\"259\" data-end=\"286\"><strong data-start=\"259\" data-end=\"286\">Formaci\u00f3 Instrumental 4<\/strong><\/p>\n<\/li>\n<\/ul>\n<hr data-start=\"288\" data-end=\"291\" \/>\n<h2 data-start=\"293\" data-end=\"302\">Durada<\/h2>\n<p data-start=\"304\" data-end=\"336\">Cada nivell t\u00e9 una durada anual:<\/p>\n<ul data-start=\"338\" data-end=\"509\">\n<li data-start=\"338\" data-end=\"380\">\n<p data-start=\"340\" data-end=\"380\"><strong data-start=\"340\" data-end=\"368\">Formaci\u00f3 Instrumental 1:<\/strong> 280 hores<\/p>\n<\/li>\n<li data-start=\"381\" data-end=\"423\">\n<p data-start=\"383\" data-end=\"423\"><strong data-start=\"383\" data-end=\"411\">Formaci\u00f3 Instrumental 2:<\/strong> 280 hores<\/p>\n<\/li>\n<li data-start=\"424\" data-end=\"466\">\n<p data-start=\"426\" data-end=\"466\"><strong data-start=\"426\" data-end=\"454\">Formaci\u00f3 Instrumental 3:<\/strong> 380 hores<\/p>\n<\/li>\n<li data-start=\"467\" data-end=\"509\">\n<p data-start=\"469\" data-end=\"509\"><strong data-start=\"469\" data-end=\"497\">Formaci\u00f3 Instrumental 4:<\/strong> 380 hores<\/p>\n<\/li>\n<\/ul>\n<hr data-start=\"511\" data-end=\"514\" \/>\n<h2 data-start=\"516\" data-end=\"528\">Objectius<\/h2>\n<p data-start=\"530\" data-end=\"648\">L\u2019objectiu principal d\u2019aquests estudis \u00e9s facilitar que les persones adultes adquireixin les compet\u00e8ncies b\u00e0siques de:<\/p>\n<ul data-start=\"650\" data-end=\"697\">\n<li data-start=\"650\" data-end=\"661\">\n<p data-start=\"652\" data-end=\"661\">Lectura<\/p>\n<\/li>\n<li data-start=\"662\" data-end=\"676\">\n<p data-start=\"664\" data-end=\"676\">Escriptura<\/p>\n<\/li>\n<li data-start=\"677\" data-end=\"697\">\n<p data-start=\"679\" data-end=\"697\">C\u00e0lcul elemental<\/p>\n<\/li>\n<\/ul>\n<p data-start=\"699\" data-end=\"844\">La superaci\u00f3 d\u2019aquests estudis permet obtenir el <strong data-start=\"748\" data-end=\"787\">Certificat de Formaci\u00f3 Instrumental<\/strong>, que acredita l\u2019assoliment de les compet\u00e8ncies b\u00e0siques.<\/p>\n<hr data-start=\"846\" data-end=\"849\" \/>\n<h2 data-start=\"851\" data-end=\"866\">Organitzaci\u00f3<\/h2>\n<p data-start=\"868\" data-end=\"926\">Els continguts s\u2019organitzen en quatre nivells progressius:<\/p>\n<h3 data-start=\"928\" data-end=\"976\">\ud83d\udd39 Primer nivell \u2013 Formaci\u00f3 Instrumental 1<\/h3>\n<p data-start=\"977\" data-end=\"1142\">L\u2019aprenentatge se centra en l\u2019adquisici\u00f3 dels mecanismes fonamentals de lectura, escriptura i c\u00e0lcul, aix\u00ed com en nocions elementals sobre l\u2019entorn social i natural.<\/p>\n<h3 data-start=\"1144\" data-end=\"1191\">\ud83d\udd39 Segon nivell \u2013 Formaci\u00f3 Instrumental 2<\/h3>\n<p data-start=\"1192\" data-end=\"1303\">Es consoliden les compet\u00e8ncies b\u00e0siques adquirides i s\u2019amplien els coneixements per comprendre millor l\u2019entorn.<\/p>\n<h3 data-start=\"1305\" data-end=\"1365\">\ud83d\udd39 Tercer i quart nivell \u2013 Formaci\u00f3 Instrumental 3 i 4<\/h3>\n<p data-start=\"1366\" data-end=\"1467\">S\u2019aprofundeixen i amplien els coneixements anteriors fins a assolir els objectius generals del cicle.<\/p>\n<p data-start=\"1469\" data-end=\"1514\">Cada nivell inclou tres \u00e0rees de coneixement:<\/p>\n<ul data-start=\"1516\" data-end=\"1576\">\n<li data-start=\"1516\" data-end=\"1527\">\n<p data-start=\"1518\" data-end=\"1527\">Llengua<\/p>\n<\/li>\n<li data-start=\"1528\" data-end=\"1544\">\n<p data-start=\"1530\" data-end=\"1544\">Matem\u00e0tiques<\/p>\n<\/li>\n<li data-start=\"1545\" data-end=\"1576\">\n<p data-start=\"1547\" data-end=\"1576\">Ci\u00e8ncies socials i naturals<\/p>\n<\/li>\n<\/ul>\n<hr data-start=\"1578\" data-end=\"1581\" \/>\n<h2 data-start=\"1583\" data-end=\"1604\">Curr\u00edculum oficial<\/h2>\n<p data-start=\"1606\" data-end=\"1699\">Podeu consultar el curr\u00edculum oficial al Diari Oficial de la Generalitat de Catalunya (DOGC):<br \/>\n<a href=\"https:\/\/dogc.gencat.cat\/ca\/document-del-dogc\/?documentId=938596\">https:\/\/dogc.gencat.cat\/ca\/document-del-dogc\/?documentId=938596\u00a0<\/a><\/p>\n","protected":false},"excerpt":{"rendered":"<p>Nivells La Formaci\u00f3 Instrumental s\u2019estructura en quatre nivells: Formaci\u00f3 Instrumental 1 Formaci\u00f3 Instrumental 2 Formaci\u00f3 Instrumental 3 Formaci\u00f3 Instrumental 4 Durada Cada nivell t\u00e9 una durada anual: Formaci\u00f3 Instrumental 1: 280 hores Formaci\u00f3 Instrumental 2: 280 hores Formaci\u00f3 Instrumental 3: 380 hores Formaci\u00f3 Instrumental 4: 380 hores Objectius L\u2019objectiu principal d\u2019aquests estudis \u00e9s facilitar que [&hellip;]<\/p>\n","protected":false},"author":1,"featured_media":0,"parent":1571,"menu_order":0,"comment_status":"closed","ping_status":"closed","template":"page-templates\/side-menu.php","meta":{"_bbp_topic_count":0,"_bbp_reply_count":0,"_bbp_total_topic_count":0,"_bbp_total_reply_count":0,"_bbp_voice_count":0,"_bbp_anonymous_reply_count":0,"_bbp_topic_count_hidden":0,"_bbp_reply_count_hidden":0,"_bbp_forum_subforum_count":0,"site-sidebar-layout":"default","site-content-layout":"","ast-site-content-layout":"","site-content-style":"default","site-sidebar-style":"default","ast-global-header-display":"","ast-banner-title-visibility":"","ast-main-header-display":"","ast-hfb-above-header-display":"","ast-hfb-below-header-display":"","ast-hfb-mobile-header-display":"","site-post-title":"","ast-breadcrumbs-content":"","ast-featured-img":"","footer-sml-layout":"","theme-transparent-header-meta":"","adv-header-id-meta":"","stick-header-meta":"","header-above-stick-meta":"","header-main-stick-meta":"","header-below-stick-meta":"","astra-migrate-meta-layouts":"default","ast-page-background-enabled":"default","ast-page-background-meta":{"desktop":{"background-color":"var(--ast-global-color-4)","background-image":"","background-repeat":"repeat","background-position":"center center","background-size":"auto","background-attachment":"scroll","background-type":"","background-media":"","overlay-type":"","overlay-color":"","overlay-opacity":"","overlay-gradient":""},"tablet":{"background-color":"","background-image":"","background-repeat":"repeat","background-position":"center center","background-size":"auto","background-attachment":"scroll","background-type":"","background-media":"","overlay-type":"","overlay-color":"","overlay-opacity":"","overlay-gradient":""},"mobile":{"background-color":"","background-image":"","background-repeat":"repeat","background-position":"center center","background-size":"auto","background-attachment":"scroll","background-type":"","background-media":"","overlay-type":"","overlay-color":"","overlay-opacity":"","overlay-gradient":""}},"ast-content-background-meta":{"desktop":{"background-color":"var(--ast-global-color-5)","background-image":"","background-repeat":"repeat","background-position":"center center","background-size":"auto","background-attachment":"scroll","background-type":"","background-media":"","overlay-type":"","overlay-color":"","overlay-opacity":"","overlay-gradient":""},"tablet":{"background-color":"var(--ast-global-color-5)","background-image":"","background-repeat":"repeat","background-position":"center center","background-size":"auto","background-attachment":"scroll","background-type":"","background-media":"","overlay-type":"","overlay-color":"","overlay-opacity":"","overlay-gradient":""},"mobile":{"background-color":"var(--ast-global-color-5)","background-image":"","background-repeat":"repeat","background-position":"center center","background-size":"auto","background-attachment":"scroll","background-type":"","background-media":"","overlay-type":"","overlay-color":"","overlay-opacity":"","overlay-gradient":""}},"footnotes":""},"class_list":["post-1582","page","type-page","status-publish","hentry"],"post_mailing_queue_ids":[],"_links":{"self":[{"href":"https:\/\/agora.xtec.cat\/cfavictorcatala\/wp-json\/wp\/v2\/pages\/1582","targetHints":{"allow":["GET"]}}],"collection":[{"href":"https:\/\/agora.xtec.cat\/cfavictorcatala\/wp-json\/wp\/v2\/pages"}],"about":[{"href":"https:\/\/agora.xtec.cat\/cfavictorcatala\/wp-json\/wp\/v2\/types\/page"}],"author":[{"embeddable":true,"href":"https:\/\/agora.xtec.cat\/cfavictorcatala\/wp-json\/wp\/v2\/users\/1"}],"replies":[{"embeddable":true,"href":"https:\/\/agora.xtec.cat\/cfavictorcatala\/wp-json\/wp\/v2\/comments?post=1582"}],"version-history":[{"count":5,"href":"https:\/\/agora.xtec.cat\/cfavictorcatala\/wp-json\/wp\/v2\/pages\/1582\/revisions"}],"predecessor-version":[{"id":2841,"href":"https:\/\/agora.xtec.cat\/cfavictorcatala\/wp-json\/wp\/v2\/pages\/1582\/revisions\/2841"}],"up":[{"embeddable":true,"href":"https:\/\/agora.xtec.cat\/cfavictorcatala\/wp-json\/wp\/v2\/pages\/1571"}],"wp:attachment":[{"href":"https:\/\/agora.xtec.cat\/cfavictorcatala\/wp-json\/wp\/v2\/media?parent=1582"}],"curies":[{"name":"wp","href":"https:\/\/api.w.org\/{rel}","templated":true}]}}