{"id":1565,"date":"2019-10-01T14:57:03","date_gmt":"2019-10-01T12:57:03","guid":{"rendered":"http:\/\/agora.xtec.cat\/cfavictorcatala\/?page_id=1565"},"modified":"2026-02-12T17:10:50","modified_gmt":"2026-02-12T16:10:50","slug":"llengua-francesa","status":"publish","type":"page","link":"https:\/\/agora.xtec.cat\/cfavictorcatala\/ensenyaments\/ensenyaments-transprofessionals\/llengua-francesa\/","title":{"rendered":"Llengua francesa"},"content":{"rendered":"<h3 data-start=\"145\" data-end=\"158\">Nivells<\/h3>\n<ul data-start=\"159\" data-end=\"212\">\n<li data-start=\"159\" data-end=\"176\">\n<p data-start=\"161\" data-end=\"176\"><strong data-start=\"161\" data-end=\"174\">Franc\u00e8s 1<\/strong><\/p>\n<\/li>\n<li data-start=\"177\" data-end=\"194\">\n<p data-start=\"179\" data-end=\"194\"><strong data-start=\"179\" data-end=\"192\">Franc\u00e8s 2<\/strong><\/p>\n<\/li>\n<li data-start=\"195\" data-end=\"212\">\n<p data-start=\"197\" data-end=\"212\"><strong data-start=\"197\" data-end=\"210\">Franc\u00e8s 3<\/strong><\/p>\n<\/li>\n<\/ul>\n<h3 data-start=\"214\" data-end=\"226\">Durada<\/h3>\n<ul data-start=\"227\" data-end=\"336\">\n<li data-start=\"227\" data-end=\"277\">\n<p data-start=\"229\" data-end=\"277\"><strong data-start=\"229\" data-end=\"243\">Franc\u00e8s 1:<\/strong> curs quadrimestral de 105 hores<\/p>\n<\/li>\n<li data-start=\"278\" data-end=\"336\">\n<p data-start=\"280\" data-end=\"336\"><strong data-start=\"280\" data-end=\"298\">Franc\u00e8s 2 i 3:<\/strong> cursos anuals de 140 hores cadascun<\/p>\n<\/li>\n<\/ul>\n<h3 data-start=\"338\" data-end=\"356\">Organitzaci\u00f3<\/h3>\n<p data-start=\"357\" data-end=\"630\">Aquests estudis tenen com a objectiu que les persones adultes assoleixin un grau de compet\u00e8ncia <strong data-start=\"453\" data-end=\"482\">b\u00e0sic en llengua francesa<\/strong>.<br data-start=\"483\" data-end=\"486\" \/>S\u2019imparteixen en tres nivells, que corresponen als nivells <strong data-start=\"545\" data-end=\"574\">A1, A2.1 i A2.2 del MECRL<\/strong> (Marc Europeu Com\u00fa de Refer\u00e8ncia per a les Lleng\u00fces).<\/p>\n<h3 data-start=\"632\" data-end=\"648\">Curr\u00edculum<\/h3>\n<p data-start=\"649\" data-end=\"813\"><a class=\"decorated-link\" href=\"https:\/\/dogc.gencat.cat\/ca\/pdogc_canals_interns\/pdogc_resultats_fitxa\/?action=fitxa&amp;mode=single&amp;documentId=821281&amp;language=ca_ES\" target=\"_new\" rel=\"noopener\" data-start=\"649\" data-end=\"811\">Consulta el curr\u00edculum oficial<\/a><\/p>\n<h3 data-start=\"815\" data-end=\"844\">Promoci\u00f3 i certificaci\u00f3<\/h3>\n<p data-start=\"845\" data-end=\"1167\">Els alumnes de <strong data-start=\"860\" data-end=\"872\">nivell 3<\/strong> han de superar una <strong data-start=\"892\" data-end=\"932\">prova de nivell b\u00e0sic (A2 del MECRL)<\/strong> abans de finalitzar el curs, per demostrar l\u2019assoliment de la compet\u00e8ncia ling\u00fc\u00edstica.<br data-start=\"1019\" data-end=\"1022\" \/>El Departament d\u2019Ensenyament proporciona als centres aquesta prova amb les <strong data-start=\"1097\" data-end=\"1131\">especificacions i orientacions<\/strong> corresponents per al professorat.<\/p>\n","protected":false},"excerpt":{"rendered":"<p>Nivells Franc\u00e8s 1 Franc\u00e8s 2 Franc\u00e8s 3 Durada Franc\u00e8s 1: curs quadrimestral de 105 hores Franc\u00e8s 2 i 3: cursos anuals de 140 hores cadascun Organitzaci\u00f3 Aquests estudis tenen com a objectiu que les persones adultes assoleixin un grau de compet\u00e8ncia b\u00e0sic en llengua francesa.S\u2019imparteixen en tres nivells, que corresponen als nivells A1, A2.1 i [&hellip;]<\/p>\n","protected":false},"author":1,"featured_media":0,"parent":286,"menu_order":0,"comment_status":"closed","ping_status":"closed","template":"page-templates\/side-menu.php","meta":{"_bbp_topic_count":0,"_bbp_reply_count":0,"_bbp_total_topic_count":0,"_bbp_total_reply_count":0,"_bbp_voice_count":0,"_bbp_anonymous_reply_count":0,"_bbp_topic_count_hidden":0,"_bbp_reply_count_hidden":0,"_bbp_forum_subforum_count":0,"site-sidebar-layout":"default","site-content-layout":"","ast-site-content-layout":"","site-content-style":"default","site-sidebar-style":"default","ast-global-header-display":"","ast-banner-title-visibility":"","ast-main-header-display":"","ast-hfb-above-header-display":"","ast-hfb-below-header-display":"","ast-hfb-mobile-header-display":"","site-post-title":"","ast-breadcrumbs-content":"","ast-featured-img":"","footer-sml-layout":"","theme-transparent-header-meta":"","adv-header-id-meta":"","stick-header-meta":"","header-above-stick-meta":"","header-main-stick-meta":"","header-below-stick-meta":"","astra-migrate-meta-layouts":"default","ast-page-background-enabled":"default","ast-page-background-meta":{"desktop":{"background-color":"var(--ast-global-color-4)","background-image":"","background-repeat":"repeat","background-position":"center center","background-size":"auto","background-attachment":"scroll","background-type":"","background-media":"","overlay-type":"","overlay-color":"","overlay-opacity":"","overlay-gradient":""},"tablet":{"background-color":"","background-image":"","background-repeat":"repeat","background-position":"center center","background-size":"auto","background-attachment":"scroll","background-type":"","background-media":"","overlay-type":"","overlay-color":"","overlay-opacity":"","overlay-gradient":""},"mobile":{"background-color":"","background-image":"","background-repeat":"repeat","background-position":"center center","background-size":"auto","background-attachment":"scroll","background-type":"","background-media":"","overlay-type":"","overlay-color":"","overlay-opacity":"","overlay-gradient":""}},"ast-content-background-meta":{"desktop":{"background-color":"var(--ast-global-color-5)","background-image":"","background-repeat":"repeat","background-position":"center center","background-size":"auto","background-attachment":"scroll","background-type":"","background-media":"","overlay-type":"","overlay-color":"","overlay-opacity":"","overlay-gradient":""},"tablet":{"background-color":"var(--ast-global-color-5)","background-image":"","background-repeat":"repeat","background-position":"center center","background-size":"auto","background-attachment":"scroll","background-type":"","background-media":"","overlay-type":"","overlay-color":"","overlay-opacity":"","overlay-gradient":""},"mobile":{"background-color":"var(--ast-global-color-5)","background-image":"","background-repeat":"repeat","background-position":"center center","background-size":"auto","background-attachment":"scroll","background-type":"","background-media":"","overlay-type":"","overlay-color":"","overlay-opacity":"","overlay-gradient":""}},"footnotes":""},"class_list":["post-1565","page","type-page","status-publish","hentry"],"post_mailing_queue_ids":[],"_links":{"self":[{"href":"https:\/\/agora.xtec.cat\/cfavictorcatala\/wp-json\/wp\/v2\/pages\/1565","targetHints":{"allow":["GET"]}}],"collection":[{"href":"https:\/\/agora.xtec.cat\/cfavictorcatala\/wp-json\/wp\/v2\/pages"}],"about":[{"href":"https:\/\/agora.xtec.cat\/cfavictorcatala\/wp-json\/wp\/v2\/types\/page"}],"author":[{"embeddable":true,"href":"https:\/\/agora.xtec.cat\/cfavictorcatala\/wp-json\/wp\/v2\/users\/1"}],"replies":[{"embeddable":true,"href":"https:\/\/agora.xtec.cat\/cfavictorcatala\/wp-json\/wp\/v2\/comments?post=1565"}],"version-history":[{"count":5,"href":"https:\/\/agora.xtec.cat\/cfavictorcatala\/wp-json\/wp\/v2\/pages\/1565\/revisions"}],"predecessor-version":[{"id":2849,"href":"https:\/\/agora.xtec.cat\/cfavictorcatala\/wp-json\/wp\/v2\/pages\/1565\/revisions\/2849"}],"up":[{"embeddable":true,"href":"https:\/\/agora.xtec.cat\/cfavictorcatala\/wp-json\/wp\/v2\/pages\/286"}],"wp:attachment":[{"href":"https:\/\/agora.xtec.cat\/cfavictorcatala\/wp-json\/wp\/v2\/media?parent=1565"}],"curies":[{"name":"wp","href":"https:\/\/api.w.org\/{rel}","templated":true}]}}