{"id":693,"date":"2022-06-21T12:57:22","date_gmt":"2022-06-21T10:57:22","guid":{"rendered":"https:\/\/agora.xtec.cat\/cfavaldaran\/?page_id=693"},"modified":"2022-06-21T12:59:12","modified_gmt":"2022-06-21T10:59:12","slug":"punt-dinformacion-e-orientacion-deth-servici-dacreditacion-professionau","status":"publish","type":"page","link":"https:\/\/agora.xtec.cat\/cfavaldaran\/punt-dinformacion-e-orientacion-deth-servici-dacreditacion-professionau\/","title":{"rendered":"Servici d&#8217;acreditacion professionau"},"content":{"rendered":"<h3>\u00c8m punt d\u2019informacion e orientacion deth Servici d\u2019Acreditacion des Compet\u00e9ncies Professionaus #FPCAT<\/h3>\n<p style=\"text-align: left;\">Era acreditacion ei era oportunitat ent\u00e0 art\u00e9nher un reconeishement oficiau de s\u00f2 qu&#8217;er usatg\u00e8r ei capable de realizar a compdar dera exper\u00e9ncia professionau o dera sua formacion non reconeishuda oficiaument.<\/p>\n<p style=\"text-align: left;\">Ent\u00e0 obt\u00eder era acreditacion cau h\u00e8r ua s\u00f2rta d&#8217;entrevistes virtuaus a on era persona p\u00f2t demostrar quines son es sues compet\u00e9ncies professionaus que formen part d&#8217;un certificat o ben d&#8217;un titol professionau.S&#8217; era persona dem\u00f2stre qu&#8217;a aquerit es unitats dera compet\u00e9ncia, obten ua certificacion oficiau que permet convalidar e completar era formacion ent\u00e0 obtier era certificacion o titolacion de formacion professonau.<\/p>\n<p><iframe loading=\"lazy\" title=\"YouTube video player\" src=\"https:\/\/www.youtube.com\/embed\/qD7DkvfNTGw\" width=\"560\" height=\"315\" frameborder=\"0\" allowfullscreen=\"allowfullscreen\"><\/iframe><br \/>\nAciu auetz quauques responses que vos p\u00f2den ajudar:<\/p>\n<p>&nbsp;<\/p>\n<ul>\n<li><a href=\"https:\/\/fp.gencat.cat\/ca\/acreditacio\/em-vull-acreditar\/\" target=\"_blank\" rel=\"noopener\">Me voi acreditar<\/a><\/li>\n<\/ul>\n<h4><\/h4>\n<ul>\n<li><a href=\"https:\/\/fp.gencat.cat\/web\/.content\/06_Acreditacio\/em-vull-acreditar\/inscripcio\/instruccions-inscripcio-web.pdf\" target=\"_blank\" rel=\"noopener\">Manuau entara inscripcion<\/a><\/li>\n<\/ul>\n<h4><\/h4>\n<ul>\n<li><a href=\"https:\/\/aplicacions.gestioeducativa.gencat.cat\/e13_cfp_icqp\/menuInici.do\" target=\"_blank\" rel=\"noopener\">Catal\u00f2g des qualificacions professionals<\/a><\/li>\n<\/ul>\n<h4><\/h4>\n<ul>\n<li><a href=\"https:\/\/youtu.be\/zVGRUS7kL9Y\" target=\"_blank\" rel=\"noopener\">Instruccions entara inscripcion<\/a><\/li>\n<\/ul>\n<p>En CFA Val d&#8217;Aran \u00e8m<strong> punt d\u2019informacion e orientacion<\/strong> deth <a href=\"https:\/\/fp.gencat.cat\/ca\/inici\/\" target=\"_blank\" rel=\"noopener\">Servei d\u2019Acreditaci\u00f3 de Compet\u00e8ncies Professionals<\/a>. Se te cau m\u00e8s informacion e\/o orientacion entara inscripcion mos p\u00f2s enviar una corr\u00e8u c5008741<span class=\"\">@xtec.cat<\/span> e t\u2019assessoraram.<\/p>\n<h5><\/h5>\n<p><img loading=\"lazy\" decoding=\"async\" class=\"aligncenter wp-image-4563\" src=\"https:\/\/agora.xtec.cat\/cfavictorinavila\/wp-content\/uploads\/usu417\/2022\/04\/Som-punt-dinformacio-i-orientacio-scaled.jpg\" sizes=\"auto, (max-width: 380px) 100vw, 380px\" srcset=\"https:\/\/agora.xtec.cat\/cfavictorinavila\/wp-content\/uploads\/usu417\/2022\/04\/Som-punt-dinformacio-i-orientacio-scaled.jpg 2560w, https:\/\/agora.xtec.cat\/cfavictorinavila\/wp-content\/uploads\/usu417\/2022\/04\/Som-punt-dinformacio-i-orientacio-768x768.jpg 768w, https:\/\/agora.xtec.cat\/cfavictorinavila\/wp-content\/uploads\/usu417\/2022\/04\/Som-punt-dinformacio-i-orientacio-1536x1536.jpg 1536w, https:\/\/agora.xtec.cat\/cfavictorinavila\/wp-content\/uploads\/usu417\/2022\/04\/Som-punt-dinformacio-i-orientacio-2048x2048.jpg 2048w\" alt=\"\" width=\"380\" height=\"380\" \/><\/p>\n","protected":false},"excerpt":{"rendered":"<p>\u00c8m punt d\u2019informacion e orientacion deth Servici d\u2019Acreditacion des Compet\u00e9ncies Professionaus #FPCAT<br \/>\nEra acreditacion ei era oportunitat ent\u00e0 art\u00e9nher un reconeishement oficiau de s\u00f2 qu&#8217;er usatg\u00e8r ei capable de realizar a compdar dera exper\u00e9ncia professionau o dera sua formacion non reconeishuda oficiaument.<br \/>\nEnt\u00e0 obt\u00eder era acreditacion cau&hellip;  <a href=\"https:\/\/agora.xtec.cat\/cfavaldaran\/punt-dinformacion-e-orientacion-deth-servici-dacreditacion-professionau\/\" title=\"Read Servici d&#8217;acreditacion professionau\">Llegeix m\u00e9s\u00bb<\/a><\/p>\n","protected":false},"author":1,"featured_media":0,"parent":0,"menu_order":0,"comment_status":"closed","ping_status":"closed","template":"","meta":{"_bbp_topic_count":0,"_bbp_reply_count":0,"_bbp_total_topic_count":0,"_bbp_total_reply_count":0,"_bbp_voice_count":0,"_bbp_anonymous_reply_count":0,"_bbp_topic_count_hidden":0,"_bbp_reply_count_hidden":0,"_bbp_forum_subforum_count":0,"footnotes":""},"class_list":["post-693","page","type-page","status-publish","hentry"],"post_mailing_queue_ids":[],"_links":{"self":[{"href":"https:\/\/agora.xtec.cat\/cfavaldaran\/wp-json\/wp\/v2\/pages\/693","targetHints":{"allow":["GET"]}}],"collection":[{"href":"https:\/\/agora.xtec.cat\/cfavaldaran\/wp-json\/wp\/v2\/pages"}],"about":[{"href":"https:\/\/agora.xtec.cat\/cfavaldaran\/wp-json\/wp\/v2\/types\/page"}],"author":[{"embeddable":true,"href":"https:\/\/agora.xtec.cat\/cfavaldaran\/wp-json\/wp\/v2\/users\/1"}],"replies":[{"embeddable":true,"href":"https:\/\/agora.xtec.cat\/cfavaldaran\/wp-json\/wp\/v2\/comments?post=693"}],"version-history":[{"count":3,"href":"https:\/\/agora.xtec.cat\/cfavaldaran\/wp-json\/wp\/v2\/pages\/693\/revisions"}],"predecessor-version":[{"id":697,"href":"https:\/\/agora.xtec.cat\/cfavaldaran\/wp-json\/wp\/v2\/pages\/693\/revisions\/697"}],"wp:attachment":[{"href":"https:\/\/agora.xtec.cat\/cfavaldaran\/wp-json\/wp\/v2\/media?parent=693"}],"curies":[{"name":"wp","href":"https:\/\/api.w.org\/{rel}","templated":true}]}}