{"id":650,"date":"2022-06-16T12:37:03","date_gmt":"2022-06-16T10:37:03","guid":{"rendered":"https:\/\/agora.xtec.cat\/cfavaldaran\/?page_id=650"},"modified":"2025-06-19T12:15:00","modified_gmt":"2025-06-19T10:15:00","slug":"secretaria","status":"publish","type":"page","link":"https:\/\/agora.xtec.cat\/cfavaldaran\/el-centre\/secretaria\/","title":{"rendered":"Secretaria"},"content":{"rendered":"<p><a href=\"https:\/\/agora.xtec.cat\/cfavaldaran\/wp-content\/uploads\/usu2219\/2025\/06\/A89.pdf\">A89<\/a><a href=\"https:\/\/agora.xtec.cat\/cfavaldaran\/wp-content\/uploads\/usu2219\/2022\/06\/horari-administracion.png\">Oraris secretaria<\/a><\/p>\n<p>Documentacion ent\u00e0 realizar era matricola<\/p>\n<ul>\n<li><a href=\"https:\/\/agora.xtec.cat\/cfavaldaran\/wp-content\/uploads\/usu2219\/2025\/06\/A89.pdf\">Huelha de preinscripcion<\/a><\/li>\n<li><a href=\"https:\/\/agora.xtec.cat\/cfavaldaran\/wp-content\/uploads\/usu2219\/2022\/06\/A89-1.pdf\">Huelha de matricola<\/a><\/li>\n<li>Carta de comprom\u00eds <a href=\"https:\/\/agora.xtec.cat\/cfavaldaran\/wp-content\/uploads\/usu2219\/2022\/06\/carta-de-compromes-aranes.doc.pdf\">Aran\u00e9s<\/a>, <a href=\"https:\/\/agora.xtec.cat\/cfavaldaran\/wp-content\/uploads\/usu2219\/2022\/06\/Carta-de-compromis-catala.doc.pdf\">catalan<\/a>, <a href=\"https:\/\/agora.xtec.cat\/cfavaldaran\/wp-content\/uploads\/usu2219\/2022\/06\/Carta-de-compromis-castella.doc.pdf\">castelhan<\/a>.<\/li>\n<li><a href=\"https:\/\/agora.xtec.cat\/cfavaldaran\/wp-content\/uploads\/usu2219\/2022\/06\/dretimatge.pdf\">Huelha drets d&#8217;imatge<\/a><\/li>\n<li>Mos caler\u00e0 ath del\u00e0 ua c\u00f2pia deth DNI\/NIE e Tarja sanitaria<\/li>\n<li>Justificant d&#8217;assist\u00e9ncia: <a href=\"https:\/\/agora.xtec.cat\/cfavaldaran\/wp-content\/uploads\/usu2219\/2022\/09\/JUSTIFICANT-ABSENCIA-ARANES.pdf\">Aran\u00e9s<\/a>, <a href=\"https:\/\/agora.xtec.cat\/cfavaldaran\/wp-content\/uploads\/usu2219\/2022\/09\/JUSTIFICANT-ABSENCIA-CATALA.pdf\">catal\u00e0<\/a>,<a href=\"https:\/\/agora.xtec.cat\/cfavaldaran\/wp-content\/uploads\/usu2219\/2022\/09\/JUSTIFICANT-ABSENCIA-CASTELLA.pdf\"> castellano<\/a><\/li>\n<li>Ingr\u00e9s collaboracion damb eth centre de 50\u20ac en compde: ES7621003619152200180462<\/li>\n<\/ul>\n","protected":false},"excerpt":{"rendered":"<p><a href=\"https:\/\/agora.xtec.cat\/cfavaldaran\/wp-content\/uploads\/usu2219\/2025\/06\/A89.pdf\">A89<\/a><a href=\"https:\/\/agora.xtec.cat\/cfavaldaran\/wp-content\/uploads\/usu2219\/2022\/06\/horari-administracion.png\">Oraris secretaria<\/a><br \/>\nDocumentacion ent\u00e0 realizar era matricola<\/p>\n<ul>\n<li><a href=\"https:\/\/agora.xtec.cat\/cfavaldaran\/wp-content\/uploads\/usu2219\/2025\/06\/A89.pdf\">Huelha de preinscripcion<\/a><\/li>\n<li><a href=\"https:\/\/agora.xtec.cat\/cfavaldaran\/wp-content\/uploads\/usu2219\/2022\/06\/A89-1.pdf\">Huelha de matricola<\/a><\/li>\n<li>Carta de comprom\u00eds <a href=\"https:\/\/agora.xtec.cat\/cfavaldaran\/wp-content\/uploads\/usu2219\/2022\/06\/carta-de-compromes-aranes.doc.pdf\">Aran\u00e9s<\/a>, <a href=\"https:\/\/agora.xtec.cat\/cfavaldaran\/wp-content\/uploads\/usu2219\/2022\/06\/Carta-de-compromis-catala.doc.pdf\">catalan<\/a>, <a href=\"https:\/\/agora.xtec.cat\/cfavaldaran\/wp-content\/uploads\/usu2219\/2022\/06\/Carta-de-compromis-castella.doc.pdf\">castelhan<\/a>.<\/li>\n<li><a href=\"https:\/\/agora.xtec.cat\/cfavaldaran\/wp-content\/uploads\/usu2219\/2022\/06\/dretimatge.pdf\">Huelha drets d&#8217;imatge<\/a><\/li>\n<li>Mos caler\u00e0 ath del\u00e0 ua c\u00f2pia deth DNI\/NIE e Tarja sanitaria<\/li>\n<li>Justificant d&#8217;assist\u00e9ncia: <a href=\"https:\/\/agora.xtec.cat\/cfavaldaran\/wp-content\/uploads\/usu2219\/2022\/09\/JUSTIFICANT-ABSENCIA-ARANES.pdf\">Aran\u00e9s<\/a>, <a href=\"https:\/\/agora.xtec.cat\/cfavaldaran\/wp-content\/uploads\/usu2219\/2022\/09\/JUSTIFICANT-ABSENCIA-CATALA.pdf\">catal\u00e0<\/a>,<a href=\"https:\/\/agora.xtec.cat\/cfavaldaran\/wp-content\/uploads\/usu2219\/2022\/09\/JUSTIFICANT-ABSENCIA-CASTELLA.pdf\"> castellano<\/a><\/li>\n<li>Ingr\u00e9s collaboracion damb eth&hellip;  <a href=\"https:\/\/agora.xtec.cat\/cfavaldaran\/el-centre\/secretaria\/\" title=\"Read Secretaria\">Llegeix m\u00e9s\u00bb<\/a><br \/>\n","protected":false},"author":1,"featured_media":0,"parent":261,"menu_order":50,"comment_status":"closed","ping_status":"closed","template":"","meta":{"_bbp_topic_count":0,"_bbp_reply_count":0,"_bbp_total_topic_count":0,"_bbp_total_reply_count":0,"_bbp_voice_count":0,"_bbp_anonymous_reply_count":0,"_bbp_topic_count_hidden":0,"_bbp_reply_count_hidden":0,"_bbp_forum_subforum_count":0,"footnotes":""},"class_list":["post-650","page","type-page","status-publish","hentry"],"post_mailing_queue_ids":[],"_links":{"self":[{"href":"https:\/\/agora.xtec.cat\/cfavaldaran\/wp-json\/wp\/v2\/pages\/650","targetHints":{"allow":["GET"]}}],"collection":[{"href":"https:\/\/agora.xtec.cat\/cfavaldaran\/wp-json\/wp\/v2\/pages"}],"about":[{"href":"https:\/\/agora.xtec.cat\/cfavaldaran\/wp-json\/wp\/v2\/types\/page"}],"author":[{"embeddable":true,"href":"https:\/\/agora.xtec.cat\/cfavaldaran\/wp-json\/wp\/v2\/users\/1"}],"replies":[{"embeddable":true,"href":"https:\/\/agora.xtec.cat\/cfavaldaran\/wp-json\/wp\/v2\/comments?post=650"}],"version-history":[{"count":6,"href":"https:\/\/agora.xtec.cat\/cfavaldaran\/wp-json\/wp\/v2\/pages\/650\/revisions"}],"predecessor-version":[{"id":1666,"href":"https:\/\/agora.xtec.cat\/cfavaldaran\/wp-json\/wp\/v2\/pages\/650\/revisions\/1666"}],"up":[{"embeddable":true,"href":"https:\/\/agora.xtec.cat\/cfavaldaran\/wp-json\/wp\/v2\/pages\/261"}],"wp:attachment":[{"href":"https:\/\/agora.xtec.cat\/cfavaldaran\/wp-json\/wp\/v2\/media?parent=650"}],"curies":[{"name":"wp","href":"https:\/\/api.w.org\/{rel}","templated":true}]}}