{"id":632,"date":"2022-06-15T12:14:12","date_gmt":"2022-06-15T10:14:12","guid":{"rendered":"https:\/\/agora.xtec.cat\/cfavaldaran\/?page_id=632"},"modified":"2022-06-15T12:14:12","modified_gmt":"2022-06-15T10:14:12","slug":"lengua-francesa","status":"publish","type":"page","link":"https:\/\/agora.xtec.cat\/cfavaldaran\/ensenyaments\/ensenyaments-transprofessionals\/llengua-francesa\/lengua-francesa\/","title":{"rendered":"Lengua francesa"},"content":{"rendered":"<p>Aguesti estudis an coma objectiu qu&#8217;es persones adultes assoliden un grad de compet\u00e9ncia basic pr&#8217;amor de comunicar-se en lengua francesa en tot impartir-se tres niv\u00e8us: lengua francesa niv\u00e8u 1, 2 e 3, que corresponen as niv\u00e8us A1, A2.1 i A2.2 del MECR (Marc europeu comun de refer\u00e9ncia des leng\u00fces).<\/p>\n<h6>Acc\u00e9s<\/h6>\n<p>P\u00f2den accedir ad aguesti estudis totes es persones qu&#8217;an m\u00e8s de 18 anys o ben que les complissen en an naturau en qu&#8217; inicien era formacion.<\/p>\n<p>&nbsp;<\/p>\n<h5>\u27a1 \u00a0\u00a0<a href=\"https:\/\/triaeducativa.gencat.cat\/ca\/educacio-adults\/ofertats\/llengues-estrangeres\/?p_id=2332&amp;estudi\">Llengua Francesa al portal de la\u00a0<em>\u201cTria Educativa\u201d<\/em><\/a><\/h5>\n","protected":false},"excerpt":{"rendered":"<p>Aguesti estudis an coma objectiu qu&#8217;es persones adultes assoliden un grad de compet\u00e9ncia basic pr&#8217;amor de comunicar-se en lengua francesa en tot impartir-se tres niv\u00e8us: lengua francesa niv\u00e8u 1, 2 e 3, que corresponen as niv\u00e8us A1, A2.1 i A2.2 del MECR (Marc europeu comun&hellip;  <a href=\"https:\/\/agora.xtec.cat\/cfavaldaran\/ensenyaments\/ensenyaments-transprofessionals\/llengua-francesa\/lengua-francesa\/\" title=\"Read Lengua francesa\">Llegeix m\u00e9s\u00bb<\/a><\/p>\n","protected":false},"author":1,"featured_media":0,"parent":314,"menu_order":0,"comment_status":"closed","ping_status":"closed","template":"","meta":{"_bbp_topic_count":0,"_bbp_reply_count":0,"_bbp_total_topic_count":0,"_bbp_total_reply_count":0,"_bbp_voice_count":0,"_bbp_anonymous_reply_count":0,"_bbp_topic_count_hidden":0,"_bbp_reply_count_hidden":0,"_bbp_forum_subforum_count":0,"footnotes":""},"class_list":["post-632","page","type-page","status-publish","hentry"],"post_mailing_queue_ids":[],"_links":{"self":[{"href":"https:\/\/agora.xtec.cat\/cfavaldaran\/wp-json\/wp\/v2\/pages\/632","targetHints":{"allow":["GET"]}}],"collection":[{"href":"https:\/\/agora.xtec.cat\/cfavaldaran\/wp-json\/wp\/v2\/pages"}],"about":[{"href":"https:\/\/agora.xtec.cat\/cfavaldaran\/wp-json\/wp\/v2\/types\/page"}],"author":[{"embeddable":true,"href":"https:\/\/agora.xtec.cat\/cfavaldaran\/wp-json\/wp\/v2\/users\/1"}],"replies":[{"embeddable":true,"href":"https:\/\/agora.xtec.cat\/cfavaldaran\/wp-json\/wp\/v2\/comments?post=632"}],"version-history":[{"count":1,"href":"https:\/\/agora.xtec.cat\/cfavaldaran\/wp-json\/wp\/v2\/pages\/632\/revisions"}],"predecessor-version":[{"id":633,"href":"https:\/\/agora.xtec.cat\/cfavaldaran\/wp-json\/wp\/v2\/pages\/632\/revisions\/633"}],"up":[{"embeddable":true,"href":"https:\/\/agora.xtec.cat\/cfavaldaran\/wp-json\/wp\/v2\/pages\/314"}],"wp:attachment":[{"href":"https:\/\/agora.xtec.cat\/cfavaldaran\/wp-json\/wp\/v2\/media?parent=632"}],"curies":[{"name":"wp","href":"https:\/\/api.w.org\/{rel}","templated":true}]}}