{"id":627,"date":"2022-06-15T11:36:42","date_gmt":"2022-06-15T09:36:42","guid":{"rendered":"https:\/\/agora.xtec.cat\/cfavaldaran\/?page_id=627"},"modified":"2022-06-15T11:38:14","modified_gmt":"2022-06-15T09:38:14","slug":"lengua-anglesa","status":"publish","type":"page","link":"https:\/\/agora.xtec.cat\/cfavaldaran\/ensenyaments\/ensenyaments-transprofessionals\/lengua-anglesa\/","title":{"rendered":"Lengua anglesa"},"content":{"rendered":"<header class=\"entry-header\">\n<h1 class=\"entry-title\"><\/h1>\n<\/header>\n<div class=\"entry-content\">\n<p>Aguesti estudis an coma objectiu qu&#8217;es persones adultes assoliden un grad de compet\u00e9ncia basic ent\u00e0\u00a0 comunicar-se en lengua anglesa. S\u2019impartissen en tres niv\u00e8us: lengua anglesa niv\u00e8u 1, 2 e 3, que corresponen as niv\u00e8us A1, A2.1 i A2.2 deth MECR (Marc europ\u00e8u comun de refer\u00e9ncia ent\u00e0 leng\u00fces).<\/p>\n<h6>Acc\u00e9s<\/h6>\n<p>P\u00f2den accedir ad aguesti estudis totes es persones de m\u00e8s de 18 ans o ben es que les complissen en an d&#8217;inici dera formacion.<\/p>\n<h5>\u27a1 \u00a0\u00a0<a href=\"https:\/\/triaeducativa.gencat.cat\/ca\/educacio-adults\/ofertats\/llengues-estrangeres\/?p_id=2350&amp;estudi\">Llengua Anglesa al portal de la\u00a0<em>\u201cTria Educativa\u201d<\/em><\/a><\/h5>\n<p>&nbsp;<\/p>\n<\/div>\n","protected":false},"excerpt":{"rendered":"<p>Aguesti estudis an coma objectiu qu&#8217;es persones adultes assoliden un grad de compet\u00e9ncia basic ent\u00e0\u00a0 comunicar-se en lengua anglesa. S\u2019impartissen en tres niv\u00e8us: lengua anglesa niv\u00e8u 1, 2 e 3, que corresponen as niv\u00e8us A1, A2.1 i A2.2 deth MECR (Marc europ\u00e8u comun de refer\u00e9ncia&hellip;  <a href=\"https:\/\/agora.xtec.cat\/cfavaldaran\/ensenyaments\/ensenyaments-transprofessionals\/lengua-anglesa\/\" title=\"Read Lengua anglesa\">Llegeix m\u00e9s\u00bb<\/a><\/p>\n","protected":false},"author":1,"featured_media":0,"parent":286,"menu_order":0,"comment_status":"closed","ping_status":"closed","template":"","meta":{"_bbp_topic_count":0,"_bbp_reply_count":0,"_bbp_total_topic_count":0,"_bbp_total_reply_count":0,"_bbp_voice_count":0,"_bbp_anonymous_reply_count":0,"_bbp_topic_count_hidden":0,"_bbp_reply_count_hidden":0,"_bbp_forum_subforum_count":0,"footnotes":""},"class_list":["post-627","page","type-page","status-publish","hentry"],"post_mailing_queue_ids":[],"_links":{"self":[{"href":"https:\/\/agora.xtec.cat\/cfavaldaran\/wp-json\/wp\/v2\/pages\/627","targetHints":{"allow":["GET"]}}],"collection":[{"href":"https:\/\/agora.xtec.cat\/cfavaldaran\/wp-json\/wp\/v2\/pages"}],"about":[{"href":"https:\/\/agora.xtec.cat\/cfavaldaran\/wp-json\/wp\/v2\/types\/page"}],"author":[{"embeddable":true,"href":"https:\/\/agora.xtec.cat\/cfavaldaran\/wp-json\/wp\/v2\/users\/1"}],"replies":[{"embeddable":true,"href":"https:\/\/agora.xtec.cat\/cfavaldaran\/wp-json\/wp\/v2\/comments?post=627"}],"version-history":[{"count":2,"href":"https:\/\/agora.xtec.cat\/cfavaldaran\/wp-json\/wp\/v2\/pages\/627\/revisions"}],"predecessor-version":[{"id":629,"href":"https:\/\/agora.xtec.cat\/cfavaldaran\/wp-json\/wp\/v2\/pages\/627\/revisions\/629"}],"up":[{"embeddable":true,"href":"https:\/\/agora.xtec.cat\/cfavaldaran\/wp-json\/wp\/v2\/pages\/286"}],"wp:attachment":[{"href":"https:\/\/agora.xtec.cat\/cfavaldaran\/wp-json\/wp\/v2\/media?parent=627"}],"curies":[{"name":"wp","href":"https:\/\/api.w.org\/{rel}","templated":true}]}}