{"id":621,"date":"2022-06-15T09:50:28","date_gmt":"2022-06-15T07:50:28","guid":{"rendered":"https:\/\/agora.xtec.cat\/cfavaldaran\/?page_id=621"},"modified":"2022-06-15T09:52:14","modified_gmt":"2022-06-15T07:52:14","slug":"graduat-o-graduada-en-educacio-secundaria-obligatoria-geso","status":"publish","type":"page","link":"https:\/\/agora.xtec.cat\/cfavaldaran\/ensenyaments\/ensenyaments-inicials-i-formacio-basica\/graduat-o-graduada-en-educacio-secundaria-obligatoria-geso\/","title":{"rendered":"Graduat o graduada en Educaci\u00f3 Secund\u00e0ria Obligat\u00f2ria\u00a0(GESO)."},"content":{"rendered":"<p data-canvas-width=\"96.74499999999999\">Es estudis de <strong>\u00a0Graduat o graduada en Educaci\u00f3 Secund\u00e0ria Obligat\u00f2ria<\/strong> (GESO), permeten era obtencion dera titolacion en tot seguir es estudis ena plataforma der Institut Obert de Catalunya. Des deth CFA vos assessoram e acompanham en proc\u00e9s d&#8217;obtencion dera titolacion.<\/p>\n<h3 data-canvas-width=\"54.00999999999999\">Acc\u00e9s<\/h3>\n<p data-canvas-width=\"140.25\">Ent\u00e0 accedir as estudis\u00a0 cau auer 18 ans o ben complir-les en an naturau der acces ara formacion.<\/p>\n<h3 data-canvas-width=\"96.74499999999999\">Contenguts<\/h3>\n<p>Es ensenhaments entara obtencion dera titolacion deth graduat o graduada en educacion secund\u00e0ria obligat\u00f2ria ent\u00e0s persones adultes an es airaus que seguissen:<\/p>\n<p><a href=\"https:\/\/agora.xtec.cat\/cfavaldaran\/wp-content\/uploads\/usu2219\/2022\/06\/GES-plan-estudis.png\"><img loading=\"lazy\" decoding=\"async\" class=\"size-full wp-image-622 aligncenter\" src=\"https:\/\/agora.xtec.cat\/cfavaldaran\/wp-content\/uploads\/usu2219\/2022\/06\/GES-plan-estudis.png\" alt=\"\" width=\"883\" height=\"345\" srcset=\"https:\/\/agora.xtec.cat\/cfavaldaran\/wp-content\/uploads\/usu2219\/2022\/06\/GES-plan-estudis.png 883w, https:\/\/agora.xtec.cat\/cfavaldaran\/wp-content\/uploads\/usu2219\/2022\/06\/GES-plan-estudis-300x117.png 300w, https:\/\/agora.xtec.cat\/cfavaldaran\/wp-content\/uploads\/usu2219\/2022\/06\/GES-plan-estudis-768x300.png 768w\" sizes=\"auto, (max-width: 883px) 100vw, 883px\" \/><\/a><\/p>\n<p>En tot presentar era certificacion des estudis corsadi enquiath moment se realizen es convalidacions ent\u00e0 ajustar er itinerari as condicions particulars der alumnat.<\/p>\n","protected":false},"excerpt":{"rendered":"<p>Es estudis de \u00a0Graduat o graduada en Educaci\u00f3 Secund\u00e0ria Obligat\u00f2ria (GESO), permeten era obtencion dera titolacion en tot seguir es estudis ena plataforma der Institut Obert de Catalunya. Des deth CFA vos assessoram e acompanham en proc\u00e9s d&#8217;obtencion dera titolacion.<br \/>\nAcc\u00e9s<br \/>\nEnt\u00e0 accedir as estudis\u00a0 cau auer&hellip;  <a href=\"https:\/\/agora.xtec.cat\/cfavaldaran\/ensenyaments\/ensenyaments-inicials-i-formacio-basica\/graduat-o-graduada-en-educacio-secundaria-obligatoria-geso\/\" title=\"Read Graduat o graduada en Educaci\u00f3 Secund\u00e0ria Obligat\u00f2ria\u00a0(GESO).\">Llegeix m\u00e9s\u00bb<\/a><\/p>\n","protected":false},"author":1,"featured_media":0,"parent":283,"menu_order":0,"comment_status":"closed","ping_status":"closed","template":"","meta":{"_bbp_topic_count":0,"_bbp_reply_count":0,"_bbp_total_topic_count":0,"_bbp_total_reply_count":0,"_bbp_voice_count":0,"_bbp_anonymous_reply_count":0,"_bbp_topic_count_hidden":0,"_bbp_reply_count_hidden":0,"_bbp_forum_subforum_count":0,"footnotes":""},"class_list":["post-621","page","type-page","status-publish","hentry"],"post_mailing_queue_ids":[],"_links":{"self":[{"href":"https:\/\/agora.xtec.cat\/cfavaldaran\/wp-json\/wp\/v2\/pages\/621","targetHints":{"allow":["GET"]}}],"collection":[{"href":"https:\/\/agora.xtec.cat\/cfavaldaran\/wp-json\/wp\/v2\/pages"}],"about":[{"href":"https:\/\/agora.xtec.cat\/cfavaldaran\/wp-json\/wp\/v2\/types\/page"}],"author":[{"embeddable":true,"href":"https:\/\/agora.xtec.cat\/cfavaldaran\/wp-json\/wp\/v2\/users\/1"}],"replies":[{"embeddable":true,"href":"https:\/\/agora.xtec.cat\/cfavaldaran\/wp-json\/wp\/v2\/comments?post=621"}],"version-history":[{"count":1,"href":"https:\/\/agora.xtec.cat\/cfavaldaran\/wp-json\/wp\/v2\/pages\/621\/revisions"}],"predecessor-version":[{"id":623,"href":"https:\/\/agora.xtec.cat\/cfavaldaran\/wp-json\/wp\/v2\/pages\/621\/revisions\/623"}],"up":[{"embeddable":true,"href":"https:\/\/agora.xtec.cat\/cfavaldaran\/wp-json\/wp\/v2\/pages\/283"}],"wp:attachment":[{"href":"https:\/\/agora.xtec.cat\/cfavaldaran\/wp-json\/wp\/v2\/media?parent=621"}],"curies":[{"name":"wp","href":"https:\/\/api.w.org\/{rel}","templated":true}]}}