{"id":535,"date":"2022-06-09T11:03:20","date_gmt":"2022-06-09T09:03:20","guid":{"rendered":"https:\/\/agora.xtec.cat\/cfavaldaran\/?page_id=535"},"modified":"2022-06-09T11:05:13","modified_gmt":"2022-06-09T09:05:13","slug":"servici-dorientacion-entara-acreditacion-des-competencies-professionaus","status":"publish","type":"page","link":"https:\/\/agora.xtec.cat\/cfavaldaran\/ensenyaments\/servici-dorientacion-entara-acreditacion-des-competencies-professionaus\/","title":{"rendered":"Servici d&#8217;orientacion entara acreditacion des compet\u00e9ncies professionaus"},"content":{"rendered":"<header class=\"entry-header\">As experi\u00e9ncia laborau o as formacion non reconeishuda e la voleries h\u00e8r oficiau?<\/header>\n<div class=\"entry-content\">\n<p>En CFA t&#8217;aufrim un servici d&#8217;orientacion ent\u00e0 acreditar es tues compet\u00e9ncies e certificar oficiaument era professionalitat que i a darr\u00e8r deth t\u00f2n trebalh.<\/p>\n<\/div>\n<p><iframe loading=\"lazy\" title=\"YouTube video player\" src=\"https:\/\/www.youtube.com\/embed\/qD7DkvfNTGw\" width=\"560\" height=\"315\" frameborder=\"0\" allowfullscreen=\"allowfullscreen\"><\/iframe><\/p>\n","protected":false},"excerpt":{"rendered":"<p>As experi\u00e9ncia laborau o as formacion non reconeishuda e la voleries h\u00e8r oficiau?<\/p>\n<p>En CFA t&#8217;aufrim un servici d&#8217;orientacion ent\u00e0 acreditar es tues compet\u00e9ncies e certificar oficiaument era professionalitat que i a darr\u00e8r deth t\u00f2n trebalh.<\/p>\n","protected":false},"author":1,"featured_media":0,"parent":274,"menu_order":0,"comment_status":"closed","ping_status":"closed","template":"","meta":{"_bbp_topic_count":0,"_bbp_reply_count":0,"_bbp_total_topic_count":0,"_bbp_total_reply_count":0,"_bbp_voice_count":0,"_bbp_anonymous_reply_count":0,"_bbp_topic_count_hidden":0,"_bbp_reply_count_hidden":0,"_bbp_forum_subforum_count":0,"footnotes":""},"class_list":["post-535","page","type-page","status-publish","hentry"],"post_mailing_queue_ids":[],"_links":{"self":[{"href":"https:\/\/agora.xtec.cat\/cfavaldaran\/wp-json\/wp\/v2\/pages\/535","targetHints":{"allow":["GET"]}}],"collection":[{"href":"https:\/\/agora.xtec.cat\/cfavaldaran\/wp-json\/wp\/v2\/pages"}],"about":[{"href":"https:\/\/agora.xtec.cat\/cfavaldaran\/wp-json\/wp\/v2\/types\/page"}],"author":[{"embeddable":true,"href":"https:\/\/agora.xtec.cat\/cfavaldaran\/wp-json\/wp\/v2\/users\/1"}],"replies":[{"embeddable":true,"href":"https:\/\/agora.xtec.cat\/cfavaldaran\/wp-json\/wp\/v2\/comments?post=535"}],"version-history":[{"count":3,"href":"https:\/\/agora.xtec.cat\/cfavaldaran\/wp-json\/wp\/v2\/pages\/535\/revisions"}],"predecessor-version":[{"id":538,"href":"https:\/\/agora.xtec.cat\/cfavaldaran\/wp-json\/wp\/v2\/pages\/535\/revisions\/538"}],"up":[{"embeddable":true,"href":"https:\/\/agora.xtec.cat\/cfavaldaran\/wp-json\/wp\/v2\/pages\/274"}],"wp:attachment":[{"href":"https:\/\/agora.xtec.cat\/cfavaldaran\/wp-json\/wp\/v2\/media?parent=535"}],"curies":[{"name":"wp","href":"https:\/\/api.w.org\/{rel}","templated":true}]}}