{"id":39,"date":"2014-09-17T16:36:44","date_gmt":"2014-09-17T16:36:44","guid":{"rendered":"http:\/\/agora.xtec.cat\/cfavaldaran\/?page_id=39"},"modified":"2022-06-08T10:05:34","modified_gmt":"2022-06-08T08:05:34","slug":"instal%c2%b7lacions","status":"publish","type":"page","link":"https:\/\/agora.xtec.cat\/cfavaldaran\/el-centre\/instal%c2%b7lacions\/","title":{"rendered":"Installacions"},"content":{"rendered":"<p>&nbsp;<\/p>\n<p><a href=\"https:\/\/agora.xtec.cat\/cfavaldaran\/wp-content\/uploads\/usu2219\/2022\/06\/plano-cfa.png\"><img loading=\"lazy\" decoding=\"async\" class=\"alignnone size-large wp-image-451\" src=\"https:\/\/agora.xtec.cat\/cfavaldaran\/wp-content\/uploads\/usu2219\/2022\/06\/plano-cfa-1024x183.png\" alt=\"\" width=\"1024\" height=\"183\" srcset=\"https:\/\/agora.xtec.cat\/cfavaldaran\/wp-content\/uploads\/usu2219\/2022\/06\/plano-cfa-1024x183.png 1024w, https:\/\/agora.xtec.cat\/cfavaldaran\/wp-content\/uploads\/usu2219\/2022\/06\/plano-cfa-300x54.png 300w, https:\/\/agora.xtec.cat\/cfavaldaran\/wp-content\/uploads\/usu2219\/2022\/06\/plano-cfa-768x137.png 768w, https:\/\/agora.xtec.cat\/cfavaldaran\/wp-content\/uploads\/usu2219\/2022\/06\/plano-cfa.png 1034w\" sizes=\"auto, (max-width: 1024px) 100vw, 1024px\" \/><\/a><\/p>\n<p>Era esc\u00f2la dispause des espacis e recorsi que seguissen:<\/p>\n<table style=\"width: 99.3324%;\">\n<tbody>\n<tr>\n<td style=\"text-align: left; width: 23.1287%;\" width=\"160\"><strong>Tres aules<\/strong><\/td>\n<td style=\"text-align: left; width: 112.898%;\" width=\"406\">Damb capacitat ent\u00e0 uns 25 alumnes, dotades de projector, ordenador e taul\u00e8u digitau.<br \/>\nEn dues d&#8217;eres s\u2019impartissen es ensenhaments des leng\u00fces dera esc\u00f2la:<br \/>\nangl\u00e9s e franc\u00e9s; e ua auta que se ced\u00eds ara l\u2019Esc\u00f2la Oficiau d\u2019Idiomes (EOI) ent\u00e0 que poguen impartir es s\u00f2ns ensenhaments.<br \/>\nUa des aules dispause de 20 ordenadors entar usatge der alumnat.<\/td>\n<\/tr>\n<tr>\n<td style=\"text-align: left; width: 23.1287%;\" width=\"160\"><strong>Una aula<\/strong><\/td>\n<td style=\"text-align: left; width: 112.898%;\" width=\"406\">Damb 15 ordenadors, projector e taul\u00e8u digitau a on se realize er ensenhament informatic de COMPETIC, e tanben s&#8217;aufr\u00eds ar alumnat coma aula d&#8217;autoformacion en orari disponible.<\/td>\n<\/tr>\n<tr>\n<td style=\"text-align: left; width: 23.1287%;\" width=\"160\"><strong>Secretaria\/Direccion\/Sala deth Professorat<\/strong><\/td>\n<td style=\"text-align: left; width: 112.898%;\" width=\"406\">Espaci comun despartit per ua paret a on se realizen era gestion e era administracion dera esc\u00f2la e qu&#8217;ei dotat de 2 ordenadors de taula, 3 port\u00e0tils e 2 fotocopiadores.<\/td>\n<\/tr>\n<tr>\n<td style=\"text-align: left; width: 23.1287%;\" width=\"160\"><strong>Sala d\u2019actes<\/strong><\/td>\n<td style=\"text-align: left; width: 112.898%;\" width=\"406\">Aula damb granes dimensions dotada d\u2019ordenador, projector e pantalha damb<br \/>\ncapacitat ent\u00e0 ues 35 persones, ent\u00e0 realizar charrades o d\u2019autes activitats.<\/td>\n<\/tr>\n<tr>\n<td style=\"text-align: left; width: 23.1287%;\" width=\"160\"><strong>Tres servicis<\/strong><\/td>\n<td style=\"text-align: left; width: 112.898%;\" width=\"406\">Un ent\u00e0 cada g\u00e8nre e un damb acc\u00e9s damb adaptacion que tanben serv\u00eds coma espaci d\u2019emmagatzematge des productes de netitge e igiena deth centre.<\/td>\n<\/tr>\n<tr>\n<td style=\"text-align: left; width: 23.1287%;\" width=\"160\"><strong>Corred\u00e8r<\/strong><\/td>\n<td style=\"text-align: left; width: 112.898%;\" width=\"406\">Espaci damb despari\u00e8rs pann\u00e8us a on se trape era informacion des despari\u00e8res activitats que se desvolopen ena esc\u00f2la, ena EOI e en par\u00e7an.<\/td>\n<\/tr>\n<\/tbody>\n<\/table>\n","protected":false},"excerpt":{"rendered":"<p>&nbsp;<br \/>\n<a href=\"https:\/\/agora.xtec.cat\/cfavaldaran\/wp-content\/uploads\/usu2219\/2022\/06\/plano-cfa.png\"><\/a><br \/>\nEra esc\u00f2la dispause des espacis e recorsi que seguissen:<\/p>\n<p>Tres aules<br \/>\nDamb capacitat ent\u00e0 uns 25 alumnes, dotades de projector, ordenador e taul\u00e8u digitau.<br \/>\nEn dues d&#8217;eres s\u2019impartissen es ensenhaments des leng\u00fces dera esc\u00f2la:<br \/>\nangl\u00e9s e franc\u00e9s; e ua auta que se ced\u00eds ara l\u2019Esc\u00f2la Oficiau d\u2019Idiomes (EOI)&hellip;  <a href=\"https:\/\/agora.xtec.cat\/cfavaldaran\/el-centre\/instal%c2%b7lacions\/\" title=\"Read Installacions\">Llegeix m\u00e9s\u00bb<\/a><\/p>\n","protected":false},"author":1,"featured_media":0,"parent":261,"menu_order":30,"comment_status":"closed","ping_status":"closed","template":"page-templates\/side-menu.php","meta":{"_bbp_topic_count":0,"_bbp_reply_count":0,"_bbp_total_topic_count":0,"_bbp_total_reply_count":0,"_bbp_voice_count":0,"_bbp_anonymous_reply_count":0,"_bbp_topic_count_hidden":0,"_bbp_reply_count_hidden":0,"_bbp_forum_subforum_count":0,"footnotes":""},"class_list":["post-39","page","type-page","status-publish","hentry"],"post_mailing_queue_ids":[],"_links":{"self":[{"href":"https:\/\/agora.xtec.cat\/cfavaldaran\/wp-json\/wp\/v2\/pages\/39","targetHints":{"allow":["GET"]}}],"collection":[{"href":"https:\/\/agora.xtec.cat\/cfavaldaran\/wp-json\/wp\/v2\/pages"}],"about":[{"href":"https:\/\/agora.xtec.cat\/cfavaldaran\/wp-json\/wp\/v2\/types\/page"}],"author":[{"embeddable":true,"href":"https:\/\/agora.xtec.cat\/cfavaldaran\/wp-json\/wp\/v2\/users\/1"}],"replies":[{"embeddable":true,"href":"https:\/\/agora.xtec.cat\/cfavaldaran\/wp-json\/wp\/v2\/comments?post=39"}],"version-history":[{"count":3,"href":"https:\/\/agora.xtec.cat\/cfavaldaran\/wp-json\/wp\/v2\/pages\/39\/revisions"}],"predecessor-version":[{"id":454,"href":"https:\/\/agora.xtec.cat\/cfavaldaran\/wp-json\/wp\/v2\/pages\/39\/revisions\/454"}],"up":[{"embeddable":true,"href":"https:\/\/agora.xtec.cat\/cfavaldaran\/wp-json\/wp\/v2\/pages\/261"}],"wp:attachment":[{"href":"https:\/\/agora.xtec.cat\/cfavaldaran\/wp-json\/wp\/v2\/media?parent=39"}],"curies":[{"name":"wp","href":"https:\/\/api.w.org\/{rel}","templated":true}]}}