{"id":27,"date":"2014-09-17T16:24:03","date_gmt":"2014-09-17T16:24:03","guid":{"rendered":"http:\/\/agora.xtec.cat\/cfavaldaran\/?page_id=27"},"modified":"2022-06-08T09:27:45","modified_gmt":"2022-06-08T07:27:45","slug":"historia","status":"publish","type":"page","link":"https:\/\/agora.xtec.cat\/cfavaldaran\/el-centre\/historia\/","title":{"rendered":"Ist\u00f2ria"},"content":{"rendered":"<p>&nbsp;<\/p>\n<p>Eth <strong>CFA Val d\u2019Aran<\/strong>, pla\u00e7at des der an 2009 en Vielha, ei eth solet centre public de formacion d\u2019adults dera<br \/>\ncomarca dera Val d\u2019Aran. Anticament, era esc\u00f2la se trapaue en p\u00f2ble d\u2019Escunhau, en municipi<br \/>\nde Vielha e Mijaran, m\u00e8s es installacions eren f\u00f2r\u00e7a petites, totes es activitats se desvolupauen en ua madeisha aula e a\u00e7\u00f2 ocasionaue grani probl\u00e8mes de foncionament.<br \/>\nEn cors 2010-2011 se pass\u00e8c d&#8217; \u00e8ster ua Aula de Formacion a \u00e8ster un Centre de Formacion d&#8217;Adults, assolidant atau era pres\u00e9ncia en par\u00e7an. Ath del\u00e0 se cambi\u00e8c era ubicacion e ampli\u00e8c es installacions.<br \/>\nEth Centre se trape ena planta baisha der edifici municipau dera Carret\u00e8ra del T\u00fanel, 2, 25530<br \/>\nde Vielha, a on anticament se pla\u00e7aue era esc\u00f2la de prim\u00e0ria Garona, enquiath s\u00f2n traslat t\u00e0 Betren en an 2007. En aguest madeish edifici se trapen ena prum\u00e8ra planta es Servicis Educatius, EAP i CRP, damb qu&#8217;auem ua bona collaboracion.<\/p>\n","protected":false},"excerpt":{"rendered":"<p>&nbsp;<br \/>\nEth CFA Val d\u2019Aran, pla\u00e7at des der an 2009 en Vielha, ei eth solet centre public de formacion d\u2019adults dera<br \/>\ncomarca dera Val d\u2019Aran. Anticament, era esc\u00f2la se trapaue en p\u00f2ble d\u2019Escunhau, en municipi<br \/>\nde Vielha e Mijaran, m\u00e8s es installacions eren f\u00f2r\u00e7a petites, totes es activitats&hellip;  <a href=\"https:\/\/agora.xtec.cat\/cfavaldaran\/el-centre\/historia\/\" title=\"Read Ist\u00f2ria\">Llegeix m\u00e9s\u00bb<\/a><\/p>\n","protected":false},"author":1,"featured_media":0,"parent":261,"menu_order":20,"comment_status":"closed","ping_status":"closed","template":"page-templates\/side-menu.php","meta":{"_bbp_topic_count":0,"_bbp_reply_count":0,"_bbp_total_topic_count":0,"_bbp_total_reply_count":0,"_bbp_voice_count":0,"_bbp_anonymous_reply_count":0,"_bbp_topic_count_hidden":0,"_bbp_reply_count_hidden":0,"_bbp_forum_subforum_count":0,"footnotes":""},"class_list":["post-27","page","type-page","status-publish","hentry"],"post_mailing_queue_ids":[],"_links":{"self":[{"href":"https:\/\/agora.xtec.cat\/cfavaldaran\/wp-json\/wp\/v2\/pages\/27","targetHints":{"allow":["GET"]}}],"collection":[{"href":"https:\/\/agora.xtec.cat\/cfavaldaran\/wp-json\/wp\/v2\/pages"}],"about":[{"href":"https:\/\/agora.xtec.cat\/cfavaldaran\/wp-json\/wp\/v2\/types\/page"}],"author":[{"embeddable":true,"href":"https:\/\/agora.xtec.cat\/cfavaldaran\/wp-json\/wp\/v2\/users\/1"}],"replies":[{"embeddable":true,"href":"https:\/\/agora.xtec.cat\/cfavaldaran\/wp-json\/wp\/v2\/comments?post=27"}],"version-history":[{"count":3,"href":"https:\/\/agora.xtec.cat\/cfavaldaran\/wp-json\/wp\/v2\/pages\/27\/revisions"}],"predecessor-version":[{"id":450,"href":"https:\/\/agora.xtec.cat\/cfavaldaran\/wp-json\/wp\/v2\/pages\/27\/revisions\/450"}],"up":[{"embeddable":true,"href":"https:\/\/agora.xtec.cat\/cfavaldaran\/wp-json\/wp\/v2\/pages\/261"}],"wp:attachment":[{"href":"https:\/\/agora.xtec.cat\/cfavaldaran\/wp-json\/wp\/v2\/media?parent=27"}],"curies":[{"name":"wp","href":"https:\/\/api.w.org\/{rel}","templated":true}]}}