{"id":1184,"date":"2023-10-23T12:39:49","date_gmt":"2023-10-23T10:39:49","guid":{"rendered":"https:\/\/agora.xtec.cat\/cfavaldaran\/?page_id=1184"},"modified":"2023-10-23T12:48:03","modified_gmt":"2023-10-23T10:48:03","slug":"objectiu-plan-capacitacion-digitau","status":"publish","type":"page","link":"https:\/\/agora.xtec.cat\/cfavaldaran\/ensenyaments\/plan-de-capacitacion-digitau\/objectiu-plan-capacitacion-digitau\/","title":{"rendered":"Objectiu Plan capacitacion digitau"},"content":{"rendered":"<p><strong>Quin ei er objectiu?<\/strong><\/p>\n<p>Eth <strong>Pla d&#8217;educaci\u00f3 digital de Catalunya 2020-2023<\/strong>, presentat peth Departament<a href=\"https:\/\/agora.xtec.cat\/cfavaldaran\/wp-content\/uploads\/usu2219\/2023\/10\/images.jpg\"><img loading=\"lazy\" decoding=\"async\" class=\"size-full wp-image-1185 alignright\" src=\"https:\/\/agora.xtec.cat\/cfavaldaran\/wp-content\/uploads\/usu2219\/2023\/10\/images.jpg\" alt=\"\" width=\"259\" height=\"194\" srcset=\"https:\/\/agora.xtec.cat\/cfavaldaran\/wp-content\/uploads\/usu2219\/2023\/10\/images.jpg 259w, https:\/\/agora.xtec.cat\/cfavaldaran\/wp-content\/uploads\/usu2219\/2023\/10\/images-200x150.jpg 200w\" sizes=\"auto, (max-width: 259px) 100vw, 259px\" \/><\/a><br \/>\nd&#8217;Educaci\u00f3, a coma objectiu contribuir en desvolopament des compet\u00e9ncies digitaus de totes es persones ent\u00e0 poder viuer e trabalhar en ua societat damb transformacions e cambis constants<\/p>\n<p>Damb era creacion der hilat des centres dera capacitacion digitau s&#8217;impulse un plan ent\u00e0 afavorir eth desvolopament des compet\u00e9ncies digitaus enes persones m\u00e8s vulnerables, ent\u00e0 que poguen viuer sense exclusion en ua societat cada c\u00f2p m\u00e8s digitalizada.<\/p>\n<p>&nbsp;<\/p>\n","protected":false},"excerpt":{"rendered":"<p>Quin ei er objectiu?<br \/>\nEth Pla d&#8217;educaci\u00f3 digital de Catalunya 2020-2023, presentat peth Departament<a href=\"https:\/\/agora.xtec.cat\/cfavaldaran\/wp-content\/uploads\/usu2219\/2023\/10\/images.jpg\"><\/a><br \/>\nd&#8217;Educaci\u00f3, a coma objectiu contribuir en desvolopament des compet\u00e9ncies digitaus de totes es persones ent\u00e0 poder viuer e trabalhar en ua societat damb transformacions e cambis constants<br \/>\nDamb era creacion der hilat des&hellip;  <a href=\"https:\/\/agora.xtec.cat\/cfavaldaran\/ensenyaments\/plan-de-capacitacion-digitau\/objectiu-plan-capacitacion-digitau\/\" title=\"Read Objectiu Plan capacitacion digitau\">Llegeix m\u00e9s\u00bb<\/a><\/p>\n","protected":false},"author":1,"featured_media":0,"parent":1187,"menu_order":0,"comment_status":"closed","ping_status":"closed","template":"","meta":{"_bbp_topic_count":0,"_bbp_reply_count":0,"_bbp_total_topic_count":0,"_bbp_total_reply_count":0,"_bbp_voice_count":0,"_bbp_anonymous_reply_count":0,"_bbp_topic_count_hidden":0,"_bbp_reply_count_hidden":0,"_bbp_forum_subforum_count":0,"footnotes":""},"class_list":["post-1184","page","type-page","status-publish","hentry"],"post_mailing_queue_ids":[],"_links":{"self":[{"href":"https:\/\/agora.xtec.cat\/cfavaldaran\/wp-json\/wp\/v2\/pages\/1184","targetHints":{"allow":["GET"]}}],"collection":[{"href":"https:\/\/agora.xtec.cat\/cfavaldaran\/wp-json\/wp\/v2\/pages"}],"about":[{"href":"https:\/\/agora.xtec.cat\/cfavaldaran\/wp-json\/wp\/v2\/types\/page"}],"author":[{"embeddable":true,"href":"https:\/\/agora.xtec.cat\/cfavaldaran\/wp-json\/wp\/v2\/users\/1"}],"replies":[{"embeddable":true,"href":"https:\/\/agora.xtec.cat\/cfavaldaran\/wp-json\/wp\/v2\/comments?post=1184"}],"version-history":[{"count":1,"href":"https:\/\/agora.xtec.cat\/cfavaldaran\/wp-json\/wp\/v2\/pages\/1184\/revisions"}],"predecessor-version":[{"id":1186,"href":"https:\/\/agora.xtec.cat\/cfavaldaran\/wp-json\/wp\/v2\/pages\/1184\/revisions\/1186"}],"up":[{"embeddable":true,"href":"https:\/\/agora.xtec.cat\/cfavaldaran\/wp-json\/wp\/v2\/pages\/1187"}],"wp:attachment":[{"href":"https:\/\/agora.xtec.cat\/cfavaldaran\/wp-json\/wp\/v2\/media?parent=1184"}],"curies":[{"name":"wp","href":"https:\/\/api.w.org\/{rel}","templated":true}]}}