{"id":322,"date":"2015-01-28T11:36:17","date_gmt":"2015-01-28T10:36:17","guid":{"rendered":"http:\/\/agora.xtec.cat\/cfatramuntana\/?page_id=322"},"modified":"2022-09-05T19:26:27","modified_gmt":"2022-09-05T17:26:27","slug":"a-la-universitat-per-a-majors-de-25-anys","status":"publish","type":"page","link":"https:\/\/agora.xtec.cat\/cfatramuntana\/ensenyaments\/ensenyaments-per-a-la-preparacio-de-proves-dacces\/a-la-universitat-per-a-majors-de-25-anys\/","title":{"rendered":"A la universitat per a majors de 25 anys"},"content":{"rendered":"<p style=\"text-align: justify;\">Per poder fer aquest curs d&#8217;acc\u00e9s a la universitat cal tenir el t\u00edtol de Batxillerat.\u00a0Els candidats s&#8217;examinaran al mes d&#8217;abril, en dos dies.<\/p>\n<p style=\"text-align: justify;\">La superaci\u00f3 d&#8217;aquestes proves permet <strong>accedir a estudis universitaris<\/strong>. En el nostre centre, els alumnes podran estudiar un grau universitari en les hores d&#8217;autoformaci\u00f3 a trav\u00e9s de la Universidad Nacional de Educaci\u00f3n a Distancia (<strong>UNED<\/strong>).<\/p>\n<p style=\"text-align: justify;\"><span style=\"color: #339966;\"><strong>Com s\u00f3n aquestes proves?<\/strong><\/span><\/p>\n<p style=\"text-align: justify;\">Les proves consten de dues parts:<\/p>\n<ul style=\"text-align: justify;\">\n<li><strong>Part comuna: <\/strong>comentari de text,\u00a0llengua catalana, llengua castellana i llengua estrangera (angl\u00e8s, franc\u00e8s, alemany, portugu\u00e8s o itali\u00e0).<\/li>\n<li><strong>Part espec\u00edfica: <\/strong>dues mat\u00e8ries, segons l&#8217;opci\u00f3 que s&#8217;ha triat (arts i humanitats, ci\u00e8ncies, ci\u00e8ncies de la salut, ci\u00e8ncies socials i jur\u00eddiques, o enginyeria i arquitectura).<\/li>\n<\/ul>\n<p style=\"text-align: justify;\"><span style=\"color: #339966;\"><strong>Com \u00e9s aquest curs de preparaci\u00f3?<\/strong><\/span><\/p>\n<p style=\"text-align: justify;\">En el nostre centre, la preparaci\u00f3 d&#8217;aquestes proves es fa nom\u00e9s en <strong>hores d&#8217;autoformaci\u00f3<\/strong> a trav\u00e9s de l&#8217;Insitut d&#8217;Obert de Catalunya (<strong>IOC<\/strong>).\u00a0En aquest curs,\u00a0els alumnes tindran el material te\u00f2ric i pr\u00e0ctic, aix\u00ed com els models de les proves de les convocat\u00f2ries anteriors i les orientacions per fer les proves. Es treballar\u00e0 de forma aut\u00f2noma, mitjan\u00e7ant activitats i exercicis d&#8217;autocorrecci\u00f3.<\/p>\n","protected":false},"excerpt":{"rendered":"<p>Per poder fer aquest curs d&#8217;acc\u00e9s a la universitat cal tenir el t\u00edtol de Batxillerat.\u00a0Els candidats s&#8217;examinaran al mes d&#8217;abril, en dos dies.<br \/>\nLa superaci\u00f3 d&#8217;aquestes proves permet accedir a estudis universitaris. En el nostre centre, els alumnes podran estudiar un grau universitari en les hores&hellip;  <a href=\"https:\/\/agora.xtec.cat\/cfatramuntana\/ensenyaments\/ensenyaments-per-a-la-preparacio-de-proves-dacces\/a-la-universitat-per-a-majors-de-25-anys\/\" title=\"Read A la universitat per a majors de 25 anys\">Llegeix m\u00e9s\u00bb<\/a><\/p>\n","protected":false},"author":1,"featured_media":0,"parent":288,"menu_order":0,"comment_status":"closed","ping_status":"closed","template":"page-templates\/side-menu.php","meta":{"_bbp_topic_count":0,"_bbp_reply_count":0,"_bbp_total_topic_count":0,"_bbp_total_reply_count":0,"_bbp_voice_count":0,"_bbp_anonymous_reply_count":0,"_bbp_topic_count_hidden":0,"_bbp_reply_count_hidden":0,"_bbp_forum_subforum_count":0,"footnotes":""},"class_list":["post-322","page","type-page","status-publish","hentry"],"post_mailing_queue_ids":[],"_links":{"self":[{"href":"https:\/\/agora.xtec.cat\/cfatramuntana\/wp-json\/wp\/v2\/pages\/322","targetHints":{"allow":["GET"]}}],"collection":[{"href":"https:\/\/agora.xtec.cat\/cfatramuntana\/wp-json\/wp\/v2\/pages"}],"about":[{"href":"https:\/\/agora.xtec.cat\/cfatramuntana\/wp-json\/wp\/v2\/types\/page"}],"author":[{"embeddable":true,"href":"https:\/\/agora.xtec.cat\/cfatramuntana\/wp-json\/wp\/v2\/users\/1"}],"replies":[{"embeddable":true,"href":"https:\/\/agora.xtec.cat\/cfatramuntana\/wp-json\/wp\/v2\/comments?post=322"}],"version-history":[{"count":4,"href":"https:\/\/agora.xtec.cat\/cfatramuntana\/wp-json\/wp\/v2\/pages\/322\/revisions"}],"predecessor-version":[{"id":1448,"href":"https:\/\/agora.xtec.cat\/cfatramuntana\/wp-json\/wp\/v2\/pages\/322\/revisions\/1448"}],"up":[{"embeddable":true,"href":"https:\/\/agora.xtec.cat\/cfatramuntana\/wp-json\/wp\/v2\/pages\/288"}],"wp:attachment":[{"href":"https:\/\/agora.xtec.cat\/cfatramuntana\/wp-json\/wp\/v2\/media?parent=322"}],"curies":[{"name":"wp","href":"https:\/\/api.w.org\/{rel}","templated":true}]}}